{"id":15515,"date":"2020-02-18T10:42:35","date_gmt":"2020-02-18T10:42:35","guid":{"rendered":"https:\/\/www.planinskimuzej.si\/?page_id=15515"},"modified":"2020-04-14T06:12:19","modified_gmt":"2020-04-14T06:12:19","slug":"gdpr","status":"publish","type":"page","link":"https:\/\/planinskimuzej.si\/en\/gdpr\/","title":{"rendered":"GDPR"},"content":{"rendered":"<h2><strong>The rights of visitors accessing the <\/strong><a href=\"https:\/\/www.planinskimuzej.si\/\"><strong>https:\/\/www.planinskimuzej.si\/<\/strong><\/a><strong> website, as laid down by the European General Data Protection Regulation (GDPR), which entered into force on May 28 2018 for the protection of personal data within the EU.<\/strong><\/h2>\n<h2><strong>The Right to withdraw your consent<\/strong><\/h2>\n<p>In accordance with the GDPR, your personal data may be collected, processed and managed by the Slovenian Alpine Museum, solely with your explicit written or electronic consent (requests either made online or through a printed form for receiving notification emails). You may withdraw your consent to the electronic processing of data concerning you at any time either by email, telephone, or in person.<\/p>\n<h2><strong>The Right of access<\/strong><\/h2>\n<p>You have the right to:<\/p>\n<ul>\n<li>Know whether any personal data concerning you is being processed by the Slovenian Alpine Museum;<\/li>\n<li>Obtain access to the processed personal data concerning you;<\/li>\n<li>Obtain information on the purposes of the processing, the categories of personal data processed, the recipients of your personal data, the planned duration of storage, and information about the origin of the data processed concerning you.<\/li>\n<\/ul>\n<h2><strong>The Right to rectification (correction)<\/strong><\/h2>\n<p>You have the right to rectification (correction) of any inaccurate personal data concerning you.<\/p>\n<h2><strong>The Right to restriction of processing<\/strong><\/h2>\n<p>You have the right to obtain a restriction on data processing from the Slovene Alpine Museum if the processing of your personal data is inaccurate, unlawful, or no longer needed, or in the event of your objection to the data processing.<\/p>\n<h2><strong>The Right to data portability<\/strong><\/h2>\n<p>You have the right to ask to have your personal data, obtained with your explicit consent for notification purposes by the Slovene Alpine Museum, provided in a structured machine-readable format and transmitted directly to another controller, where technically feasible.<\/p>\n<h2><strong>The Right to object<\/strong><\/h2>\n<p>You have the right to object, at any time, on grounds relating to your particular situation, to the electronic processing of your personal data that was collected with your explicit consent for the purpose of:<\/p>\n<p>&#8211; Notification procedures, carried out by automated means;<\/p>\n<p>&#8211; Direct marketing, including profiling;<\/p>\n<p>&#8211; Scientific or historical research purposes or statistical purposes, unless the processing is necessary for the performance of a task carried out for reasons of public interest.<\/p>\n<h2><strong>Automated decisions, including those based on profiling<\/strong><\/h2>\n<p>You have the right not to be subject to a decision based solely on automated data processing, which may produce legal effects concerning you or affect you in some other way.<\/p>\n<h2><strong>The Right to lodge a complaint<\/strong><\/h2>\n<p>You have the right to lodge a complaint with a supervisory authority in the Member State of your habitual residence, or in the place of the alleged infringement, if you consider that the processing of your personal data by the Slovenian Alpine Museum infringes the GDPR.<\/p>\n<h2><strong>The Right to erasure (The Right to be forgotten)<\/strong><\/h2>\n<p>You have the right to obtain erasure of your personal data or &#8216;to be forgotten&#8217; when:<\/p>\n<ul>\n<li>The personal data are no longer necessary for the purposes for which they were collected or otherwise processed;<\/li>\n<li>You withdraw the consent on which the processing is based and there are no other legal grounds for the processing;<\/li>\n<li>You object to the processing which was based on your explicit consent and there are no other legal grounds for the processing;<\/li>\n<li>The personal data have been unlawfully processed;<\/li>\n<li>The personal data must be erased for compliance with a legal obligation.<\/li>\n<\/ul>\n<p>Slovenian Alpine Museum, January 6th 2020<\/p>\n","protected":false},"excerpt":{"rendered":"<p>The rights of visitors accessing the https:\/\/www.planinskimuzej.si\/ website, as laid down by the European General Data Protection Regulation (GDPR), which entered into force on May 28 2018 for the protection of personal data within the EU. The Right to withdraw your consent In accordance with the GDPR, your personal data may be collected, processed and  [&#8230;]<\/p>\n","protected":false},"author":1,"featured_media":0,"parent":0,"menu_order":0,"comment_status":"closed","ping_status":"closed","template":"","meta":{"footnotes":""},"class_list":["post-15515","page","type-page","status-publish","hentry"],"yoast_head":"<!-- This site is optimized with the Yoast SEO plugin v27.4 - https:\/\/yoast.com\/product\/yoast-seo-wordpress\/ -->\n<title>GDPR - Planinski Muzej<\/title>\n<meta name=\"robots\" content=\"index, follow, max-snippet:-1, max-image-preview:large, max-video-preview:-1\" \/>\n<link rel=\"canonical\" href=\"https:\/\/planinskimuzej.si\/en\/gdpr\/\" \/>\n<meta property=\"og:locale\" content=\"en_US\" \/>\n<meta property=\"og:type\" content=\"article\" \/>\n<meta property=\"og:title\" content=\"GDPR - Planinski Muzej\" \/>\n<meta property=\"og:description\" content=\"The rights of visitors accessing the https:\/\/www.planinskimuzej.si\/ website, as laid down by the European General Data Protection Regulation (GDPR), which entered into force on May 28 2018 for the protection of personal data within the EU. The Right to withdraw your consent In accordance with the GDPR, your personal data may be collected, processed and [...]\" \/>\n<meta property=\"og:url\" content=\"https:\/\/planinskimuzej.si\/en\/gdpr\/\" \/>\n<meta property=\"og:site_name\" content=\"Planinski Muzej\" \/>\n<meta property=\"article:modified_time\" content=\"2020-04-14T06:12:19+00:00\" \/>\n<meta name=\"twitter:card\" content=\"summary_large_image\" \/>\n<meta name=\"twitter:label1\" content=\"Est. reading time\" \/>\n\t<meta name=\"twitter:data1\" content=\"3 minutes\" \/>\n<script type=\"application\/ld+json\" class=\"yoast-schema-graph\">{\"@context\":\"https:\\\/\\\/schema.org\",\"@graph\":[{\"@type\":\"WebPage\",\"@id\":\"https:\\\/\\\/planinskimuzej.si\\\/en\\\/gdpr\\\/\",\"url\":\"https:\\\/\\\/planinskimuzej.si\\\/en\\\/gdpr\\\/\",\"name\":\"GDPR - Planinski Muzej\",\"isPartOf\":{\"@id\":\"https:\\\/\\\/planinskimuzej.si\\\/#website\"},\"datePublished\":\"2020-02-18T10:42:35+00:00\",\"dateModified\":\"2020-04-14T06:12:19+00:00\",\"breadcrumb\":{\"@id\":\"https:\\\/\\\/planinskimuzej.si\\\/en\\\/gdpr\\\/#breadcrumb\"},\"inLanguage\":\"en-US\",\"potentialAction\":[{\"@type\":\"ReadAction\",\"target\":[\"https:\\\/\\\/planinskimuzej.si\\\/en\\\/gdpr\\\/\"]}]},{\"@type\":\"BreadcrumbList\",\"@id\":\"https:\\\/\\\/planinskimuzej.si\\\/en\\\/gdpr\\\/#breadcrumb\",\"itemListElement\":[{\"@type\":\"ListItem\",\"position\":1,\"name\":\"Home\",\"item\":\"https:\\\/\\\/planinskimuzej.si\\\/en\\\/\"},{\"@type\":\"ListItem\",\"position\":2,\"name\":\"GDPR\"}]},{\"@type\":\"WebSite\",\"@id\":\"https:\\\/\\\/planinskimuzej.si\\\/#website\",\"url\":\"https:\\\/\\\/planinskimuzej.si\\\/\",\"name\":\"Planinski Muzej\",\"description\":\"Slovenski planinski muzej v Mojstrani ponuja pravo gorsko izku\u0161njo za alpinisti\u010dne navdu\u0161ence.\",\"potentialAction\":[{\"@type\":\"SearchAction\",\"target\":{\"@type\":\"EntryPoint\",\"urlTemplate\":\"https:\\\/\\\/planinskimuzej.si\\\/?s={search_term_string}\"},\"query-input\":{\"@type\":\"PropertyValueSpecification\",\"valueRequired\":true,\"valueName\":\"search_term_string\"}}],\"inLanguage\":\"en-US\"}]}<\/script>\n<!-- \/ Yoast SEO plugin. -->","yoast_head_json":{"title":"GDPR - Planinski Muzej","robots":{"index":"index","follow":"follow","max-snippet":"max-snippet:-1","max-image-preview":"max-image-preview:large","max-video-preview":"max-video-preview:-1"},"canonical":"https:\/\/planinskimuzej.si\/en\/gdpr\/","og_locale":"en_US","og_type":"article","og_title":"GDPR - Planinski Muzej","og_description":"The rights of visitors accessing the https:\/\/www.planinskimuzej.si\/ website, as laid down by the European General Data Protection Regulation (GDPR), which entered into force on May 28 2018 for the protection of personal data within the EU. The Right to withdraw your consent In accordance with the GDPR, your personal data may be collected, processed and [...]","og_url":"https:\/\/planinskimuzej.si\/en\/gdpr\/","og_site_name":"Planinski Muzej","article_modified_time":"2020-04-14T06:12:19+00:00","twitter_card":"summary_large_image","twitter_misc":{"Est. reading time":"3 minutes"},"schema":{"@context":"https:\/\/schema.org","@graph":[{"@type":"WebPage","@id":"https:\/\/planinskimuzej.si\/en\/gdpr\/","url":"https:\/\/planinskimuzej.si\/en\/gdpr\/","name":"GDPR - Planinski Muzej","isPartOf":{"@id":"https:\/\/planinskimuzej.si\/#website"},"datePublished":"2020-02-18T10:42:35+00:00","dateModified":"2020-04-14T06:12:19+00:00","breadcrumb":{"@id":"https:\/\/planinskimuzej.si\/en\/gdpr\/#breadcrumb"},"inLanguage":"en-US","potentialAction":[{"@type":"ReadAction","target":["https:\/\/planinskimuzej.si\/en\/gdpr\/"]}]},{"@type":"BreadcrumbList","@id":"https:\/\/planinskimuzej.si\/en\/gdpr\/#breadcrumb","itemListElement":[{"@type":"ListItem","position":1,"name":"Home","item":"https:\/\/planinskimuzej.si\/en\/"},{"@type":"ListItem","position":2,"name":"GDPR"}]},{"@type":"WebSite","@id":"https:\/\/planinskimuzej.si\/#website","url":"https:\/\/planinskimuzej.si\/","name":"Planinski Muzej","description":"Slovenski planinski muzej v Mojstrani ponuja pravo gorsko izku\u0161njo za alpinisti\u010dne navdu\u0161ence.","potentialAction":[{"@type":"SearchAction","target":{"@type":"EntryPoint","urlTemplate":"https:\/\/planinskimuzej.si\/?s={search_term_string}"},"query-input":{"@type":"PropertyValueSpecification","valueRequired":true,"valueName":"search_term_string"}}],"inLanguage":"en-US"}]}},"_links":{"self":[{"href":"https:\/\/planinskimuzej.si\/en\/wp-json\/wp\/v2\/pages\/15515","targetHints":{"allow":["GET"]}}],"collection":[{"href":"https:\/\/planinskimuzej.si\/en\/wp-json\/wp\/v2\/pages"}],"about":[{"href":"https:\/\/planinskimuzej.si\/en\/wp-json\/wp\/v2\/types\/page"}],"author":[{"embeddable":true,"href":"https:\/\/planinskimuzej.si\/en\/wp-json\/wp\/v2\/users\/1"}],"replies":[{"embeddable":true,"href":"https:\/\/planinskimuzej.si\/en\/wp-json\/wp\/v2\/comments?post=15515"}],"version-history":[{"count":4,"href":"https:\/\/planinskimuzej.si\/en\/wp-json\/wp\/v2\/pages\/15515\/revisions"}],"predecessor-version":[{"id":16412,"href":"https:\/\/planinskimuzej.si\/en\/wp-json\/wp\/v2\/pages\/15515\/revisions\/16412"}],"wp:attachment":[{"href":"https:\/\/planinskimuzej.si\/en\/wp-json\/wp\/v2\/media?parent=15515"}],"curies":[{"name":"wp","href":"https:\/\/api.w.org\/{rel}","templated":true}]}}