{"id":18787,"date":"2020-05-22T17:07:58","date_gmt":"2020-05-22T17:07:58","guid":{"rendered":"https:\/\/www.planinskimuzej.si\/vstopnice-gmj\/"},"modified":"2020-06-29T14:11:36","modified_gmt":"2020-06-29T14:11:36","slug":"vstopnice-gmj","status":"publish","type":"page","link":"https:\/\/planinskimuzej.si\/en\/vstopnice-gmj\/","title":{"rendered":"Combined tickets for Upper Sava Museum-order form"},"content":{"rendered":"<div class=\"fusion-fullwidth fullwidth-box fusion-builder-row-1 nonhundred-percent-fullwidth non-hundred-percent-height-scrolling\" style=\"--awb-border-radius-top-left:0px;--awb-border-radius-top-right:0px;--awb-border-radius-bottom-right:0px;--awb-border-radius-bottom-left:0px;--awb-flex-wrap:wrap;\" ><div class=\"fusion-builder-row fusion-row\"><div class=\"fusion-layout-column fusion_builder_column fusion-builder-column-0 fusion_builder_column_1_1 1_1 fusion-one-full fusion-column-first fusion-column-last\" style=\"--awb-bg-size:cover;\"><div class=\"fusion-column-wrapper fusion-column-has-shadow fusion-flex-column-wrapper-legacy\"><div class=\"fusion-text fusion-text-1\"><h3>Order tickets for four of six museum collections of Upper Sava Museum<\/h3>\n<p>To order tickets, fill out the form below. All fields are required. If you order different types of tickets, select the &#8216;Buy more tickets&#8217; option and select another ticket. Payment is possible only by proforma invoice.<\/p>\n<\/div>\n<div class=\"wpcf7 no-js\" id=\"wpcf7-f18475-o1\" lang=\"en-US\" dir=\"ltr\" data-wpcf7-id=\"18475\">\n<div class=\"screen-reader-response\"><p role=\"status\" aria-live=\"polite\" aria-atomic=\"true\"><\/p> <ul><\/ul><\/div>\n<form action=\"\/en\/wp-json\/wp\/v2\/pages\/18787#wpcf7-f18475-o1\" method=\"post\" class=\"wpcf7-form init\" aria-label=\"Contact form\" novalidate=\"novalidate\" data-status=\"init\">\n<fieldset class=\"hidden-fields-container\"><input type=\"hidden\" name=\"_wpcf7\" value=\"18475\" \/><input type=\"hidden\" name=\"_wpcf7_version\" value=\"6.1.5\" \/><input type=\"hidden\" name=\"_wpcf7_locale\" value=\"en_US\" \/><input type=\"hidden\" name=\"_wpcf7_unit_tag\" value=\"wpcf7-f18475-o1\" \/><input type=\"hidden\" name=\"_wpcf7_container_post\" value=\"0\" \/><input type=\"hidden\" name=\"_wpcf7_posted_data_hash\" value=\"\" \/><input type=\"hidden\" name=\"_wpcf7cf_hidden_group_fields\" value=\"[]\" \/><input type=\"hidden\" name=\"_wpcf7cf_hidden_groups\" value=\"[]\" \/><input type=\"hidden\" name=\"_wpcf7cf_visible_groups\" value=\"[]\" \/><input type=\"hidden\" name=\"_wpcf7cf_repeaters\" value=\"[]\" \/><input type=\"hidden\" name=\"_wpcf7cf_steps\" value=\"{}\" \/><input type=\"hidden\" name=\"_wpcf7cf_options\" value=\"{&quot;form_id&quot;:18475,&quot;conditions&quot;:[{&quot;then_field&quot;:&quot;nadaljuj-z-nakupom01-selected&quot;,&quot;and_rules&quot;:[{&quot;if_field&quot;:&quot;nadaljuj-z-nakupom01&quot;,&quot;operator&quot;:&quot;equals&quot;,&quot;if_value&quot;:&quot;Buy more tickets&quot;}]},{&quot;then_field&quot;:&quot;nadaljuj-z-nakupom02-selected&quot;,&quot;and_rules&quot;:[{&quot;if_field&quot;:&quot;nadaljuj-z-nakupom02&quot;,&quot;operator&quot;:&quot;equals&quot;,&quot;if_value&quot;:&quot;Buy more tickets&quot;}]},{&quot;then_field&quot;:&quot;zakljuci-narocilo&quot;,&quot;and_rules&quot;:[{&quot;if_field&quot;:&quot;nadaljuj-z-nakupom01&quot;,&quot;operator&quot;:&quot;equals&quot;,&quot;if_value&quot;:&quot;Finish your order&quot;}]},{&quot;then_field&quot;:&quot;zakljuci-narocilo&quot;,&quot;and_rules&quot;:[{&quot;if_field&quot;:&quot;nadaljuj-z-nakupom02&quot;,&quot;operator&quot;:&quot;equals&quot;,&quot;if_value&quot;:&quot;Finish your order&quot;}]},{&quot;then_field&quot;:&quot;zakljuci-narocilo&quot;,&quot;and_rules&quot;:[{&quot;if_field&quot;:&quot;nadaljuj-z-nakupom-ali-zakljuci-narocilo&quot;,&quot;operator&quot;:&quot;equals&quot;,&quot;if_value&quot;:&quot;Finish your order&quot;}]},{&quot;then_field&quot;:&quot;rezervacija-prevoza-selected&quot;,&quot;and_rules&quot;:[{&quot;if_field&quot;:&quot;prevzem-vstopnice&quot;,&quot;operator&quot;:&quot;equals&quot;,&quot;if_value&quot;:&quot;I&#039;ll pick up my tickets from the van driver (only possible with free transport reservation)&quot;}]}],&quot;settings&quot;:{&quot;animation&quot;:&quot;yes&quot;,&quot;animation_intime&quot;:200,&quot;animation_outtime&quot;:200,&quot;conditions_ui&quot;:&quot;normal&quot;,&quot;notice_dismissed&quot;:false,&quot;notice_dismissed_rollback-cf7-5.9.6&quot;:true}}\" \/><input type=\"hidden\" name=\"_wpcf7_recaptcha_response\" value=\"\" \/>\n<\/fieldset>\n<p>Type of ticket:\n<\/p>\n<p><span class=\"wpcf7-form-control-wrap\" data-name=\"vrsta-vstopnice01\"><select class=\"wpcf7-form-control wpcf7-select wpcf7-validates-as-required\" aria-required=\"true\" aria-invalid=\"false\" name=\"vrsta-vstopnice01\"><option value=\"Combined ticket - adults 12 \u20ac\">Combined ticket - adults 12 \u20ac<\/option><option value=\"Combined ticket - youth (pupils, students) 6  \u20ac\">Combined ticket - youth (pupils, students) 6  \u20ac<\/option><option value=\"Combined ticket - pensioners  6 \u20ac\">Combined ticket - pensioners  6 \u20ac<\/option><option value=\"Combined ticket - family (parents and up to 3 children up to 15 years old) 28 \u20ac\">Combined ticket - family (parents and up to 3 children up to 15 years old) 28 \u20ac<\/option><\/select><\/span>\n<\/p>\n<p>Number of tickets:\n<\/p>\n<p><span class=\"wpcf7-form-control-wrap\" data-name=\"stevilo-vstopnic01\"><select class=\"wpcf7-form-control wpcf7-select wpcf7-validates-as-required\" aria-required=\"true\" aria-invalid=\"false\" name=\"stevilo-vstopnic01\"><option value=\"01\">01<\/option><option value=\"02\">02<\/option><option value=\"03\">03<\/option><option value=\"04\">04<\/option><option value=\"05\">05<\/option><option value=\"06\">06<\/option><option value=\"07\">07<\/option><option value=\"08\">08<\/option><option value=\"09\">09<\/option><option value=\"10\">10<\/option><\/select><\/span>\n<\/p>\n<p>Buy more tickets or finish your order:\n<\/p>\n<p><span class=\"wpcf7-form-control-wrap\" data-name=\"nadaljuj-z-nakupom01\"><select class=\"wpcf7-form-control wpcf7-select wpcf7-validates-as-required\" aria-required=\"true\" aria-invalid=\"false\" name=\"nadaljuj-z-nakupom01\"><option value=\"\">&#8212;Please choose an option&#8212;<\/option><option value=\"Buy more tickets\">Buy more tickets<\/option><option value=\"Finish your order\">Finish your order<\/option><\/select><\/span>\n<\/p>\n<div data-id=\"nadaljuj-z-nakupom01-selected\" data-orig_data_id=\"nadaljuj-z-nakupom01-selected\"  class=\"\" data-class=\"wpcf7cf_group\">\n\t<p>Type of ticket:\n\t<\/p>\n\t<p><span class=\"wpcf7-form-control-wrap\" data-name=\"vrsta-vstopnice02\"><select class=\"wpcf7-form-control wpcf7-select wpcf7-validates-as-required\" aria-required=\"true\" aria-invalid=\"false\" name=\"vrsta-vstopnice02\"><option value=\"\">&#8212;Please choose an option&#8212;<\/option><option value=\"Combined ticket - adults 12 \u20ac\">Combined ticket - adults 12 \u20ac<\/option><option value=\"Combined ticket - youth (pupils, students) 6  \u20ac\">Combined ticket - youth (pupils, students) 6  \u20ac<\/option><option value=\"Combined ticket - pensioners  6 \u20ac\">Combined ticket - pensioners  6 \u20ac<\/option><option value=\"Combined ticket - family (parents and up to 3 children up to 15 years old) 28 \u20ac\">Combined ticket - family (parents and up to 3 children up to 15 years old) 28 \u20ac<\/option><\/select><\/span>\n\t<\/p>\n\t<p>Number of tickets:\n\t<\/p>\n\t<p><span class=\"wpcf7-form-control-wrap\" data-name=\"stevilo-vstopnic02\"><select class=\"wpcf7-form-control wpcf7-select wpcf7-validates-as-required\" aria-required=\"true\" aria-invalid=\"false\" name=\"stevilo-vstopnic02\"><option value=\"\">&#8212;Please choose an option&#8212;<\/option><option value=\"01\">01<\/option><option value=\"02\">02<\/option><option value=\"03\">03<\/option><option value=\"04\">04<\/option><option value=\"05\">05<\/option><option value=\"06\">06<\/option><option value=\"07\">07<\/option><option value=\"08\">08<\/option><option value=\"09\">09<\/option><option value=\"10\">10<\/option><\/select><\/span>\n\t<\/p>\n\t<p>Buy more tickets or finish your order:\n\t<\/p>\n\t<p><span class=\"wpcf7-form-control-wrap\" data-name=\"nadaljuj-z-nakupom02\"><select class=\"wpcf7-form-control wpcf7-select wpcf7-validates-as-required\" aria-required=\"true\" aria-invalid=\"false\" name=\"nadaljuj-z-nakupom02\"><option value=\"\">&#8212;Please choose an option&#8212;<\/option><option value=\"Buy more tickets\">Buy more tickets<\/option><option value=\"Finish your order\">Finish your order<\/option><\/select><\/span>\n\t<\/p>\n<\/div>\n<div data-id=\"nadaljuj-z-nakupom02-selected\" data-orig_data_id=\"nadaljuj-z-nakupom02-selected\"  class=\"\" data-class=\"wpcf7cf_group\">\n\t<p>Type of ticket:\n\t<\/p>\n\t<p><span class=\"wpcf7-form-control-wrap\" data-name=\"vrsta-vstopnice03\"><select class=\"wpcf7-form-control wpcf7-select wpcf7-validates-as-required\" aria-required=\"true\" aria-invalid=\"false\" name=\"vrsta-vstopnice03\"><option value=\"\">&#8212;Please choose an option&#8212;<\/option><option value=\"Combined ticket - adults 12 \u20ac\">Combined ticket - adults 12 \u20ac<\/option><option value=\"Combined ticket - youth (pupils, students) 6  \u20ac\">Combined ticket - youth (pupils, students) 6  \u20ac<\/option><option value=\"Combined ticket - pensioners  6 \u20ac\">Combined ticket - pensioners  6 \u20ac<\/option><option value=\"Combined ticket - family (parents and up to 3 children up to 15 years old) 28 \u20ac\">Combined ticket - family (parents and up to 3 children up to 15 years old) 28 \u20ac<\/option><\/select><\/span>\n\t<\/p>\n\t<p>Number of tickets:\n\t<\/p>\n\t<p><span class=\"wpcf7-form-control-wrap\" data-name=\"stevilo-vstopnic03\"><select class=\"wpcf7-form-control wpcf7-select wpcf7-validates-as-required\" aria-required=\"true\" aria-invalid=\"false\" name=\"stevilo-vstopnic03\"><option value=\"\">&#8212;Please choose an option&#8212;<\/option><option value=\"01\">01<\/option><option value=\"02\">02<\/option><option value=\"03\">03<\/option><option value=\"04\">04<\/option><option value=\"05\">05<\/option><option value=\"06\">06<\/option><option value=\"07\">07<\/option><option value=\"08\">08<\/option><option value=\"09\">09<\/option><option value=\"10\">10<\/option><\/select><\/span>\n\t<\/p>\n\t<p>Buy more tickets or finish your order:\n\t<\/p>\n\t<p><span class=\"wpcf7-form-control-wrap\" data-name=\"nadaljuj-z-nakupom-ali-zakljuci-narocilo\"><select class=\"wpcf7-form-control wpcf7-select wpcf7-validates-as-required\" aria-required=\"true\" aria-invalid=\"false\" name=\"nadaljuj-z-nakupom-ali-zakljuci-narocilo\"><option value=\"\">&#8212;Please choose an option&#8212;<\/option><option value=\"Buy more tickets\">Buy more tickets<\/option><option value=\"Finish your order\">Finish your order<\/option><\/select><\/span>\n\t<\/p>\n<\/div>\n<div data-id=\"zakljuci-narocilo\" data-orig_data_id=\"zakljuci-narocilo\"  class=\"\" data-class=\"wpcf7cf_group\">\n\t<p><label> Name and Surname<br \/>\n<span class=\"wpcf7-form-control-wrap\" data-name=\"ime-priimek\"><input size=\"40\" maxlength=\"400\" class=\"wpcf7-form-control wpcf7-text wpcf7-validates-as-required\" aria-required=\"true\" aria-invalid=\"false\" value=\"\" type=\"text\" name=\"ime-priimek\" \/><\/span> <\/label>\n\t<\/p>\n\t<p><label> Address<br \/>\n<span class=\"wpcf7-form-control-wrap\" data-name=\"naslov-ulica\"><input size=\"40\" maxlength=\"400\" class=\"wpcf7-form-control wpcf7-text wpcf7-validates-as-required\" aria-required=\"true\" aria-invalid=\"false\" value=\"\" type=\"text\" name=\"naslov-ulica\" \/><\/span> <\/label>\n\t<\/p>\n\t<p><label> City<br \/>\n<span class=\"wpcf7-form-control-wrap\" data-name=\"naslov-kraj\"><input size=\"40\" maxlength=\"400\" class=\"wpcf7-form-control wpcf7-text wpcf7-validates-as-required\" aria-required=\"true\" aria-invalid=\"false\" value=\"\" type=\"text\" name=\"naslov-kraj\" \/><\/span> <\/label>\n\t<\/p>\n\t<p><label> Postal number<br \/>\n<span class=\"wpcf7-form-control-wrap\" data-name=\"naslov-Posta\"><input size=\"40\" maxlength=\"400\" class=\"wpcf7-form-control wpcf7-text wpcf7-validates-as-required\" aria-required=\"true\" aria-invalid=\"false\" value=\"\" type=\"text\" name=\"naslov-Posta\" \/><\/span> <\/label>\n\t<\/p>\n\t<p><label> E-mail<br \/>\n<span class=\"wpcf7-form-control-wrap\" data-name=\"vas-email\"><input size=\"40\" maxlength=\"400\" class=\"wpcf7-form-control wpcf7-email wpcf7-validates-as-required wpcf7-text wpcf7-validates-as-email\" aria-required=\"true\" aria-invalid=\"false\" value=\"\" type=\"email\" name=\"vas-email\" \/><\/span> <\/label>\n\t<\/p>\n\t<p><span class=\"wpcf7-form-control-wrap\" data-name=\"prevzem-vstopnice\"><span class=\"wpcf7-form-control wpcf7-checkbox wpcf7-validates-as-required wpcf7-exclusive-checkbox\"><span class=\"wpcf7-list-item first\"><input type=\"checkbox\" name=\"prevzem-vstopnice\" value=\"Send me tickets by post (additional charge 1 \u20ac, only for addresses in Slovenia)\" \/><span class=\"wpcf7-list-item-label\">Send me tickets by post (additional charge 1 \u20ac, only for addresses in Slovenia)<\/span><\/span><span class=\"wpcf7-list-item\"><input type=\"checkbox\" name=\"prevzem-vstopnice\" value=\"I&#039;ll pick up my tickets at the reception desk of Slovenian Alpine Museum\" \/><span class=\"wpcf7-list-item-label\">I&#039;ll pick up my tickets at the reception desk of Slovenian Alpine Museum<\/span><\/span><span class=\"wpcf7-list-item last\"><input type=\"checkbox\" name=\"prevzem-vstopnice\" value=\"I&#039;ll pick up my tickets from the van driver (only possible with free transport reservation)\" \/><span class=\"wpcf7-list-item-label\">I&#039;ll pick up my tickets from the van driver (only possible with free transport reservation)<\/span><\/span><\/span><\/span>\n\t<\/p>\n<\/div>\n<div data-id=\"rezervacija-prevoza-selected\" data-orig_data_id=\"rezervacija-prevoza-selected\"  class=\"\" data-class=\"wpcf7cf_group\">\n\t<p><span class=\"wpcf7-form-control-wrap\" data-name=\"rezervacija-prevoza\"><span class=\"wpcf7-form-control wpcf7-checkbox\"><span class=\"wpcf7-list-item first last\"><input type=\"checkbox\" name=\"rezervacija-prevoza[]\" value=\"I have a free transport reservation.\" \/><span class=\"wpcf7-list-item-label\">I have a free transport reservation.<\/span><\/span><\/span><\/span><br \/>\n<label> On behalf of:<br \/>\n<span class=\"wpcf7-form-control-wrap\" data-name=\"ime-priimek-prevoz\"><input size=\"40\" maxlength=\"400\" class=\"wpcf7-form-control wpcf7-text wpcf7-validates-as-required\" aria-required=\"true\" aria-invalid=\"false\" value=\"\" type=\"text\" name=\"ime-priimek-prevoz\" \/><\/span> <\/label><br \/>\n<label> Date of transport<br \/>\n<span class=\"wpcf7-form-control-wrap\" data-name=\"datum-prevoza\"><input class=\"wpcf7-form-control wpcf7-date wpcf7-validates-as-required wpcf7-validates-as-date\" aria-required=\"true\" aria-invalid=\"false\" placeholder=\"Datum prevoza\" value=\"\" type=\"date\" name=\"datum-prevoza\" \/><\/span><\/label>\n\t<\/p>\n<\/div>\n<p><span class=\"wpcf7-form-control-wrap\" data-name=\"splosni-pogoji\"><span class=\"wpcf7-form-control wpcf7-acceptance\"><span class=\"wpcf7-list-item\"><label><input type=\"checkbox\" name=\"splosni-pogoji\" value=\"1\" aria-invalid=\"false\" \/><span class=\"wpcf7-list-item-label\">I confirm that I have read, understand and agree to the <a href=\"https:\/\/www.planinskimuzej.si\/en\/gdpr\/\" target=\"_blank\">General Terms and Conditions of Slovenian Alpine Museum<\/a>.<\/span><\/label><\/span><\/span><\/span>\n<\/p>\n<p><input class=\"wpcf7-form-control wpcf7-submit has-spinner\" type=\"submit\" value=\"Send\" \/>\n<\/p><div class=\"fusion-alert alert custom alert-custom fusion-alert-center wpcf7-response-output fusion-alert-capitalize awb-alert-native-link-color alert-dismissable awb-alert-close-boxed\" style=\"--awb-border-size:1px;--awb-border-top-left-radius:0px;--awb-border-top-right-radius:0px;--awb-border-bottom-left-radius:0px;--awb-border-bottom-right-radius:0px;\" role=\"alert\"><div class=\"fusion-alert-content-wrapper\"><span class=\"fusion-alert-content\"><\/span><\/div><button type=\"button\" class=\"close toggle-alert\" data-dismiss=\"alert\" aria-label=\"Close\">&times;<\/button><\/div>\n<\/form>\n<\/div>\n<div class=\"fusion-text fusion-text-2\"><p>Based on the received form, we will send you a proforma invoice to the specified e-mail address. After receiving the payment, we will inform you that the tickets are ready to pick up or we will send them to you by post.<\/p>\n<\/div><div class=\"fusion-clearfix\"><\/div><\/div><\/div><\/div><\/div>\n","protected":false},"excerpt":{"rendered":"","protected":false},"author":7,"featured_media":0,"parent":0,"menu_order":0,"comment_status":"closed","ping_status":"closed","template":"","meta":{"footnotes":""},"class_list":["post-18787","page","type-page","status-publish","hentry"],"yoast_head":"<!-- This site is optimized with the Yoast SEO plugin v27.1.1 - https:\/\/yoast.com\/product\/yoast-seo-wordpress\/ -->\n<title>Combined tickets for Upper Sava Museum-order form - Planinski Muzej<\/title>\n<meta name=\"robots\" content=\"index, follow, max-snippet:-1, max-image-preview:large, max-video-preview:-1\" \/>\n<link rel=\"canonical\" href=\"https:\/\/planinskimuzej.si\/vstopnice-gmj\/\" \/>\n<meta property=\"og:locale\" content=\"en_US\" \/>\n<meta property=\"og:type\" content=\"article\" \/>\n<meta property=\"og:title\" content=\"Combined tickets for Upper Sava Museum-order form - Planinski Muzej\" \/>\n<meta property=\"og:url\" content=\"https:\/\/planinskimuzej.si\/vstopnice-gmj\/\" \/>\n<meta property=\"og:site_name\" content=\"Planinski Muzej\" \/>\n<meta property=\"article:modified_time\" content=\"2020-06-29T14:11:36+00:00\" \/>\n<meta name=\"twitter:card\" content=\"summary_large_image\" \/>\n<meta name=\"twitter:label1\" content=\"Est. reading time\" \/>\n\t<meta name=\"twitter:data1\" content=\"2 minutes\" \/>\n<script type=\"application\/ld+json\" class=\"yoast-schema-graph\">{\"@context\":\"https:\/\/schema.org\",\"@graph\":[{\"@type\":\"WebPage\",\"@id\":\"https:\/\/planinskimuzej.si\/vstopnice-gmj\/\",\"url\":\"https:\/\/planinskimuzej.si\/vstopnice-gmj\/\",\"name\":\"Combined tickets for Upper Sava Museum-order form - Planinski Muzej\",\"isPartOf\":{\"@id\":\"https:\/\/planinskimuzej.si\/#website\"},\"datePublished\":\"2020-05-22T17:07:58+00:00\",\"dateModified\":\"2020-06-29T14:11:36+00:00\",\"breadcrumb\":{\"@id\":\"https:\/\/planinskimuzej.si\/vstopnice-gmj\/#breadcrumb\"},\"inLanguage\":\"en-US\",\"potentialAction\":[{\"@type\":\"ReadAction\",\"target\":[\"https:\/\/planinskimuzej.si\/vstopnice-gmj\/\"]}]},{\"@type\":\"BreadcrumbList\",\"@id\":\"https:\/\/planinskimuzej.si\/vstopnice-gmj\/#breadcrumb\",\"itemListElement\":[{\"@type\":\"ListItem\",\"position\":1,\"name\":\"Home\",\"item\":\"https:\/\/planinskimuzej.si\/en\/\"},{\"@type\":\"ListItem\",\"position\":2,\"name\":\"Combined tickets for Upper Sava Museum-order form\"}]},{\"@type\":\"WebSite\",\"@id\":\"https:\/\/planinskimuzej.si\/#website\",\"url\":\"https:\/\/planinskimuzej.si\/\",\"name\":\"Planinski Muzej\",\"description\":\"Slovenski planinski muzej v Mojstrani ponuja pravo gorsko izku\u0161njo za alpinisti\u010dne navdu\u0161ence.\",\"potentialAction\":[{\"@type\":\"SearchAction\",\"target\":{\"@type\":\"EntryPoint\",\"urlTemplate\":\"https:\/\/planinskimuzej.si\/?s={search_term_string}\"},\"query-input\":{\"@type\":\"PropertyValueSpecification\",\"valueRequired\":true,\"valueName\":\"search_term_string\"}}],\"inLanguage\":\"en-US\"}]}<\/script>\n<!-- \/ Yoast SEO plugin. -->","yoast_head_json":{"title":"Combined tickets for Upper Sava Museum-order form - Planinski Muzej","robots":{"index":"index","follow":"follow","max-snippet":"max-snippet:-1","max-image-preview":"max-image-preview:large","max-video-preview":"max-video-preview:-1"},"canonical":"https:\/\/planinskimuzej.si\/vstopnice-gmj\/","og_locale":"en_US","og_type":"article","og_title":"Combined tickets for Upper Sava Museum-order form - Planinski Muzej","og_url":"https:\/\/planinskimuzej.si\/vstopnice-gmj\/","og_site_name":"Planinski Muzej","article_modified_time":"2020-06-29T14:11:36+00:00","twitter_card":"summary_large_image","twitter_misc":{"Est. reading time":"2 minutes"},"schema":{"@context":"https:\/\/schema.org","@graph":[{"@type":"WebPage","@id":"https:\/\/planinskimuzej.si\/vstopnice-gmj\/","url":"https:\/\/planinskimuzej.si\/vstopnice-gmj\/","name":"Combined tickets for Upper Sava Museum-order form - Planinski Muzej","isPartOf":{"@id":"https:\/\/planinskimuzej.si\/#website"},"datePublished":"2020-05-22T17:07:58+00:00","dateModified":"2020-06-29T14:11:36+00:00","breadcrumb":{"@id":"https:\/\/planinskimuzej.si\/vstopnice-gmj\/#breadcrumb"},"inLanguage":"en-US","potentialAction":[{"@type":"ReadAction","target":["https:\/\/planinskimuzej.si\/vstopnice-gmj\/"]}]},{"@type":"BreadcrumbList","@id":"https:\/\/planinskimuzej.si\/vstopnice-gmj\/#breadcrumb","itemListElement":[{"@type":"ListItem","position":1,"name":"Home","item":"https:\/\/planinskimuzej.si\/en\/"},{"@type":"ListItem","position":2,"name":"Combined tickets for Upper Sava Museum-order form"}]},{"@type":"WebSite","@id":"https:\/\/planinskimuzej.si\/#website","url":"https:\/\/planinskimuzej.si\/","name":"Planinski Muzej","description":"Slovenski planinski muzej v Mojstrani ponuja pravo gorsko izku\u0161njo za alpinisti\u010dne navdu\u0161ence.","potentialAction":[{"@type":"SearchAction","target":{"@type":"EntryPoint","urlTemplate":"https:\/\/planinskimuzej.si\/?s={search_term_string}"},"query-input":{"@type":"PropertyValueSpecification","valueRequired":true,"valueName":"search_term_string"}}],"inLanguage":"en-US"}]}},"_links":{"self":[{"href":"https:\/\/planinskimuzej.si\/en\/wp-json\/wp\/v2\/pages\/18787","targetHints":{"allow":["GET"]}}],"collection":[{"href":"https:\/\/planinskimuzej.si\/en\/wp-json\/wp\/v2\/pages"}],"about":[{"href":"https:\/\/planinskimuzej.si\/en\/wp-json\/wp\/v2\/types\/page"}],"author":[{"embeddable":true,"href":"https:\/\/planinskimuzej.si\/en\/wp-json\/wp\/v2\/users\/7"}],"replies":[{"embeddable":true,"href":"https:\/\/planinskimuzej.si\/en\/wp-json\/wp\/v2\/comments?post=18787"}],"version-history":[{"count":3,"href":"https:\/\/planinskimuzej.si\/en\/wp-json\/wp\/v2\/pages\/18787\/revisions"}],"predecessor-version":[{"id":18790,"href":"https:\/\/planinskimuzej.si\/en\/wp-json\/wp\/v2\/pages\/18787\/revisions\/18790"}],"wp:attachment":[{"href":"https:\/\/planinskimuzej.si\/en\/wp-json\/wp\/v2\/media?parent=18787"}],"curies":[{"name":"wp","href":"https:\/\/api.w.org\/{rel}","templated":true}]}}