{"id":2818,"date":"2017-10-26T21:10:53","date_gmt":"2017-10-26T21:10:53","guid":{"rendered":"http:\/\/www.planinskimuzej.si\/?page_id=2818"},"modified":"2017-10-26T21:10:53","modified_gmt":"2017-10-26T21:10:53","slug":"vr-ocala-dvojka","status":"publish","type":"page","link":"https:\/\/planinskimuzej.si\/en\/vr-ocala-dvojka\/","title":{"rendered":"VR o\u010dala &#8211; Dvojka"},"content":{"rendered":"<h1>Dvojka<\/h1>\n<p>[sphere 819 title=&#8221;\u00bbDvojka\u00ab&#8221; width=&#8221;100%&#8221; autoload]<\/p>\n","protected":false},"excerpt":{"rendered":"<p>Dvojka [sphere 819 title=&#8221;\u00bbDvojka\u00ab&#8221; width=&#8221;100%&#8221; autoload]<\/p>\n","protected":false},"author":1,"featured_media":0,"parent":0,"menu_order":0,"comment_status":"closed","ping_status":"closed","template":"","meta":{"footnotes":""},"class_list":["post-2818","page","type-page","status-publish","hentry"],"yoast_head":"<!-- This site is optimized with the Yoast SEO plugin v27.4 - https:\/\/yoast.com\/product\/yoast-seo-wordpress\/ -->\n<title>VR o\u010dala - Dvojka - Planinski Muzej<\/title>\n<meta name=\"robots\" content=\"index, follow, max-snippet:-1, max-image-preview:large, max-video-preview:-1\" \/>\n<link rel=\"canonical\" href=\"https:\/\/planinskimuzej.si\/vr-ocala-dvojka\/\" \/>\n<meta property=\"og:locale\" content=\"en_US\" \/>\n<meta property=\"og:type\" content=\"article\" \/>\n<meta property=\"og:title\" content=\"VR o\u010dala - Dvojka - Planinski Muzej\" \/>\n<meta property=\"og:description\" content=\"Dvojka [sphere 819 title=&#8221;\u00bbDvojka\u00ab&#8221; width=&#8221;100%&#8221; autoload]\" \/>\n<meta property=\"og:url\" content=\"https:\/\/planinskimuzej.si\/vr-ocala-dvojka\/\" \/>\n<meta property=\"og:site_name\" content=\"Planinski Muzej\" \/>\n<meta name=\"twitter:card\" content=\"summary_large_image\" \/>\n<script type=\"application\/ld+json\" class=\"yoast-schema-graph\">{\"@context\":\"https:\\\/\\\/schema.org\",\"@graph\":[{\"@type\":\"WebPage\",\"@id\":\"https:\\\/\\\/planinskimuzej.si\\\/vr-ocala-dvojka\\\/\",\"url\":\"https:\\\/\\\/planinskimuzej.si\\\/vr-ocala-dvojka\\\/\",\"name\":\"VR o\u010dala - Dvojka - Planinski Muzej\",\"isPartOf\":{\"@id\":\"https:\\\/\\\/planinskimuzej.si\\\/#website\"},\"datePublished\":\"2017-10-26T21:10:53+00:00\",\"breadcrumb\":{\"@id\":\"https:\\\/\\\/planinskimuzej.si\\\/vr-ocala-dvojka\\\/#breadcrumb\"},\"inLanguage\":\"en-US\",\"potentialAction\":[{\"@type\":\"ReadAction\",\"target\":[\"https:\\\/\\\/planinskimuzej.si\\\/vr-ocala-dvojka\\\/\"]}]},{\"@type\":\"BreadcrumbList\",\"@id\":\"https:\\\/\\\/planinskimuzej.si\\\/vr-ocala-dvojka\\\/#breadcrumb\",\"itemListElement\":[{\"@type\":\"ListItem\",\"position\":1,\"name\":\"Home\",\"item\":\"https:\\\/\\\/planinskimuzej.si\\\/en\\\/\"},{\"@type\":\"ListItem\",\"position\":2,\"name\":\"VR o\u010dala &#8211; Dvojka\"}]},{\"@type\":\"WebSite\",\"@id\":\"https:\\\/\\\/planinskimuzej.si\\\/#website\",\"url\":\"https:\\\/\\\/planinskimuzej.si\\\/\",\"name\":\"Planinski Muzej\",\"description\":\"Slovenski planinski muzej v Mojstrani ponuja pravo gorsko izku\u0161njo za alpinisti\u010dne navdu\u0161ence.\",\"potentialAction\":[{\"@type\":\"SearchAction\",\"target\":{\"@type\":\"EntryPoint\",\"urlTemplate\":\"https:\\\/\\\/planinskimuzej.si\\\/?s={search_term_string}\"},\"query-input\":{\"@type\":\"PropertyValueSpecification\",\"valueRequired\":true,\"valueName\":\"search_term_string\"}}],\"inLanguage\":\"en-US\"}]}<\/script>\n<!-- \/ Yoast SEO plugin. -->","yoast_head_json":{"title":"VR o\u010dala - Dvojka - Planinski Muzej","robots":{"index":"index","follow":"follow","max-snippet":"max-snippet:-1","max-image-preview":"max-image-preview:large","max-video-preview":"max-video-preview:-1"},"canonical":"https:\/\/planinskimuzej.si\/vr-ocala-dvojka\/","og_locale":"en_US","og_type":"article","og_title":"VR o\u010dala - Dvojka - Planinski Muzej","og_description":"Dvojka [sphere 819 title=&#8221;\u00bbDvojka\u00ab&#8221; width=&#8221;100%&#8221; autoload]","og_url":"https:\/\/planinskimuzej.si\/vr-ocala-dvojka\/","og_site_name":"Planinski Muzej","twitter_card":"summary_large_image","schema":{"@context":"https:\/\/schema.org","@graph":[{"@type":"WebPage","@id":"https:\/\/planinskimuzej.si\/vr-ocala-dvojka\/","url":"https:\/\/planinskimuzej.si\/vr-ocala-dvojka\/","name":"VR o\u010dala - Dvojka - Planinski Muzej","isPartOf":{"@id":"https:\/\/planinskimuzej.si\/#website"},"datePublished":"2017-10-26T21:10:53+00:00","breadcrumb":{"@id":"https:\/\/planinskimuzej.si\/vr-ocala-dvojka\/#breadcrumb"},"inLanguage":"en-US","potentialAction":[{"@type":"ReadAction","target":["https:\/\/planinskimuzej.si\/vr-ocala-dvojka\/"]}]},{"@type":"BreadcrumbList","@id":"https:\/\/planinskimuzej.si\/vr-ocala-dvojka\/#breadcrumb","itemListElement":[{"@type":"ListItem","position":1,"name":"Home","item":"https:\/\/planinskimuzej.si\/en\/"},{"@type":"ListItem","position":2,"name":"VR o\u010dala &#8211; Dvojka"}]},{"@type":"WebSite","@id":"https:\/\/planinskimuzej.si\/#website","url":"https:\/\/planinskimuzej.si\/","name":"Planinski Muzej","description":"Slovenski planinski muzej v Mojstrani ponuja pravo gorsko izku\u0161njo za alpinisti\u010dne navdu\u0161ence.","potentialAction":[{"@type":"SearchAction","target":{"@type":"EntryPoint","urlTemplate":"https:\/\/planinskimuzej.si\/?s={search_term_string}"},"query-input":{"@type":"PropertyValueSpecification","valueRequired":true,"valueName":"search_term_string"}}],"inLanguage":"en-US"}]}},"_links":{"self":[{"href":"https:\/\/planinskimuzej.si\/en\/wp-json\/wp\/v2\/pages\/2818","targetHints":{"allow":["GET"]}}],"collection":[{"href":"https:\/\/planinskimuzej.si\/en\/wp-json\/wp\/v2\/pages"}],"about":[{"href":"https:\/\/planinskimuzej.si\/en\/wp-json\/wp\/v2\/types\/page"}],"author":[{"embeddable":true,"href":"https:\/\/planinskimuzej.si\/en\/wp-json\/wp\/v2\/users\/1"}],"replies":[{"embeddable":true,"href":"https:\/\/planinskimuzej.si\/en\/wp-json\/wp\/v2\/comments?post=2818"}],"version-history":[{"count":1,"href":"https:\/\/planinskimuzej.si\/en\/wp-json\/wp\/v2\/pages\/2818\/revisions"}],"predecessor-version":[{"id":2819,"href":"https:\/\/planinskimuzej.si\/en\/wp-json\/wp\/v2\/pages\/2818\/revisions\/2819"}],"wp:attachment":[{"href":"https:\/\/planinskimuzej.si\/en\/wp-json\/wp\/v2\/media?parent=2818"}],"curies":[{"name":"wp","href":"https:\/\/api.w.org\/{rel}","templated":true}]}}