{"id":37432,"date":"2025-01-05T17:46:58","date_gmt":"2025-01-05T16:46:58","guid":{"rendered":"https:\/\/dev.planinskimuzej.si\/?page_id=37432"},"modified":"2025-01-05T17:48:33","modified_gmt":"2025-01-05T16:48:33","slug":"exhibition-mountains-are-calling-me","status":"publish","type":"page","link":"https:\/\/planinskimuzej.si\/en\/exhibition-mountains-are-calling-me\/","title":{"rendered":"Exhibition: Mountains are calling me"},"content":{"rendered":"<div class=\"fusion-fullwidth fullwidth-box fusion-builder-row-1 fusion-flex-container has-pattern-background has-mask-background nonhundred-percent-fullwidth non-hundred-percent-height-scrolling\" style=\"--awb-border-radius-top-left:0px;--awb-border-radius-top-right:0px;--awb-border-radius-bottom-right:0px;--awb-border-radius-bottom-left:0px;--awb-flex-wrap:wrap;\" ><div class=\"fusion-builder-row fusion-row fusion-flex-align-items-flex-start fusion-flex-content-wrap\" style=\"max-width:1144px;margin-left: calc(-4% \/ 2 );margin-right: calc(-4% \/ 2 );\"><div class=\"fusion-layout-column fusion_builder_column fusion-builder-column-0 fusion_builder_column_1_1 1_1 fusion-flex-column\" style=\"--awb-bg-size:cover;--awb-width-large:100%;--awb-margin-top-large:0px;--awb-spacing-right-large:1.92%;--awb-margin-bottom-large:0px;--awb-spacing-left-large:1.92%;--awb-width-medium:100%;--awb-order-medium:0;--awb-spacing-right-medium:1.92%;--awb-spacing-left-medium:1.92%;--awb-width-small:100%;--awb-order-small:0;--awb-spacing-right-small:1.92%;--awb-spacing-left-small:1.92%;\"><div class=\"fusion-column-wrapper fusion-column-has-shadow fusion-flex-justify-content-flex-start fusion-content-layout-column\"><div class=\"fusion-text fusion-text-1\"><h1>Mountains are calling me<\/h1>\n<h3>The three key driving forces behind any mountaineering trip are an irresistible urge, curiosity, and longing.<\/h3>\n<\/div><div class=\"fusion-text fusion-text-2\"><blockquote>\n<p>&nbsp;<\/p>\n<p><em>Just like a child is tempted to sneak up to the nearest hill, so a grown-up man is drawn to the highlands by an irresistible desire; exhausted from the toil of everyday life, struggling under the weight of burdens, he seeks peace and comfort and, failing to find that in the valley, ventures higher and higher to the mountains to find there his sweet solace. (Sermon by Priest Matija Vertovec, 1820)<br \/>\n<\/em><\/p>\n<\/blockquote>\n<\/div><div class=\"fusion-text fusion-text-3\"><p>The mountains, their pervasive image being one of distance and inaccessibility, have always instilled fear and respect in people. Areas of untamed beauty, mountains were clad in a veil of myths and tales. Ordinary people, however, depended on these mighty masters for their survival. Thousands of years ago, people walked the mountains to satisfy their economic need, as hunters, shepherds, herdsmen, alpine dairy farmers, miners, charcoal-makers and herbalists, but also for religious reasons as pilgrims. Only later, in the 18th century, were they joined by the first explorers \u2013 natural scientists, mostly botanists \u2013 who started exploring the mountains with the help of local guides.<\/p>\n<p>In time, the economic aspect of mountaineering was replaced by admiration and exploration of the mountains and their beauties. The results were two-fold: the mountains inspired a national patriotic sentiment and became a place for doing sports.<\/p>\n<p>Throughout the centuries, Slovenian mountains have come to symbolize longing, self-affirmation, ascent, and the ability to overcome obstacles. The mountains have attracted many foreign visitors over the years who have spread their fame throughout the world. Today mountains are a meeting place for people from different parts of the world, people of different beliefs, people with different objectives; they are a place where tolerance and understanding walk hand in hand.<\/p>\n<\/div><div class=\"awb-gallery-wrapper awb-gallery-wrapper-1 button-span-no\" style=\"--more-btn-alignment:center;\"><div style=\"margin:-5px;--awb-bordersize:0px;--awb-columns-medium:100%;--awb-columns-small:100%;\" class=\"fusion-gallery fusion-gallery-container fusion-grid-3 fusion-columns-total-11 fusion-gallery-layout-masonry fusion-gallery-1\"><div class=\"fusion-grid-column fusion-gallery-column fusion-gallery-column-3 fusion-grid-sizer\"><\/div><div style=\"padding:5px;\" class=\"fusion-grid-column fusion-gallery-column fusion-gallery-column-3 fusion-element-grid\"><div class=\"fusion-gallery-image fusion-gallery-image-liftup\"><a href=\"https:\/\/planinskimuzej.si\/wp-content\/uploads\/2017\/02\/Dezmanova-koca.jpg\" rel=\"noreferrer\" data-rel=\"iLightbox[gallery_image_1]\" class=\"fusion-lightbox\" target=\"_self\"><div style=\"background-image:url(https:\/\/planinskimuzej.si\/wp-content\/uploads\/2017\/02\/Dezmanova-koca.jpg);padding-top:calc((100% + 10px) * 0.8 - 5px);background-position:;\" class=\"fusion-masonry-element-container\"><img decoding=\"async\" src=\"https:\/\/planinskimuzej.si\/wp-content\/uploads\/2017\/02\/Dezmanova-koca.jpg\" width=\"650\" height=\"437\" alt=\"\" title=\"Dezmanova koca\" aria-label=\"Dezmanova koca\" class=\"img-responsive wp-image-119\" srcset=\"https:\/\/planinskimuzej.si\/wp-content\/uploads\/2017\/02\/Dezmanova-koca-200x134.jpg 200w, https:\/\/planinskimuzej.si\/wp-content\/uploads\/2017\/02\/Dezmanova-koca-400x269.jpg 400w, https:\/\/planinskimuzej.si\/wp-content\/uploads\/2017\/02\/Dezmanova-koca-600x403.jpg 600w, https:\/\/planinskimuzej.si\/wp-content\/uploads\/2017\/02\/Dezmanova-koca.jpg 650w\" sizes=\"(min-width: 2200px) 100vw, (min-width: 784px) 363px, (min-width: 712px) 545px, (min-width: 640px) 712px, \" \/><\/div><\/a><\/div><\/div><div style=\"padding:5px;\" class=\"fusion-grid-column fusion-gallery-column fusion-gallery-column-3 fusion-element-grid\"><div class=\"fusion-gallery-image fusion-gallery-image-liftup\"><a href=\"https:\/\/planinskimuzej.si\/wp-content\/uploads\/2017\/02\/Kepa-Karavanke.jpg\" rel=\"noreferrer\" data-rel=\"iLightbox[gallery_image_1]\" class=\"fusion-lightbox\" target=\"_self\"><div style=\"background-image:url(https:\/\/planinskimuzej.si\/wp-content\/uploads\/2017\/02\/Kepa-Karavanke.jpg);padding-top:calc((100% + 10px) * 0.8 - 5px);background-position:;\" class=\"fusion-masonry-element-container\"><img decoding=\"async\" src=\"https:\/\/planinskimuzej.si\/wp-content\/uploads\/2017\/02\/Kepa-Karavanke.jpg\" width=\"650\" height=\"581\" alt=\"\" title=\"Kepa-Karavanke\" aria-label=\"Kepa-Karavanke\" class=\"img-responsive wp-image-121\" srcset=\"https:\/\/planinskimuzej.si\/wp-content\/uploads\/2017\/02\/Kepa-Karavanke-200x179.jpg 200w, https:\/\/planinskimuzej.si\/wp-content\/uploads\/2017\/02\/Kepa-Karavanke-400x358.jpg 400w, https:\/\/planinskimuzej.si\/wp-content\/uploads\/2017\/02\/Kepa-Karavanke-600x536.jpg 600w, https:\/\/planinskimuzej.si\/wp-content\/uploads\/2017\/02\/Kepa-Karavanke.jpg 650w\" sizes=\"(min-width: 2200px) 100vw, (min-width: 784px) 363px, (min-width: 712px) 545px, (min-width: 640px) 712px, \" \/><\/div><\/a><\/div><\/div><div style=\"padding:5px;\" class=\"fusion-grid-column fusion-gallery-column fusion-gallery-column-3 fusion-element-portrait\"><div class=\"fusion-gallery-image fusion-gallery-image-liftup\"><a href=\"https:\/\/planinskimuzej.si\/wp-content\/uploads\/2017\/02\/Koca-pod-Spickom.jpg\" rel=\"noreferrer\" data-rel=\"iLightbox[gallery_image_1]\" class=\"fusion-lightbox\" target=\"_self\"><div style=\"background-image:url(https:\/\/planinskimuzej.si\/wp-content\/uploads\/2017\/02\/Koca-pod-Spickom.jpg);padding-top:calc((100% + 10px) * 1.6);background-position:;\" class=\"fusion-masonry-element-container\"><img decoding=\"async\" src=\"https:\/\/planinskimuzej.si\/wp-content\/uploads\/2017\/02\/Koca-pod-Spickom.jpg\" width=\"435\" height=\"600\" alt=\"\" title=\"Koca pod Spickom\" aria-label=\"Koca pod Spickom\" class=\"img-responsive wp-image-122\" srcset=\"https:\/\/planinskimuzej.si\/wp-content\/uploads\/2017\/02\/Koca-pod-Spickom-200x276.jpg 200w, https:\/\/planinskimuzej.si\/wp-content\/uploads\/2017\/02\/Koca-pod-Spickom-400x552.jpg 400w, https:\/\/planinskimuzej.si\/wp-content\/uploads\/2017\/02\/Koca-pod-Spickom.jpg 435w\" sizes=\"(min-width: 2200px) 100vw, (min-width: 784px) 363px, (min-width: 712px) 545px, (min-width: 640px) 712px, \" \/><\/div><\/a><\/div><\/div><div style=\"padding:5px;\" class=\"fusion-grid-column fusion-gallery-column fusion-gallery-column-3 fusion-element-portrait\"><div class=\"fusion-gallery-image fusion-gallery-image-liftup\"><a href=\"https:\/\/planinskimuzej.si\/wp-content\/uploads\/2017\/02\/Na-Vrtaski-planini.jpg\" rel=\"noreferrer\" data-rel=\"iLightbox[gallery_image_1]\" class=\"fusion-lightbox\" target=\"_self\"><div style=\"background-image:url(https:\/\/planinskimuzej.si\/wp-content\/uploads\/2017\/02\/Na-Vrtaski-planini.jpg);padding-top:calc((100% + 10px) * 1.6);background-position:;\" class=\"fusion-masonry-element-container\"><img decoding=\"async\" src=\"https:\/\/planinskimuzej.si\/wp-content\/uploads\/2017\/02\/Na-Vrtaski-planini.jpg\" width=\"442\" height=\"600\" alt=\"\" title=\"Na Vrtaski planini\" aria-label=\"Na Vrtaski planini\" class=\"img-responsive wp-image-123\" srcset=\"https:\/\/planinskimuzej.si\/wp-content\/uploads\/2017\/02\/Na-Vrtaski-planini-200x271.jpg 200w, https:\/\/planinskimuzej.si\/wp-content\/uploads\/2017\/02\/Na-Vrtaski-planini-400x543.jpg 400w, https:\/\/planinskimuzej.si\/wp-content\/uploads\/2017\/02\/Na-Vrtaski-planini.jpg 442w\" sizes=\"(min-width: 2200px) 100vw, (min-width: 784px) 363px, (min-width: 712px) 545px, (min-width: 640px) 712px, \" \/><\/div><\/a><\/div><\/div><div style=\"padding:5px;\" class=\"fusion-grid-column fusion-gallery-column fusion-gallery-column-3 fusion-element-grid\"><div class=\"fusion-gallery-image fusion-gallery-image-liftup\"><a href=\"https:\/\/planinskimuzej.si\/wp-content\/uploads\/2017\/02\/Planje-pri-Razorju.jpg\" rel=\"noreferrer\" data-rel=\"iLightbox[gallery_image_1]\" class=\"fusion-lightbox\" target=\"_self\"><div style=\"background-image:url(https:\/\/planinskimuzej.si\/wp-content\/uploads\/2017\/02\/Planje-pri-Razorju.jpg);padding-top:calc((100% + 10px) * 0.8 - 5px);background-position:;\" class=\"fusion-masonry-element-container\"><img decoding=\"async\" src=\"https:\/\/planinskimuzej.si\/wp-content\/uploads\/2017\/02\/Planje-pri-Razorju.jpg\" width=\"650\" height=\"437\" alt=\"\" title=\"Planje pri Razorju\" aria-label=\"Planje pri Razorju\" class=\"img-responsive wp-image-124\" srcset=\"https:\/\/planinskimuzej.si\/wp-content\/uploads\/2017\/02\/Planje-pri-Razorju-200x134.jpg 200w, https:\/\/planinskimuzej.si\/wp-content\/uploads\/2017\/02\/Planje-pri-Razorju-400x269.jpg 400w, https:\/\/planinskimuzej.si\/wp-content\/uploads\/2017\/02\/Planje-pri-Razorju-600x403.jpg 600w, https:\/\/planinskimuzej.si\/wp-content\/uploads\/2017\/02\/Planje-pri-Razorju.jpg 650w\" sizes=\"(min-width: 2200px) 100vw, (min-width: 784px) 363px, (min-width: 712px) 545px, (min-width: 640px) 712px, \" \/><\/div><\/a><\/div><\/div><div style=\"padding:5px;\" class=\"fusion-grid-column fusion-gallery-column fusion-gallery-column-3 fusion-element-portrait\"><div class=\"fusion-gallery-image fusion-gallery-image-liftup\"><a href=\"https:\/\/planinskimuzej.si\/wp-content\/uploads\/2017\/02\/pod-Jalovcem.jpg\" rel=\"noreferrer\" data-rel=\"iLightbox[gallery_image_1]\" class=\"fusion-lightbox\" target=\"_self\"><div style=\"background-image:url(https:\/\/planinskimuzej.si\/wp-content\/uploads\/2017\/02\/pod-Jalovcem.jpg);padding-top:calc((100% + 10px) * 1.6);background-position:;\" class=\"fusion-masonry-element-container\"><img decoding=\"async\" src=\"https:\/\/planinskimuzej.si\/wp-content\/uploads\/2017\/02\/pod-Jalovcem.jpg\" width=\"460\" height=\"600\" alt=\"\" title=\"pod Jalovcem\" aria-label=\"pod Jalovcem\" class=\"img-responsive wp-image-125\" srcset=\"https:\/\/planinskimuzej.si\/wp-content\/uploads\/2017\/02\/pod-Jalovcem-200x261.jpg 200w, https:\/\/planinskimuzej.si\/wp-content\/uploads\/2017\/02\/pod-Jalovcem-400x522.jpg 400w, https:\/\/planinskimuzej.si\/wp-content\/uploads\/2017\/02\/pod-Jalovcem.jpg 460w\" sizes=\"(min-width: 2200px) 100vw, (min-width: 784px) 363px, (min-width: 712px) 545px, (min-width: 640px) 712px, \" \/><\/div><\/a><\/div><\/div><div style=\"padding:5px;\" class=\"fusion-grid-column fusion-gallery-column fusion-gallery-column-3 fusion-element-grid\"><div class=\"fusion-gallery-image fusion-gallery-image-liftup\"><a href=\"https:\/\/planinskimuzej.si\/wp-content\/uploads\/2017\/02\/Predmeti-na-otip.jpg\" rel=\"noreferrer\" data-rel=\"iLightbox[gallery_image_1]\" class=\"fusion-lightbox\" target=\"_self\"><div style=\"background-image:url(https:\/\/planinskimuzej.si\/wp-content\/uploads\/2017\/02\/Predmeti-na-otip.jpg);padding-top:calc((100% + 10px) * 0.8 - 5px);background-position:;\" class=\"fusion-masonry-element-container\"><img decoding=\"async\" src=\"https:\/\/planinskimuzej.si\/wp-content\/uploads\/2017\/02\/Predmeti-na-otip.jpg\" width=\"650\" height=\"433\" alt=\"\" title=\"Predmeti na otip\" aria-label=\"Predmeti na otip\" class=\"img-responsive wp-image-126\" srcset=\"https:\/\/planinskimuzej.si\/wp-content\/uploads\/2017\/02\/Predmeti-na-otip-200x133.jpg 200w, https:\/\/planinskimuzej.si\/wp-content\/uploads\/2017\/02\/Predmeti-na-otip-400x266.jpg 400w, https:\/\/planinskimuzej.si\/wp-content\/uploads\/2017\/02\/Predmeti-na-otip-600x400.jpg 600w, https:\/\/planinskimuzej.si\/wp-content\/uploads\/2017\/02\/Predmeti-na-otip.jpg 650w\" sizes=\"(min-width: 2200px) 100vw, (min-width: 784px) 363px, (min-width: 712px) 545px, (min-width: 640px) 712px, \" \/><\/div><\/a><\/div><\/div><div style=\"padding:5px;\" class=\"fusion-grid-column fusion-gallery-column fusion-gallery-column-3 fusion-element-grid\"><div class=\"fusion-gallery-image fusion-gallery-image-liftup\"><a href=\"https:\/\/planinskimuzej.si\/wp-content\/uploads\/2017\/02\/pri-nadelavi-poti-na-Gubah.jpg\" rel=\"noreferrer\" data-rel=\"iLightbox[gallery_image_1]\" class=\"fusion-lightbox\" target=\"_self\"><div style=\"background-image:url(https:\/\/planinskimuzej.si\/wp-content\/uploads\/2017\/02\/pri-nadelavi-poti-na-Gubah.jpg);padding-top:calc((100% + 10px) * 0.8 - 5px);background-position:;\" class=\"fusion-masonry-element-container\"><img decoding=\"async\" src=\"https:\/\/planinskimuzej.si\/wp-content\/uploads\/2017\/02\/pri-nadelavi-poti-na-Gubah.jpg\" width=\"650\" height=\"469\" alt=\"\" title=\"pri nadelavi poti na Gubah\" aria-label=\"pri nadelavi poti na Gubah\" class=\"img-responsive wp-image-127\" srcset=\"https:\/\/planinskimuzej.si\/wp-content\/uploads\/2017\/02\/pri-nadelavi-poti-na-Gubah-200x144.jpg 200w, https:\/\/planinskimuzej.si\/wp-content\/uploads\/2017\/02\/pri-nadelavi-poti-na-Gubah-400x289.jpg 400w, https:\/\/planinskimuzej.si\/wp-content\/uploads\/2017\/02\/pri-nadelavi-poti-na-Gubah-600x433.jpg 600w, https:\/\/planinskimuzej.si\/wp-content\/uploads\/2017\/02\/pri-nadelavi-poti-na-Gubah.jpg 650w\" sizes=\"(min-width: 2200px) 100vw, (min-width: 784px) 363px, (min-width: 712px) 545px, (min-width: 640px) 712px, \" \/><\/div><\/a><\/div><\/div><div style=\"padding:5px;\" class=\"fusion-grid-column fusion-gallery-column fusion-gallery-column-3 fusion-element-grid\"><div class=\"fusion-gallery-image fusion-gallery-image-liftup\"><a href=\"https:\/\/planinskimuzej.si\/wp-content\/uploads\/2017\/02\/Skalni-zid-Mojstrovke-in-Velike-Mojstrovke.jpg\" rel=\"noreferrer\" data-rel=\"iLightbox[gallery_image_1]\" class=\"fusion-lightbox\" target=\"_self\"><div style=\"background-image:url(https:\/\/planinskimuzej.si\/wp-content\/uploads\/2017\/02\/Skalni-zid-Mojstrovke-in-Velike-Mojstrovke.jpg);padding-top:calc((100% + 10px) * 0.8 - 5px);background-position:;\" class=\"fusion-masonry-element-container\"><img decoding=\"async\" src=\"https:\/\/planinskimuzej.si\/wp-content\/uploads\/2017\/02\/Skalni-zid-Mojstrovke-in-Velike-Mojstrovke.jpg\" width=\"650\" height=\"465\" alt=\"\" title=\"Skalni zid Mojstrovke in Velike Mojstrovke\" aria-label=\"Skalni zid Mojstrovke in Velike Mojstrovke\" class=\"img-responsive wp-image-128\" srcset=\"https:\/\/planinskimuzej.si\/wp-content\/uploads\/2017\/02\/Skalni-zid-Mojstrovke-in-Velike-Mojstrovke-200x143.jpg 200w, https:\/\/planinskimuzej.si\/wp-content\/uploads\/2017\/02\/Skalni-zid-Mojstrovke-in-Velike-Mojstrovke-400x286.jpg 400w, https:\/\/planinskimuzej.si\/wp-content\/uploads\/2017\/02\/Skalni-zid-Mojstrovke-in-Velike-Mojstrovke-600x429.jpg 600w, https:\/\/planinskimuzej.si\/wp-content\/uploads\/2017\/02\/Skalni-zid-Mojstrovke-in-Velike-Mojstrovke.jpg 650w\" sizes=\"(min-width: 2200px) 100vw, (min-width: 784px) 363px, (min-width: 712px) 545px, (min-width: 640px) 712px, \" \/><\/div><\/a><\/div><\/div><div style=\"padding:5px;\" class=\"fusion-grid-column fusion-gallery-column fusion-gallery-column-3 fusion-element-grid\"><div class=\"fusion-gallery-image fusion-gallery-image-liftup\"><a href=\"https:\/\/planinskimuzej.si\/wp-content\/uploads\/2017\/02\/Visoka-Ponca.jpg\" rel=\"noreferrer\" data-rel=\"iLightbox[gallery_image_1]\" class=\"fusion-lightbox\" target=\"_self\"><div style=\"background-image:url(https:\/\/planinskimuzej.si\/wp-content\/uploads\/2017\/02\/Visoka-Ponca.jpg);padding-top:calc((100% + 10px) * 0.8 - 5px);background-position:;\" class=\"fusion-masonry-element-container\"><img decoding=\"async\" src=\"https:\/\/planinskimuzej.si\/wp-content\/uploads\/2017\/02\/Visoka-Ponca.jpg\" width=\"650\" height=\"469\" alt=\"\" title=\"Visoka Ponca\" aria-label=\"Visoka Ponca\" class=\"img-responsive wp-image-129\" srcset=\"https:\/\/planinskimuzej.si\/wp-content\/uploads\/2017\/02\/Visoka-Ponca-200x144.jpg 200w, https:\/\/planinskimuzej.si\/wp-content\/uploads\/2017\/02\/Visoka-Ponca-400x289.jpg 400w, https:\/\/planinskimuzej.si\/wp-content\/uploads\/2017\/02\/Visoka-Ponca-600x433.jpg 600w, https:\/\/planinskimuzej.si\/wp-content\/uploads\/2017\/02\/Visoka-Ponca.jpg 650w\" sizes=\"(min-width: 2200px) 100vw, (min-width: 784px) 363px, (min-width: 712px) 545px, (min-width: 640px) 712px, \" \/><\/div><\/a><\/div><\/div><div style=\"padding:5px;\" class=\"fusion-grid-column fusion-gallery-column fusion-gallery-column-3 fusion-element-grid\"><div class=\"fusion-gallery-image fusion-gallery-image-liftup\"><a href=\"https:\/\/planinskimuzej.si\/wp-content\/uploads\/2017\/02\/vrh-Prsivca.jpg\" rel=\"noreferrer\" data-rel=\"iLightbox[gallery_image_1]\" class=\"fusion-lightbox\" target=\"_self\"><div style=\"background-image:url(https:\/\/planinskimuzej.si\/wp-content\/uploads\/2017\/02\/vrh-Prsivca.jpg);padding-top:calc((100% + 10px) * 0.8 - 5px);background-position:;\" class=\"fusion-masonry-element-container\"><img decoding=\"async\" src=\"https:\/\/planinskimuzej.si\/wp-content\/uploads\/2017\/02\/vrh-Prsivca.jpg\" width=\"650\" height=\"478\" alt=\"\" title=\"vrh Prsivca\" aria-label=\"vrh Prsivca\" class=\"img-responsive wp-image-130\" srcset=\"https:\/\/planinskimuzej.si\/wp-content\/uploads\/2017\/02\/vrh-Prsivca-200x147.jpg 200w, https:\/\/planinskimuzej.si\/wp-content\/uploads\/2017\/02\/vrh-Prsivca-400x294.jpg 400w, https:\/\/planinskimuzej.si\/wp-content\/uploads\/2017\/02\/vrh-Prsivca-600x441.jpg 600w, https:\/\/planinskimuzej.si\/wp-content\/uploads\/2017\/02\/vrh-Prsivca.jpg 650w\" sizes=\"(min-width: 2200px) 100vw, (min-width: 784px) 363px, (min-width: 712px) 545px, (min-width: 640px) 712px, \" \/><\/div><\/a><\/div><\/div><\/div><\/div><\/div><\/div><\/div><\/div>\n","protected":false},"excerpt":{"rendered":"","protected":false},"author":1,"featured_media":0,"parent":0,"menu_order":0,"comment_status":"closed","ping_status":"closed","template":"","meta":{"footnotes":""},"class_list":["post-37432","page","type-page","status-publish","hentry"],"yoast_head":"<!-- This site is optimized with the Yoast SEO plugin v27.1.1 - https:\/\/yoast.com\/product\/yoast-seo-wordpress\/ -->\n<title>Exhibition: Mountains are calling me - Planinski Muzej<\/title>\n<meta name=\"robots\" content=\"index, follow, max-snippet:-1, max-image-preview:large, max-video-preview:-1\" \/>\n<link rel=\"canonical\" href=\"https:\/\/planinskimuzej.si\/en\/exhibition-mountains-are-calling-me\/\" \/>\n<meta property=\"og:locale\" content=\"en_US\" \/>\n<meta property=\"og:type\" content=\"article\" \/>\n<meta property=\"og:title\" content=\"Exhibition: Mountains are calling me - Planinski Muzej\" \/>\n<meta property=\"og:url\" content=\"https:\/\/planinskimuzej.si\/en\/exhibition-mountains-are-calling-me\/\" \/>\n<meta property=\"og:site_name\" content=\"Planinski Muzej\" \/>\n<meta property=\"article:modified_time\" content=\"2025-01-05T16:48:33+00:00\" \/>\n<meta name=\"twitter:card\" content=\"summary_large_image\" \/>\n<meta name=\"twitter:label1\" content=\"Est. reading time\" \/>\n\t<meta name=\"twitter:data1\" content=\"4 minutes\" \/>\n<script type=\"application\/ld+json\" class=\"yoast-schema-graph\">{\"@context\":\"https:\/\/schema.org\",\"@graph\":[{\"@type\":\"WebPage\",\"@id\":\"https:\/\/planinskimuzej.si\/en\/exhibition-mountains-are-calling-me\/\",\"url\":\"https:\/\/planinskimuzej.si\/en\/exhibition-mountains-are-calling-me\/\",\"name\":\"Exhibition: Mountains are calling me - Planinski Muzej\",\"isPartOf\":{\"@id\":\"https:\/\/planinskimuzej.si\/#website\"},\"datePublished\":\"2025-01-05T16:46:58+00:00\",\"dateModified\":\"2025-01-05T16:48:33+00:00\",\"breadcrumb\":{\"@id\":\"https:\/\/planinskimuzej.si\/en\/exhibition-mountains-are-calling-me\/#breadcrumb\"},\"inLanguage\":\"en-US\",\"potentialAction\":[{\"@type\":\"ReadAction\",\"target\":[\"https:\/\/planinskimuzej.si\/en\/exhibition-mountains-are-calling-me\/\"]}]},{\"@type\":\"BreadcrumbList\",\"@id\":\"https:\/\/planinskimuzej.si\/en\/exhibition-mountains-are-calling-me\/#breadcrumb\",\"itemListElement\":[{\"@type\":\"ListItem\",\"position\":1,\"name\":\"Home\",\"item\":\"https:\/\/planinskimuzej.si\/en\/\"},{\"@type\":\"ListItem\",\"position\":2,\"name\":\"Exhibition: Mountains are calling me\"}]},{\"@type\":\"WebSite\",\"@id\":\"https:\/\/planinskimuzej.si\/#website\",\"url\":\"https:\/\/planinskimuzej.si\/\",\"name\":\"Planinski Muzej\",\"description\":\"Slovenski planinski muzej v Mojstrani ponuja pravo gorsko izku\u0161njo za alpinisti\u010dne navdu\u0161ence.\",\"potentialAction\":[{\"@type\":\"SearchAction\",\"target\":{\"@type\":\"EntryPoint\",\"urlTemplate\":\"https:\/\/planinskimuzej.si\/?s={search_term_string}\"},\"query-input\":{\"@type\":\"PropertyValueSpecification\",\"valueRequired\":true,\"valueName\":\"search_term_string\"}}],\"inLanguage\":\"en-US\"}]}<\/script>\n<!-- \/ Yoast SEO plugin. -->","yoast_head_json":{"title":"Exhibition: Mountains are calling me - Planinski Muzej","robots":{"index":"index","follow":"follow","max-snippet":"max-snippet:-1","max-image-preview":"max-image-preview:large","max-video-preview":"max-video-preview:-1"},"canonical":"https:\/\/planinskimuzej.si\/en\/exhibition-mountains-are-calling-me\/","og_locale":"en_US","og_type":"article","og_title":"Exhibition: Mountains are calling me - Planinski Muzej","og_url":"https:\/\/planinskimuzej.si\/en\/exhibition-mountains-are-calling-me\/","og_site_name":"Planinski Muzej","article_modified_time":"2025-01-05T16:48:33+00:00","twitter_card":"summary_large_image","twitter_misc":{"Est. reading time":"4 minutes"},"schema":{"@context":"https:\/\/schema.org","@graph":[{"@type":"WebPage","@id":"https:\/\/planinskimuzej.si\/en\/exhibition-mountains-are-calling-me\/","url":"https:\/\/planinskimuzej.si\/en\/exhibition-mountains-are-calling-me\/","name":"Exhibition: Mountains are calling me - Planinski Muzej","isPartOf":{"@id":"https:\/\/planinskimuzej.si\/#website"},"datePublished":"2025-01-05T16:46:58+00:00","dateModified":"2025-01-05T16:48:33+00:00","breadcrumb":{"@id":"https:\/\/planinskimuzej.si\/en\/exhibition-mountains-are-calling-me\/#breadcrumb"},"inLanguage":"en-US","potentialAction":[{"@type":"ReadAction","target":["https:\/\/planinskimuzej.si\/en\/exhibition-mountains-are-calling-me\/"]}]},{"@type":"BreadcrumbList","@id":"https:\/\/planinskimuzej.si\/en\/exhibition-mountains-are-calling-me\/#breadcrumb","itemListElement":[{"@type":"ListItem","position":1,"name":"Home","item":"https:\/\/planinskimuzej.si\/en\/"},{"@type":"ListItem","position":2,"name":"Exhibition: Mountains are calling me"}]},{"@type":"WebSite","@id":"https:\/\/planinskimuzej.si\/#website","url":"https:\/\/planinskimuzej.si\/","name":"Planinski Muzej","description":"Slovenski planinski muzej v Mojstrani ponuja pravo gorsko izku\u0161njo za alpinisti\u010dne navdu\u0161ence.","potentialAction":[{"@type":"SearchAction","target":{"@type":"EntryPoint","urlTemplate":"https:\/\/planinskimuzej.si\/?s={search_term_string}"},"query-input":{"@type":"PropertyValueSpecification","valueRequired":true,"valueName":"search_term_string"}}],"inLanguage":"en-US"}]}},"_links":{"self":[{"href":"https:\/\/planinskimuzej.si\/en\/wp-json\/wp\/v2\/pages\/37432","targetHints":{"allow":["GET"]}}],"collection":[{"href":"https:\/\/planinskimuzej.si\/en\/wp-json\/wp\/v2\/pages"}],"about":[{"href":"https:\/\/planinskimuzej.si\/en\/wp-json\/wp\/v2\/types\/page"}],"author":[{"embeddable":true,"href":"https:\/\/planinskimuzej.si\/en\/wp-json\/wp\/v2\/users\/1"}],"replies":[{"embeddable":true,"href":"https:\/\/planinskimuzej.si\/en\/wp-json\/wp\/v2\/comments?post=37432"}],"version-history":[{"count":3,"href":"https:\/\/planinskimuzej.si\/en\/wp-json\/wp\/v2\/pages\/37432\/revisions"}],"predecessor-version":[{"id":37435,"href":"https:\/\/planinskimuzej.si\/en\/wp-json\/wp\/v2\/pages\/37432\/revisions\/37435"}],"wp:attachment":[{"href":"https:\/\/planinskimuzej.si\/en\/wp-json\/wp\/v2\/media?parent=37432"}],"curies":[{"name":"wp","href":"https:\/\/api.w.org\/{rel}","templated":true}]}}