{"id":37437,"date":"2024-04-02T13:38:25","date_gmt":"2024-04-02T13:38:25","guid":{"rendered":"https:\/\/dev.planinskimuzej.si\/sem-clan-planinske-organizacije\/"},"modified":"2025-01-05T17:51:37","modified_gmt":"2025-01-05T16:51:37","slug":"exhibition-i-am-a-member-of-a-mountaineering-organisation","status":"publish","type":"page","link":"https:\/\/planinskimuzej.si\/en\/exhibition-i-am-a-member-of-a-mountaineering-organisation\/","title":{"rendered":"Exhibition: I am a Member of a Mountaineering Organisation"},"content":{"rendered":"<div class=\"fusion-fullwidth fullwidth-box fusion-builder-row-1 fusion-flex-container has-pattern-background has-mask-background nonhundred-percent-fullwidth non-hundred-percent-height-scrolling\" style=\"--awb-border-radius-top-left:0px;--awb-border-radius-top-right:0px;--awb-border-radius-bottom-right:0px;--awb-border-radius-bottom-left:0px;--awb-flex-wrap:wrap;\" ><div class=\"fusion-builder-row fusion-row fusion-flex-align-items-flex-start fusion-flex-content-wrap\" style=\"max-width:1144px;margin-left: calc(-4% \/ 2 );margin-right: calc(-4% \/ 2 );\"><div class=\"fusion-layout-column fusion_builder_column fusion-builder-column-0 fusion_builder_column_1_1 1_1 fusion-flex-column\" style=\"--awb-bg-size:cover;--awb-width-large:100%;--awb-margin-top-large:0px;--awb-spacing-right-large:1.92%;--awb-margin-bottom-large:0px;--awb-spacing-left-large:1.92%;--awb-width-medium:100%;--awb-order-medium:0;--awb-spacing-right-medium:1.92%;--awb-spacing-left-medium:1.92%;--awb-width-small:100%;--awb-order-small:0;--awb-spacing-right-small:1.92%;--awb-spacing-left-small:1.92%;\"><div class=\"fusion-column-wrapper fusion-column-has-shadow fusion-flex-justify-content-flex-start fusion-content-layout-column\"><div class=\"fusion-text fusion-text-1\"><h1>I am a Member of a Mountaineering Organisation<\/h1>\n<h3>Membership in a mountaineering organisation is a value in itself, and voluntary work a token of respect and courage.<\/h3>\n<\/div><div class=\"fusion-text fusion-text-2\"><blockquote>\n<p><em>Mr. Ivan Lampreht, landlord at Kumen, is a patriot and a keen mountaineer. Not only did he become a member of the Podravje Section but also his wife and son. All three proudly wear the badge of our club. Glory to them! (Planinski vestnik, 1906)<\/em><\/p>\n<\/blockquote>\n<\/div><div class=\"fusion-text fusion-text-3\"><p>Membership in a mountaineering organization brings its members several benefits: they are provided with year-round opportunities for recreational and guided activities, learning and exploration, good companionship, experience of the mountains and the versatility of the mountaineering lingo. Education and training is of utmost importance; the best and most diverse mountaineering programs are those provided by the Youth Commission of Planinska zveza Slovenije (PZS; Alpine Association of Slovenia). The mountaineering organization trains its members in safe mountaineering.<\/p>\n<p>The tradition of looking for climbing companions and joining into clubs started in the mid-19th century when the first Alpine Clubs were set up in various parts of Europe. In Slovenia, organized mountaineering was first practised within foreign alpine clubs, in particular the Deutscher und \u00d6sterreichischer Alpenverein (D\u00d6AV; German and Austrian Mountaineering Society) and the \u00d6sterreichischer Touristenklub (\u00d6TC; AustrianTourist Club). The D\u00d6AV had Section Krain (Carniolan Section) and showed low tolerance towards the Slovenes. On account of extreme German nationalism on the one hand and the wish to preserve the Slovenian appearance of Slovenian mountains on the other, Slovene patriots soon felt the need to establish their own mountaineering organization. In Bohinj, devout Slovene mountaineers set up a club called Triglavski prijatelji (Triglav Friends) as early as 1872, which is believed to be the first mountaineering club in Slovenia. Unfortunately, the activity of the club soon died out due to disapproval of the government. In 1893 members of the Pipa (Pipe) club initiated the formation of Slovensko planinsko dru\u0161tvo (SPD; Slovenian Mountaineering Society), which has been active ever since as Planinska zveza Slovenije (PZS; Alpine Association of Slovenia). At first, the SPD\u2019s main task was defense against foreign influence, and expansion of Slovenian mountaineering efforts. Local sections of the SPD were established, huts were built, paths were laid-out. Climbers, whose primary goal was consistent promotion of climbing, would also organize into clubs. The main climbers\u2019 organisations of the time were the Dren climbing club and the club Turistovski klub Skala. After World War II, all the activities of the SPD were transferred onto a new organization, Planinska zveza Slovenije. The organization connects mountaineering, climbing and other clubs that have evolved from the former society sections or were set up anew, several of them founded by the Slovenian minorities in Italy and Austria and by Slovenian workers abroad.<\/p>\n<\/div><div class=\"awb-gallery-wrapper awb-gallery-wrapper-1 button-span-no\" style=\"--more-btn-alignment:center;\"><div style=\"margin:-5px;--awb-bordersize:0px;\" class=\"fusion-gallery fusion-gallery-container fusion-grid-3 fusion-columns-total-10 fusion-gallery-layout-masonry fusion-gallery-1\"><div class=\"fusion-grid-column fusion-gallery-column fusion-gallery-column-3 fusion-grid-sizer\"><\/div><div style=\"padding:5px;\" class=\"fusion-grid-column fusion-gallery-column fusion-gallery-column-3 fusion-element-grid\"><div class=\"fusion-gallery-image fusion-gallery-image-liftup\"><a href=\"https:\/\/planinskimuzej.si\/wp-content\/uploads\/2017\/02\/semclanplaninskeorganizacije.jpg\" rel=\"noreferrer\" data-rel=\"iLightbox[gallery_image_1]\" class=\"fusion-lightbox\" target=\"_self\"><div style=\"background-image:url(https:\/\/planinskimuzej.si\/wp-content\/uploads\/2017\/02\/semclanplaninskeorganizacije.jpg);padding-top:calc((100% + 10px) * 0.8 - 5px);background-position:38% 47%;\" class=\"fusion-masonry-element-container\"><img decoding=\"async\" src=\"https:\/\/planinskimuzej.si\/wp-content\/uploads\/2017\/02\/semclanplaninskeorganizacije.jpg\" width=\"800\" height=\"600\" alt=\"\" title=\"semclanplaninskeorganizacije\" aria-label=\"semclanplaninskeorganizacije\" class=\"img-responsive wp-image-112\" srcset=\"https:\/\/planinskimuzej.si\/wp-content\/uploads\/2017\/02\/semclanplaninskeorganizacije-200x150.jpg 200w, https:\/\/planinskimuzej.si\/wp-content\/uploads\/2017\/02\/semclanplaninskeorganizacije-400x300.jpg 400w, https:\/\/planinskimuzej.si\/wp-content\/uploads\/2017\/02\/semclanplaninskeorganizacije-600x450.jpg 600w, https:\/\/planinskimuzej.si\/wp-content\/uploads\/2017\/02\/semclanplaninskeorganizacije.jpg 800w\" sizes=\"(min-width: 2200px) 100vw, (min-width: 784px) 363px, (min-width: 712px) 545px, (min-width: 640px) 712px, \" \/><\/div><\/a><\/div><\/div><div style=\"padding:5px;\" class=\"fusion-grid-column fusion-gallery-column fusion-gallery-column-3 fusion-element-portrait\"><div class=\"fusion-gallery-image fusion-gallery-image-liftup\"><a href=\"https:\/\/planinskimuzej.si\/wp-content\/uploads\/2017\/02\/img_6580.jpg\" rel=\"noreferrer\" data-rel=\"iLightbox[gallery_image_1]\" class=\"fusion-lightbox\" target=\"_self\"><div style=\"background-image:url(https:\/\/planinskimuzej.si\/wp-content\/uploads\/2017\/02\/img_6580.jpg);padding-top:calc((100% + 10px) * 1.6);background-position:18% 55%;\" class=\"fusion-masonry-element-container\"><img decoding=\"async\" src=\"https:\/\/planinskimuzej.si\/wp-content\/uploads\/2017\/02\/img_6580.jpg\" width=\"450\" height=\"600\" alt=\"\" title=\"img_6580\" aria-label=\"img_6580\" class=\"img-responsive wp-image-107\" srcset=\"https:\/\/planinskimuzej.si\/wp-content\/uploads\/2017\/02\/img_6580-200x267.jpg 200w, https:\/\/planinskimuzej.si\/wp-content\/uploads\/2017\/02\/img_6580-400x533.jpg 400w, https:\/\/planinskimuzej.si\/wp-content\/uploads\/2017\/02\/img_6580.jpg 450w\" sizes=\"(min-width: 2200px) 100vw, (min-width: 784px) 363px, (min-width: 712px) 545px, (min-width: 640px) 712px, \" \/><\/div><\/a><\/div><\/div><div style=\"padding:5px;\" class=\"fusion-grid-column fusion-gallery-column fusion-gallery-column-3 fusion-element-grid\"><div class=\"fusion-gallery-image fusion-gallery-image-liftup\"><a href=\"https:\/\/planinskimuzej.si\/wp-content\/uploads\/2017\/02\/Kranjska-sekcija-DOAV-predsedstvo.jpg\" rel=\"noreferrer\" data-rel=\"iLightbox[gallery_image_1]\" class=\"fusion-lightbox\" target=\"_self\"><div style=\"background-image:url(https:\/\/planinskimuzej.si\/wp-content\/uploads\/2017\/02\/Kranjska-sekcija-DOAV-predsedstvo.jpg);padding-top:calc((100% + 10px) * 0.8 - 5px);background-position:39% 51%;\" class=\"fusion-masonry-element-container\"><img decoding=\"async\" src=\"https:\/\/planinskimuzej.si\/wp-content\/uploads\/2017\/02\/Kranjska-sekcija-DOAV-predsedstvo.jpg\" width=\"650\" height=\"448\" alt=\"\" title=\"Kranjska sekcija DOAV-predsedstvo\" aria-label=\"Kranjska sekcija DOAV-predsedstvo\" class=\"img-responsive wp-image-108\" srcset=\"https:\/\/planinskimuzej.si\/wp-content\/uploads\/2017\/02\/Kranjska-sekcija-DOAV-predsedstvo-200x138.jpg 200w, https:\/\/planinskimuzej.si\/wp-content\/uploads\/2017\/02\/Kranjska-sekcija-DOAV-predsedstvo-400x276.jpg 400w, https:\/\/planinskimuzej.si\/wp-content\/uploads\/2017\/02\/Kranjska-sekcija-DOAV-predsedstvo-600x414.jpg 600w, https:\/\/planinskimuzej.si\/wp-content\/uploads\/2017\/02\/Kranjska-sekcija-DOAV-predsedstvo.jpg 650w\" sizes=\"(min-width: 2200px) 100vw, (min-width: 784px) 363px, (min-width: 712px) 545px, (min-width: 640px) 712px, \" \/><\/div><\/a><\/div><\/div><div style=\"padding:5px;\" class=\"fusion-grid-column fusion-gallery-column fusion-gallery-column-3 fusion-element-portrait\"><div class=\"fusion-gallery-image fusion-gallery-image-liftup\"><a href=\"https:\/\/planinskimuzej.si\/wp-content\/uploads\/2017\/02\/odprtje-jeseniske-poti-na-Prisank.jpg\" rel=\"noreferrer\" data-rel=\"iLightbox[gallery_image_1]\" class=\"fusion-lightbox\" target=\"_self\"><div style=\"background-image:url(https:\/\/planinskimuzej.si\/wp-content\/uploads\/2017\/02\/odprtje-jeseniske-poti-na-Prisank.jpg);padding-top:calc((100% + 10px) * 1.6);background-position:20% 61%;\" class=\"fusion-masonry-element-container\"><img decoding=\"async\" src=\"https:\/\/planinskimuzej.si\/wp-content\/uploads\/2017\/02\/odprtje-jeseniske-poti-na-Prisank.jpg\" width=\"436\" height=\"600\" alt=\"\" title=\"odprtje jeseniske poti na Prisank\" aria-label=\"odprtje jeseniske poti na Prisank\" class=\"img-responsive wp-image-109\" srcset=\"https:\/\/planinskimuzej.si\/wp-content\/uploads\/2017\/02\/odprtje-jeseniske-poti-na-Prisank-200x275.jpg 200w, https:\/\/planinskimuzej.si\/wp-content\/uploads\/2017\/02\/odprtje-jeseniske-poti-na-Prisank-400x550.jpg 400w, https:\/\/planinskimuzej.si\/wp-content\/uploads\/2017\/02\/odprtje-jeseniske-poti-na-Prisank.jpg 436w\" sizes=\"(min-width: 2200px) 100vw, (min-width: 784px) 363px, (min-width: 712px) 545px, (min-width: 640px) 712px, \" \/><\/div><\/a><\/div><\/div><div style=\"padding:5px;\" class=\"fusion-grid-column fusion-gallery-column fusion-gallery-column-3 fusion-element-grid\"><div class=\"fusion-gallery-image fusion-gallery-image-liftup\"><a href=\"https:\/\/planinskimuzej.si\/wp-content\/uploads\/2017\/02\/Prapor-Skala-e1494929050545.jpg\" rel=\"noreferrer\" data-rel=\"iLightbox[gallery_image_1]\" class=\"fusion-lightbox\" target=\"_self\"><div style=\"background-image:url(https:\/\/planinskimuzej.si\/wp-content\/uploads\/2017\/02\/Prapor-Skala-e1494929050545.jpg);padding-top:calc((100% + 10px) * 0.8 - 5px);background-position:36% 57%;\" class=\"fusion-masonry-element-container\"><img decoding=\"async\" src=\"https:\/\/planinskimuzej.si\/wp-content\/uploads\/2017\/02\/Prapor-Skala-e1494929050545.jpg\" width=\"436\" height=\"289\" alt=\"\" title=\"Prapor Skala\" aria-label=\"Prapor Skala\" class=\"img-responsive wp-image-110\" srcset=\"https:\/\/planinskimuzej.si\/wp-content\/uploads\/2017\/02\/Prapor-Skala-e1494929050545-200x133.jpg 200w, https:\/\/planinskimuzej.si\/wp-content\/uploads\/2017\/02\/Prapor-Skala-e1494929050545-400x265.jpg 400w, https:\/\/planinskimuzej.si\/wp-content\/uploads\/2017\/02\/Prapor-Skala-e1494929050545.jpg 436w\" sizes=\"(min-width: 2200px) 100vw, (min-width: 784px) 363px, (min-width: 712px) 545px, (min-width: 640px) 712px, \" \/><\/div><\/a><\/div><\/div><div style=\"padding:5px;\" class=\"fusion-grid-column fusion-gallery-column fusion-gallery-column-3 fusion-element-grid\"><div class=\"fusion-gallery-image fusion-gallery-image-liftup\"><a href=\"https:\/\/planinskimuzej.si\/wp-content\/uploads\/2017\/02\/Prvi-funkcionarji-SPD.jpg\" rel=\"noreferrer\" data-rel=\"iLightbox[gallery_image_1]\" class=\"fusion-lightbox\" target=\"_self\"><div style=\"background-image:url(https:\/\/planinskimuzej.si\/wp-content\/uploads\/2017\/02\/Prvi-funkcionarji-SPD.jpg);padding-top:calc((100% + 10px) * 0.8 - 5px);background-position:36% 54%;\" class=\"fusion-masonry-element-container\"><img decoding=\"async\" src=\"https:\/\/planinskimuzej.si\/wp-content\/uploads\/2017\/02\/Prvi-funkcionarji-SPD.jpg\" width=\"650\" height=\"472\" alt=\"\" title=\"Prvi funkcionarji SPD\" aria-label=\"Prvi funkcionarji SPD\" class=\"img-responsive wp-image-111\" srcset=\"https:\/\/planinskimuzej.si\/wp-content\/uploads\/2017\/02\/Prvi-funkcionarji-SPD-200x145.jpg 200w, https:\/\/planinskimuzej.si\/wp-content\/uploads\/2017\/02\/Prvi-funkcionarji-SPD-400x290.jpg 400w, https:\/\/planinskimuzej.si\/wp-content\/uploads\/2017\/02\/Prvi-funkcionarji-SPD-600x436.jpg 600w, https:\/\/planinskimuzej.si\/wp-content\/uploads\/2017\/02\/Prvi-funkcionarji-SPD.jpg 650w\" sizes=\"(min-width: 2200px) 100vw, (min-width: 784px) 363px, (min-width: 712px) 545px, (min-width: 640px) 712px, \" \/><\/div><\/a><\/div><\/div><div style=\"padding:5px;\" class=\"fusion-grid-column fusion-gallery-column fusion-gallery-column-3 fusion-element-grid\"><div class=\"fusion-gallery-image fusion-gallery-image-liftup\"><a href=\"https:\/\/planinskimuzej.si\/wp-content\/uploads\/2017\/02\/SKLOP-2-Piparji-1896.jpg\" rel=\"noreferrer\" data-rel=\"iLightbox[gallery_image_1]\" class=\"fusion-lightbox\" target=\"_self\"><div style=\"background-image:url(https:\/\/planinskimuzej.si\/wp-content\/uploads\/2017\/02\/SKLOP-2-Piparji-1896.jpg);padding-top:calc((100% + 10px) * 0.8 - 5px);background-position:39% 51%;\" class=\"fusion-masonry-element-container\"><img decoding=\"async\" src=\"https:\/\/planinskimuzej.si\/wp-content\/uploads\/2017\/02\/SKLOP-2-Piparji-1896.jpg\" width=\"650\" height=\"472\" alt=\"\" title=\"SKLOP 2-Piparji 1896\" aria-label=\"SKLOP 2-Piparji 1896\" class=\"img-responsive wp-image-113\" srcset=\"https:\/\/planinskimuzej.si\/wp-content\/uploads\/2017\/02\/SKLOP-2-Piparji-1896-200x145.jpg 200w, https:\/\/planinskimuzej.si\/wp-content\/uploads\/2017\/02\/SKLOP-2-Piparji-1896-400x290.jpg 400w, https:\/\/planinskimuzej.si\/wp-content\/uploads\/2017\/02\/SKLOP-2-Piparji-1896-600x436.jpg 600w, https:\/\/planinskimuzej.si\/wp-content\/uploads\/2017\/02\/SKLOP-2-Piparji-1896.jpg 650w\" sizes=\"(min-width: 2200px) 100vw, (min-width: 784px) 363px, (min-width: 712px) 545px, (min-width: 640px) 712px, \" \/><\/div><\/a><\/div><\/div><div style=\"padding:5px;\" class=\"fusion-grid-column fusion-gallery-column fusion-gallery-column-3 fusion-element-grid\"><div class=\"fusion-gallery-image fusion-gallery-image-liftup\"><a href=\"https:\/\/planinskimuzej.si\/wp-content\/uploads\/2017\/02\/SPD-znacka-e1494929110977.jpg\" rel=\"noreferrer\" data-rel=\"iLightbox[gallery_image_1]\" class=\"fusion-lightbox\" target=\"_self\"><div style=\"background-image:url(https:\/\/planinskimuzej.si\/wp-content\/uploads\/2017\/02\/SPD-znacka-e1494929110977.jpg);padding-top:calc((100% + 10px) * 0.8 - 5px);background-position:36% 58%;\" class=\"fusion-masonry-element-container\"><img decoding=\"async\" src=\"https:\/\/planinskimuzej.si\/wp-content\/uploads\/2017\/02\/SPD-znacka-e1494929110977.jpg\" width=\"399\" height=\"265\" alt=\"\" title=\"SPD znacka\" aria-label=\"SPD znacka\" class=\"img-responsive wp-image-114\" srcset=\"https:\/\/planinskimuzej.si\/wp-content\/uploads\/2017\/02\/SPD-znacka-e1494929110977-200x133.jpg 200w, https:\/\/planinskimuzej.si\/wp-content\/uploads\/2017\/02\/SPD-znacka-e1494929110977.jpg 399w\" sizes=\"(min-width: 2200px) 100vw, (min-width: 784px) 363px, (min-width: 712px) 545px, (min-width: 640px) 712px, \" \/><\/div><\/a><\/div><\/div><div style=\"padding:5px;\" class=\"fusion-grid-column fusion-gallery-column fusion-gallery-column-3 fusion-element-grid\"><div class=\"fusion-gallery-image fusion-gallery-image-liftup\"><a href=\"https:\/\/planinskimuzej.si\/wp-content\/uploads\/2017\/02\/Tecaj-SPD-1906.jpg\" rel=\"noreferrer\" data-rel=\"iLightbox[gallery_image_1]\" class=\"fusion-lightbox\" target=\"_self\"><div style=\"background-image:url(https:\/\/planinskimuzej.si\/wp-content\/uploads\/2017\/02\/Tecaj-SPD-1906.jpg);padding-top:calc((100% + 10px) * 0.8 - 5px);background-position:33% 45%;\" class=\"fusion-masonry-element-container\"><img decoding=\"async\" src=\"https:\/\/planinskimuzej.si\/wp-content\/uploads\/2017\/02\/Tecaj-SPD-1906.jpg\" width=\"650\" height=\"489\" alt=\"\" title=\"Tecaj SPD 1906\" aria-label=\"Tecaj SPD 1906\" class=\"img-responsive wp-image-115\" srcset=\"https:\/\/planinskimuzej.si\/wp-content\/uploads\/2017\/02\/Tecaj-SPD-1906-200x150.jpg 200w, https:\/\/planinskimuzej.si\/wp-content\/uploads\/2017\/02\/Tecaj-SPD-1906-400x301.jpg 400w, https:\/\/planinskimuzej.si\/wp-content\/uploads\/2017\/02\/Tecaj-SPD-1906-600x451.jpg 600w, https:\/\/planinskimuzej.si\/wp-content\/uploads\/2017\/02\/Tecaj-SPD-1906.jpg 650w\" sizes=\"(min-width: 2200px) 100vw, (min-width: 784px) 363px, (min-width: 712px) 545px, (min-width: 640px) 712px, \" \/><\/div><\/a><\/div><\/div><div style=\"padding:5px;\" class=\"fusion-grid-column fusion-gallery-column fusion-gallery-column-3 fusion-element-grid\"><div class=\"fusion-gallery-image fusion-gallery-image-liftup\"><a href=\"https:\/\/planinskimuzej.si\/wp-content\/uploads\/2017\/02\/zelim-vedeti-vec.jpg\" rel=\"noreferrer\" data-rel=\"iLightbox[gallery_image_1]\" class=\"fusion-lightbox\" target=\"_self\"><div style=\"background-image:url(https:\/\/planinskimuzej.si\/wp-content\/uploads\/2017\/02\/zelim-vedeti-vec.jpg);padding-top:calc((100% + 10px) * 0.8 - 5px);background-position:44% 55%;\" class=\"fusion-masonry-element-container\"><img decoding=\"async\" src=\"https:\/\/planinskimuzej.si\/wp-content\/uploads\/2017\/02\/zelim-vedeti-vec.jpg\" width=\"650\" height=\"433\" alt=\"\" title=\"zelim vedeti vec\" aria-label=\"zelim vedeti vec\" class=\"img-responsive wp-image-116\" srcset=\"https:\/\/planinskimuzej.si\/wp-content\/uploads\/2017\/02\/zelim-vedeti-vec-200x133.jpg 200w, https:\/\/planinskimuzej.si\/wp-content\/uploads\/2017\/02\/zelim-vedeti-vec-400x266.jpg 400w, https:\/\/planinskimuzej.si\/wp-content\/uploads\/2017\/02\/zelim-vedeti-vec-600x400.jpg 600w, https:\/\/planinskimuzej.si\/wp-content\/uploads\/2017\/02\/zelim-vedeti-vec.jpg 650w\" sizes=\"(min-width: 2200px) 100vw, (min-width: 784px) 363px, (min-width: 712px) 545px, (min-width: 640px) 712px, \" \/><\/div><\/a><\/div><\/div><\/div><\/div><\/div><\/div><\/div><\/div>\n","protected":false},"excerpt":{"rendered":"","protected":false},"author":1,"featured_media":0,"parent":0,"menu_order":0,"comment_status":"closed","ping_status":"closed","template":"","meta":{"footnotes":""},"class_list":["post-37437","page","type-page","status-publish","hentry"],"yoast_head":"<!-- This site is optimized with the Yoast SEO plugin v27.4 - https:\/\/yoast.com\/product\/yoast-seo-wordpress\/ -->\n<title>Exhibition: I am a Member of a Mountaineering Organisation - Planinski Muzej<\/title>\n<meta name=\"robots\" content=\"index, follow, max-snippet:-1, max-image-preview:large, max-video-preview:-1\" \/>\n<link rel=\"canonical\" href=\"https:\/\/planinskimuzej.si\/en\/exhibition-i-am-a-member-of-a-mountaineering-organisation\/\" \/>\n<meta property=\"og:locale\" content=\"en_US\" \/>\n<meta property=\"og:type\" content=\"article\" \/>\n<meta property=\"og:title\" content=\"Exhibition: I am a Member of a Mountaineering Organisation - Planinski Muzej\" \/>\n<meta property=\"og:url\" content=\"https:\/\/planinskimuzej.si\/en\/exhibition-i-am-a-member-of-a-mountaineering-organisation\/\" \/>\n<meta property=\"og:site_name\" content=\"Planinski Muzej\" \/>\n<meta property=\"article:modified_time\" content=\"2025-01-05T16:51:37+00:00\" \/>\n<meta name=\"twitter:card\" content=\"summary_large_image\" \/>\n<meta name=\"twitter:label1\" content=\"Est. reading time\" \/>\n\t<meta name=\"twitter:data1\" content=\"4 minutes\" \/>\n<script type=\"application\/ld+json\" class=\"yoast-schema-graph\">{\"@context\":\"https:\\\/\\\/schema.org\",\"@graph\":[{\"@type\":\"WebPage\",\"@id\":\"https:\\\/\\\/planinskimuzej.si\\\/en\\\/exhibition-i-am-a-member-of-a-mountaineering-organisation\\\/\",\"url\":\"https:\\\/\\\/planinskimuzej.si\\\/en\\\/exhibition-i-am-a-member-of-a-mountaineering-organisation\\\/\",\"name\":\"Exhibition: I am a Member of a Mountaineering Organisation - Planinski Muzej\",\"isPartOf\":{\"@id\":\"https:\\\/\\\/planinskimuzej.si\\\/#website\"},\"datePublished\":\"2024-04-02T13:38:25+00:00\",\"dateModified\":\"2025-01-05T16:51:37+00:00\",\"breadcrumb\":{\"@id\":\"https:\\\/\\\/planinskimuzej.si\\\/en\\\/exhibition-i-am-a-member-of-a-mountaineering-organisation\\\/#breadcrumb\"},\"inLanguage\":\"en-US\",\"potentialAction\":[{\"@type\":\"ReadAction\",\"target\":[\"https:\\\/\\\/planinskimuzej.si\\\/en\\\/exhibition-i-am-a-member-of-a-mountaineering-organisation\\\/\"]}]},{\"@type\":\"BreadcrumbList\",\"@id\":\"https:\\\/\\\/planinskimuzej.si\\\/en\\\/exhibition-i-am-a-member-of-a-mountaineering-organisation\\\/#breadcrumb\",\"itemListElement\":[{\"@type\":\"ListItem\",\"position\":1,\"name\":\"Home\",\"item\":\"https:\\\/\\\/planinskimuzej.si\\\/en\\\/\"},{\"@type\":\"ListItem\",\"position\":2,\"name\":\"Exhibition: I am a Member of a Mountaineering Organisation\"}]},{\"@type\":\"WebSite\",\"@id\":\"https:\\\/\\\/planinskimuzej.si\\\/#website\",\"url\":\"https:\\\/\\\/planinskimuzej.si\\\/\",\"name\":\"Planinski Muzej\",\"description\":\"Slovenski planinski muzej v Mojstrani ponuja pravo gorsko izku\u0161njo za alpinisti\u010dne navdu\u0161ence.\",\"potentialAction\":[{\"@type\":\"SearchAction\",\"target\":{\"@type\":\"EntryPoint\",\"urlTemplate\":\"https:\\\/\\\/planinskimuzej.si\\\/?s={search_term_string}\"},\"query-input\":{\"@type\":\"PropertyValueSpecification\",\"valueRequired\":true,\"valueName\":\"search_term_string\"}}],\"inLanguage\":\"en-US\"}]}<\/script>\n<!-- \/ Yoast SEO plugin. -->","yoast_head_json":{"title":"Exhibition: I am a Member of a Mountaineering Organisation - Planinski Muzej","robots":{"index":"index","follow":"follow","max-snippet":"max-snippet:-1","max-image-preview":"max-image-preview:large","max-video-preview":"max-video-preview:-1"},"canonical":"https:\/\/planinskimuzej.si\/en\/exhibition-i-am-a-member-of-a-mountaineering-organisation\/","og_locale":"en_US","og_type":"article","og_title":"Exhibition: I am a Member of a Mountaineering Organisation - Planinski Muzej","og_url":"https:\/\/planinskimuzej.si\/en\/exhibition-i-am-a-member-of-a-mountaineering-organisation\/","og_site_name":"Planinski Muzej","article_modified_time":"2025-01-05T16:51:37+00:00","twitter_card":"summary_large_image","twitter_misc":{"Est. reading time":"4 minutes"},"schema":{"@context":"https:\/\/schema.org","@graph":[{"@type":"WebPage","@id":"https:\/\/planinskimuzej.si\/en\/exhibition-i-am-a-member-of-a-mountaineering-organisation\/","url":"https:\/\/planinskimuzej.si\/en\/exhibition-i-am-a-member-of-a-mountaineering-organisation\/","name":"Exhibition: I am a Member of a Mountaineering Organisation - Planinski Muzej","isPartOf":{"@id":"https:\/\/planinskimuzej.si\/#website"},"datePublished":"2024-04-02T13:38:25+00:00","dateModified":"2025-01-05T16:51:37+00:00","breadcrumb":{"@id":"https:\/\/planinskimuzej.si\/en\/exhibition-i-am-a-member-of-a-mountaineering-organisation\/#breadcrumb"},"inLanguage":"en-US","potentialAction":[{"@type":"ReadAction","target":["https:\/\/planinskimuzej.si\/en\/exhibition-i-am-a-member-of-a-mountaineering-organisation\/"]}]},{"@type":"BreadcrumbList","@id":"https:\/\/planinskimuzej.si\/en\/exhibition-i-am-a-member-of-a-mountaineering-organisation\/#breadcrumb","itemListElement":[{"@type":"ListItem","position":1,"name":"Home","item":"https:\/\/planinskimuzej.si\/en\/"},{"@type":"ListItem","position":2,"name":"Exhibition: I am a Member of a Mountaineering Organisation"}]},{"@type":"WebSite","@id":"https:\/\/planinskimuzej.si\/#website","url":"https:\/\/planinskimuzej.si\/","name":"Planinski Muzej","description":"Slovenski planinski muzej v Mojstrani ponuja pravo gorsko izku\u0161njo za alpinisti\u010dne navdu\u0161ence.","potentialAction":[{"@type":"SearchAction","target":{"@type":"EntryPoint","urlTemplate":"https:\/\/planinskimuzej.si\/?s={search_term_string}"},"query-input":{"@type":"PropertyValueSpecification","valueRequired":true,"valueName":"search_term_string"}}],"inLanguage":"en-US"}]}},"_links":{"self":[{"href":"https:\/\/planinskimuzej.si\/en\/wp-json\/wp\/v2\/pages\/37437","targetHints":{"allow":["GET"]}}],"collection":[{"href":"https:\/\/planinskimuzej.si\/en\/wp-json\/wp\/v2\/pages"}],"about":[{"href":"https:\/\/planinskimuzej.si\/en\/wp-json\/wp\/v2\/types\/page"}],"author":[{"embeddable":true,"href":"https:\/\/planinskimuzej.si\/en\/wp-json\/wp\/v2\/users\/1"}],"replies":[{"embeddable":true,"href":"https:\/\/planinskimuzej.si\/en\/wp-json\/wp\/v2\/comments?post=37437"}],"version-history":[{"count":2,"href":"https:\/\/planinskimuzej.si\/en\/wp-json\/wp\/v2\/pages\/37437\/revisions"}],"predecessor-version":[{"id":37439,"href":"https:\/\/planinskimuzej.si\/en\/wp-json\/wp\/v2\/pages\/37437\/revisions\/37439"}],"wp:attachment":[{"href":"https:\/\/planinskimuzej.si\/en\/wp-json\/wp\/v2\/media?parent=37437"}],"curies":[{"name":"wp","href":"https:\/\/api.w.org\/{rel}","templated":true}]}}