{"id":37445,"date":"2025-01-05T18:06:17","date_gmt":"2025-01-05T17:06:17","guid":{"rendered":"https:\/\/dev.planinskimuzej.si\/?page_id=37445"},"modified":"2025-01-05T18:07:36","modified_gmt":"2025-01-05T17:07:36","slug":"exhibition-as-an-alpinist-i-climb-slovenian-and-foreign-mountains","status":"publish","type":"page","link":"https:\/\/planinskimuzej.si\/en\/exhibition-as-an-alpinist-i-climb-slovenian-and-foreign-mountains\/","title":{"rendered":"Exhibition: As an Alpinist, I Climb Slovenian and Foreign Mountains"},"content":{"rendered":"<div class=\"fusion-fullwidth fullwidth-box fusion-builder-row-1 fusion-flex-container has-pattern-background has-mask-background nonhundred-percent-fullwidth non-hundred-percent-height-scrolling\" style=\"--awb-border-radius-top-left:0px;--awb-border-radius-top-right:0px;--awb-border-radius-bottom-right:0px;--awb-border-radius-bottom-left:0px;--awb-flex-wrap:wrap;\" ><div class=\"fusion-builder-row fusion-row fusion-flex-align-items-flex-start fusion-flex-content-wrap\" style=\"max-width:1144px;margin-left: calc(-4% \/ 2 );margin-right: calc(-4% \/ 2 );\"><div class=\"fusion-layout-column fusion_builder_column fusion-builder-column-0 fusion_builder_column_1_1 1_1 fusion-flex-column\" style=\"--awb-bg-size:cover;--awb-width-large:100%;--awb-margin-top-large:0px;--awb-spacing-right-large:1.92%;--awb-margin-bottom-large:0px;--awb-spacing-left-large:1.92%;--awb-width-medium:100%;--awb-order-medium:0;--awb-spacing-right-medium:1.92%;--awb-spacing-left-medium:1.92%;--awb-width-small:100%;--awb-order-small:0;--awb-spacing-right-small:1.92%;--awb-spacing-left-small:1.92%;\"><div class=\"fusion-column-wrapper fusion-column-has-shadow fusion-flex-justify-content-flex-start fusion-content-layout-column\"><div class=\"fusion-text fusion-text-1\"><h1>As an Alpinist, I Climb Slovenian and Foreign Mountains<\/h1>\n<h3>An alpinist is a man who searches for troubles, and is happy if he finds and overcomes them.<\/h3>\n<\/div><div class=\"fusion-text fusion-text-2\"><blockquote>\n<p><em>Alpinism is nothing else but a most intense return of man to Nature \u2026 Across the steep and steepest faces climb, boldly and without fear, our young boys and girls \u2026 There is no peak, no rock face that our climbers cannot conquer! (Henrik Tuma, 1930)<br \/>\n<\/em><\/p>\n<\/blockquote>\n<\/div><div class=\"fusion-text fusion-text-3\"><p>Alpinism, as an activity that includes climbing, walking and skiing in the mountains, in particular on pathless terrain and without a mountain guide, is the most demanding form of mountaineering. We use the term climbing where a mountaineer is required to use his hands to move. The destination of an alpinist is hardly accessible peaks and impassable rock faces, which he climbs via unprotected routes. The basic climbing skills can be learnt in Alpine Schools, and the descriptions of climbing routes are given in numerous mountaineers\u2019 guides. The alpinist\u2019s first tours should be short and easy, taken in the company of a climbing instructor, and only then an alpinist can venture on a tour alone. For reasons of safety, alpinists should always rope up, climbing with a climbing companion or in a team.<\/p>\n<p>The beginning of European mountaineering dates back to the end of the 15th century, when the climbers first used ropes, wooden pegs, slings, ladders, and ice pitons. Since the end of the 18th century, there have been several people also in Slovenia, who deserve to be called alpinists (Valentin Stani\u010d, France Kadilnik, Julius Kugy, Henrik Tuma, members of the Dren climbing club). Organized forms of modern alpinism started in the inter-war period when climbers set out more demanding climbing routes, following the \u201cwhere there is a will, there is a way\u201d principle. The most notable achievements of the time were those made by the members of the Turistovski klub Skala (Mountaineering Club Skala). After World War II, mountaineering grew into a sport, which brought about the need to compete with other nations, turning the attention of climbers towards foreign, most demanding peaks and faces, and left the mountains of Slovenia to be used as a training ground, in particular in winter conditions. A series of expeditions followed. Having climbed all 8000-metre peaks of the world, ticked off the top most difficult routes, made a number of second ascents, solo climbs, ice ascents and combined climbing with skiing, Slovenian alpinists have established themselves as one of the best in the world. Since the end of the 1970s, sports and ice climbing have been on the rise as so has extreme ski mountaineering.<\/p>\n<\/div><div class=\"awb-gallery-wrapper awb-gallery-wrapper-1 button-span-no\" style=\"--more-btn-alignment:center;\"><div style=\"margin:-5px;--awb-bordersize:0px;\" class=\"fusion-gallery fusion-gallery-container fusion-grid-3 fusion-columns-total-10 fusion-gallery-layout-masonry fusion-gallery-1\"><div class=\"fusion-grid-column fusion-gallery-column fusion-gallery-column-3 fusion-grid-sizer\"><\/div><div style=\"padding:5px;\" class=\"fusion-grid-column fusion-gallery-column fusion-gallery-column-3 fusion-element-portrait\"><div class=\"fusion-gallery-image fusion-gallery-image-liftup\"><a href=\"https:\/\/planinskimuzej.si\/wp-content\/uploads\/2017\/02\/kladivo.jpg\" rel=\"noreferrer\" data-rel=\"iLightbox[gallery_image_1]\" class=\"fusion-lightbox\" target=\"_self\"><div style=\"background-image:url(https:\/\/planinskimuzej.si\/wp-content\/uploads\/2017\/02\/kladivo.jpg);padding-top:calc((100% + 10px) * 1.6);background-position:20% 56%;\" class=\"fusion-masonry-element-container\"><img decoding=\"async\" src=\"https:\/\/planinskimuzej.si\/wp-content\/uploads\/2017\/02\/kladivo.jpg\" width=\"450\" height=\"600\" alt=\"\" title=\"kladivo\" aria-label=\"kladivo\" class=\"img-responsive wp-image-213\" srcset=\"https:\/\/planinskimuzej.si\/wp-content\/uploads\/2017\/02\/kladivo-200x267.jpg 200w, https:\/\/planinskimuzej.si\/wp-content\/uploads\/2017\/02\/kladivo-400x533.jpg 400w, https:\/\/planinskimuzej.si\/wp-content\/uploads\/2017\/02\/kladivo.jpg 450w\" sizes=\"(min-width: 2200px) 100vw, (min-width: 784px) 363px, (min-width: 712px) 545px, (min-width: 640px) 712px, \" \/><\/div><\/a><\/div><\/div><div style=\"padding:5px;\" class=\"fusion-grid-column fusion-gallery-column fusion-gallery-column-3 fusion-element-portrait\"><div class=\"fusion-gallery-image fusion-gallery-image-liftup\"><a href=\"https:\/\/planinskimuzej.si\/wp-content\/uploads\/2017\/02\/cepin-in-vrv.jpg\" rel=\"noreferrer\" data-rel=\"iLightbox[gallery_image_1]\" class=\"fusion-lightbox\" target=\"_self\"><div style=\"background-image:url(https:\/\/planinskimuzej.si\/wp-content\/uploads\/2017\/02\/cepin-in-vrv.jpg);padding-top:calc((100% + 10px) * 1.6);background-position:18% 53%;\" class=\"fusion-masonry-element-container\"><img decoding=\"async\" src=\"https:\/\/planinskimuzej.si\/wp-content\/uploads\/2017\/02\/cepin-in-vrv.jpg\" width=\"400\" height=\"600\" alt=\"\" title=\"cepin in vrv\" aria-label=\"cepin in vrv\" class=\"img-responsive wp-image-209\" srcset=\"https:\/\/planinskimuzej.si\/wp-content\/uploads\/2017\/02\/cepin-in-vrv-200x300.jpg 200w, https:\/\/planinskimuzej.si\/wp-content\/uploads\/2017\/02\/cepin-in-vrv.jpg 400w\" sizes=\"(min-width: 2200px) 100vw, (min-width: 784px) 363px, (min-width: 712px) 545px, (min-width: 640px) 712px, \" \/><\/div><\/a><\/div><\/div><div style=\"padding:5px;\" class=\"fusion-grid-column fusion-gallery-column fusion-gallery-column-3 fusion-element-grid\"><div class=\"fusion-gallery-image fusion-gallery-image-liftup\"><a href=\"https:\/\/planinskimuzej.si\/wp-content\/uploads\/2017\/02\/Dolomiti-1970-Tri-Cine.jpg\" rel=\"noreferrer\" data-rel=\"iLightbox[gallery_image_1]\" class=\"fusion-lightbox\" target=\"_self\"><div style=\"background-image:url(https:\/\/planinskimuzej.si\/wp-content\/uploads\/2017\/02\/Dolomiti-1970-Tri-Cine.jpg);padding-top:calc((100% + 10px) * 0.8 - 5px);background-position:25% 56%;\" class=\"fusion-masonry-element-container\"><img decoding=\"async\" src=\"https:\/\/planinskimuzej.si\/wp-content\/uploads\/2017\/02\/Dolomiti-1970-Tri-Cine.jpg\" width=\"592\" height=\"600\" alt=\"\" title=\"Dolomiti 1970 &#8211; Tri Cine\" aria-label=\"Dolomiti 1970 &#8211; Tri Cine\" class=\"img-responsive wp-image-210\" srcset=\"https:\/\/planinskimuzej.si\/wp-content\/uploads\/2017\/02\/Dolomiti-1970-Tri-Cine-200x203.jpg 200w, https:\/\/planinskimuzej.si\/wp-content\/uploads\/2017\/02\/Dolomiti-1970-Tri-Cine-400x405.jpg 400w, https:\/\/planinskimuzej.si\/wp-content\/uploads\/2017\/02\/Dolomiti-1970-Tri-Cine.jpg 592w\" sizes=\"(min-width: 2200px) 100vw, (min-width: 784px) 363px, (min-width: 712px) 545px, (min-width: 640px) 712px, \" \/><\/div><\/a><\/div><\/div><div style=\"padding:5px;\" class=\"fusion-grid-column fusion-gallery-column fusion-gallery-column-3 fusion-element-grid\"><div class=\"fusion-gallery-image fusion-gallery-image-liftup\"><a href=\"https:\/\/planinskimuzej.si\/wp-content\/uploads\/2017\/02\/Grandes-Jarasses.jpg\" rel=\"noreferrer\" data-rel=\"iLightbox[gallery_image_1]\" class=\"fusion-lightbox\" target=\"_self\"><div style=\"background-image:url(https:\/\/planinskimuzej.si\/wp-content\/uploads\/2017\/02\/Grandes-Jarasses.jpg);padding-top:calc((100% + 10px) * 0.8 - 5px);background-position:;\" class=\"fusion-masonry-element-container\"><img decoding=\"async\" src=\"https:\/\/planinskimuzej.si\/wp-content\/uploads\/2017\/02\/Grandes-Jarasses.jpg\" width=\"650\" height=\"423\" alt=\"\" title=\"Grandes Jarasses\" aria-label=\"Grandes Jarasses\" class=\"img-responsive wp-image-211\" srcset=\"https:\/\/planinskimuzej.si\/wp-content\/uploads\/2017\/02\/Grandes-Jarasses-200x130.jpg 200w, https:\/\/planinskimuzej.si\/wp-content\/uploads\/2017\/02\/Grandes-Jarasses-400x260.jpg 400w, https:\/\/planinskimuzej.si\/wp-content\/uploads\/2017\/02\/Grandes-Jarasses-600x390.jpg 600w, https:\/\/planinskimuzej.si\/wp-content\/uploads\/2017\/02\/Grandes-Jarasses.jpg 650w\" sizes=\"(min-width: 2200px) 100vw, (min-width: 784px) 363px, (min-width: 712px) 545px, (min-width: 640px) 712px, \" \/><\/div><\/a><\/div><\/div><div style=\"padding:5px;\" class=\"fusion-grid-column fusion-gallery-column fusion-gallery-column-3 fusion-element-grid\"><div class=\"fusion-gallery-image fusion-gallery-image-liftup\"><a href=\"https:\/\/planinskimuzej.si\/wp-content\/uploads\/2017\/02\/Grossglockner.jpg\" rel=\"noreferrer\" data-rel=\"iLightbox[gallery_image_1]\" class=\"fusion-lightbox\" target=\"_self\"><div style=\"background-image:url(https:\/\/planinskimuzej.si\/wp-content\/uploads\/2017\/02\/Grossglockner.jpg);padding-top:calc((100% + 10px) * 0.8 - 5px);background-position:24% 64%;\" class=\"fusion-masonry-element-container\"><img decoding=\"async\" src=\"https:\/\/planinskimuzej.si\/wp-content\/uploads\/2017\/02\/Grossglockner.jpg\" width=\"554\" height=\"600\" alt=\"\" title=\"Grossglockner\" aria-label=\"Grossglockner\" class=\"img-responsive wp-image-212\" srcset=\"https:\/\/planinskimuzej.si\/wp-content\/uploads\/2017\/02\/Grossglockner-200x217.jpg 200w, https:\/\/planinskimuzej.si\/wp-content\/uploads\/2017\/02\/Grossglockner-400x433.jpg 400w, https:\/\/planinskimuzej.si\/wp-content\/uploads\/2017\/02\/Grossglockner.jpg 554w\" sizes=\"(min-width: 2200px) 100vw, (min-width: 784px) 363px, (min-width: 712px) 545px, (min-width: 640px) 712px, \" \/><\/div><\/a><\/div><\/div><div style=\"padding:5px;\" class=\"fusion-grid-column fusion-gallery-column fusion-gallery-column-3 fusion-element-grid\"><div class=\"fusion-gallery-image fusion-gallery-image-liftup\"><a href=\"https:\/\/planinskimuzej.si\/wp-content\/uploads\/2017\/02\/klin.jpg\" rel=\"noreferrer\" data-rel=\"iLightbox[gallery_image_1]\" class=\"fusion-lightbox\" target=\"_self\"><div style=\"background-image:url(https:\/\/planinskimuzej.si\/wp-content\/uploads\/2017\/02\/klin.jpg);padding-top:calc((100% + 10px) * 0.8 - 5px);background-position:39% 52%;\" class=\"fusion-masonry-element-container\"><img decoding=\"async\" src=\"https:\/\/planinskimuzej.si\/wp-content\/uploads\/2017\/02\/klin.jpg\" width=\"650\" height=\"487\" alt=\"\" title=\"klin\" aria-label=\"klin\" class=\"img-responsive wp-image-214\" srcset=\"https:\/\/planinskimuzej.si\/wp-content\/uploads\/2017\/02\/klin-200x150.jpg 200w, https:\/\/planinskimuzej.si\/wp-content\/uploads\/2017\/02\/klin-400x300.jpg 400w, https:\/\/planinskimuzej.si\/wp-content\/uploads\/2017\/02\/klin-600x450.jpg 600w, https:\/\/planinskimuzej.si\/wp-content\/uploads\/2017\/02\/klin.jpg 650w\" sizes=\"(min-width: 2200px) 100vw, (min-width: 784px) 363px, (min-width: 712px) 545px, (min-width: 640px) 712px, \" \/><\/div><\/a><\/div><\/div><div style=\"padding:5px;\" class=\"fusion-grid-column fusion-gallery-column fusion-gallery-column-3 fusion-element-portrait\"><div class=\"fusion-gallery-image fusion-gallery-image-liftup\"><a href=\"https:\/\/planinskimuzej.si\/wp-content\/uploads\/2017\/02\/ledeniska-goba-pod-Mont-Blancom.jpg\" rel=\"noreferrer\" data-rel=\"iLightbox[gallery_image_1]\" class=\"fusion-lightbox\" target=\"_self\"><div style=\"background-image:url(https:\/\/planinskimuzej.si\/wp-content\/uploads\/2017\/02\/ledeniska-goba-pod-Mont-Blancom.jpg);padding-top:calc((100% + 10px) * 1.6);background-position:19% 54%;\" class=\"fusion-masonry-element-container\"><img decoding=\"async\" src=\"https:\/\/planinskimuzej.si\/wp-content\/uploads\/2017\/02\/ledeniska-goba-pod-Mont-Blancom.jpg\" width=\"432\" height=\"600\" alt=\"\" title=\"ledeniska goba pod Mont Blancom\" aria-label=\"ledeniska goba pod Mont Blancom\" class=\"img-responsive wp-image-215\" srcset=\"https:\/\/planinskimuzej.si\/wp-content\/uploads\/2017\/02\/ledeniska-goba-pod-Mont-Blancom-200x278.jpg 200w, https:\/\/planinskimuzej.si\/wp-content\/uploads\/2017\/02\/ledeniska-goba-pod-Mont-Blancom-400x556.jpg 400w, https:\/\/planinskimuzej.si\/wp-content\/uploads\/2017\/02\/ledeniska-goba-pod-Mont-Blancom.jpg 432w\" sizes=\"(min-width: 2200px) 100vw, (min-width: 784px) 363px, (min-width: 712px) 545px, (min-width: 640px) 712px, \" \/><\/div><\/a><\/div><\/div><div style=\"padding:5px;\" class=\"fusion-grid-column fusion-gallery-column fusion-gallery-column-3 fusion-element-grid\"><div class=\"fusion-gallery-image fusion-gallery-image-liftup\"><a href=\"https:\/\/planinskimuzej.si\/wp-content\/uploads\/2017\/02\/plezalniki.jpg\" rel=\"noreferrer\" data-rel=\"iLightbox[gallery_image_1]\" class=\"fusion-lightbox\" target=\"_self\"><div style=\"background-image:url(https:\/\/planinskimuzej.si\/wp-content\/uploads\/2017\/02\/plezalniki.jpg);padding-top:calc((100% + 10px) * 0.8 - 5px);background-position:40% 51%;\" class=\"fusion-masonry-element-container\"><img decoding=\"async\" src=\"https:\/\/planinskimuzej.si\/wp-content\/uploads\/2017\/02\/plezalniki.jpg\" width=\"650\" height=\"444\" alt=\"\" title=\"plezalniki\" aria-label=\"plezalniki\" class=\"img-responsive wp-image-217\" srcset=\"https:\/\/planinskimuzej.si\/wp-content\/uploads\/2017\/02\/plezalniki-200x137.jpg 200w, https:\/\/planinskimuzej.si\/wp-content\/uploads\/2017\/02\/plezalniki-400x273.jpg 400w, https:\/\/planinskimuzej.si\/wp-content\/uploads\/2017\/02\/plezalniki-600x410.jpg 600w, https:\/\/planinskimuzej.si\/wp-content\/uploads\/2017\/02\/plezalniki.jpg 650w\" sizes=\"(min-width: 2200px) 100vw, (min-width: 784px) 363px, (min-width: 712px) 545px, (min-width: 640px) 712px, \" \/><\/div><\/a><\/div><\/div><div style=\"padding:5px;\" class=\"fusion-grid-column fusion-gallery-column fusion-gallery-column-3 fusion-element-portrait\"><div class=\"fusion-gallery-image fusion-gallery-image-liftup\"><a href=\"https:\/\/planinskimuzej.si\/wp-content\/uploads\/2017\/02\/Plezalca-nad-razpoko.jpg\" rel=\"noreferrer\" data-rel=\"iLightbox[gallery_image_1]\" class=\"fusion-lightbox\" target=\"_self\"><div style=\"background-image:url(https:\/\/planinskimuzej.si\/wp-content\/uploads\/2017\/02\/Plezalca-nad-razpoko.jpg);padding-top:calc((100% + 10px) * 1.6);background-position:17% 57%;\" class=\"fusion-masonry-element-container\"><img decoding=\"async\" src=\"https:\/\/planinskimuzej.si\/wp-content\/uploads\/2017\/02\/Plezalca-nad-razpoko.jpg\" width=\"404\" height=\"600\" alt=\"\" title=\"Plezalca nad razpoko\" aria-label=\"Plezalca nad razpoko\" class=\"img-responsive wp-image-216\" srcset=\"https:\/\/planinskimuzej.si\/wp-content\/uploads\/2017\/02\/Plezalca-nad-razpoko-200x297.jpg 200w, https:\/\/planinskimuzej.si\/wp-content\/uploads\/2017\/02\/Plezalca-nad-razpoko-400x594.jpg 400w, https:\/\/planinskimuzej.si\/wp-content\/uploads\/2017\/02\/Plezalca-nad-razpoko.jpg 404w\" sizes=\"(min-width: 2200px) 100vw, (min-width: 784px) 363px, (min-width: 712px) 545px, (min-width: 640px) 712px, \" \/><\/div><\/a><\/div><\/div><div style=\"padding:5px;\" class=\"fusion-grid-column fusion-gallery-column fusion-gallery-column-3 fusion-element-portrait\"><div class=\"fusion-gallery-image fusion-gallery-image-liftup\"><a href=\"https:\/\/planinskimuzej.si\/wp-content\/uploads\/2017\/02\/Valentin-Stanic.jpg\" rel=\"noreferrer\" data-rel=\"iLightbox[gallery_image_1]\" class=\"fusion-lightbox\" target=\"_self\"><div style=\"background-image:url(https:\/\/planinskimuzej.si\/wp-content\/uploads\/2017\/02\/Valentin-Stanic.jpg);padding-top:calc((100% + 10px) * 1.6);background-position:20% 47%;\" class=\"fusion-masonry-element-container\"><img decoding=\"async\" src=\"https:\/\/planinskimuzej.si\/wp-content\/uploads\/2017\/02\/Valentin-Stanic.jpg\" width=\"450\" height=\"600\" alt=\"\" title=\"Valentin Stanic\" aria-label=\"Valentin Stanic\" class=\"img-responsive wp-image-218\" srcset=\"https:\/\/planinskimuzej.si\/wp-content\/uploads\/2017\/02\/Valentin-Stanic-200x267.jpg 200w, https:\/\/planinskimuzej.si\/wp-content\/uploads\/2017\/02\/Valentin-Stanic-400x533.jpg 400w, https:\/\/planinskimuzej.si\/wp-content\/uploads\/2017\/02\/Valentin-Stanic.jpg 450w\" sizes=\"(min-width: 2200px) 100vw, (min-width: 784px) 363px, (min-width: 712px) 545px, (min-width: 640px) 712px, \" \/><\/div><\/a><\/div><\/div><\/div><\/div><\/div><\/div><\/div><\/div>\n","protected":false},"excerpt":{"rendered":"","protected":false},"author":1,"featured_media":0,"parent":0,"menu_order":0,"comment_status":"closed","ping_status":"closed","template":"","meta":{"footnotes":""},"class_list":["post-37445","page","type-page","status-publish","hentry"],"yoast_head":"<!-- This site is optimized with the Yoast SEO plugin v27.4 - https:\/\/yoast.com\/product\/yoast-seo-wordpress\/ -->\n<title>Exhibition: As an Alpinist, I Climb Slovenian and Foreign Mountains - Planinski Muzej<\/title>\n<meta name=\"robots\" content=\"index, follow, max-snippet:-1, max-image-preview:large, max-video-preview:-1\" \/>\n<link rel=\"canonical\" href=\"https:\/\/planinskimuzej.si\/en\/exhibition-as-an-alpinist-i-climb-slovenian-and-foreign-mountains\/\" \/>\n<meta property=\"og:locale\" content=\"en_US\" \/>\n<meta property=\"og:type\" content=\"article\" \/>\n<meta property=\"og:title\" content=\"Exhibition: As an Alpinist, I Climb Slovenian and Foreign Mountains - Planinski Muzej\" \/>\n<meta property=\"og:url\" content=\"https:\/\/planinskimuzej.si\/en\/exhibition-as-an-alpinist-i-climb-slovenian-and-foreign-mountains\/\" \/>\n<meta property=\"og:site_name\" content=\"Planinski Muzej\" \/>\n<meta property=\"article:modified_time\" content=\"2025-01-05T17:07:36+00:00\" \/>\n<meta name=\"twitter:card\" content=\"summary_large_image\" \/>\n<meta name=\"twitter:label1\" content=\"Est. reading time\" \/>\n\t<meta name=\"twitter:data1\" content=\"4 minutes\" \/>\n<script type=\"application\/ld+json\" class=\"yoast-schema-graph\">{\"@context\":\"https:\\\/\\\/schema.org\",\"@graph\":[{\"@type\":\"WebPage\",\"@id\":\"https:\\\/\\\/planinskimuzej.si\\\/en\\\/exhibition-as-an-alpinist-i-climb-slovenian-and-foreign-mountains\\\/\",\"url\":\"https:\\\/\\\/planinskimuzej.si\\\/en\\\/exhibition-as-an-alpinist-i-climb-slovenian-and-foreign-mountains\\\/\",\"name\":\"Exhibition: As an Alpinist, I Climb Slovenian and Foreign Mountains - Planinski Muzej\",\"isPartOf\":{\"@id\":\"https:\\\/\\\/planinskimuzej.si\\\/#website\"},\"datePublished\":\"2025-01-05T17:06:17+00:00\",\"dateModified\":\"2025-01-05T17:07:36+00:00\",\"breadcrumb\":{\"@id\":\"https:\\\/\\\/planinskimuzej.si\\\/en\\\/exhibition-as-an-alpinist-i-climb-slovenian-and-foreign-mountains\\\/#breadcrumb\"},\"inLanguage\":\"en-US\",\"potentialAction\":[{\"@type\":\"ReadAction\",\"target\":[\"https:\\\/\\\/planinskimuzej.si\\\/en\\\/exhibition-as-an-alpinist-i-climb-slovenian-and-foreign-mountains\\\/\"]}]},{\"@type\":\"BreadcrumbList\",\"@id\":\"https:\\\/\\\/planinskimuzej.si\\\/en\\\/exhibition-as-an-alpinist-i-climb-slovenian-and-foreign-mountains\\\/#breadcrumb\",\"itemListElement\":[{\"@type\":\"ListItem\",\"position\":1,\"name\":\"Home\",\"item\":\"https:\\\/\\\/planinskimuzej.si\\\/en\\\/\"},{\"@type\":\"ListItem\",\"position\":2,\"name\":\"Exhibition: As an Alpinist, I Climb Slovenian and Foreign Mountains\"}]},{\"@type\":\"WebSite\",\"@id\":\"https:\\\/\\\/planinskimuzej.si\\\/#website\",\"url\":\"https:\\\/\\\/planinskimuzej.si\\\/\",\"name\":\"Planinski Muzej\",\"description\":\"Slovenski planinski muzej v Mojstrani ponuja pravo gorsko izku\u0161njo za alpinisti\u010dne navdu\u0161ence.\",\"potentialAction\":[{\"@type\":\"SearchAction\",\"target\":{\"@type\":\"EntryPoint\",\"urlTemplate\":\"https:\\\/\\\/planinskimuzej.si\\\/?s={search_term_string}\"},\"query-input\":{\"@type\":\"PropertyValueSpecification\",\"valueRequired\":true,\"valueName\":\"search_term_string\"}}],\"inLanguage\":\"en-US\"}]}<\/script>\n<!-- \/ Yoast SEO plugin. -->","yoast_head_json":{"title":"Exhibition: As an Alpinist, I Climb Slovenian and Foreign Mountains - Planinski Muzej","robots":{"index":"index","follow":"follow","max-snippet":"max-snippet:-1","max-image-preview":"max-image-preview:large","max-video-preview":"max-video-preview:-1"},"canonical":"https:\/\/planinskimuzej.si\/en\/exhibition-as-an-alpinist-i-climb-slovenian-and-foreign-mountains\/","og_locale":"en_US","og_type":"article","og_title":"Exhibition: As an Alpinist, I Climb Slovenian and Foreign Mountains - Planinski Muzej","og_url":"https:\/\/planinskimuzej.si\/en\/exhibition-as-an-alpinist-i-climb-slovenian-and-foreign-mountains\/","og_site_name":"Planinski Muzej","article_modified_time":"2025-01-05T17:07:36+00:00","twitter_card":"summary_large_image","twitter_misc":{"Est. reading time":"4 minutes"},"schema":{"@context":"https:\/\/schema.org","@graph":[{"@type":"WebPage","@id":"https:\/\/planinskimuzej.si\/en\/exhibition-as-an-alpinist-i-climb-slovenian-and-foreign-mountains\/","url":"https:\/\/planinskimuzej.si\/en\/exhibition-as-an-alpinist-i-climb-slovenian-and-foreign-mountains\/","name":"Exhibition: As an Alpinist, I Climb Slovenian and Foreign Mountains - Planinski Muzej","isPartOf":{"@id":"https:\/\/planinskimuzej.si\/#website"},"datePublished":"2025-01-05T17:06:17+00:00","dateModified":"2025-01-05T17:07:36+00:00","breadcrumb":{"@id":"https:\/\/planinskimuzej.si\/en\/exhibition-as-an-alpinist-i-climb-slovenian-and-foreign-mountains\/#breadcrumb"},"inLanguage":"en-US","potentialAction":[{"@type":"ReadAction","target":["https:\/\/planinskimuzej.si\/en\/exhibition-as-an-alpinist-i-climb-slovenian-and-foreign-mountains\/"]}]},{"@type":"BreadcrumbList","@id":"https:\/\/planinskimuzej.si\/en\/exhibition-as-an-alpinist-i-climb-slovenian-and-foreign-mountains\/#breadcrumb","itemListElement":[{"@type":"ListItem","position":1,"name":"Home","item":"https:\/\/planinskimuzej.si\/en\/"},{"@type":"ListItem","position":2,"name":"Exhibition: As an Alpinist, I Climb Slovenian and Foreign Mountains"}]},{"@type":"WebSite","@id":"https:\/\/planinskimuzej.si\/#website","url":"https:\/\/planinskimuzej.si\/","name":"Planinski Muzej","description":"Slovenski planinski muzej v Mojstrani ponuja pravo gorsko izku\u0161njo za alpinisti\u010dne navdu\u0161ence.","potentialAction":[{"@type":"SearchAction","target":{"@type":"EntryPoint","urlTemplate":"https:\/\/planinskimuzej.si\/?s={search_term_string}"},"query-input":{"@type":"PropertyValueSpecification","valueRequired":true,"valueName":"search_term_string"}}],"inLanguage":"en-US"}]}},"_links":{"self":[{"href":"https:\/\/planinskimuzej.si\/en\/wp-json\/wp\/v2\/pages\/37445","targetHints":{"allow":["GET"]}}],"collection":[{"href":"https:\/\/planinskimuzej.si\/en\/wp-json\/wp\/v2\/pages"}],"about":[{"href":"https:\/\/planinskimuzej.si\/en\/wp-json\/wp\/v2\/types\/page"}],"author":[{"embeddable":true,"href":"https:\/\/planinskimuzej.si\/en\/wp-json\/wp\/v2\/users\/1"}],"replies":[{"embeddable":true,"href":"https:\/\/planinskimuzej.si\/en\/wp-json\/wp\/v2\/comments?post=37445"}],"version-history":[{"count":2,"href":"https:\/\/planinskimuzej.si\/en\/wp-json\/wp\/v2\/pages\/37445\/revisions"}],"predecessor-version":[{"id":37448,"href":"https:\/\/planinskimuzej.si\/en\/wp-json\/wp\/v2\/pages\/37445\/revisions\/37448"}],"wp:attachment":[{"href":"https:\/\/planinskimuzej.si\/en\/wp-json\/wp\/v2\/media?parent=37445"}],"curies":[{"name":"wp","href":"https:\/\/api.w.org\/{rel}","templated":true}]}}