{"id":37455,"date":"2025-01-05T18:17:01","date_gmt":"2025-01-05T17:17:01","guid":{"rendered":"https:\/\/dev.planinskimuzej.si\/?page_id=37455"},"modified":"2025-01-05T18:17:47","modified_gmt":"2025-01-05T17:17:47","slug":"exhibition-i-have-climbed-to-the-top-of-the-mountain","status":"publish","type":"page","link":"https:\/\/planinskimuzej.si\/en\/exhibition-i-have-climbed-to-the-top-of-the-mountain\/","title":{"rendered":"Exhibition: I Have Climbed to the Top of the Mountain"},"content":{"rendered":"<div class=\"fusion-fullwidth fullwidth-box fusion-builder-row-1 fusion-flex-container has-pattern-background has-mask-background nonhundred-percent-fullwidth non-hundred-percent-height-scrolling\" style=\"--awb-border-radius-top-left:0px;--awb-border-radius-top-right:0px;--awb-border-radius-bottom-right:0px;--awb-border-radius-bottom-left:0px;--awb-flex-wrap:wrap;\" ><div class=\"fusion-builder-row fusion-row fusion-flex-align-items-flex-start fusion-flex-content-wrap\" style=\"max-width:1144px;margin-left: calc(-4% \/ 2 );margin-right: calc(-4% \/ 2 );\"><div class=\"fusion-layout-column fusion_builder_column fusion-builder-column-0 fusion_builder_column_1_1 1_1 fusion-flex-column\" style=\"--awb-bg-size:cover;--awb-width-large:100%;--awb-margin-top-large:0px;--awb-spacing-right-large:1.92%;--awb-margin-bottom-large:0px;--awb-spacing-left-large:1.92%;--awb-width-medium:100%;--awb-order-medium:0;--awb-spacing-right-medium:1.92%;--awb-spacing-left-medium:1.92%;--awb-width-small:100%;--awb-order-small:0;--awb-spacing-right-small:1.92%;--awb-spacing-left-small:1.92%;\"><div class=\"fusion-column-wrapper fusion-column-has-shadow fusion-flex-justify-content-flex-start fusion-content-layout-column\"><div class=\"fusion-text fusion-text-1\"><h1>I Have Climbed to the Top of the Mountain<\/h1>\n<h3>Conquering the summit is just an intermediate objective, the final one being safe return home.<\/h3>\n<\/div><div class=\"fusion-text fusion-text-2\"><blockquote>\n<p><em>A mountaineer who has ventured on his first attempt atop a high mountain, skipping the lower grades of recreational walking, will be taken aback by the spectacular view from the top. He will retake his tours, feel a sudden rush of interest in this or that peak, he will wish to know the names of the mountains and orographic conditions. (Planinski vestnik, 1895)<\/em><\/p>\n<\/blockquote>\n<\/div><div class=\"fusion-text fusion-text-3\"><p>View of the surrounding summits, a turret, cross or box with a seal \u2013 these are the signs that we have reached the top of the mountain. Now it is time for a snack, traditional rope christening and a brief recollection of the past when only few were lucky enough to enjoy such views. The expanse of the horizon beckons the mountaineer to new tours, conquests of new rock faces and summits.<\/p>\n<p>Every nation has its \u201choly\u201d mountain. For Slovenes, this is Triglav, the highest, most desirable mountain, celebrated in verse and prose, and admired like no other. The history of Triglav ascents began in 1778 when the group of \u201cfour brave men\u201d from Bohinj succeeded in conquering its summit. In the 19th century, Triglav became the symbol of Slovenian national identity, largely through the efforts of one man, priest Jakob Alja\u017e. Mountain summits and rock faces were just another arena where the Slovene-German contest for supremacy was fought. It was an arena where Slovenes were able to demonstrate our self-confidence and, by preserving the Slovenian appearance of our mountains, defended our language, culture, and national identity.<\/p>\n<p>The first scientists and tourists to summit Slovenian mountains did so with the help and in the company of local mountain guides, who had climbed most summits earlier as hunters and shepherds. Since at that time there were no laid-out and secured paths, every first approach across passes, along ridges and up sheer rock faces was a serious climbing achievement.<\/p>\n<\/div><div class=\"awb-gallery-wrapper awb-gallery-wrapper-1 button-span-no\" style=\"--more-btn-alignment:center;\"><div style=\"margin:-5px;--awb-bordersize:0px;\" class=\"fusion-gallery fusion-gallery-container fusion-grid-3 fusion-columns-total-6 fusion-gallery-layout-masonry fusion-gallery-1\"><div class=\"fusion-grid-column fusion-gallery-column fusion-gallery-column-3 fusion-grid-sizer\"><\/div><div style=\"padding:5px;\" class=\"fusion-grid-column fusion-gallery-column fusion-gallery-column-3 fusion-element-grid\"><div class=\"fusion-gallery-image fusion-gallery-image-liftup\"><a href=\"https:\/\/planinskimuzej.si\/wp-content\/uploads\/2017\/02\/prispel_sem_na_vrh.jpg\" rel=\"noreferrer\" data-rel=\"iLightbox[gallery_image_1]\" class=\"fusion-lightbox\" target=\"_self\"><div style=\"background-image:url(https:\/\/planinskimuzej.si\/wp-content\/uploads\/2017\/02\/prispel_sem_na_vrh.jpg);padding-top:calc((100% + 10px) * 0.8 - 5px);background-position:37% 51%;\" class=\"fusion-masonry-element-container\"><img decoding=\"async\" src=\"https:\/\/planinskimuzej.si\/wp-content\/uploads\/2017\/02\/prispel_sem_na_vrh.jpg\" width=\"800\" height=\"533\" alt=\"\" title=\"prispel_sem_na_vrh\" aria-label=\"prispel_sem_na_vrh\" class=\"img-responsive wp-image-223\" srcset=\"https:\/\/planinskimuzej.si\/wp-content\/uploads\/2017\/02\/prispel_sem_na_vrh-200x133.jpg 200w, https:\/\/planinskimuzej.si\/wp-content\/uploads\/2017\/02\/prispel_sem_na_vrh-400x267.jpg 400w, https:\/\/planinskimuzej.si\/wp-content\/uploads\/2017\/02\/prispel_sem_na_vrh-600x400.jpg 600w, https:\/\/planinskimuzej.si\/wp-content\/uploads\/2017\/02\/prispel_sem_na_vrh.jpg 800w\" sizes=\"(min-width: 2200px) 100vw, (min-width: 784px) 363px, (min-width: 712px) 545px, (min-width: 640px) 712px, \" \/><\/div><\/a><\/div><\/div><div style=\"padding:5px;\" class=\"fusion-grid-column fusion-gallery-column fusion-gallery-column-3 fusion-element-portrait\"><div class=\"fusion-gallery-image fusion-gallery-image-liftup\"><a href=\"https:\/\/planinskimuzej.si\/wp-content\/uploads\/2017\/02\/img_6563.jpg\" rel=\"noreferrer\" data-rel=\"iLightbox[gallery_image_1]\" class=\"fusion-lightbox\" target=\"_self\"><div style=\"background-image:url(https:\/\/planinskimuzej.si\/wp-content\/uploads\/2017\/02\/img_6563.jpg);padding-top:calc((100% + 10px) * 1.6);background-position:17% 57%;\" class=\"fusion-masonry-element-container\"><img decoding=\"async\" src=\"https:\/\/planinskimuzej.si\/wp-content\/uploads\/2017\/02\/img_6563.jpg\" width=\"450\" height=\"600\" alt=\"\" title=\"img_6563\" aria-label=\"img_6563\" class=\"img-responsive wp-image-220\" srcset=\"https:\/\/planinskimuzej.si\/wp-content\/uploads\/2017\/02\/img_6563-200x267.jpg 200w, https:\/\/planinskimuzej.si\/wp-content\/uploads\/2017\/02\/img_6563-400x533.jpg 400w, https:\/\/planinskimuzej.si\/wp-content\/uploads\/2017\/02\/img_6563.jpg 450w\" sizes=\"(min-width: 2200px) 100vw, (min-width: 784px) 363px, (min-width: 712px) 545px, (min-width: 640px) 712px, \" \/><\/div><\/a><\/div><\/div><div style=\"padding:5px;\" class=\"fusion-grid-column fusion-gallery-column fusion-gallery-column-3 fusion-element-grid\"><div class=\"fusion-gallery-image fusion-gallery-image-liftup\"><a href=\"https:\/\/planinskimuzej.si\/wp-content\/uploads\/2017\/02\/Miran-Cizelj-na-Spiku.jpg\" rel=\"noreferrer\" data-rel=\"iLightbox[gallery_image_1]\" class=\"fusion-lightbox\" target=\"_self\"><div style=\"background-image:url(https:\/\/planinskimuzej.si\/wp-content\/uploads\/2017\/02\/Miran-Cizelj-na-Spiku.jpg);padding-top:calc((100% + 10px) * 0.8 - 5px);background-position:41% 52%;\" class=\"fusion-masonry-element-container\"><img decoding=\"async\" src=\"https:\/\/planinskimuzej.si\/wp-content\/uploads\/2017\/02\/Miran-Cizelj-na-Spiku.jpg\" width=\"650\" height=\"445\" alt=\"\" title=\"Miran Cizelj na Spiku\" aria-label=\"Miran Cizelj na Spiku\" class=\"img-responsive wp-image-221\" srcset=\"https:\/\/planinskimuzej.si\/wp-content\/uploads\/2017\/02\/Miran-Cizelj-na-Spiku-200x137.jpg 200w, https:\/\/planinskimuzej.si\/wp-content\/uploads\/2017\/02\/Miran-Cizelj-na-Spiku-400x274.jpg 400w, https:\/\/planinskimuzej.si\/wp-content\/uploads\/2017\/02\/Miran-Cizelj-na-Spiku-600x411.jpg 600w, https:\/\/planinskimuzej.si\/wp-content\/uploads\/2017\/02\/Miran-Cizelj-na-Spiku.jpg 650w\" sizes=\"(min-width: 2200px) 100vw, (min-width: 784px) 363px, (min-width: 712px) 545px, (min-width: 640px) 712px, \" \/><\/div><\/a><\/div><\/div><div style=\"padding:5px;\" class=\"fusion-grid-column fusion-gallery-column fusion-gallery-column-3 fusion-element-portrait\"><div class=\"fusion-gallery-image fusion-gallery-image-liftup\"><a href=\"https:\/\/planinskimuzej.si\/wp-content\/uploads\/2017\/02\/Na-vrhu-Grossglocknerja.jpg\" rel=\"noreferrer\" data-rel=\"iLightbox[gallery_image_1]\" class=\"fusion-lightbox\" target=\"_self\"><div style=\"background-image:url(https:\/\/planinskimuzej.si\/wp-content\/uploads\/2017\/02\/Na-vrhu-Grossglocknerja.jpg);padding-top:calc((100% + 10px) * 1.6);background-position:19% 39%;\" class=\"fusion-masonry-element-container\"><img decoding=\"async\" src=\"https:\/\/planinskimuzej.si\/wp-content\/uploads\/2017\/02\/Na-vrhu-Grossglocknerja.jpg\" width=\"443\" height=\"600\" alt=\"\" title=\"Na vrhu Grossglocknerja\" aria-label=\"Na vrhu Grossglocknerja\" class=\"img-responsive wp-image-222\" srcset=\"https:\/\/planinskimuzej.si\/wp-content\/uploads\/2017\/02\/Na-vrhu-Grossglocknerja-200x271.jpg 200w, https:\/\/planinskimuzej.si\/wp-content\/uploads\/2017\/02\/Na-vrhu-Grossglocknerja-400x542.jpg 400w, https:\/\/planinskimuzej.si\/wp-content\/uploads\/2017\/02\/Na-vrhu-Grossglocknerja.jpg 443w\" sizes=\"(min-width: 2200px) 100vw, (min-width: 784px) 363px, (min-width: 712px) 545px, (min-width: 640px) 712px, \" \/><\/div><\/a><\/div><\/div><div style=\"padding:5px;\" class=\"fusion-grid-column fusion-gallery-column fusion-gallery-column-3 fusion-element-portrait\"><div class=\"fusion-gallery-image fusion-gallery-image-liftup\"><a href=\"https:\/\/planinskimuzej.si\/wp-content\/uploads\/2017\/02\/Prva-znana-upodobiotev-Triglava.jpg\" rel=\"noreferrer\" data-rel=\"iLightbox[gallery_image_1]\" class=\"fusion-lightbox\" target=\"_self\"><div style=\"background-image:url(https:\/\/planinskimuzej.si\/wp-content\/uploads\/2017\/02\/Prva-znana-upodobiotev-Triglava.jpg);padding-top:calc((100% + 10px) * 1.6);background-position:18% 56%;\" class=\"fusion-masonry-element-container\"><img decoding=\"async\" src=\"https:\/\/planinskimuzej.si\/wp-content\/uploads\/2017\/02\/Prva-znana-upodobiotev-Triglava.jpg\" width=\"436\" height=\"600\" alt=\"\" title=\"Prva znana upodobiotev Triglava\" aria-label=\"Prva znana upodobiotev Triglava\" class=\"img-responsive wp-image-224\" srcset=\"https:\/\/planinskimuzej.si\/wp-content\/uploads\/2017\/02\/Prva-znana-upodobiotev-Triglava-200x275.jpg 200w, https:\/\/planinskimuzej.si\/wp-content\/uploads\/2017\/02\/Prva-znana-upodobiotev-Triglava-400x550.jpg 400w, https:\/\/planinskimuzej.si\/wp-content\/uploads\/2017\/02\/Prva-znana-upodobiotev-Triglava.jpg 436w\" sizes=\"(min-width: 2200px) 100vw, (min-width: 784px) 363px, (min-width: 712px) 545px, (min-width: 640px) 712px, \" \/><\/div><\/a><\/div><\/div><div style=\"padding:5px;\" class=\"fusion-grid-column fusion-gallery-column fusion-gallery-column-3 fusion-element-grid\"><div class=\"fusion-gallery-image fusion-gallery-image-liftup\"><a href=\"https:\/\/planinskimuzej.si\/wp-content\/uploads\/2017\/02\/vpisna-knjiga.jpg\" rel=\"noreferrer\" data-rel=\"iLightbox[gallery_image_1]\" class=\"fusion-lightbox\" target=\"_self\"><div style=\"background-image:url(https:\/\/planinskimuzej.si\/wp-content\/uploads\/2017\/02\/vpisna-knjiga.jpg);padding-top:calc((100% + 10px) * 0.8 - 5px);background-position:39% 54%;\" class=\"fusion-masonry-element-container\"><img decoding=\"async\" src=\"https:\/\/planinskimuzej.si\/wp-content\/uploads\/2017\/02\/vpisna-knjiga.jpg\" width=\"650\" height=\"433\" alt=\"\" title=\"vpisna knjiga\" aria-label=\"vpisna knjiga\" class=\"img-responsive wp-image-225\" srcset=\"https:\/\/planinskimuzej.si\/wp-content\/uploads\/2017\/02\/vpisna-knjiga-200x133.jpg 200w, https:\/\/planinskimuzej.si\/wp-content\/uploads\/2017\/02\/vpisna-knjiga-400x266.jpg 400w, https:\/\/planinskimuzej.si\/wp-content\/uploads\/2017\/02\/vpisna-knjiga-600x400.jpg 600w, https:\/\/planinskimuzej.si\/wp-content\/uploads\/2017\/02\/vpisna-knjiga.jpg 650w\" sizes=\"(min-width: 2200px) 100vw, (min-width: 784px) 363px, (min-width: 712px) 545px, (min-width: 640px) 712px, \" \/><\/div><\/a><\/div><\/div><\/div><\/div><\/div><\/div><\/div><\/div>\n","protected":false},"excerpt":{"rendered":"","protected":false},"author":1,"featured_media":0,"parent":0,"menu_order":0,"comment_status":"closed","ping_status":"closed","template":"","meta":{"footnotes":""},"class_list":["post-37455","page","type-page","status-publish","hentry"],"yoast_head":"<!-- This site is optimized with the Yoast SEO plugin v27.4 - https:\/\/yoast.com\/product\/yoast-seo-wordpress\/ -->\n<title>Exhibition: I Have Climbed to the Top of the Mountain - Planinski Muzej<\/title>\n<meta name=\"robots\" content=\"index, follow, max-snippet:-1, max-image-preview:large, max-video-preview:-1\" \/>\n<link rel=\"canonical\" href=\"https:\/\/planinskimuzej.si\/en\/exhibition-i-have-climbed-to-the-top-of-the-mountain\/\" \/>\n<meta property=\"og:locale\" content=\"en_US\" \/>\n<meta property=\"og:type\" content=\"article\" \/>\n<meta property=\"og:title\" content=\"Exhibition: I Have Climbed to the Top of the Mountain - Planinski Muzej\" \/>\n<meta property=\"og:url\" content=\"https:\/\/planinskimuzej.si\/en\/exhibition-i-have-climbed-to-the-top-of-the-mountain\/\" \/>\n<meta property=\"og:site_name\" content=\"Planinski Muzej\" \/>\n<meta property=\"article:modified_time\" content=\"2025-01-05T17:17:47+00:00\" \/>\n<meta name=\"twitter:card\" content=\"summary_large_image\" \/>\n<meta name=\"twitter:label1\" content=\"Est. reading time\" \/>\n\t<meta name=\"twitter:data1\" content=\"3 minutes\" \/>\n<script type=\"application\/ld+json\" class=\"yoast-schema-graph\">{\"@context\":\"https:\\\/\\\/schema.org\",\"@graph\":[{\"@type\":\"WebPage\",\"@id\":\"https:\\\/\\\/planinskimuzej.si\\\/en\\\/exhibition-i-have-climbed-to-the-top-of-the-mountain\\\/\",\"url\":\"https:\\\/\\\/planinskimuzej.si\\\/en\\\/exhibition-i-have-climbed-to-the-top-of-the-mountain\\\/\",\"name\":\"Exhibition: I Have Climbed to the Top of the Mountain - Planinski Muzej\",\"isPartOf\":{\"@id\":\"https:\\\/\\\/planinskimuzej.si\\\/#website\"},\"datePublished\":\"2025-01-05T17:17:01+00:00\",\"dateModified\":\"2025-01-05T17:17:47+00:00\",\"breadcrumb\":{\"@id\":\"https:\\\/\\\/planinskimuzej.si\\\/en\\\/exhibition-i-have-climbed-to-the-top-of-the-mountain\\\/#breadcrumb\"},\"inLanguage\":\"en-US\",\"potentialAction\":[{\"@type\":\"ReadAction\",\"target\":[\"https:\\\/\\\/planinskimuzej.si\\\/en\\\/exhibition-i-have-climbed-to-the-top-of-the-mountain\\\/\"]}]},{\"@type\":\"BreadcrumbList\",\"@id\":\"https:\\\/\\\/planinskimuzej.si\\\/en\\\/exhibition-i-have-climbed-to-the-top-of-the-mountain\\\/#breadcrumb\",\"itemListElement\":[{\"@type\":\"ListItem\",\"position\":1,\"name\":\"Home\",\"item\":\"https:\\\/\\\/planinskimuzej.si\\\/en\\\/\"},{\"@type\":\"ListItem\",\"position\":2,\"name\":\"Exhibition: I Have Climbed to the Top of the Mountain\"}]},{\"@type\":\"WebSite\",\"@id\":\"https:\\\/\\\/planinskimuzej.si\\\/#website\",\"url\":\"https:\\\/\\\/planinskimuzej.si\\\/\",\"name\":\"Planinski Muzej\",\"description\":\"Slovenski planinski muzej v Mojstrani ponuja pravo gorsko izku\u0161njo za alpinisti\u010dne navdu\u0161ence.\",\"potentialAction\":[{\"@type\":\"SearchAction\",\"target\":{\"@type\":\"EntryPoint\",\"urlTemplate\":\"https:\\\/\\\/planinskimuzej.si\\\/?s={search_term_string}\"},\"query-input\":{\"@type\":\"PropertyValueSpecification\",\"valueRequired\":true,\"valueName\":\"search_term_string\"}}],\"inLanguage\":\"en-US\"}]}<\/script>\n<!-- \/ Yoast SEO plugin. -->","yoast_head_json":{"title":"Exhibition: I Have Climbed to the Top of the Mountain - Planinski Muzej","robots":{"index":"index","follow":"follow","max-snippet":"max-snippet:-1","max-image-preview":"max-image-preview:large","max-video-preview":"max-video-preview:-1"},"canonical":"https:\/\/planinskimuzej.si\/en\/exhibition-i-have-climbed-to-the-top-of-the-mountain\/","og_locale":"en_US","og_type":"article","og_title":"Exhibition: I Have Climbed to the Top of the Mountain - Planinski Muzej","og_url":"https:\/\/planinskimuzej.si\/en\/exhibition-i-have-climbed-to-the-top-of-the-mountain\/","og_site_name":"Planinski Muzej","article_modified_time":"2025-01-05T17:17:47+00:00","twitter_card":"summary_large_image","twitter_misc":{"Est. reading time":"3 minutes"},"schema":{"@context":"https:\/\/schema.org","@graph":[{"@type":"WebPage","@id":"https:\/\/planinskimuzej.si\/en\/exhibition-i-have-climbed-to-the-top-of-the-mountain\/","url":"https:\/\/planinskimuzej.si\/en\/exhibition-i-have-climbed-to-the-top-of-the-mountain\/","name":"Exhibition: I Have Climbed to the Top of the Mountain - Planinski Muzej","isPartOf":{"@id":"https:\/\/planinskimuzej.si\/#website"},"datePublished":"2025-01-05T17:17:01+00:00","dateModified":"2025-01-05T17:17:47+00:00","breadcrumb":{"@id":"https:\/\/planinskimuzej.si\/en\/exhibition-i-have-climbed-to-the-top-of-the-mountain\/#breadcrumb"},"inLanguage":"en-US","potentialAction":[{"@type":"ReadAction","target":["https:\/\/planinskimuzej.si\/en\/exhibition-i-have-climbed-to-the-top-of-the-mountain\/"]}]},{"@type":"BreadcrumbList","@id":"https:\/\/planinskimuzej.si\/en\/exhibition-i-have-climbed-to-the-top-of-the-mountain\/#breadcrumb","itemListElement":[{"@type":"ListItem","position":1,"name":"Home","item":"https:\/\/planinskimuzej.si\/en\/"},{"@type":"ListItem","position":2,"name":"Exhibition: I Have Climbed to the Top of the Mountain"}]},{"@type":"WebSite","@id":"https:\/\/planinskimuzej.si\/#website","url":"https:\/\/planinskimuzej.si\/","name":"Planinski Muzej","description":"Slovenski planinski muzej v Mojstrani ponuja pravo gorsko izku\u0161njo za alpinisti\u010dne navdu\u0161ence.","potentialAction":[{"@type":"SearchAction","target":{"@type":"EntryPoint","urlTemplate":"https:\/\/planinskimuzej.si\/?s={search_term_string}"},"query-input":{"@type":"PropertyValueSpecification","valueRequired":true,"valueName":"search_term_string"}}],"inLanguage":"en-US"}]}},"_links":{"self":[{"href":"https:\/\/planinskimuzej.si\/en\/wp-json\/wp\/v2\/pages\/37455","targetHints":{"allow":["GET"]}}],"collection":[{"href":"https:\/\/planinskimuzej.si\/en\/wp-json\/wp\/v2\/pages"}],"about":[{"href":"https:\/\/planinskimuzej.si\/en\/wp-json\/wp\/v2\/types\/page"}],"author":[{"embeddable":true,"href":"https:\/\/planinskimuzej.si\/en\/wp-json\/wp\/v2\/users\/1"}],"replies":[{"embeddable":true,"href":"https:\/\/planinskimuzej.si\/en\/wp-json\/wp\/v2\/comments?post=37455"}],"version-history":[{"count":2,"href":"https:\/\/planinskimuzej.si\/en\/wp-json\/wp\/v2\/pages\/37455\/revisions"}],"predecessor-version":[{"id":37457,"href":"https:\/\/planinskimuzej.si\/en\/wp-json\/wp\/v2\/pages\/37455\/revisions\/37457"}],"wp:attachment":[{"href":"https:\/\/planinskimuzej.si\/en\/wp-json\/wp\/v2\/media?parent=37455"}],"curies":[{"name":"wp","href":"https:\/\/api.w.org\/{rel}","templated":true}]}}