{"id":37458,"date":"2025-01-05T18:20:53","date_gmt":"2025-01-05T17:20:53","guid":{"rendered":"https:\/\/dev.planinskimuzej.si\/?page_id=37458"},"modified":"2025-01-05T18:20:53","modified_gmt":"2025-01-05T17:20:53","slug":"exhibition-mountains-leave-traces","status":"publish","type":"page","link":"https:\/\/planinskimuzej.si\/en\/exhibition-mountains-leave-traces\/","title":{"rendered":"Exhibition: Mountains Leave Traces"},"content":{"rendered":"<div class=\"fusion-fullwidth fullwidth-box fusion-builder-row-1 fusion-flex-container has-pattern-background has-mask-background nonhundred-percent-fullwidth non-hundred-percent-height-scrolling\" style=\"--awb-border-radius-top-left:0px;--awb-border-radius-top-right:0px;--awb-border-radius-bottom-right:0px;--awb-border-radius-bottom-left:0px;--awb-flex-wrap:wrap;\" ><div class=\"fusion-builder-row fusion-row fusion-flex-align-items-flex-start fusion-flex-content-wrap\" style=\"max-width:1144px;margin-left: calc(-4% \/ 2 );margin-right: calc(-4% \/ 2 );\"><div class=\"fusion-layout-column fusion_builder_column fusion-builder-column-0 fusion_builder_column_1_1 1_1 fusion-flex-column\" style=\"--awb-bg-size:cover;--awb-width-large:100%;--awb-margin-top-large:0px;--awb-spacing-right-large:1.92%;--awb-margin-bottom-large:0px;--awb-spacing-left-large:1.92%;--awb-width-medium:100%;--awb-order-medium:0;--awb-spacing-right-medium:1.92%;--awb-spacing-left-medium:1.92%;--awb-width-small:100%;--awb-order-small:0;--awb-spacing-right-small:1.92%;--awb-spacing-left-small:1.92%;\"><div class=\"fusion-column-wrapper fusion-column-has-shadow fusion-flex-justify-content-flex-start fusion-content-layout-column\"><div class=\"fusion-text fusion-text-1\"><h1>Mountains Leave Traces<\/h1>\n<h3>May mountains remain forever the sanctuaries of those who are in search of the sun!<\/h3>\n<\/div><div class=\"fusion-text fusion-text-2\"><blockquote>\n<p><em>Like every other art, mountaineering in its broadest sense holds a great ethical moment! Every art cleanses and lifts our senses. When you stand atop a high mountain peak, an unusual elevated sensation pervades your soul. (Planinski vestnik, 1895)<\/em><\/p>\n<\/blockquote>\n<\/div><div class=\"fusion-text fusion-text-3\"><p>With their beauty, inaccessibility and greatness, mountains have always inspired and attracted explorers, pioneer climbers and other travelers as well as artists, who have to date created an outstanding collection of mountaineering-related works of art. Their themes are as various as the attitude towards mountains, from respect out of fear to mystical experience, from extreme sport achievements to pleasant hiking in the nature and beautiful views. Yet the love of mountains is the ultimate driving force of cultural experience and creativity. Everything, from vigorous language spoken by a simple herdsman to carefully chosen words uttered by the greatest artists, represents this rich cultural activity. It is also a reflection of a unique Slovenian soul which finds its own spiritual world, love of country and national identity in the mountains. In this context, Planinski vestnik, Slovenia\u2019s oldest monthly magazine published since 1895 by the Planinska zveza Slovenije (Alpine Association of Slovenia), plays an important role.<\/p>\n<p>The main feature of mountaineering is a memorable experience in the mountains. As a kaleidoscope of memories, this experience finds its way in various forms into texts, from professional ones to literature, into works of fine arts, music, films, photography etc., or is present in lively story-telling among friends.<\/p>\n<\/div><div class=\"awb-gallery-wrapper awb-gallery-wrapper-1 button-span-no\" style=\"--more-btn-alignment:center;\"><div style=\"margin:-5px;--awb-bordersize:0px;\" class=\"fusion-gallery fusion-gallery-container fusion-grid-3 fusion-columns-total-11 fusion-gallery-layout-masonry fusion-gallery-1\"><div class=\"fusion-grid-column fusion-gallery-column fusion-gallery-column-3 fusion-grid-sizer\"><\/div><div style=\"padding:5px;\" class=\"fusion-grid-column fusion-gallery-column fusion-gallery-column-3 fusion-element-grid\"><div class=\"fusion-gallery-image fusion-gallery-image-liftup\"><a href=\"https:\/\/planinskimuzej.si\/wp-content\/uploads\/2017\/02\/gore_puscajo_sledi.jpg\" rel=\"noreferrer\" data-rel=\"iLightbox[gallery_image_1]\" class=\"fusion-lightbox\" target=\"_self\"><div style=\"background-image:url(https:\/\/planinskimuzej.si\/wp-content\/uploads\/2017\/02\/gore_puscajo_sledi.jpg);padding-top:calc((100% + 10px) * 0.8 - 5px);background-position:;\" class=\"fusion-masonry-element-container\"><img decoding=\"async\" src=\"https:\/\/planinskimuzej.si\/wp-content\/uploads\/2017\/02\/gore_puscajo_sledi.jpg\" width=\"800\" height=\"533\" alt=\"\" title=\"gore_puscajo_sledi\" aria-label=\"gore_puscajo_sledi\" class=\"img-responsive wp-image-229\" srcset=\"https:\/\/planinskimuzej.si\/wp-content\/uploads\/2017\/02\/gore_puscajo_sledi-200x133.jpg 200w, https:\/\/planinskimuzej.si\/wp-content\/uploads\/2017\/02\/gore_puscajo_sledi-400x267.jpg 400w, https:\/\/planinskimuzej.si\/wp-content\/uploads\/2017\/02\/gore_puscajo_sledi-600x400.jpg 600w, https:\/\/planinskimuzej.si\/wp-content\/uploads\/2017\/02\/gore_puscajo_sledi.jpg 800w\" sizes=\"(min-width: 2200px) 100vw, (min-width: 784px) 363px, (min-width: 712px) 545px, (min-width: 640px) 712px, \" \/><\/div><\/a><\/div><\/div><div style=\"padding:5px;\" class=\"fusion-grid-column fusion-gallery-column fusion-gallery-column-3 fusion-element-grid\"><div class=\"fusion-gallery-image fusion-gallery-image-liftup\"><a href=\"https:\/\/planinskimuzej.si\/wp-content\/uploads\/2017\/02\/5943.jpg\" rel=\"noreferrer\" data-rel=\"iLightbox[gallery_image_1]\" class=\"fusion-lightbox\" target=\"_self\"><div style=\"background-image:url(https:\/\/planinskimuzej.si\/wp-content\/uploads\/2017\/02\/5943.jpg);padding-top:calc((100% + 10px) * 0.8 - 5px);background-position:;\" class=\"fusion-masonry-element-container\"><img decoding=\"async\" src=\"https:\/\/planinskimuzej.si\/wp-content\/uploads\/2017\/02\/5943.jpg\" width=\"650\" height=\"433\" alt=\"\" title=\"5943\" aria-label=\"5943\" class=\"img-responsive wp-image-226\" srcset=\"https:\/\/planinskimuzej.si\/wp-content\/uploads\/2017\/02\/5943-200x133.jpg 200w, https:\/\/planinskimuzej.si\/wp-content\/uploads\/2017\/02\/5943-400x266.jpg 400w, https:\/\/planinskimuzej.si\/wp-content\/uploads\/2017\/02\/5943-600x400.jpg 600w, https:\/\/planinskimuzej.si\/wp-content\/uploads\/2017\/02\/5943.jpg 650w\" sizes=\"(min-width: 2200px) 100vw, (min-width: 784px) 363px, (min-width: 712px) 545px, (min-width: 640px) 712px, \" \/><\/div><\/a><\/div><\/div><div style=\"padding:5px;\" class=\"fusion-grid-column fusion-gallery-column fusion-gallery-column-3 fusion-element-portrait\"><div class=\"fusion-gallery-image fusion-gallery-image-liftup\"><a href=\"https:\/\/planinskimuzej.si\/wp-content\/uploads\/2017\/02\/Aljaz-s-cesarskim-odlikovanjem-1912.jpg\" rel=\"noreferrer\" data-rel=\"iLightbox[gallery_image_1]\" class=\"fusion-lightbox\" target=\"_self\"><div style=\"background-image:url(https:\/\/planinskimuzej.si\/wp-content\/uploads\/2017\/02\/Aljaz-s-cesarskim-odlikovanjem-1912.jpg);padding-top:calc((100% + 10px) * 1.6);background-position:14% 56%;\" class=\"fusion-masonry-element-container\"><img decoding=\"async\" src=\"https:\/\/planinskimuzej.si\/wp-content\/uploads\/2017\/02\/Aljaz-s-cesarskim-odlikovanjem-1912.jpg\" width=\"372\" height=\"600\" alt=\"\" title=\"Aljaz s cesarskim odlikovanjem 1912\" aria-label=\"Aljaz s cesarskim odlikovanjem 1912\" class=\"img-responsive wp-image-227\" srcset=\"https:\/\/planinskimuzej.si\/wp-content\/uploads\/2017\/02\/Aljaz-s-cesarskim-odlikovanjem-1912-200x323.jpg 200w, https:\/\/planinskimuzej.si\/wp-content\/uploads\/2017\/02\/Aljaz-s-cesarskim-odlikovanjem-1912.jpg 372w\" sizes=\"(min-width: 2200px) 100vw, (min-width: 784px) 363px, (min-width: 712px) 545px, (min-width: 640px) 712px, \" \/><\/div><\/a><\/div><\/div><div style=\"padding:5px;\" class=\"fusion-grid-column fusion-gallery-column fusion-gallery-column-3 fusion-element-portrait\"><div class=\"fusion-gallery-image fusion-gallery-image-liftup\"><a href=\"https:\/\/planinskimuzej.si\/wp-content\/uploads\/2017\/02\/Anton-Tozbar-Spik.jpg\" rel=\"noreferrer\" data-rel=\"iLightbox[gallery_image_1]\" class=\"fusion-lightbox\" target=\"_self\"><div style=\"background-image:url(https:\/\/planinskimuzej.si\/wp-content\/uploads\/2017\/02\/Anton-Tozbar-Spik.jpg);padding-top:calc((100% + 10px) * 1.6);background-position:18% 56%;\" class=\"fusion-masonry-element-container\"><img decoding=\"async\" src=\"https:\/\/planinskimuzej.si\/wp-content\/uploads\/2017\/02\/Anton-Tozbar-Spik.jpg\" width=\"458\" height=\"600\" alt=\"\" title=\"Anton Tozbar Spik\" aria-label=\"Anton Tozbar Spik\" class=\"img-responsive wp-image-228\" srcset=\"https:\/\/planinskimuzej.si\/wp-content\/uploads\/2017\/02\/Anton-Tozbar-Spik-200x262.jpg 200w, https:\/\/planinskimuzej.si\/wp-content\/uploads\/2017\/02\/Anton-Tozbar-Spik-400x524.jpg 400w, https:\/\/planinskimuzej.si\/wp-content\/uploads\/2017\/02\/Anton-Tozbar-Spik.jpg 458w\" sizes=\"(min-width: 2200px) 100vw, (min-width: 784px) 363px, (min-width: 712px) 545px, (min-width: 640px) 712px, \" \/><\/div><\/a><\/div><\/div><div style=\"padding:5px;\" class=\"fusion-grid-column fusion-gallery-column fusion-gallery-column-3 fusion-element-grid\"><div class=\"fusion-gallery-image fusion-gallery-image-liftup\"><a href=\"https:\/\/planinskimuzej.si\/wp-content\/uploads\/2017\/02\/IMG_1061.jpg\" rel=\"noreferrer\" data-rel=\"iLightbox[gallery_image_1]\" class=\"fusion-lightbox\" target=\"_self\"><div style=\"background-image:url(https:\/\/planinskimuzej.si\/wp-content\/uploads\/2017\/02\/IMG_1061.jpg);padding-top:calc((100% + 10px) * 0.8 - 5px);background-position:41% 50%;\" class=\"fusion-masonry-element-container\"><img decoding=\"async\" src=\"https:\/\/planinskimuzej.si\/wp-content\/uploads\/2017\/02\/IMG_1061.jpg\" width=\"650\" height=\"433\" alt=\"\" title=\"IMG_1061\" aria-label=\"IMG_1061\" class=\"img-responsive wp-image-230\" srcset=\"https:\/\/planinskimuzej.si\/wp-content\/uploads\/2017\/02\/IMG_1061-200x133.jpg 200w, https:\/\/planinskimuzej.si\/wp-content\/uploads\/2017\/02\/IMG_1061-400x266.jpg 400w, https:\/\/planinskimuzej.si\/wp-content\/uploads\/2017\/02\/IMG_1061-600x400.jpg 600w, https:\/\/planinskimuzej.si\/wp-content\/uploads\/2017\/02\/IMG_1061.jpg 650w\" sizes=\"(min-width: 2200px) 100vw, (min-width: 784px) 363px, (min-width: 712px) 545px, (min-width: 640px) 712px, \" \/><\/div><\/a><\/div><\/div><div style=\"padding:5px;\" class=\"fusion-grid-column fusion-gallery-column fusion-gallery-column-3 fusion-element-portrait\"><div class=\"fusion-gallery-image fusion-gallery-image-liftup\"><a href=\"https:\/\/planinskimuzej.si\/wp-content\/uploads\/2017\/02\/Janko-Ravnik-Zlatorog.jpg\" rel=\"noreferrer\" data-rel=\"iLightbox[gallery_image_1]\" class=\"fusion-lightbox\" target=\"_self\"><div style=\"background-image:url(https:\/\/planinskimuzej.si\/wp-content\/uploads\/2017\/02\/Janko-Ravnik-Zlatorog.jpg);padding-top:calc((100% + 10px) * 1.6);background-position:19% 49%;\" class=\"fusion-masonry-element-container\"><img decoding=\"async\" src=\"https:\/\/planinskimuzej.si\/wp-content\/uploads\/2017\/02\/Janko-Ravnik-Zlatorog.jpg\" width=\"461\" height=\"600\" alt=\"\" title=\"Janko Ravnik-Zlatorog\" aria-label=\"Janko Ravnik-Zlatorog\" class=\"img-responsive wp-image-231\" srcset=\"https:\/\/planinskimuzej.si\/wp-content\/uploads\/2017\/02\/Janko-Ravnik-Zlatorog-200x260.jpg 200w, https:\/\/planinskimuzej.si\/wp-content\/uploads\/2017\/02\/Janko-Ravnik-Zlatorog-400x521.jpg 400w, https:\/\/planinskimuzej.si\/wp-content\/uploads\/2017\/02\/Janko-Ravnik-Zlatorog.jpg 461w\" sizes=\"(min-width: 2200px) 100vw, (min-width: 784px) 363px, (min-width: 712px) 545px, (min-width: 640px) 712px, \" \/><\/div><\/a><\/div><\/div><div style=\"padding:5px;\" class=\"fusion-grid-column fusion-gallery-column fusion-gallery-column-3 fusion-element-grid\"><div class=\"fusion-gallery-image fusion-gallery-image-liftup\"><a href=\"https:\/\/planinskimuzej.si\/wp-content\/uploads\/2017\/02\/Joza-Cop.jpg\" rel=\"noreferrer\" data-rel=\"iLightbox[gallery_image_1]\" class=\"fusion-lightbox\" target=\"_self\"><div style=\"background-image:url(https:\/\/planinskimuzej.si\/wp-content\/uploads\/2017\/02\/Joza-Cop.jpg);padding-top:calc((100% + 10px) * 0.8 - 5px);background-position:37% 51%;\" class=\"fusion-masonry-element-container\"><img decoding=\"async\" src=\"https:\/\/planinskimuzej.si\/wp-content\/uploads\/2017\/02\/Joza-Cop.jpg\" width=\"650\" height=\"485\" alt=\"\" title=\"Joza Cop\" aria-label=\"Joza Cop\" class=\"img-responsive wp-image-232\" srcset=\"https:\/\/planinskimuzej.si\/wp-content\/uploads\/2017\/02\/Joza-Cop-200x149.jpg 200w, https:\/\/planinskimuzej.si\/wp-content\/uploads\/2017\/02\/Joza-Cop-400x298.jpg 400w, https:\/\/planinskimuzej.si\/wp-content\/uploads\/2017\/02\/Joza-Cop-600x448.jpg 600w, https:\/\/planinskimuzej.si\/wp-content\/uploads\/2017\/02\/Joza-Cop.jpg 650w\" sizes=\"(min-width: 2200px) 100vw, (min-width: 784px) 363px, (min-width: 712px) 545px, (min-width: 640px) 712px, \" \/><\/div><\/a><\/div><\/div><div style=\"padding:5px;\" class=\"fusion-grid-column fusion-gallery-column fusion-gallery-column-3 fusion-element-grid\"><div class=\"fusion-gallery-image fusion-gallery-image-liftup\"><a href=\"https:\/\/planinskimuzej.si\/wp-content\/uploads\/2017\/02\/Poroka-piparja-Korencana-na-Kredarici.jpg\" rel=\"noreferrer\" data-rel=\"iLightbox[gallery_image_1]\" class=\"fusion-lightbox\" target=\"_self\"><div style=\"background-image:url(https:\/\/planinskimuzej.si\/wp-content\/uploads\/2017\/02\/Poroka-piparja-Korencana-na-Kredarici.jpg);padding-top:calc((100% + 10px) * 0.8 - 5px);background-position:39% 57%;\" class=\"fusion-masonry-element-container\"><img decoding=\"async\" src=\"https:\/\/planinskimuzej.si\/wp-content\/uploads\/2017\/02\/Poroka-piparja-Korencana-na-Kredarici.jpg\" width=\"650\" height=\"439\" alt=\"\" title=\"Poroka piparja Korencana na Kredarici\" aria-label=\"Poroka piparja Korencana na Kredarici\" class=\"img-responsive wp-image-233\" srcset=\"https:\/\/planinskimuzej.si\/wp-content\/uploads\/2017\/02\/Poroka-piparja-Korencana-na-Kredarici-200x135.jpg 200w, https:\/\/planinskimuzej.si\/wp-content\/uploads\/2017\/02\/Poroka-piparja-Korencana-na-Kredarici-400x270.jpg 400w, https:\/\/planinskimuzej.si\/wp-content\/uploads\/2017\/02\/Poroka-piparja-Korencana-na-Kredarici-600x405.jpg 600w, https:\/\/planinskimuzej.si\/wp-content\/uploads\/2017\/02\/Poroka-piparja-Korencana-na-Kredarici.jpg 650w\" sizes=\"(min-width: 2200px) 100vw, (min-width: 784px) 363px, (min-width: 712px) 545px, (min-width: 640px) 712px, \" \/><\/div><\/a><\/div><\/div><div style=\"padding:5px;\" class=\"fusion-grid-column fusion-gallery-column fusion-gallery-column-3 fusion-element-portrait\"><div class=\"fusion-gallery-image fusion-gallery-image-liftup\"><a href=\"https:\/\/planinskimuzej.si\/wp-content\/uploads\/2017\/02\/Vrsac-Vodnik.jpg\" rel=\"noreferrer\" data-rel=\"iLightbox[gallery_image_1]\" class=\"fusion-lightbox\" target=\"_self\"><div style=\"background-image:url(https:\/\/planinskimuzej.si\/wp-content\/uploads\/2017\/02\/Vrsac-Vodnik.jpg);padding-top:calc((100% + 10px) * 1.6);background-position:15% 53%;\" class=\"fusion-masonry-element-container\"><img decoding=\"async\" src=\"https:\/\/planinskimuzej.si\/wp-content\/uploads\/2017\/02\/Vrsac-Vodnik.jpg\" width=\"394\" height=\"600\" alt=\"\" title=\"Vrsac-Vodnik\" aria-label=\"Vrsac-Vodnik\" class=\"img-responsive wp-image-235\" srcset=\"https:\/\/planinskimuzej.si\/wp-content\/uploads\/2017\/02\/Vrsac-Vodnik-200x305.jpg 200w, https:\/\/planinskimuzej.si\/wp-content\/uploads\/2017\/02\/Vrsac-Vodnik.jpg 394w\" sizes=\"(min-width: 2200px) 100vw, (min-width: 784px) 363px, (min-width: 712px) 545px, (min-width: 640px) 712px, \" \/><\/div><\/a><\/div><\/div><div style=\"padding:5px;\" class=\"fusion-grid-column fusion-gallery-column fusion-gallery-column-3 fusion-element-grid\"><div class=\"fusion-gallery-image fusion-gallery-image-liftup\"><a href=\"https:\/\/planinskimuzej.si\/wp-content\/uploads\/2017\/02\/Zlata-naveza.jpg\" rel=\"noreferrer\" data-rel=\"iLightbox[gallery_image_1]\" class=\"fusion-lightbox\" target=\"_self\"><div style=\"background-image:url(https:\/\/planinskimuzej.si\/wp-content\/uploads\/2017\/02\/Zlata-naveza.jpg);padding-top:calc((100% + 10px) * 0.8 - 5px);background-position:38% 52%;\" class=\"fusion-masonry-element-container\"><img decoding=\"async\" src=\"https:\/\/planinskimuzej.si\/wp-content\/uploads\/2017\/02\/Zlata-naveza.jpg\" width=\"650\" height=\"476\" alt=\"\" title=\"Zlata naveza\" aria-label=\"Zlata naveza\" class=\"img-responsive wp-image-236\" srcset=\"https:\/\/planinskimuzej.si\/wp-content\/uploads\/2017\/02\/Zlata-naveza-200x146.jpg 200w, https:\/\/planinskimuzej.si\/wp-content\/uploads\/2017\/02\/Zlata-naveza-400x293.jpg 400w, https:\/\/planinskimuzej.si\/wp-content\/uploads\/2017\/02\/Zlata-naveza-600x439.jpg 600w, https:\/\/planinskimuzej.si\/wp-content\/uploads\/2017\/02\/Zlata-naveza.jpg 650w\" sizes=\"(min-width: 2200px) 100vw, (min-width: 784px) 363px, (min-width: 712px) 545px, (min-width: 640px) 712px, \" \/><\/div><\/a><\/div><\/div><div style=\"padding:5px;\" class=\"fusion-grid-column fusion-gallery-column fusion-gallery-column-3 fusion-element-grid\"><div class=\"fusion-gallery-image fusion-gallery-image-liftup\"><a href=\"https:\/\/planinskimuzej.si\/wp-content\/uploads\/2017\/01\/spominek.jpg\" rel=\"noreferrer\" data-rel=\"iLightbox[gallery_image_1]\" class=\"fusion-lightbox\" target=\"_self\"><div style=\"background-image:url(https:\/\/planinskimuzej.si\/wp-content\/uploads\/2017\/01\/spominek.jpg);padding-top:calc((100% + 10px) * 0.8 - 5px);background-position:44% 50%;\" class=\"fusion-masonry-element-container\"><img decoding=\"async\" src=\"https:\/\/planinskimuzej.si\/wp-content\/uploads\/2017\/01\/spominek.jpg\" width=\"600\" height=\"400\" alt=\"\" title=\"spominek\" aria-label=\"spominek\" class=\"img-responsive wp-image-326\" srcset=\"https:\/\/planinskimuzej.si\/wp-content\/uploads\/2017\/01\/spominek-200x133.jpg 200w, https:\/\/planinskimuzej.si\/wp-content\/uploads\/2017\/01\/spominek-400x267.jpg 400w, https:\/\/planinskimuzej.si\/wp-content\/uploads\/2017\/01\/spominek.jpg 600w\" sizes=\"(min-width: 2200px) 100vw, (min-width: 784px) 363px, (min-width: 712px) 545px, (min-width: 640px) 712px, \" \/><\/div><\/a><\/div><\/div><\/div><\/div><\/div><\/div><\/div><\/div>\n","protected":false},"excerpt":{"rendered":"","protected":false},"author":1,"featured_media":0,"parent":0,"menu_order":0,"comment_status":"closed","ping_status":"closed","template":"","meta":{"footnotes":""},"class_list":["post-37458","page","type-page","status-publish","hentry"],"yoast_head":"<!-- This site is optimized with the Yoast SEO plugin v27.4 - https:\/\/yoast.com\/product\/yoast-seo-wordpress\/ -->\n<title>Exhibition: Mountains Leave Traces - Planinski Muzej<\/title>\n<meta name=\"robots\" content=\"index, follow, max-snippet:-1, max-image-preview:large, max-video-preview:-1\" \/>\n<link rel=\"canonical\" href=\"https:\/\/planinskimuzej.si\/en\/exhibition-mountains-leave-traces\/\" \/>\n<meta property=\"og:locale\" content=\"en_US\" \/>\n<meta property=\"og:type\" content=\"article\" \/>\n<meta property=\"og:title\" content=\"Exhibition: Mountains Leave Traces - Planinski Muzej\" \/>\n<meta property=\"og:url\" content=\"https:\/\/planinskimuzej.si\/en\/exhibition-mountains-leave-traces\/\" \/>\n<meta property=\"og:site_name\" content=\"Planinski Muzej\" \/>\n<meta name=\"twitter:card\" content=\"summary_large_image\" \/>\n<meta name=\"twitter:label1\" content=\"Est. reading time\" \/>\n\t<meta name=\"twitter:data1\" content=\"4 minutes\" \/>\n<script type=\"application\/ld+json\" class=\"yoast-schema-graph\">{\"@context\":\"https:\\\/\\\/schema.org\",\"@graph\":[{\"@type\":\"WebPage\",\"@id\":\"https:\\\/\\\/planinskimuzej.si\\\/en\\\/exhibition-mountains-leave-traces\\\/\",\"url\":\"https:\\\/\\\/planinskimuzej.si\\\/en\\\/exhibition-mountains-leave-traces\\\/\",\"name\":\"Exhibition: Mountains Leave Traces - Planinski Muzej\",\"isPartOf\":{\"@id\":\"https:\\\/\\\/planinskimuzej.si\\\/#website\"},\"datePublished\":\"2025-01-05T17:20:53+00:00\",\"breadcrumb\":{\"@id\":\"https:\\\/\\\/planinskimuzej.si\\\/en\\\/exhibition-mountains-leave-traces\\\/#breadcrumb\"},\"inLanguage\":\"en-US\",\"potentialAction\":[{\"@type\":\"ReadAction\",\"target\":[\"https:\\\/\\\/planinskimuzej.si\\\/en\\\/exhibition-mountains-leave-traces\\\/\"]}]},{\"@type\":\"BreadcrumbList\",\"@id\":\"https:\\\/\\\/planinskimuzej.si\\\/en\\\/exhibition-mountains-leave-traces\\\/#breadcrumb\",\"itemListElement\":[{\"@type\":\"ListItem\",\"position\":1,\"name\":\"Home\",\"item\":\"https:\\\/\\\/planinskimuzej.si\\\/en\\\/\"},{\"@type\":\"ListItem\",\"position\":2,\"name\":\"Exhibition: Mountains Leave Traces\"}]},{\"@type\":\"WebSite\",\"@id\":\"https:\\\/\\\/planinskimuzej.si\\\/#website\",\"url\":\"https:\\\/\\\/planinskimuzej.si\\\/\",\"name\":\"Planinski Muzej\",\"description\":\"Slovenski planinski muzej v Mojstrani ponuja pravo gorsko izku\u0161njo za alpinisti\u010dne navdu\u0161ence.\",\"potentialAction\":[{\"@type\":\"SearchAction\",\"target\":{\"@type\":\"EntryPoint\",\"urlTemplate\":\"https:\\\/\\\/planinskimuzej.si\\\/?s={search_term_string}\"},\"query-input\":{\"@type\":\"PropertyValueSpecification\",\"valueRequired\":true,\"valueName\":\"search_term_string\"}}],\"inLanguage\":\"en-US\"}]}<\/script>\n<!-- \/ Yoast SEO plugin. -->","yoast_head_json":{"title":"Exhibition: Mountains Leave Traces - Planinski Muzej","robots":{"index":"index","follow":"follow","max-snippet":"max-snippet:-1","max-image-preview":"max-image-preview:large","max-video-preview":"max-video-preview:-1"},"canonical":"https:\/\/planinskimuzej.si\/en\/exhibition-mountains-leave-traces\/","og_locale":"en_US","og_type":"article","og_title":"Exhibition: Mountains Leave Traces - Planinski Muzej","og_url":"https:\/\/planinskimuzej.si\/en\/exhibition-mountains-leave-traces\/","og_site_name":"Planinski Muzej","twitter_card":"summary_large_image","twitter_misc":{"Est. reading time":"4 minutes"},"schema":{"@context":"https:\/\/schema.org","@graph":[{"@type":"WebPage","@id":"https:\/\/planinskimuzej.si\/en\/exhibition-mountains-leave-traces\/","url":"https:\/\/planinskimuzej.si\/en\/exhibition-mountains-leave-traces\/","name":"Exhibition: Mountains Leave Traces - Planinski Muzej","isPartOf":{"@id":"https:\/\/planinskimuzej.si\/#website"},"datePublished":"2025-01-05T17:20:53+00:00","breadcrumb":{"@id":"https:\/\/planinskimuzej.si\/en\/exhibition-mountains-leave-traces\/#breadcrumb"},"inLanguage":"en-US","potentialAction":[{"@type":"ReadAction","target":["https:\/\/planinskimuzej.si\/en\/exhibition-mountains-leave-traces\/"]}]},{"@type":"BreadcrumbList","@id":"https:\/\/planinskimuzej.si\/en\/exhibition-mountains-leave-traces\/#breadcrumb","itemListElement":[{"@type":"ListItem","position":1,"name":"Home","item":"https:\/\/planinskimuzej.si\/en\/"},{"@type":"ListItem","position":2,"name":"Exhibition: Mountains Leave Traces"}]},{"@type":"WebSite","@id":"https:\/\/planinskimuzej.si\/#website","url":"https:\/\/planinskimuzej.si\/","name":"Planinski Muzej","description":"Slovenski planinski muzej v Mojstrani ponuja pravo gorsko izku\u0161njo za alpinisti\u010dne navdu\u0161ence.","potentialAction":[{"@type":"SearchAction","target":{"@type":"EntryPoint","urlTemplate":"https:\/\/planinskimuzej.si\/?s={search_term_string}"},"query-input":{"@type":"PropertyValueSpecification","valueRequired":true,"valueName":"search_term_string"}}],"inLanguage":"en-US"}]}},"_links":{"self":[{"href":"https:\/\/planinskimuzej.si\/en\/wp-json\/wp\/v2\/pages\/37458","targetHints":{"allow":["GET"]}}],"collection":[{"href":"https:\/\/planinskimuzej.si\/en\/wp-json\/wp\/v2\/pages"}],"about":[{"href":"https:\/\/planinskimuzej.si\/en\/wp-json\/wp\/v2\/types\/page"}],"author":[{"embeddable":true,"href":"https:\/\/planinskimuzej.si\/en\/wp-json\/wp\/v2\/users\/1"}],"replies":[{"embeddable":true,"href":"https:\/\/planinskimuzej.si\/en\/wp-json\/wp\/v2\/comments?post=37458"}],"version-history":[{"count":1,"href":"https:\/\/planinskimuzej.si\/en\/wp-json\/wp\/v2\/pages\/37458\/revisions"}],"predecessor-version":[{"id":37459,"href":"https:\/\/planinskimuzej.si\/en\/wp-json\/wp\/v2\/pages\/37458\/revisions\/37459"}],"wp:attachment":[{"href":"https:\/\/planinskimuzej.si\/en\/wp-json\/wp\/v2\/media?parent=37458"}],"curies":[{"name":"wp","href":"https:\/\/api.w.org\/{rel}","templated":true}]}}