{"id":37460,"date":"2025-01-05T18:23:06","date_gmt":"2025-01-05T17:23:06","guid":{"rendered":"https:\/\/dev.planinskimuzej.si\/?page_id=37460"},"modified":"2025-01-05T18:23:33","modified_gmt":"2025-01-05T17:23:33","slug":"exhibition-a-mountain-guide-will-take-me-to-the-mountains","status":"publish","type":"page","link":"https:\/\/planinskimuzej.si\/en\/exhibition-a-mountain-guide-will-take-me-to-the-mountains\/","title":{"rendered":"Exhibition: A Mountain Guide Will Take Me to the Mountains"},"content":{"rendered":"<div class=\"fusion-fullwidth fullwidth-box fusion-builder-row-1 fusion-flex-container has-pattern-background has-mask-background nonhundred-percent-fullwidth non-hundred-percent-height-scrolling\" style=\"--awb-border-radius-top-left:0px;--awb-border-radius-top-right:0px;--awb-border-radius-bottom-right:0px;--awb-border-radius-bottom-left:0px;--awb-flex-wrap:wrap;\" ><div class=\"fusion-builder-row fusion-row fusion-flex-align-items-flex-start fusion-flex-content-wrap\" style=\"max-width:1144px;margin-left: calc(-4% \/ 2 );margin-right: calc(-4% \/ 2 );\"><div class=\"fusion-layout-column fusion_builder_column fusion-builder-column-0 fusion_builder_column_1_1 1_1 fusion-flex-column\" style=\"--awb-bg-size:cover;--awb-width-large:100%;--awb-margin-top-large:0px;--awb-spacing-right-large:1.92%;--awb-margin-bottom-large:0px;--awb-spacing-left-large:1.92%;--awb-width-medium:100%;--awb-order-medium:0;--awb-spacing-right-medium:1.92%;--awb-spacing-left-medium:1.92%;--awb-width-small:100%;--awb-order-small:0;--awb-spacing-right-small:1.92%;--awb-spacing-left-small:1.92%;\"><div class=\"fusion-column-wrapper fusion-column-has-shadow fusion-flex-justify-content-flex-start fusion-content-layout-column\"><div class=\"fusion-text fusion-text-1\"><h1>A Mountain Guide Will Take Me to the Mountains<\/h1>\n<h3>The most important task of mountain guides is to protect their clients, themselves, and to preserve the nature.<\/h3>\n<\/div><div class=\"fusion-text fusion-text-2\"><blockquote>\n<p><em>You should always visit mountains accompanied by the local people and guides that you trust. You should take their advice and not get smart, as all your knowledge is irrelevant in most cases. (Baltazar Hacquet, 1796)<\/em><\/p>\n<\/blockquote>\n<\/div><div class=\"fusion-text fusion-text-3\"><p>When we plan more demanding, unknown tours, winter ascents, when we would like to give ski mountaineering a try or wish our trip to be both eventful and safe, we should always hire a qualified and experienced guide. A mountain guide has to organize a complete tour for individuals or groups, provide professional guidance, create a pleasant atmosphere, and bring the clients safely back to the valley. He also advises on the proper mountaineering outfit. Gorski vodnik (Mountain Guide) is the highest possible professional rank awarded in Slovenia, while the rank Vodnik PZS (Guide AAS \u2013 Guide of the Alpine Association of Slovenia) is reserved for a voluntary, skilled guide who operates within mountaineering societies. This person is responsible for the basic member training, takes members on tours, and advises on the right equipment.<\/p>\n<p>Mountain guiding has a long tradition in Slovenia. Locals, who first walked the mountains out of economic needs, later guided explorers on tours and are now treated as first mountain guides. In the 19th century, only few people visited mountains alone, so when the first tourists started visiting the mountains, they played an important role. Officials and mountaineering organizations felt responsible for the safety of tourists in the mountains, and so started organizing trainings for guides and awarding official licenses. Guides often worked as porters and occasionally as mountain rescuers. They used simple hand-made equipment or tools used in their everyday country life. They were paid in line with the official fares, so the money represented an additional source of income. In addition to professionals, the first voluntary mountain guides appeared before World War II, when priests, teachers and scout organizations started leading people in the mountains.<\/p>\n<\/div><div class=\"awb-gallery-wrapper awb-gallery-wrapper-1 button-span-no\" style=\"--more-btn-alignment:center;\"><div style=\"margin:-5px;--awb-bordersize:0px;\" class=\"fusion-gallery fusion-gallery-container fusion-grid-3 fusion-columns-total-8 fusion-gallery-layout-masonry fusion-gallery-1\"><div class=\"fusion-grid-column fusion-gallery-column fusion-gallery-column-3 fusion-grid-sizer\"><\/div><div style=\"padding:5px;\" class=\"fusion-grid-column fusion-gallery-column fusion-gallery-column-3 fusion-element-portrait\"><div class=\"fusion-gallery-image fusion-gallery-image-liftup\"><a href=\"https:\/\/planinskimuzej.si\/wp-content\/uploads\/2017\/02\/V-gore-z-vodnikom.jpg\" rel=\"noreferrer\" data-rel=\"iLightbox[gallery_image_1]\" class=\"fusion-lightbox\" target=\"_self\"><div style=\"background-image:url(https:\/\/planinskimuzej.si\/wp-content\/uploads\/2017\/02\/V-gore-z-vodnikom.jpg);padding-top:calc((100% + 10px) * 1.6);background-position:14% 56%;\" class=\"fusion-masonry-element-container\"><img decoding=\"async\" src=\"https:\/\/planinskimuzej.si\/wp-content\/uploads\/2017\/02\/V-gore-z-vodnikom.jpg\" width=\"399\" height=\"600\" alt=\"\" title=\"V gore z vodnikom\" aria-label=\"V gore z vodnikom\" class=\"img-responsive wp-image-158\" srcset=\"https:\/\/planinskimuzej.si\/wp-content\/uploads\/2017\/02\/V-gore-z-vodnikom-200x301.jpg 200w, https:\/\/planinskimuzej.si\/wp-content\/uploads\/2017\/02\/V-gore-z-vodnikom.jpg 399w\" sizes=\"(min-width: 2200px) 100vw, (min-width: 784px) 363px, (min-width: 712px) 545px, (min-width: 640px) 712px, \" \/><\/div><\/a><\/div><\/div><div style=\"padding:5px;\" class=\"fusion-grid-column fusion-gallery-column fusion-gallery-column-3 fusion-element-grid\"><div class=\"fusion-gallery-image fusion-gallery-image-liftup\"><a href=\"https:\/\/planinskimuzej.si\/wp-content\/uploads\/2017\/02\/gorski-vodnik-Valentin-Slatnar-Bos.jpg\" rel=\"noreferrer\" data-rel=\"iLightbox[gallery_image_1]\" class=\"fusion-lightbox\" target=\"_self\"><div style=\"background-image:url(https:\/\/planinskimuzej.si\/wp-content\/uploads\/2017\/02\/gorski-vodnik-Valentin-Slatnar-Bos.jpg);padding-top:calc((100% + 10px) * 0.8 - 5px);background-position:43% 54%;\" class=\"fusion-masonry-element-container\"><img decoding=\"async\" src=\"https:\/\/planinskimuzej.si\/wp-content\/uploads\/2017\/02\/gorski-vodnik-Valentin-Slatnar-Bos.jpg\" width=\"650\" height=\"420\" alt=\"\" title=\"gorski vodnik Valentin Slatnar &#8211; Bos\" aria-label=\"gorski vodnik Valentin Slatnar &#8211; Bos\" class=\"img-responsive wp-image-151\" srcset=\"https:\/\/planinskimuzej.si\/wp-content\/uploads\/2017\/02\/gorski-vodnik-Valentin-Slatnar-Bos-200x129.jpg 200w, https:\/\/planinskimuzej.si\/wp-content\/uploads\/2017\/02\/gorski-vodnik-Valentin-Slatnar-Bos-400x258.jpg 400w, https:\/\/planinskimuzej.si\/wp-content\/uploads\/2017\/02\/gorski-vodnik-Valentin-Slatnar-Bos-600x388.jpg 600w, https:\/\/planinskimuzej.si\/wp-content\/uploads\/2017\/02\/gorski-vodnik-Valentin-Slatnar-Bos.jpg 650w\" sizes=\"(min-width: 2200px) 100vw, (min-width: 784px) 363px, (min-width: 712px) 545px, (min-width: 640px) 712px, \" \/><\/div><\/a><\/div><\/div><div style=\"padding:5px;\" class=\"fusion-grid-column fusion-gallery-column fusion-gallery-column-3 fusion-element-portrait\"><div class=\"fusion-gallery-image fusion-gallery-image-liftup\"><a href=\"https:\/\/planinskimuzej.si\/wp-content\/uploads\/2017\/02\/img_6602.jpg\" rel=\"noreferrer\" data-rel=\"iLightbox[gallery_image_1]\" class=\"fusion-lightbox\" target=\"_self\"><div style=\"background-image:url(https:\/\/planinskimuzej.si\/wp-content\/uploads\/2017\/02\/img_6602.jpg);padding-top:calc((100% + 10px) * 1.6);background-position:22% 51%;\" class=\"fusion-masonry-element-container\"><img decoding=\"async\" src=\"https:\/\/planinskimuzej.si\/wp-content\/uploads\/2017\/02\/img_6602.jpg\" width=\"450\" height=\"600\" alt=\"\" title=\"img_6602\" aria-label=\"img_6602\" class=\"img-responsive wp-image-152\" srcset=\"https:\/\/planinskimuzej.si\/wp-content\/uploads\/2017\/02\/img_6602-200x267.jpg 200w, https:\/\/planinskimuzej.si\/wp-content\/uploads\/2017\/02\/img_6602-400x533.jpg 400w, https:\/\/planinskimuzej.si\/wp-content\/uploads\/2017\/02\/img_6602.jpg 450w\" sizes=\"(min-width: 2200px) 100vw, (min-width: 784px) 363px, (min-width: 712px) 545px, (min-width: 640px) 712px, \" \/><\/div><\/a><\/div><\/div><div style=\"padding:5px;\" class=\"fusion-grid-column fusion-gallery-column fusion-gallery-column-3 fusion-element-grid\"><div class=\"fusion-gallery-image fusion-gallery-image-liftup\"><a href=\"https:\/\/planinskimuzej.si\/wp-content\/uploads\/2017\/02\/Nosac-Joze-Jakelj-na-vrhu-Triglava.jpg\" rel=\"noreferrer\" data-rel=\"iLightbox[gallery_image_1]\" class=\"fusion-lightbox\" target=\"_self\"><div style=\"background-image:url(https:\/\/planinskimuzej.si\/wp-content\/uploads\/2017\/02\/Nosac-Joze-Jakelj-na-vrhu-Triglava.jpg);padding-top:calc((100% + 10px) * 0.8 - 5px);background-position:;\" class=\"fusion-masonry-element-container\"><img decoding=\"async\" src=\"https:\/\/planinskimuzej.si\/wp-content\/uploads\/2017\/02\/Nosac-Joze-Jakelj-na-vrhu-Triglava.jpg\" width=\"650\" height=\"429\" alt=\"\" title=\"Nosac Joze Jakelj na vrhu Triglava\" aria-label=\"Nosac Joze Jakelj na vrhu Triglava\" class=\"img-responsive wp-image-153\" srcset=\"https:\/\/planinskimuzej.si\/wp-content\/uploads\/2017\/02\/Nosac-Joze-Jakelj-na-vrhu-Triglava-200x132.jpg 200w, https:\/\/planinskimuzej.si\/wp-content\/uploads\/2017\/02\/Nosac-Joze-Jakelj-na-vrhu-Triglava-400x264.jpg 400w, https:\/\/planinskimuzej.si\/wp-content\/uploads\/2017\/02\/Nosac-Joze-Jakelj-na-vrhu-Triglava-600x396.jpg 600w, https:\/\/planinskimuzej.si\/wp-content\/uploads\/2017\/02\/Nosac-Joze-Jakelj-na-vrhu-Triglava.jpg 650w\" sizes=\"(min-width: 2200px) 100vw, (min-width: 784px) 363px, (min-width: 712px) 545px, (min-width: 640px) 712px, \" \/><\/div><\/a><\/div><\/div><div style=\"padding:5px;\" class=\"fusion-grid-column fusion-gallery-column fusion-gallery-column-3 fusion-element-portrait\"><div class=\"fusion-gallery-image fusion-gallery-image-liftup\"><a href=\"https:\/\/planinskimuzej.si\/wp-content\/uploads\/2017\/02\/oblastveno-potrjen-vodnik-znacka.jpg\" rel=\"noreferrer\" data-rel=\"iLightbox[gallery_image_1]\" class=\"fusion-lightbox\" target=\"_self\"><div style=\"background-image:url(https:\/\/planinskimuzej.si\/wp-content\/uploads\/2017\/02\/oblastveno-potrjen-vodnik-znacka.jpg);padding-top:calc((100% + 10px) * 1.6);background-position:15% 58%;\" class=\"fusion-masonry-element-container\"><img decoding=\"async\" src=\"https:\/\/planinskimuzej.si\/wp-content\/uploads\/2017\/02\/oblastveno-potrjen-vodnik-znacka.jpg\" width=\"396\" height=\"600\" alt=\"\" title=\"oblastveno potrjen vodnik &#8211; znacka\" aria-label=\"oblastveno potrjen vodnik &#8211; znacka\" class=\"img-responsive wp-image-154\" srcset=\"https:\/\/planinskimuzej.si\/wp-content\/uploads\/2017\/02\/oblastveno-potrjen-vodnik-znacka-200x303.jpg 200w, https:\/\/planinskimuzej.si\/wp-content\/uploads\/2017\/02\/oblastveno-potrjen-vodnik-znacka.jpg 396w\" sizes=\"(min-width: 2200px) 100vw, (min-width: 784px) 363px, (min-width: 712px) 545px, (min-width: 640px) 712px, \" \/><\/div><\/a><\/div><\/div><div style=\"padding:5px;\" class=\"fusion-grid-column fusion-gallery-column fusion-gallery-column-3 fusion-element-grid\"><div class=\"fusion-gallery-image fusion-gallery-image-liftup\"><a href=\"https:\/\/planinskimuzej.si\/wp-content\/uploads\/2017\/02\/vgore.jpg\" rel=\"noreferrer\" data-rel=\"iLightbox[gallery_image_1]\" class=\"fusion-lightbox\" target=\"_self\"><div style=\"background-image:url(https:\/\/planinskimuzej.si\/wp-content\/uploads\/2017\/02\/vgore.jpg);padding-top:calc((100% + 10px) * 0.8 - 5px);background-position:33% 51%;\" class=\"fusion-masonry-element-container\"><img decoding=\"async\" src=\"https:\/\/planinskimuzej.si\/wp-content\/uploads\/2017\/02\/vgore.jpg\" width=\"800\" height=\"654\" alt=\"\" title=\"vgore\" aria-label=\"vgore\" class=\"img-responsive wp-image-157\" srcset=\"https:\/\/planinskimuzej.si\/wp-content\/uploads\/2017\/02\/vgore-200x164.jpg 200w, https:\/\/planinskimuzej.si\/wp-content\/uploads\/2017\/02\/vgore-400x327.jpg 400w, https:\/\/planinskimuzej.si\/wp-content\/uploads\/2017\/02\/vgore-600x491.jpg 600w, https:\/\/planinskimuzej.si\/wp-content\/uploads\/2017\/02\/vgore.jpg 800w\" sizes=\"(min-width: 2200px) 100vw, (min-width: 784px) 363px, (min-width: 712px) 545px, (min-width: 640px) 712px, \" \/><\/div><\/a><\/div><\/div><div style=\"padding:5px;\" class=\"fusion-grid-column fusion-gallery-column fusion-gallery-column-3 fusion-element-portrait\"><div class=\"fusion-gallery-image fusion-gallery-image-liftup\"><a href=\"https:\/\/planinskimuzej.si\/wp-content\/uploads\/2017\/02\/Prapor-Skala-1.jpg\" rel=\"noreferrer\" data-rel=\"iLightbox[gallery_image_1]\" class=\"fusion-lightbox\" target=\"_self\"><div style=\"background-image:url(https:\/\/planinskimuzej.si\/wp-content\/uploads\/2017\/02\/Prapor-Skala-1.jpg);padding-top:calc((100% + 10px) * 1.6);background-position:17% 60%;\" class=\"fusion-masonry-element-container\"><img decoding=\"async\" src=\"https:\/\/planinskimuzej.si\/wp-content\/uploads\/2017\/02\/Prapor-Skala-1.jpg\" width=\"436\" height=\"600\" alt=\"\" title=\"Prapor Skala\" aria-label=\"Prapor Skala\" class=\"img-responsive wp-image-155\" srcset=\"https:\/\/planinskimuzej.si\/wp-content\/uploads\/2017\/02\/Prapor-Skala-1-200x275.jpg 200w, https:\/\/planinskimuzej.si\/wp-content\/uploads\/2017\/02\/Prapor-Skala-1-400x550.jpg 400w, https:\/\/planinskimuzej.si\/wp-content\/uploads\/2017\/02\/Prapor-Skala-1.jpg 436w\" sizes=\"(min-width: 2200px) 100vw, (min-width: 784px) 363px, (min-width: 712px) 545px, (min-width: 640px) 712px, \" \/><\/div><\/a><\/div><\/div><div style=\"padding:5px;\" class=\"fusion-grid-column fusion-gallery-column fusion-gallery-column-3 fusion-element-portrait\"><div class=\"fusion-gallery-image fusion-gallery-image-liftup\"><a href=\"https:\/\/planinskimuzej.si\/wp-content\/uploads\/2017\/02\/Trentarski-gorski-vodniki-1909.jpg\" rel=\"noreferrer\" data-rel=\"iLightbox[gallery_image_1]\" class=\"fusion-lightbox\" target=\"_self\"><div style=\"background-image:url(https:\/\/planinskimuzej.si\/wp-content\/uploads\/2017\/02\/Trentarski-gorski-vodniki-1909.jpg);padding-top:calc((100% + 10px) * 1.6);background-position:15% 50%;\" class=\"fusion-masonry-element-container\"><img decoding=\"async\" src=\"https:\/\/planinskimuzej.si\/wp-content\/uploads\/2017\/02\/Trentarski-gorski-vodniki-1909.jpg\" width=\"395\" height=\"600\" alt=\"\" title=\"Trentarski gorski vodniki 1909\" aria-label=\"Trentarski gorski vodniki 1909\" class=\"img-responsive wp-image-156\" srcset=\"https:\/\/planinskimuzej.si\/wp-content\/uploads\/2017\/02\/Trentarski-gorski-vodniki-1909-200x304.jpg 200w, https:\/\/planinskimuzej.si\/wp-content\/uploads\/2017\/02\/Trentarski-gorski-vodniki-1909.jpg 395w\" sizes=\"(min-width: 2200px) 100vw, (min-width: 784px) 363px, (min-width: 712px) 545px, (min-width: 640px) 712px, \" \/><\/div><\/a><\/div><\/div><\/div><\/div><\/div><\/div><\/div><\/div>\n","protected":false},"excerpt":{"rendered":"","protected":false},"author":1,"featured_media":0,"parent":0,"menu_order":0,"comment_status":"closed","ping_status":"closed","template":"","meta":{"footnotes":""},"class_list":["post-37460","page","type-page","status-publish","hentry"],"yoast_head":"<!-- This site is optimized with the Yoast SEO plugin v27.4 - https:\/\/yoast.com\/product\/yoast-seo-wordpress\/ -->\n<title>Exhibition: A Mountain Guide Will Take Me to the Mountains - Planinski Muzej<\/title>\n<meta name=\"robots\" content=\"index, follow, max-snippet:-1, max-image-preview:large, max-video-preview:-1\" \/>\n<link rel=\"canonical\" href=\"https:\/\/planinskimuzej.si\/en\/exhibition-a-mountain-guide-will-take-me-to-the-mountains\/\" \/>\n<meta property=\"og:locale\" content=\"en_US\" \/>\n<meta property=\"og:type\" content=\"article\" \/>\n<meta property=\"og:title\" content=\"Exhibition: A Mountain Guide Will Take Me to the Mountains - Planinski Muzej\" \/>\n<meta property=\"og:url\" content=\"https:\/\/planinskimuzej.si\/en\/exhibition-a-mountain-guide-will-take-me-to-the-mountains\/\" \/>\n<meta property=\"og:site_name\" content=\"Planinski Muzej\" \/>\n<meta property=\"article:modified_time\" content=\"2025-01-05T17:23:33+00:00\" \/>\n<meta name=\"twitter:card\" content=\"summary_large_image\" \/>\n<meta name=\"twitter:label1\" content=\"Est. reading time\" \/>\n\t<meta name=\"twitter:data1\" content=\"3 minutes\" \/>\n<script type=\"application\/ld+json\" class=\"yoast-schema-graph\">{\"@context\":\"https:\\\/\\\/schema.org\",\"@graph\":[{\"@type\":\"WebPage\",\"@id\":\"https:\\\/\\\/planinskimuzej.si\\\/en\\\/exhibition-a-mountain-guide-will-take-me-to-the-mountains\\\/\",\"url\":\"https:\\\/\\\/planinskimuzej.si\\\/en\\\/exhibition-a-mountain-guide-will-take-me-to-the-mountains\\\/\",\"name\":\"Exhibition: A Mountain Guide Will Take Me to the Mountains - Planinski Muzej\",\"isPartOf\":{\"@id\":\"https:\\\/\\\/planinskimuzej.si\\\/#website\"},\"datePublished\":\"2025-01-05T17:23:06+00:00\",\"dateModified\":\"2025-01-05T17:23:33+00:00\",\"breadcrumb\":{\"@id\":\"https:\\\/\\\/planinskimuzej.si\\\/en\\\/exhibition-a-mountain-guide-will-take-me-to-the-mountains\\\/#breadcrumb\"},\"inLanguage\":\"en-US\",\"potentialAction\":[{\"@type\":\"ReadAction\",\"target\":[\"https:\\\/\\\/planinskimuzej.si\\\/en\\\/exhibition-a-mountain-guide-will-take-me-to-the-mountains\\\/\"]}]},{\"@type\":\"BreadcrumbList\",\"@id\":\"https:\\\/\\\/planinskimuzej.si\\\/en\\\/exhibition-a-mountain-guide-will-take-me-to-the-mountains\\\/#breadcrumb\",\"itemListElement\":[{\"@type\":\"ListItem\",\"position\":1,\"name\":\"Home\",\"item\":\"https:\\\/\\\/planinskimuzej.si\\\/en\\\/\"},{\"@type\":\"ListItem\",\"position\":2,\"name\":\"Exhibition: A Mountain Guide Will Take Me to the Mountains\"}]},{\"@type\":\"WebSite\",\"@id\":\"https:\\\/\\\/planinskimuzej.si\\\/#website\",\"url\":\"https:\\\/\\\/planinskimuzej.si\\\/\",\"name\":\"Planinski Muzej\",\"description\":\"Slovenski planinski muzej v Mojstrani ponuja pravo gorsko izku\u0161njo za alpinisti\u010dne navdu\u0161ence.\",\"potentialAction\":[{\"@type\":\"SearchAction\",\"target\":{\"@type\":\"EntryPoint\",\"urlTemplate\":\"https:\\\/\\\/planinskimuzej.si\\\/?s={search_term_string}\"},\"query-input\":{\"@type\":\"PropertyValueSpecification\",\"valueRequired\":true,\"valueName\":\"search_term_string\"}}],\"inLanguage\":\"en-US\"}]}<\/script>\n<!-- \/ Yoast SEO plugin. -->","yoast_head_json":{"title":"Exhibition: A Mountain Guide Will Take Me to the Mountains - Planinski Muzej","robots":{"index":"index","follow":"follow","max-snippet":"max-snippet:-1","max-image-preview":"max-image-preview:large","max-video-preview":"max-video-preview:-1"},"canonical":"https:\/\/planinskimuzej.si\/en\/exhibition-a-mountain-guide-will-take-me-to-the-mountains\/","og_locale":"en_US","og_type":"article","og_title":"Exhibition: A Mountain Guide Will Take Me to the Mountains - Planinski Muzej","og_url":"https:\/\/planinskimuzej.si\/en\/exhibition-a-mountain-guide-will-take-me-to-the-mountains\/","og_site_name":"Planinski Muzej","article_modified_time":"2025-01-05T17:23:33+00:00","twitter_card":"summary_large_image","twitter_misc":{"Est. reading time":"3 minutes"},"schema":{"@context":"https:\/\/schema.org","@graph":[{"@type":"WebPage","@id":"https:\/\/planinskimuzej.si\/en\/exhibition-a-mountain-guide-will-take-me-to-the-mountains\/","url":"https:\/\/planinskimuzej.si\/en\/exhibition-a-mountain-guide-will-take-me-to-the-mountains\/","name":"Exhibition: A Mountain Guide Will Take Me to the Mountains - Planinski Muzej","isPartOf":{"@id":"https:\/\/planinskimuzej.si\/#website"},"datePublished":"2025-01-05T17:23:06+00:00","dateModified":"2025-01-05T17:23:33+00:00","breadcrumb":{"@id":"https:\/\/planinskimuzej.si\/en\/exhibition-a-mountain-guide-will-take-me-to-the-mountains\/#breadcrumb"},"inLanguage":"en-US","potentialAction":[{"@type":"ReadAction","target":["https:\/\/planinskimuzej.si\/en\/exhibition-a-mountain-guide-will-take-me-to-the-mountains\/"]}]},{"@type":"BreadcrumbList","@id":"https:\/\/planinskimuzej.si\/en\/exhibition-a-mountain-guide-will-take-me-to-the-mountains\/#breadcrumb","itemListElement":[{"@type":"ListItem","position":1,"name":"Home","item":"https:\/\/planinskimuzej.si\/en\/"},{"@type":"ListItem","position":2,"name":"Exhibition: A Mountain Guide Will Take Me to the Mountains"}]},{"@type":"WebSite","@id":"https:\/\/planinskimuzej.si\/#website","url":"https:\/\/planinskimuzej.si\/","name":"Planinski Muzej","description":"Slovenski planinski muzej v Mojstrani ponuja pravo gorsko izku\u0161njo za alpinisti\u010dne navdu\u0161ence.","potentialAction":[{"@type":"SearchAction","target":{"@type":"EntryPoint","urlTemplate":"https:\/\/planinskimuzej.si\/?s={search_term_string}"},"query-input":{"@type":"PropertyValueSpecification","valueRequired":true,"valueName":"search_term_string"}}],"inLanguage":"en-US"}]}},"_links":{"self":[{"href":"https:\/\/planinskimuzej.si\/en\/wp-json\/wp\/v2\/pages\/37460","targetHints":{"allow":["GET"]}}],"collection":[{"href":"https:\/\/planinskimuzej.si\/en\/wp-json\/wp\/v2\/pages"}],"about":[{"href":"https:\/\/planinskimuzej.si\/en\/wp-json\/wp\/v2\/types\/page"}],"author":[{"embeddable":true,"href":"https:\/\/planinskimuzej.si\/en\/wp-json\/wp\/v2\/users\/1"}],"replies":[{"embeddable":true,"href":"https:\/\/planinskimuzej.si\/en\/wp-json\/wp\/v2\/comments?post=37460"}],"version-history":[{"count":1,"href":"https:\/\/planinskimuzej.si\/en\/wp-json\/wp\/v2\/pages\/37460\/revisions"}],"predecessor-version":[{"id":37461,"href":"https:\/\/planinskimuzej.si\/en\/wp-json\/wp\/v2\/pages\/37460\/revisions\/37461"}],"wp:attachment":[{"href":"https:\/\/planinskimuzej.si\/en\/wp-json\/wp\/v2\/media?parent=37460"}],"curies":[{"name":"wp","href":"https:\/\/api.w.org\/{rel}","templated":true}]}}