{"id":37474,"date":"2020-01-05T19:35:28","date_gmt":"2020-01-05T18:35:28","guid":{"rendered":"https:\/\/dev.planinskimuzej.si\/?page_id=37474"},"modified":"2025-01-05T19:35:53","modified_gmt":"2025-01-05T18:35:53","slug":"solid-as-a-rock","status":"publish","type":"page","link":"https:\/\/planinskimuzej.si\/en\/solid-as-a-rock\/","title":{"rendered":"Solid as a Rock"},"content":{"rendered":"<div class=\"fusion-fullwidth fullwidth-box fusion-builder-row-1 nonhundred-percent-fullwidth non-hundred-percent-height-scrolling\" style=\"--awb-border-radius-top-left:0px;--awb-border-radius-top-right:0px;--awb-border-radius-bottom-right:0px;--awb-border-radius-bottom-left:0px;--awb-flex-wrap:wrap;\" ><div class=\"fusion-builder-row fusion-row\"><div class=\"fusion-layout-column fusion_builder_column fusion-builder-column-0 fusion_builder_column_1_1 1_1 fusion-one-full fusion-column-first fusion-column-last\" style=\"--awb-bg-size:cover;\"><div class=\"fusion-column-wrapper fusion-column-has-shadow fusion-flex-column-wrapper-legacy\"><div class=\"fusion-title title fusion-title-1 fusion-sep-none fusion-title-text fusion-title-size-one\" style=\"--awb-margin-top-small:0px;--awb-margin-right-small:0px;--awb-margin-bottom-small:20px;--awb-margin-left-small:0px;--awb-font-size:2em;\"><h1 class=\"fusion-title-heading title-heading-left\" style=\"margin:0;font-size:1em;\">Solid as a Rock<br \/>\n<span style=\"font-size: 20px;\" data-fusion-font=\"true\">Catalogue on the 90th Anniversary of the Establishment of the Turistovski Klub Skala<\/span><\/h1><\/div><div class=\"fusion-text fusion-text-1\"><p>From a society of idealistic, even romantic, young enthusiasts deeply in love with the mountains, a strong organization emerged between the two world wars \u2013 the Turistovski Klub Skala.<\/p>\n<p><b><i>\u201cThere is no peak or wall our climbers cannot conquer\u201d (Dr. Henrik Tuma)<\/i><\/b><\/p>\n<p>You can view the catalogue for the 90th anniversary of the club&#8217;s establishment at <a href=\"https:\/\/www.planinskimuzej.si\/wp-content\/uploads\/2021\/01\/Katalog-TKS.pdf\">this link<\/a>.<\/p>\n<p><b><i>Solid as a Rock<\/i><\/b>, a brief history of the Turistovski Klub Skala, written by Elizabeta Gradnik and Peter Mik\u0161a in February 2017, can be read at <a href=\"https:\/\/www.planinskimuzej.si\/wp-content\/uploads\/2021\/01\/Kratka_zgodovina_Turistovskega_kluba_Skala.pdf\">this link<\/a>.<\/p>\n<p>To mark the 100th anniversary of TK Skala, the Slovene Alpine Museum organized a colloquium on January 29, 2021, where new and interesting information about Skala and its members was presented.<\/p>\n<p>You can read the program and summaries of the contributions at <a href=\"https:\/\/www.planinskimuzej.si\/wp-content\/uploads\/2021\/01\/100-LET-TURISTOVSKEGA-KLUBA-SKALA-kon\u010dna-1.pdf\">this link<\/a>.<\/p>\n<\/div><div class=\"fusion-image-element in-legacy-container\" style=\"--awb-caption-title-font-family:var(--h2_typography-font-family);--awb-caption-title-font-weight:var(--h2_typography-font-weight);--awb-caption-title-font-style:var(--h2_typography-font-style);--awb-caption-title-size:var(--h2_typography-font-size);--awb-caption-title-transform:var(--h2_typography-text-transform);--awb-caption-title-line-height:var(--h2_typography-line-height);--awb-caption-title-letter-spacing:var(--h2_typography-letter-spacing);\"><span class=\" fusion-imageframe imageframe-none imageframe-1 hover-type-none\"><img decoding=\"async\" width=\"1016\" height=\"1024\" title=\"Untitled 1\" src=\"https:\/\/www.planinskimuzej.si\/wp-content\/uploads\/2021\/01\/Untitled-1-1016x1024.jpg\" alt class=\"img-responsive wp-image-22017\" srcset=\"https:\/\/planinskimuzej.si\/wp-content\/uploads\/2021\/01\/Untitled-1-200x202.jpg 200w, https:\/\/planinskimuzej.si\/wp-content\/uploads\/2021\/01\/Untitled-1-400x403.jpg 400w, https:\/\/planinskimuzej.si\/wp-content\/uploads\/2021\/01\/Untitled-1-600x605.jpg 600w, https:\/\/planinskimuzej.si\/wp-content\/uploads\/2021\/01\/Untitled-1-800x807.jpg 800w, https:\/\/planinskimuzej.si\/wp-content\/uploads\/2021\/01\/Untitled-1-1200x1210.jpg 1200w, https:\/\/planinskimuzej.si\/wp-content\/uploads\/2021\/01\/Untitled-1.jpg 2444w\" sizes=\"(max-width: 800px) 100vw, 1200px\" \/><\/span><\/div><div class=\"fusion-clearfix\"><\/div><\/div><\/div><\/div><\/div>\n","protected":false},"excerpt":{"rendered":"","protected":false},"author":1,"featured_media":0,"parent":0,"menu_order":0,"comment_status":"closed","ping_status":"closed","template":"","meta":{"footnotes":""},"class_list":["post-37474","page","type-page","status-publish","hentry"],"yoast_head":"<!-- This site is optimized with the Yoast SEO plugin v27.4 - https:\/\/yoast.com\/product\/yoast-seo-wordpress\/ -->\n<title>Solid as a Rock - Planinski Muzej<\/title>\n<meta name=\"robots\" content=\"noindex, nofollow\" \/>\n<meta property=\"og:locale\" content=\"en_US\" \/>\n<meta property=\"og:type\" content=\"article\" \/>\n<meta property=\"og:title\" content=\"Solid as a Rock - Planinski Muzej\" \/>\n<meta property=\"og:url\" content=\"https:\/\/planinskimuzej.si\/en\/solid-as-a-rock\/\" \/>\n<meta property=\"og:site_name\" content=\"Planinski Muzej\" \/>\n<meta property=\"article:modified_time\" content=\"2025-01-05T18:35:53+00:00\" \/>\n<meta name=\"twitter:card\" content=\"summary_large_image\" \/>\n<meta name=\"twitter:label1\" content=\"Est. reading time\" \/>\n\t<meta name=\"twitter:data1\" content=\"1 minute\" \/>\n<script type=\"application\/ld+json\" class=\"yoast-schema-graph\">{\"@context\":\"https:\\\/\\\/schema.org\",\"@graph\":[{\"@type\":\"WebPage\",\"@id\":\"https:\\\/\\\/planinskimuzej.si\\\/en\\\/solid-as-a-rock\\\/\",\"url\":\"https:\\\/\\\/planinskimuzej.si\\\/en\\\/solid-as-a-rock\\\/\",\"name\":\"Solid as a Rock - Planinski Muzej\",\"isPartOf\":{\"@id\":\"https:\\\/\\\/planinskimuzej.si\\\/#website\"},\"datePublished\":\"2020-01-05T18:35:28+00:00\",\"dateModified\":\"2025-01-05T18:35:53+00:00\",\"breadcrumb\":{\"@id\":\"https:\\\/\\\/planinskimuzej.si\\\/en\\\/solid-as-a-rock\\\/#breadcrumb\"},\"inLanguage\":\"en-US\",\"potentialAction\":[{\"@type\":\"ReadAction\",\"target\":[\"https:\\\/\\\/planinskimuzej.si\\\/en\\\/solid-as-a-rock\\\/\"]}]},{\"@type\":\"BreadcrumbList\",\"@id\":\"https:\\\/\\\/planinskimuzej.si\\\/en\\\/solid-as-a-rock\\\/#breadcrumb\",\"itemListElement\":[{\"@type\":\"ListItem\",\"position\":1,\"name\":\"Home\",\"item\":\"https:\\\/\\\/planinskimuzej.si\\\/en\\\/\"},{\"@type\":\"ListItem\",\"position\":2,\"name\":\"Solid as a Rock\"}]},{\"@type\":\"WebSite\",\"@id\":\"https:\\\/\\\/planinskimuzej.si\\\/#website\",\"url\":\"https:\\\/\\\/planinskimuzej.si\\\/\",\"name\":\"Planinski Muzej\",\"description\":\"Slovenski planinski muzej v Mojstrani ponuja pravo gorsko izku\u0161njo za alpinisti\u010dne navdu\u0161ence.\",\"potentialAction\":[{\"@type\":\"SearchAction\",\"target\":{\"@type\":\"EntryPoint\",\"urlTemplate\":\"https:\\\/\\\/planinskimuzej.si\\\/?s={search_term_string}\"},\"query-input\":{\"@type\":\"PropertyValueSpecification\",\"valueRequired\":true,\"valueName\":\"search_term_string\"}}],\"inLanguage\":\"en-US\"}]}<\/script>\n<!-- \/ Yoast SEO plugin. -->","yoast_head_json":{"title":"Solid as a Rock - Planinski Muzej","robots":{"index":"noindex","follow":"nofollow"},"og_locale":"en_US","og_type":"article","og_title":"Solid as a Rock - Planinski Muzej","og_url":"https:\/\/planinskimuzej.si\/en\/solid-as-a-rock\/","og_site_name":"Planinski Muzej","article_modified_time":"2025-01-05T18:35:53+00:00","twitter_card":"summary_large_image","twitter_misc":{"Est. reading time":"1 minute"},"schema":{"@context":"https:\/\/schema.org","@graph":[{"@type":"WebPage","@id":"https:\/\/planinskimuzej.si\/en\/solid-as-a-rock\/","url":"https:\/\/planinskimuzej.si\/en\/solid-as-a-rock\/","name":"Solid as a Rock - Planinski Muzej","isPartOf":{"@id":"https:\/\/planinskimuzej.si\/#website"},"datePublished":"2020-01-05T18:35:28+00:00","dateModified":"2025-01-05T18:35:53+00:00","breadcrumb":{"@id":"https:\/\/planinskimuzej.si\/en\/solid-as-a-rock\/#breadcrumb"},"inLanguage":"en-US","potentialAction":[{"@type":"ReadAction","target":["https:\/\/planinskimuzej.si\/en\/solid-as-a-rock\/"]}]},{"@type":"BreadcrumbList","@id":"https:\/\/planinskimuzej.si\/en\/solid-as-a-rock\/#breadcrumb","itemListElement":[{"@type":"ListItem","position":1,"name":"Home","item":"https:\/\/planinskimuzej.si\/en\/"},{"@type":"ListItem","position":2,"name":"Solid as a Rock"}]},{"@type":"WebSite","@id":"https:\/\/planinskimuzej.si\/#website","url":"https:\/\/planinskimuzej.si\/","name":"Planinski Muzej","description":"Slovenski planinski muzej v Mojstrani ponuja pravo gorsko izku\u0161njo za alpinisti\u010dne navdu\u0161ence.","potentialAction":[{"@type":"SearchAction","target":{"@type":"EntryPoint","urlTemplate":"https:\/\/planinskimuzej.si\/?s={search_term_string}"},"query-input":{"@type":"PropertyValueSpecification","valueRequired":true,"valueName":"search_term_string"}}],"inLanguage":"en-US"}]}},"_links":{"self":[{"href":"https:\/\/planinskimuzej.si\/en\/wp-json\/wp\/v2\/pages\/37474","targetHints":{"allow":["GET"]}}],"collection":[{"href":"https:\/\/planinskimuzej.si\/en\/wp-json\/wp\/v2\/pages"}],"about":[{"href":"https:\/\/planinskimuzej.si\/en\/wp-json\/wp\/v2\/types\/page"}],"author":[{"embeddable":true,"href":"https:\/\/planinskimuzej.si\/en\/wp-json\/wp\/v2\/users\/1"}],"replies":[{"embeddable":true,"href":"https:\/\/planinskimuzej.si\/en\/wp-json\/wp\/v2\/comments?post=37474"}],"version-history":[{"count":1,"href":"https:\/\/planinskimuzej.si\/en\/wp-json\/wp\/v2\/pages\/37474\/revisions"}],"predecessor-version":[{"id":37475,"href":"https:\/\/planinskimuzej.si\/en\/wp-json\/wp\/v2\/pages\/37474\/revisions\/37475"}],"wp:attachment":[{"href":"https:\/\/planinskimuzej.si\/en\/wp-json\/wp\/v2\/media?parent=37474"}],"curies":[{"name":"wp","href":"https:\/\/api.w.org\/{rel}","templated":true}]}}