{"id":37491,"date":"2025-01-07T09:17:33","date_gmt":"2025-01-07T08:17:33","guid":{"rendered":"https:\/\/dev.planinskimuzej.si\/?page_id=37491"},"modified":"2025-06-01T13:37:53","modified_gmt":"2025-06-01T11:37:53","slug":"offer-for-groups","status":"publish","type":"page","link":"https:\/\/planinskimuzej.si\/en\/offer-for-groups\/","title":{"rendered":"Offer for groups"},"content":{"rendered":"<p><div class=\"fusion-fullwidth fullwidth-box fusion-builder-row-1 fusion-flex-container has-pattern-background has-mask-background nonhundred-percent-fullwidth non-hundred-percent-height-scrolling\" style=\"--awb-border-radius-top-left:0px;--awb-border-radius-top-right:0px;--awb-border-radius-bottom-right:0px;--awb-border-radius-bottom-left:0px;--awb-flex-wrap:wrap;\" ><div class=\"fusion-builder-row fusion-row fusion-flex-align-items-flex-start fusion-flex-content-wrap\" style=\"max-width:1144px;margin-left: calc(-4% \/ 2 );margin-right: calc(-4% \/ 2 );\"><div class=\"fusion-layout-column fusion_builder_column fusion-builder-column-0 fusion_builder_column_1_1 1_1 fusion-flex-column\" style=\"--awb-bg-size:cover;--awb-width-large:100%;--awb-margin-top-large:0px;--awb-spacing-right-large:1.92%;--awb-margin-bottom-large:0px;--awb-spacing-left-large:1.92%;--awb-width-medium:100%;--awb-order-medium:0;--awb-spacing-right-medium:1.92%;--awb-spacing-left-medium:1.92%;--awb-width-small:100%;--awb-order-small:0;--awb-spacing-right-small:1.92%;--awb-spacing-left-small:1.92%;\"><div class=\"fusion-column-wrapper fusion-column-has-shadow fusion-flex-justify-content-flex-start fusion-content-layout-column\"><div class=\"fusion-title title fusion-title-1 fusion-sep-none fusion-title-text fusion-title-size-one\" style=\"--awb-text-color:var(--awb-color8);--awb-margin-top-small:0px;--awb-margin-right-small:0px;--awb-margin-bottom-small:20px;--awb-margin-left-small:0px;\"><h1 class=\"fusion-title-heading title-heading-left\" style=\"margin:0;\">Group offer<\/h1><\/div><div class=\"fusion-text fusion-text-1\"><p>The Slovenian Mountain Museum is an <b>experiential center<\/b> for young people of all ages. Events and activities are intended for <b>socializing, education, culture, and tourism<\/b> in the spirit of mountaineering. Above all, we strive to ensure that all visitors to our museum <b>have fun<\/b>!<\/p>\n<p>The museum is an <b>endless source of knowledge<\/b> for young visitors, which is why they are the target group to whom we dedicate special attention. With carefully designed <b>educational programs and interactive content<\/b>, we aim to present the knowledge offered by the museum in a fun way and <b>encourage their creativity<\/b>.<\/p>\n<p>Of course, we do not neglect adult visitors. With the diversity of topics presented in <b>temporary exhibitions<\/b>, museum evenings, screenings, and workshops, we succeed in attracting even the most demanding audiences.<\/p>\n<blockquote>\n<p><em>&#8220;Tell me and I will forget,<\/em><br \/>\n<em>show me and I will remember,<\/em><br \/>\n<em>involve me and I will understand.&#8221;<\/em><br \/>\n(Chinese proverb)<\/p>\n<\/blockquote>\n<\/div><\/div><\/div><\/div><\/div><div class=\"fusion-fullwidth fullwidth-box fusion-builder-row-2 fusion-flex-container has-pattern-background has-mask-background nonhundred-percent-fullwidth non-hundred-percent-height-scrolling\" style=\"--awb-border-radius-top-left:0px;--awb-border-radius-top-right:0px;--awb-border-radius-bottom-right:0px;--awb-border-radius-bottom-left:0px;--awb-background-color:rgba(255,255,255,0);--awb-flex-wrap:wrap;\" ><div class=\"fusion-builder-row fusion-row fusion-flex-align-items-flex-start fusion-flex-justify-content-space-evenly fusion-flex-content-wrap\" style=\"max-width:1144px;margin-left: calc(-4% \/ 2 );margin-right: calc(-4% \/ 2 );\"><div class=\"fusion-layout-column fusion_builder_column fusion-builder-column-1 fusion_builder_column_1_1 1_1 fusion-flex-column\" style=\"--awb-padding-top:0px;--awb-padding-right:0px;--awb-padding-bottom:0px;--awb-padding-left:0px;--awb-bg-size:cover;--awb-width-large:100%;--awb-margin-top-large:0px;--awb-spacing-right-large:0px;--awb-margin-bottom-large:0px;--awb-spacing-left-large:0px;--awb-width-medium:100%;--awb-order-medium:0;--awb-spacing-right-medium:1.92%;--awb-spacing-left-medium:1.92%;--awb-width-small:100%;--awb-order-small:0;--awb-spacing-right-small:1.92%;--awb-spacing-left-small:1.92%;\" data-scroll-devices=\"small-visibility,medium-visibility,large-visibility\"><div class=\"fusion-column-wrapper fusion-column-has-shadow fusion-flex-justify-content-space-evenly fusion-content-layout-column\"><div class=\"fusion-content-boxes content-boxes columns row fusion-columns-2 fusion-columns-total-2 fusion-content-boxes-1 content-boxes-icon-on-top content-left has-flex-alignment\" style=\"--awb-backgroundcolor:var(--awb-color6);--awb-alignment:stretch;--awb-body-color:var(--awb-color1);--awb-title-color:var(--awb-color1);--awb-iconcolor:var(--awb-color1);--awb-hover-accent-color:var(--awb-custom_color_18);--awb-circle-hover-accent-color:var(--awb-custom_color_18);--awb-box-shadow: 0px 0px var(--awb-color8);;\" data-animationOffset=\"top-into-view\"><div style=\"--awb-backgroundcolor:var(--awb-color6);--awb-iconcolor:var(--awb-color1);\" class=\"fusion-column content-box-column content-box-column content-box-column-1 col-lg-6 col-md-6 col-sm-6 fusion-content-box-hover content-box-column-first-in-row\"><div class=\"col content-box-wrapper content-wrapper-background link-area-link-icon link-type-button icon-hover-animation-fade\" data-animationOffset=\"top-into-view\"><div class=\"heading heading-with-icon icon-left\"><a class=\"heading-link\" href=\"https:\/\/planinskimuzej.si\/en\/activities-for-children\/\" target=\"_self\"><div class=\"icon\"><i style=\"border-color:var(--awb-custom_color_18);border-width:1px;background-color:var(--awb-custom_color_18);box-sizing:content-box;height:56px;width:56px;line-height:56px;border-radius:50%;font-size:28px;\" aria-hidden=\"true\" class=\"fontawesome-icon fa-child fas circle-yes\"><\/i><\/div><h2 class=\"content-box-heading\" style=\"--h2_typography-font-size:18px;line-height:23px;\">Activities for Children<\/h2><\/a><\/div><div class=\"fusion-clearfix\"><\/div><div class=\"content-container\">\n<p>We are preparing fun, educational, and creative programs for preschool, primary school, and secondary school children.<\/p>\n<\/div><div class=\"fusion-clearfix\"><\/div><a class=\"fusion-read-more-button fusion-content-box-button fusion-button button-default fusion-button-default-size button- button-flat\" href=\"https:\/\/planinskimuzej.si\/en\/activities-for-children\/\" target=\"_self\"><span class=\"fusion-button-text\">More information &gt;&gt;<\/span><\/a><div class=\"fusion-clearfix\"><\/div><\/div><\/div><div style=\"--awb-backgroundcolor:var(--awb-color6);--awb-iconcolor:var(--awb-color1);\" class=\"fusion-column content-box-column content-box-column content-box-column-2 col-lg-6 col-md-6 col-sm-6 fusion-content-box-hover content-box-column-last content-box-column-last-in-row\"><div class=\"col content-box-wrapper content-wrapper-background link-area-link-icon link-type-button icon-hover-animation-fade\" data-animationOffset=\"top-into-view\"><div class=\"heading heading-with-icon icon-left\"><a class=\"heading-link\" href=\"https:\/\/planinskimuzej.si\/en\/event-sapaces\/\" target=\"_self\"><div class=\"icon\"><i style=\"border-color:var(--awb-custom_color_18);border-width:1px;background-color:var(--awb-custom_color_18);box-sizing:content-box;height:56px;width:56px;line-height:56px;border-radius:50%;font-size:28px;\" aria-hidden=\"true\" class=\"fontawesome-icon fa-door-closed fas circle-yes\"><\/i><\/div><h2 class=\"content-box-heading\" style=\"--h2_typography-font-size:18px;line-height:23px;\">Event spaces<\/h2><\/a><\/div><div class=\"fusion-clearfix\"><\/div><div class=\"content-container\">The inspiring and peaceful atmosphere of the Slovenian Alpine Museum is ideal for organizing educational, cultural, and social events.<\/div><div class=\"fusion-clearfix\"><\/div><a class=\"fusion-read-more-button fusion-content-box-button fusion-button button-default fusion-button-default-size button- button-flat\" href=\"https:\/\/planinskimuzej.si\/en\/event-sapaces\/\" target=\"_self\"><span class=\"fusion-button-text\">More information &gt;&gt;<\/span><\/a><div class=\"fusion-clearfix\"><\/div><\/div><\/div><div class=\"fusion-clearfix\"><\/div><\/div><\/div><\/div><\/div><\/div><div class=\"fusion-fullwidth fullwidth-box fusion-builder-row-3 fusion-flex-container has-pattern-background has-mask-background nonhundred-percent-fullwidth non-hundred-percent-height-scrolling\" style=\"--awb-border-radius-top-left:0px;--awb-border-radius-top-right:0px;--awb-border-radius-bottom-right:0px;--awb-border-radius-bottom-left:0px;--awb-flex-wrap:wrap;\" ><div class=\"fusion-builder-row fusion-row fusion-flex-align-items-flex-start fusion-flex-content-wrap\" style=\"max-width:1144px;margin-left: calc(-4% \/ 2 );margin-right: calc(-4% \/ 2 );\"><div class=\"fusion-layout-column fusion_builder_column fusion-builder-column-2 fusion_builder_column_1_2 1_2 fusion-flex-column\" style=\"--awb-bg-blend:overlay;--awb-bg-size:cover;--awb-width-large:50%;--awb-margin-top-large:25px;--awb-spacing-right-large:3.84%;--awb-margin-bottom-large:25px;--awb-spacing-left-large:3.84%;--awb-width-medium:100%;--awb-order-medium:0;--awb-spacing-right-medium:1.92%;--awb-spacing-left-medium:1.92%;--awb-width-small:100%;--awb-order-small:0;--awb-spacing-right-small:1.92%;--awb-spacing-left-small:1.92%;\" data-scroll-devices=\"small-visibility,medium-visibility,large-visibility\"><div class=\"fusion-column-wrapper fusion-column-has-shadow fusion-flex-justify-content-flex-start fusion-content-layout-column\"><div class=\"fusion-image-element \" style=\"--awb-caption-title-font-family:var(--h2_typography-font-family);--awb-caption-title-font-weight:var(--h2_typography-font-weight);--awb-caption-title-font-style:var(--h2_typography-font-style);--awb-caption-title-size:var(--h2_typography-font-size);--awb-caption-title-transform:var(--h2_typography-text-transform);--awb-caption-title-line-height:var(--h2_typography-line-height);--awb-caption-title-letter-spacing:var(--h2_typography-letter-spacing);\"><span class=\" fusion-imageframe imageframe-none imageframe-1 hover-type-none\"><img decoding=\"async\" width=\"1024\" height=\"682\" title=\"LiparDesignPhotography-02127 pomanj\u0161ana\" src=\"https:\/\/planinskimuzej.si\/wp-content\/uploads\/2025\/03\/LiparDesignPhotography-02127-pomanjsana-1024x682.jpg\" alt class=\"img-responsive wp-image-37597\" srcset=\"https:\/\/planinskimuzej.si\/wp-content\/uploads\/2025\/03\/LiparDesignPhotography-02127-pomanjsana-200x133.jpg 200w, https:\/\/planinskimuzej.si\/wp-content\/uploads\/2025\/03\/LiparDesignPhotography-02127-pomanjsana-400x266.jpg 400w, https:\/\/planinskimuzej.si\/wp-content\/uploads\/2025\/03\/LiparDesignPhotography-02127-pomanjsana-600x400.jpg 600w, https:\/\/planinskimuzej.si\/wp-content\/uploads\/2025\/03\/LiparDesignPhotography-02127-pomanjsana-800x533.jpg 800w, https:\/\/planinskimuzej.si\/wp-content\/uploads\/2025\/03\/LiparDesignPhotography-02127-pomanjsana-1200x799.jpg 1200w, https:\/\/planinskimuzej.si\/wp-content\/uploads\/2025\/03\/LiparDesignPhotography-02127-pomanjsana.jpg 1473w\" sizes=\"(max-width: 1024px) 100vw, (max-width: 640px) 100vw, 600px\" \/><\/span><\/div><\/div><\/div><div class=\"fusion-layout-column fusion_builder_column fusion-builder-column-3 fusion_builder_column_1_2 1_2 fusion-flex-column\" style=\"--awb-bg-blend:overlay;--awb-bg-size:cover;--awb-width-large:50%;--awb-margin-top-large:25px;--awb-spacing-right-large:3.84%;--awb-margin-bottom-large:25px;--awb-spacing-left-large:3.84%;--awb-width-medium:100%;--awb-order-medium:0;--awb-spacing-right-medium:1.92%;--awb-spacing-left-medium:1.92%;--awb-width-small:100%;--awb-order-small:0;--awb-spacing-right-small:1.92%;--awb-spacing-left-small:1.92%;\" data-scroll-devices=\"small-visibility,medium-visibility,large-visibility\"><div class=\"fusion-column-wrapper fusion-column-has-shadow fusion-flex-justify-content-flex-start fusion-content-layout-column\"><div class=\"fusion-image-element \" style=\"--awb-caption-title-font-family:var(--h2_typography-font-family);--awb-caption-title-font-weight:var(--h2_typography-font-weight);--awb-caption-title-font-style:var(--h2_typography-font-style);--awb-caption-title-size:var(--h2_typography-font-size);--awb-caption-title-transform:var(--h2_typography-text-transform);--awb-caption-title-line-height:var(--h2_typography-line-height);--awb-caption-title-letter-spacing:var(--h2_typography-letter-spacing);\"><span class=\" fusion-imageframe imageframe-none imageframe-2 hover-type-none\"><img decoding=\"async\" width=\"900\" height=\"600\" title=\"Pomlad\" src=\"https:\/\/planinskimuzej.si\/wp-content\/uploads\/2017\/06\/Pomlad.jpg\" alt class=\"img-responsive wp-image-12480\" srcset=\"https:\/\/planinskimuzej.si\/wp-content\/uploads\/2017\/06\/Pomlad-200x133.jpg 200w, https:\/\/planinskimuzej.si\/wp-content\/uploads\/2017\/06\/Pomlad-400x267.jpg 400w, https:\/\/planinskimuzej.si\/wp-content\/uploads\/2017\/06\/Pomlad-600x400.jpg 600w, https:\/\/planinskimuzej.si\/wp-content\/uploads\/2017\/06\/Pomlad-800x533.jpg 800w, https:\/\/planinskimuzej.si\/wp-content\/uploads\/2017\/06\/Pomlad.jpg 900w\" sizes=\"(max-width: 1024px) 100vw, (max-width: 640px) 100vw, 600px\" \/><\/span><\/div><\/div><\/div><div class=\"fusion-layout-column fusion_builder_column fusion-builder-column-4 fusion_builder_column_1_2 1_2 fusion-flex-column\" style=\"--awb-bg-blend:overlay;--awb-bg-size:cover;--awb-width-large:50%;--awb-margin-top-large:25px;--awb-spacing-right-large:3.84%;--awb-margin-bottom-large:25px;--awb-spacing-left-large:3.84%;--awb-width-medium:100%;--awb-order-medium:0;--awb-spacing-right-medium:1.92%;--awb-spacing-left-medium:1.92%;--awb-width-small:100%;--awb-order-small:0;--awb-spacing-right-small:1.92%;--awb-spacing-left-small:1.92%;\" data-scroll-devices=\"small-visibility,medium-visibility,large-visibility\"><div class=\"fusion-column-wrapper fusion-column-has-shadow fusion-flex-justify-content-flex-start fusion-content-layout-column\"><div class=\"fusion-image-element \" style=\"--awb-caption-title-font-family:var(--h2_typography-font-family);--awb-caption-title-font-weight:var(--h2_typography-font-weight);--awb-caption-title-font-style:var(--h2_typography-font-style);--awb-caption-title-size:var(--h2_typography-font-size);--awb-caption-title-transform:var(--h2_typography-text-transform);--awb-caption-title-line-height:var(--h2_typography-line-height);--awb-caption-title-letter-spacing:var(--h2_typography-letter-spacing);\"><span class=\" fusion-imageframe imageframe-none imageframe-3 hover-type-none\"><img decoding=\"async\" width=\"1024\" height=\"681\" title=\"_GVP1623\" src=\"https:\/\/planinskimuzej.si\/wp-content\/uploads\/2025\/03\/GVP1623-1024x681.jpg\" alt class=\"img-responsive wp-image-37589\" srcset=\"https:\/\/planinskimuzej.si\/wp-content\/uploads\/2025\/03\/GVP1623-200x133.jpg 200w, https:\/\/planinskimuzej.si\/wp-content\/uploads\/2025\/03\/GVP1623-400x266.jpg 400w, https:\/\/planinskimuzej.si\/wp-content\/uploads\/2025\/03\/GVP1623-600x399.jpg 600w, https:\/\/planinskimuzej.si\/wp-content\/uploads\/2025\/03\/GVP1623-800x532.jpg 800w, https:\/\/planinskimuzej.si\/wp-content\/uploads\/2025\/03\/GVP1623-1200x798.jpg 1200w, https:\/\/planinskimuzej.si\/wp-content\/uploads\/2025\/03\/GVP1623.jpg 1920w\" sizes=\"(max-width: 1024px) 100vw, (max-width: 640px) 100vw, 600px\" \/><\/span><\/div><\/div><\/div><div class=\"fusion-layout-column fusion_builder_column fusion-builder-column-5 fusion_builder_column_1_2 1_2 fusion-flex-column\" style=\"--awb-bg-blend:overlay;--awb-bg-size:cover;--awb-width-large:50%;--awb-margin-top-large:25px;--awb-spacing-right-large:3.84%;--awb-margin-bottom-large:25px;--awb-spacing-left-large:3.84%;--awb-width-medium:100%;--awb-order-medium:0;--awb-spacing-right-medium:1.92%;--awb-spacing-left-medium:1.92%;--awb-width-small:100%;--awb-order-small:0;--awb-spacing-right-small:1.92%;--awb-spacing-left-small:1.92%;\" data-scroll-devices=\"small-visibility,medium-visibility,large-visibility\"><div class=\"fusion-column-wrapper fusion-column-has-shadow fusion-flex-justify-content-flex-start fusion-content-layout-column\"><div class=\"fusion-image-element \" style=\"--awb-aspect-ratio:3 \/ 2;--awb-object-position:33% 49%;--awb-caption-title-font-family:var(--h2_typography-font-family);--awb-caption-title-font-weight:var(--h2_typography-font-weight);--awb-caption-title-font-style:var(--h2_typography-font-style);--awb-caption-title-size:var(--h2_typography-font-size);--awb-caption-title-transform:var(--h2_typography-text-transform);--awb-caption-title-line-height:var(--h2_typography-line-height);--awb-caption-title-letter-spacing:var(--h2_typography-letter-spacing);\"><span class=\" fusion-imageframe imageframe-none imageframe-4 hover-type-none has-aspect-ratio\"><img decoding=\"async\" width=\"1024\" height=\"681\" title=\"_GVP1613\" src=\"https:\/\/planinskimuzej.si\/wp-content\/uploads\/2024\/09\/GVP1613-1024x681.jpg\" class=\"img-responsive wp-image-33647 img-with-aspect-ratio\" data-parent-fit=\"cover\" data-parent-container=\".fusion-image-element\" alt srcset=\"https:\/\/planinskimuzej.si\/wp-content\/uploads\/2024\/09\/GVP1613-200x133.jpg 200w, https:\/\/planinskimuzej.si\/wp-content\/uploads\/2024\/09\/GVP1613-400x266.jpg 400w, https:\/\/planinskimuzej.si\/wp-content\/uploads\/2024\/09\/GVP1613-600x399.jpg 600w, https:\/\/planinskimuzej.si\/wp-content\/uploads\/2024\/09\/GVP1613-800x532.jpg 800w, https:\/\/planinskimuzej.si\/wp-content\/uploads\/2024\/09\/GVP1613-1200x798.jpg 1200w, https:\/\/planinskimuzej.si\/wp-content\/uploads\/2024\/09\/GVP1613.jpg 1920w\" sizes=\"(max-width: 1024px) 100vw, (max-width: 640px) 100vw, 600px\" \/><\/span><\/div><\/div><\/div><div class=\"fusion-layout-column fusion_builder_column fusion-builder-column-6 fusion_builder_column_1_1 1_1 fusion-flex-column\" style=\"--awb-bg-size:cover;--awb-width-large:100%;--awb-margin-top-large:0px;--awb-spacing-right-large:1.92%;--awb-margin-bottom-large:0px;--awb-spacing-left-large:1.92%;--awb-width-medium:100%;--awb-order-medium:0;--awb-spacing-right-medium:1.92%;--awb-spacing-left-medium:1.92%;--awb-width-small:100%;--awb-order-small:0;--awb-spacing-right-small:1.92%;--awb-spacing-left-small:1.92%;\"><div class=\"fusion-column-wrapper fusion-column-has-shadow fusion-flex-justify-content-flex-start fusion-content-layout-column\"><div class=\"fusion-text fusion-text-2\"><p>For educational programs, please register with the curator-educator Neli \u0160tular at least <b>five working days<\/b> before your visit via email at <a href=\"mailto:neli.stular@planinskimuzej.si\">neli.stular@planinskimuzej.si<\/a> or call 08 380 67 32.<\/p>\n<\/div><\/div><\/div><\/div><\/div><\/p>\n","protected":false},"excerpt":{"rendered":"","protected":false},"author":1,"featured_media":0,"parent":0,"menu_order":0,"comment_status":"closed","ping_status":"closed","template":"","meta":{"footnotes":""},"class_list":["post-37491","page","type-page","status-publish","hentry"],"yoast_head":"<!-- This site is optimized with the Yoast SEO plugin v27.1.1 - https:\/\/yoast.com\/product\/yoast-seo-wordpress\/ -->\n<title>Offer for groups - Planinski Muzej<\/title>\n<meta name=\"robots\" content=\"index, follow, max-snippet:-1, max-image-preview:large, max-video-preview:-1\" \/>\n<link rel=\"canonical\" href=\"https:\/\/planinskimuzej.si\/en\/offer-for-groups\/\" \/>\n<meta property=\"og:locale\" content=\"en_US\" \/>\n<meta property=\"og:type\" content=\"article\" \/>\n<meta property=\"og:title\" content=\"Offer for groups - Planinski Muzej\" \/>\n<meta property=\"og:url\" content=\"https:\/\/planinskimuzej.si\/en\/offer-for-groups\/\" \/>\n<meta property=\"og:site_name\" content=\"Planinski Muzej\" \/>\n<meta property=\"article:modified_time\" content=\"2025-06-01T11:37:53+00:00\" \/>\n<meta name=\"twitter:card\" content=\"summary_large_image\" \/>\n<meta name=\"twitter:label1\" content=\"Est. reading time\" \/>\n\t<meta name=\"twitter:data1\" content=\"2 minutes\" \/>\n<script type=\"application\/ld+json\" class=\"yoast-schema-graph\">{\"@context\":\"https:\/\/schema.org\",\"@graph\":[{\"@type\":\"WebPage\",\"@id\":\"https:\/\/planinskimuzej.si\/en\/offer-for-groups\/\",\"url\":\"https:\/\/planinskimuzej.si\/en\/offer-for-groups\/\",\"name\":\"Offer for groups - Planinski Muzej\",\"isPartOf\":{\"@id\":\"https:\/\/planinskimuzej.si\/#website\"},\"datePublished\":\"2025-01-07T08:17:33+00:00\",\"dateModified\":\"2025-06-01T11:37:53+00:00\",\"breadcrumb\":{\"@id\":\"https:\/\/planinskimuzej.si\/en\/offer-for-groups\/#breadcrumb\"},\"inLanguage\":\"en-US\",\"potentialAction\":[{\"@type\":\"ReadAction\",\"target\":[\"https:\/\/planinskimuzej.si\/en\/offer-for-groups\/\"]}]},{\"@type\":\"BreadcrumbList\",\"@id\":\"https:\/\/planinskimuzej.si\/en\/offer-for-groups\/#breadcrumb\",\"itemListElement\":[{\"@type\":\"ListItem\",\"position\":1,\"name\":\"Home\",\"item\":\"https:\/\/planinskimuzej.si\/en\/\"},{\"@type\":\"ListItem\",\"position\":2,\"name\":\"Offer for groups\"}]},{\"@type\":\"WebSite\",\"@id\":\"https:\/\/planinskimuzej.si\/#website\",\"url\":\"https:\/\/planinskimuzej.si\/\",\"name\":\"Planinski Muzej\",\"description\":\"Slovenski planinski muzej v Mojstrani ponuja pravo gorsko izku\u0161njo za alpinisti\u010dne navdu\u0161ence.\",\"potentialAction\":[{\"@type\":\"SearchAction\",\"target\":{\"@type\":\"EntryPoint\",\"urlTemplate\":\"https:\/\/planinskimuzej.si\/?s={search_term_string}\"},\"query-input\":{\"@type\":\"PropertyValueSpecification\",\"valueRequired\":true,\"valueName\":\"search_term_string\"}}],\"inLanguage\":\"en-US\"}]}<\/script>\n<!-- \/ Yoast SEO plugin. -->","yoast_head_json":{"title":"Offer for groups - Planinski Muzej","robots":{"index":"index","follow":"follow","max-snippet":"max-snippet:-1","max-image-preview":"max-image-preview:large","max-video-preview":"max-video-preview:-1"},"canonical":"https:\/\/planinskimuzej.si\/en\/offer-for-groups\/","og_locale":"en_US","og_type":"article","og_title":"Offer for groups - Planinski Muzej","og_url":"https:\/\/planinskimuzej.si\/en\/offer-for-groups\/","og_site_name":"Planinski Muzej","article_modified_time":"2025-06-01T11:37:53+00:00","twitter_card":"summary_large_image","twitter_misc":{"Est. reading time":"2 minutes"},"schema":{"@context":"https:\/\/schema.org","@graph":[{"@type":"WebPage","@id":"https:\/\/planinskimuzej.si\/en\/offer-for-groups\/","url":"https:\/\/planinskimuzej.si\/en\/offer-for-groups\/","name":"Offer for groups - Planinski Muzej","isPartOf":{"@id":"https:\/\/planinskimuzej.si\/#website"},"datePublished":"2025-01-07T08:17:33+00:00","dateModified":"2025-06-01T11:37:53+00:00","breadcrumb":{"@id":"https:\/\/planinskimuzej.si\/en\/offer-for-groups\/#breadcrumb"},"inLanguage":"en-US","potentialAction":[{"@type":"ReadAction","target":["https:\/\/planinskimuzej.si\/en\/offer-for-groups\/"]}]},{"@type":"BreadcrumbList","@id":"https:\/\/planinskimuzej.si\/en\/offer-for-groups\/#breadcrumb","itemListElement":[{"@type":"ListItem","position":1,"name":"Home","item":"https:\/\/planinskimuzej.si\/en\/"},{"@type":"ListItem","position":2,"name":"Offer for groups"}]},{"@type":"WebSite","@id":"https:\/\/planinskimuzej.si\/#website","url":"https:\/\/planinskimuzej.si\/","name":"Planinski Muzej","description":"Slovenski planinski muzej v Mojstrani ponuja pravo gorsko izku\u0161njo za alpinisti\u010dne navdu\u0161ence.","potentialAction":[{"@type":"SearchAction","target":{"@type":"EntryPoint","urlTemplate":"https:\/\/planinskimuzej.si\/?s={search_term_string}"},"query-input":{"@type":"PropertyValueSpecification","valueRequired":true,"valueName":"search_term_string"}}],"inLanguage":"en-US"}]}},"_links":{"self":[{"href":"https:\/\/planinskimuzej.si\/en\/wp-json\/wp\/v2\/pages\/37491","targetHints":{"allow":["GET"]}}],"collection":[{"href":"https:\/\/planinskimuzej.si\/en\/wp-json\/wp\/v2\/pages"}],"about":[{"href":"https:\/\/planinskimuzej.si\/en\/wp-json\/wp\/v2\/types\/page"}],"author":[{"embeddable":true,"href":"https:\/\/planinskimuzej.si\/en\/wp-json\/wp\/v2\/users\/1"}],"replies":[{"embeddable":true,"href":"https:\/\/planinskimuzej.si\/en\/wp-json\/wp\/v2\/comments?post=37491"}],"version-history":[{"count":8,"href":"https:\/\/planinskimuzej.si\/en\/wp-json\/wp\/v2\/pages\/37491\/revisions"}],"predecessor-version":[{"id":45359,"href":"https:\/\/planinskimuzej.si\/en\/wp-json\/wp\/v2\/pages\/37491\/revisions\/45359"}],"wp:attachment":[{"href":"https:\/\/planinskimuzej.si\/en\/wp-json\/wp\/v2\/media?parent=37491"}],"curies":[{"name":"wp","href":"https:\/\/api.w.org\/{rel}","templated":true}]}}