{"id":37504,"date":"2025-01-07T10:24:42","date_gmt":"2025-01-07T09:24:42","guid":{"rendered":"https:\/\/dev.planinskimuzej.si\/?page_id=37504"},"modified":"2025-06-01T13:53:58","modified_gmt":"2025-06-01T11:53:58","slug":"for-slightly-older","status":"publish","type":"page","link":"https:\/\/planinskimuzej.si\/en\/for-slightly-older\/","title":{"rendered":"For slightly older"},"content":{"rendered":"<p><div class=\"fusion-fullwidth fullwidth-box fusion-builder-row-1 fusion-flex-container has-pattern-background has-mask-background nonhundred-percent-fullwidth non-hundred-percent-height-scrolling\" style=\"--awb-border-radius-top-left:0px;--awb-border-radius-top-right:0px;--awb-border-radius-bottom-right:0px;--awb-border-radius-bottom-left:0px;--awb-flex-wrap:wrap;\" ><div class=\"fusion-builder-row fusion-row fusion-flex-align-items-stretch fusion-flex-content-wrap\" style=\"max-width:1144px;margin-left: calc(-4% \/ 2 );margin-right: calc(-4% \/ 2 );\"><div class=\"fusion-layout-column fusion_builder_column fusion-builder-column-0 fusion_builder_column_1_1 1_1 fusion-flex-column\" style=\"--awb-bg-size:cover;--awb-width-large:100%;--awb-margin-top-large:0px;--awb-spacing-right-large:1.92%;--awb-margin-bottom-large:0px;--awb-spacing-left-large:1.92%;--awb-width-medium:100%;--awb-order-medium:0;--awb-spacing-right-medium:1.92%;--awb-spacing-left-medium:1.92%;--awb-width-small:100%;--awb-order-small:0;--awb-spacing-right-small:1.92%;--awb-spacing-left-small:1.92%;\"><div class=\"fusion-column-wrapper fusion-column-has-shadow fusion-flex-justify-content-flex-start fusion-content-layout-column\"><div class=\"fusion-title title fusion-title-1 fusion-sep-none fusion-title-text fusion-title-size-one\" style=\"--awb-margin-top-small:0px;--awb-margin-right-small:0px;--awb-margin-bottom-small:20px;--awb-margin-left-small:0px;\"><h1 class=\"fusion-title-heading title-heading-left\" style=\"margin:0;\">For slightly older<\/h1><\/div><\/div><\/div><div class=\"fusion-layout-column fusion_builder_column fusion-builder-column-1 fusion_builder_column_1_2 1_2 fusion-flex-column\" style=\"--awb-padding-top:15px;--awb-padding-right:15px;--awb-padding-bottom:15px;--awb-padding-left:15px;--awb-bg-size:cover;--awb-border-color:var(--awb-color7);--awb-border-top:1px;--awb-border-right:1px;--awb-border-bottom:1px;--awb-border-left:1px;--awb-border-style:solid;--awb-width-large:50%;--awb-margin-top-large:25px;--awb-spacing-right-large:3.84%;--awb-margin-bottom-large:0px;--awb-spacing-left-large:3.84%;--awb-width-medium:100%;--awb-order-medium:0;--awb-spacing-right-medium:1.92%;--awb-spacing-left-medium:1.92%;--awb-width-small:100%;--awb-order-small:0;--awb-spacing-right-small:1.92%;--awb-spacing-left-small:1.92%;\" data-scroll-devices=\"small-visibility,medium-visibility,large-visibility\"><div class=\"fusion-column-wrapper fusion-column-has-shadow fusion-flex-justify-content-flex-start fusion-content-layout-column\"><div class=\"fusion-title title fusion-title-2 fusion-sep-none fusion-title-text fusion-title-size-two\" style=\"--awb-margin-top-small:0px;--awb-margin-right-small:0px;--awb-margin-bottom-small:20px;--awb-margin-left-small:0px;--awb-font-size:22px;\"><h2 class=\"fusion-title-heading title-heading-left\" style=\"margin:0;font-size:1em;\">Alja\u017e Tower<\/h2><\/div><div class=\"fusion-text fusion-text-1\"><ul>\n<li>Duration 2 to 3 hours or by arrangement<\/li>\n<li>Price 6\u20ac<\/li>\n<li>Age Primary School<\/li>\n<\/ul>\n<\/div><div class=\"fusion-modal modal fade modal-1 aljazevstolp\" tabindex=\"-1\" role=\"dialog\" aria-labelledby=\"modal-heading-1\" aria-hidden=\"true\" style=\"--awb-border-color:#ebebeb;--awb-background:#f6f6f6;\"><div class=\"modal-dialog modal-lg\" role=\"document\"><div class=\"modal-content fusion-modal-content\"><div class=\"modal-header\"><button class=\"close\" type=\"button\" data-dismiss=\"modal\" aria-hidden=\"true\" aria-label=\"Close\">&times;<\/button><h3 class=\"modal-title\" id=\"modal-heading-1\" data-dismiss=\"modal\" aria-hidden=\"true\">Alja\u017e Tower<\/h3><\/div><div class=\"modal-body fusion-clearfix\">\n<p>Who is &#8220;responsible&#8221; for dragging this tower to the top of Triglav more than a century ago, and why are we still so proud of it today, you will discover in our most patriotically coloured workshop.<\/p>\n<p>Guided tour of the exhibition focusing on the national importance of mountaineering and Triglav for Slovene national awareness. We also present the clothing in which our ancestors visited the mountain world up until World War II.<\/p>\n<p>By prior arrangement with teachers, participants bring various materials (newspaper clippings about Triglav, various photos, etc.) and in groups, create posters on the theme of Triglav (songs about Triglav, stories about Triglav, Triglav as advertising material or a souvenir, speaking Triglav, etc.). Some materials are also prepared in the museum.<\/p>\n<p>Workshop: creating Alja\u017e Tower, which is glued onto a stone. Students bring their own stone.<\/p>\n<p>The program includes a workbook.<\/p>\n<p>The program is suitable for a full-day natural science, social science, or sports day.<\/p>\n<p><em>Program goals:<\/em><\/p>\n<ul>\n<li>strengthening patriotic and civic education<\/li>\n<li>developing a positive attitude towards heritage<\/li>\n<li>understanding the significance of mountaineering for the Slovene national space<\/li>\n<li>recognizing Triglav with the tower as one of the Slovene national symbols<\/li>\n<li>stimulating creativity and imagination in creating a tourism or educational product<\/li>\n<li>encouraging teamwork and collaboration<\/li>\n<li>developing &#8220;collegial&#8221; communication in the group, tolerance for accepting other ideas<\/li>\n<li>encouraging teachers&#8217; collaboration in planning the active visit to the museum<\/li>\n<li>encouraging teachers to prepare students for the visit to the museum\/program in advance<\/li>\n<li>using different sources to acquire and strengthen one&#8217;s own knowledge<\/li>\n<\/ul>\n<\/div><div class=\"modal-footer\"><button class=\"fusion-button button-default button-medium button default medium\" type=\"button\" data-dismiss=\"modal\">Close<\/button><\/div><\/div><\/div><\/div><div style=\"text-align:left;\"><a class=\"fusion-button button-flat fusion-button-default-size button-default fusion-button-default button-1 fusion-button-default-span fusion-button-default-type\" style=\"--button-border-radius-top-left:20px;--button-border-radius-top-right:20px;--button-border-radius-bottom-right:20px;--button-border-radius-bottom-left:20px;\" target=\"_self\" role=\"button\" href=\"#\" data-toggle=\"modal\" data-target=\".fusion-modal.aljazevstolp\"><span class=\"fusion-button-text awb-button__text awb-button__text--default\">More info<\/span><\/a><\/div><\/div><\/div><div class=\"fusion-layout-column fusion_builder_column fusion-builder-column-2 fusion_builder_column_1_2 1_2 fusion-flex-column\" style=\"--awb-padding-top:15px;--awb-padding-right:15px;--awb-padding-bottom:15px;--awb-padding-left:15px;--awb-bg-size:cover;--awb-border-color:var(--awb-color7);--awb-border-top:1px;--awb-border-right:1px;--awb-border-bottom:1px;--awb-border-left:1px;--awb-border-style:solid;--awb-width-large:50%;--awb-margin-top-large:25px;--awb-spacing-right-large:3.84%;--awb-margin-bottom-large:0px;--awb-spacing-left-large:3.84%;--awb-width-medium:100%;--awb-order-medium:0;--awb-spacing-right-medium:1.92%;--awb-spacing-left-medium:1.92%;--awb-width-small:100%;--awb-order-small:0;--awb-spacing-right-small:1.92%;--awb-spacing-left-small:1.92%;\" data-scroll-devices=\"small-visibility,medium-visibility,large-visibility\"><div class=\"fusion-column-wrapper fusion-column-has-shadow fusion-flex-justify-content-flex-start fusion-content-layout-column\"><div class=\"fusion-title title fusion-title-3 fusion-sep-none fusion-title-text fusion-title-size-two\" style=\"--awb-margin-top-small:0px;--awb-margin-right-small:0px;--awb-margin-bottom-small:20px;--awb-margin-left-small:0px;--awb-font-size:22px;\"><h2 class=\"fusion-title-heading title-heading-left\" style=\"margin:0;font-size:1em;\">Mountain Rescuers<\/h2><\/div><div class=\"fusion-text fusion-text-2\"><ul>\n<li>Duration 120 minutes or by arrangement<\/li>\n<li>Price 7\u20ac<\/li>\n<li>Age Primary School 4th to 9th grade, Secondary School<\/li>\n<\/ul>\n<\/div><div class=\"fusion-modal modal fade modal-2 srecnimozje\" tabindex=\"-1\" role=\"dialog\" aria-labelledby=\"modal-heading-2\" aria-hidden=\"true\" style=\"--awb-border-color:#ebebeb;--awb-background:#f6f6f6;\"><div class=\"modal-dialog modal-lg\" role=\"document\"><div class=\"modal-content fusion-modal-content\"><div class=\"modal-header\"><button class=\"close\" type=\"button\" data-dismiss=\"modal\" aria-hidden=\"true\" aria-label=\"Close\">&times;<\/button><h3 class=\"modal-title\" id=\"modal-heading-2\" data-dismiss=\"modal\" aria-hidden=\"true\">Mountain Rescuers<\/h3><\/div><div class=\"modal-body fusion-clearfix\">\n<div class=\"fusion-text fusion-text-8\">\n<p>Presentation of the equipment and work of the mountain rescue service through storytelling by experienced mountain rescuers.<\/p>\n<p>The presentation of the equipment and work of the mountain rescue service is led by experienced rescuers. Visitors will get to know the rescue equipment, feel its weight, and test its use. By visiting the permanent GRS exhibition, they can compare the advantages of current mountain rescuers&#8217; roles with those of the past. Face to face with the museum&#8217;s helicopter, they will assemble it from wooden parts and paint it in the colours of the first Slovene rescue and police helicopter. They will also learn the basics of safe hiking in the mountains. As participants in the program, they will receive a first aid kit, which should always be in a backpack on a mountain trail.<\/p>\n<p>Part of the proceeds from this program goes to the GRS Mojstrana for the operation of the Okre\u0161elj Fund.<\/p>\n<p>The program is suitable for a full-day natural science, social science, or sports day.<\/p>\n<p><em>Program goals:<\/em><\/p>\n<ul>\n<li>Sensitivity and responsibility for others<\/li>\n<li>Recognize responsible behaviour towards oneself and others<\/li>\n<li>Develop an understanding of the importance of cooperation among people<\/li>\n<li>Empathy for the situation of others<\/li>\n<li>Learn the importance of preparation for safe mountain visits<\/li>\n<li>Practically learn some methods of handling danger or accidents (handling during a storm, first aid, etc.)<\/li>\n<\/ul>\n<\/div>\n<\/div><div class=\"modal-footer\"><button class=\"fusion-button button-default button-medium button default medium\" type=\"button\" data-dismiss=\"modal\">Close<\/button><\/div><\/div><\/div><\/div><div style=\"text-align:left;\"><a class=\"fusion-button button-flat fusion-button-default-size button-default fusion-button-default button-2 fusion-button-default-span fusion-button-default-type\" style=\"--button-border-radius-top-left:20px;--button-border-radius-top-right:20px;--button-border-radius-bottom-right:20px;--button-border-radius-bottom-left:20px;\" target=\"_self\" role=\"button\" href=\"#\" data-toggle=\"modal\" data-target=\".fusion-modal.srecnimozje\"><span class=\"fusion-button-text awb-button__text awb-button__text--default\">More info<\/span><\/a><\/div><\/div><\/div><\/div><\/div><div class=\"fusion-fullwidth fullwidth-box fusion-builder-row-2 fusion-flex-container has-pattern-background has-mask-background nonhundred-percent-fullwidth non-hundred-percent-height-scrolling\" style=\"--awb-border-radius-top-left:0px;--awb-border-radius-top-right:0px;--awb-border-radius-bottom-right:0px;--awb-border-radius-bottom-left:0px;--awb-flex-wrap:wrap;\" ><div class=\"fusion-builder-row fusion-row fusion-flex-align-items-stretch fusion-flex-content-wrap\" style=\"max-width:1144px;margin-left: calc(-4% \/ 2 );margin-right: calc(-4% \/ 2 );\"><div class=\"fusion-layout-column fusion_builder_column fusion-builder-column-3 fusion_builder_column_1_2 1_2 fusion-flex-column\" style=\"--awb-padding-top:15px;--awb-padding-right:15px;--awb-padding-bottom:15px;--awb-padding-left:15px;--awb-bg-size:cover;--awb-border-color:var(--awb-color7);--awb-border-top:1px;--awb-border-right:1px;--awb-border-bottom:1px;--awb-border-left:1px;--awb-border-style:solid;--awb-width-large:50%;--awb-margin-top-large:25px;--awb-spacing-right-large:3.84%;--awb-margin-bottom-large:0px;--awb-spacing-left-large:3.84%;--awb-width-medium:100%;--awb-order-medium:0;--awb-spacing-right-medium:1.92%;--awb-spacing-left-medium:1.92%;--awb-width-small:100%;--awb-order-small:0;--awb-spacing-right-small:1.92%;--awb-spacing-left-small:1.92%;\" data-scroll-devices=\"small-visibility,medium-visibility,large-visibility\"><div class=\"fusion-column-wrapper fusion-column-has-shadow fusion-flex-justify-content-flex-start fusion-content-layout-column\"><div class=\"fusion-title title fusion-title-4 fusion-sep-none fusion-title-text fusion-title-size-two\" style=\"--awb-margin-top-small:0px;--awb-margin-right-small:0px;--awb-margin-bottom-small:20px;--awb-margin-left-small:0px;--awb-font-size:22px;\"><h2 class=\"fusion-title-heading title-heading-left\" style=\"margin:0;font-size:1em;\">Museum \u2013 A Space for Creative Inspiration<\/h2><\/div><div class=\"fusion-text fusion-text-3\"><ul>\n<li>Duration &#8211;\u00a0by arrangement<\/li>\n<li>Price 6\u20ac<\/li>\n<li>Age Primary School 3rd grade, Secondary School<\/li>\n<\/ul>\n<\/div><div class=\"fusion-modal modal fade modal-3 muzej\" tabindex=\"-1\" role=\"dialog\" aria-labelledby=\"modal-heading-3\" aria-hidden=\"true\" style=\"--awb-border-color:#ebebeb;--awb-background:#f6f6f6;\"><div class=\"modal-dialog modal-lg\" role=\"document\"><div class=\"modal-content fusion-modal-content\"><div class=\"modal-header\"><button class=\"close\" type=\"button\" data-dismiss=\"modal\" aria-hidden=\"true\" aria-label=\"Close\">&times;<\/button><h3 class=\"modal-title\" id=\"modal-heading-3\" data-dismiss=\"modal\" aria-hidden=\"true\">Museum \u2013 A Space for Creative Inspiration<\/h3><\/div><div class=\"modal-body fusion-clearfix\">\n<p>Just as mountains leave their mark in all forms of art, we will surrender ourselves to the inspiration that our museum offers.<\/p>\n<p>Guided tour of the permanent exhibition with additional thematic animation programs that encourage creativity and imagination of students. The work is done in groups (drawing the mountain mascot, writing poems, dramatizing a mountain fairytale, presenting mountaineers, presenting mountain rescues, etc.).<\/p>\n<p>Guided tour of the permanent exhibition with additional thematic animation programs that stimulate creativity and imagination of visitors. The work is carried out in groups (drawing the mountain mascot, writing poems, dramatizing a mountain fairytale, presenting mountaineers, presenting mountain rescues, etc.). Themes are adapted to the skills, interests, and wishes of the students, who, in prior agreement with the teacher, also bring materials with them.<\/p>\n<p>Includes a workbook or worksheets.<\/p>\n<p><em>Program goals:<\/em><\/p>\n<ul>\n<li>Encourage creativity and imagination in designing a tourist or educational product<\/li>\n<li>Promote teamwork and collaboration<\/li>\n<li>Develop &#8220;collegial&#8221; communication in a group, tolerance for accepting other ideas<\/li>\n<li>Encourage cooperation among teachers in planning an active museum visit<\/li>\n<li>Encourage teachers to prepare students in advance for the museum program\/visit<\/li>\n<li>Use various sources to acquire and strengthen personal knowledge<\/li>\n<li>Connect knowledge gained at school with practical application<\/li>\n<\/ul>\n<\/div><div class=\"modal-footer\"><button class=\"fusion-button button-default button-medium button default medium\" type=\"button\" data-dismiss=\"modal\">Close<\/button><\/div><\/div><\/div><\/div><div style=\"text-align:left;\"><a class=\"fusion-button button-flat fusion-button-default-size button-default fusion-button-default button-3 fusion-button-default-span fusion-button-default-type\" style=\"--button-border-radius-top-left:20px;--button-border-radius-top-right:20px;--button-border-radius-bottom-right:20px;--button-border-radius-bottom-left:20px;\" target=\"_self\" role=\"button\" href=\"#\" data-toggle=\"modal\" data-target=\".fusion-modal.muzej\"><span class=\"fusion-button-text awb-button__text awb-button__text--default\">More info<\/span><\/a><\/div><\/div><\/div><div class=\"fusion-layout-column fusion_builder_column fusion-builder-column-4 fusion_builder_column_1_2 1_2 fusion-flex-column\" style=\"--awb-padding-top:15px;--awb-padding-right:15px;--awb-padding-bottom:15px;--awb-padding-left:15px;--awb-bg-size:cover;--awb-border-color:var(--awb-color7);--awb-border-top:1px;--awb-border-right:1px;--awb-border-bottom:1px;--awb-border-left:1px;--awb-border-style:solid;--awb-width-large:50%;--awb-margin-top-large:25px;--awb-spacing-right-large:3.84%;--awb-margin-bottom-large:0px;--awb-spacing-left-large:3.84%;--awb-width-medium:100%;--awb-order-medium:0;--awb-spacing-right-medium:1.92%;--awb-spacing-left-medium:1.92%;--awb-width-small:100%;--awb-order-small:0;--awb-spacing-right-small:1.92%;--awb-spacing-left-small:1.92%;\" data-scroll-devices=\"small-visibility,medium-visibility,large-visibility\"><div class=\"fusion-column-wrapper fusion-column-has-shadow fusion-flex-justify-content-flex-start fusion-content-layout-column\"><div class=\"fusion-title title fusion-title-5 fusion-sep-none fusion-title-text fusion-title-size-two\" style=\"--awb-margin-top-small:0px;--awb-margin-right-small:0px;--awb-margin-bottom-small:20px;--awb-margin-left-small:0px;--awb-font-size:22px;\"><h2 class=\"fusion-title-heading title-heading-left\" style=\"margin:0;font-size:1em;\">Alja\u017e Through the Eyes of Po\u017eganec<\/h2><\/div><div class=\"fusion-text fusion-text-4\"><ul>\n<li>Duration 60 min<\/li>\n<li>Price \u2013 youth, pensioners6,00 \u20ac<\/li>\n<li>Price \u2013 adults10,00 \u20ac<\/li>\n<li>Age Primary School 3rd grade, Secondary School, Adults<\/li>\n<\/ul>\n<\/div><div class=\"fusion-modal modal fade modal-4 pozganc\" tabindex=\"-1\" role=\"dialog\" aria-labelledby=\"modal-heading-4\" aria-hidden=\"true\" style=\"--awb-border-color:#ebebeb;--awb-background:#f6f6f6;\"><div class=\"modal-dialog modal-lg\" role=\"document\"><div class=\"modal-content fusion-modal-content\"><div class=\"modal-header\"><button class=\"close\" type=\"button\" data-dismiss=\"modal\" aria-hidden=\"true\" aria-label=\"Close\">&times;<\/button><h3 class=\"modal-title\" id=\"modal-heading-4\" data-dismiss=\"modal\" aria-hidden=\"true\">Alja\u017e Through the Eyes of Po\u017eganec<\/h3><\/div><div class=\"modal-body fusion-clearfix\">\n<p>Immerse yourself in the story of Janez Klinar, affectionately known as Po\u017eganec, a housekeeper and tavern keeper from Mojstrana, a mountain guide, and assistant to our parish priest Jakob Alja\u017e!<\/p>\n<p>A guided tour of the permanent exhibition with mountain guide Janez Klinar Po\u017eganec, Jakob Alja\u017e&#8217;s main assistant. Through the stories of individual museum exhibits, the actor portraying Po\u017eganec introduces the work of Jakob Alja\u017e around Triglav, his significance for the development of mountain tourism, and the preservation of the Slovenian face of our mountains. From his narration, we sense the integrity, wisdom, and patriotic love of the simple Slovenian person who worked as a mountain guide to provide for a better life.<\/p>\n<p>To make the journey easier, Po\u017eganec offers visitors a traditional mountain snack and accompanies them with encouraging words through the permanent exhibition.<\/p>\n<p>Visitors can also take photos with Po\u017eganec and take home a replica of the official badge of the Slovenian Mountaineering Association-certified mountain guide.<\/p>\n<p>By arrangement, the introductory film *Svetlobe gora* (20 min) can also be viewed.<\/p>\n<p>Program goals:<\/p>\n<ul>\n<li>Develop positive emotions towards the homeland, a sense of belonging to one&#8217;s nation and state, and love for its natural and cultural heritage<\/li>\n<li>Recognize the significance of certain individuals for the benefit of the community<\/li>\n<li>Understand the connection between people and the environment<\/li>\n<\/ul>\n<\/div><div class=\"modal-footer\"><button class=\"fusion-button button-default button-medium button default medium\" type=\"button\" data-dismiss=\"modal\">Close<\/button><\/div><\/div><\/div><\/div><div style=\"text-align:left;\"><a class=\"fusion-button button-flat fusion-button-default-size button-default fusion-button-default button-4 fusion-button-default-span fusion-button-default-type\" style=\"--button-border-radius-top-left:20px;--button-border-radius-top-right:20px;--button-border-radius-bottom-right:20px;--button-border-radius-bottom-left:20px;\" target=\"_self\" role=\"button\" href=\"#\" data-toggle=\"modal\" data-target=\".fusion-modal.pozganc\"><span class=\"fusion-button-text awb-button__text awb-button__text--default\">More info<\/span><\/a><\/div><\/div><\/div><\/div><\/div><\/p>\n","protected":false},"excerpt":{"rendered":"","protected":false},"author":1,"featured_media":0,"parent":0,"menu_order":0,"comment_status":"closed","ping_status":"closed","template":"","meta":{"footnotes":""},"class_list":["post-37504","page","type-page","status-publish","hentry"],"yoast_head":"<!-- This site is optimized with the Yoast SEO plugin v27.1.1 - https:\/\/yoast.com\/product\/yoast-seo-wordpress\/ -->\n<title>For slightly older - Planinski Muzej<\/title>\n<meta name=\"robots\" content=\"index, follow, max-snippet:-1, max-image-preview:large, max-video-preview:-1\" \/>\n<link rel=\"canonical\" href=\"https:\/\/planinskimuzej.si\/en\/for-slightly-older\/\" \/>\n<meta property=\"og:locale\" content=\"en_US\" \/>\n<meta property=\"og:type\" content=\"article\" \/>\n<meta property=\"og:title\" content=\"For slightly older - Planinski Muzej\" \/>\n<meta property=\"og:url\" content=\"https:\/\/planinskimuzej.si\/en\/for-slightly-older\/\" \/>\n<meta property=\"og:site_name\" content=\"Planinski Muzej\" \/>\n<meta property=\"article:modified_time\" content=\"2025-06-01T11:53:58+00:00\" \/>\n<meta name=\"twitter:card\" content=\"summary_large_image\" \/>\n<meta name=\"twitter:label1\" content=\"Est. reading time\" \/>\n\t<meta name=\"twitter:data1\" content=\"5 minutes\" \/>\n<script type=\"application\/ld+json\" class=\"yoast-schema-graph\">{\"@context\":\"https:\/\/schema.org\",\"@graph\":[{\"@type\":\"WebPage\",\"@id\":\"https:\/\/planinskimuzej.si\/en\/for-slightly-older\/\",\"url\":\"https:\/\/planinskimuzej.si\/en\/for-slightly-older\/\",\"name\":\"For slightly older - Planinski Muzej\",\"isPartOf\":{\"@id\":\"https:\/\/planinskimuzej.si\/#website\"},\"datePublished\":\"2025-01-07T09:24:42+00:00\",\"dateModified\":\"2025-06-01T11:53:58+00:00\",\"breadcrumb\":{\"@id\":\"https:\/\/planinskimuzej.si\/en\/for-slightly-older\/#breadcrumb\"},\"inLanguage\":\"en-US\",\"potentialAction\":[{\"@type\":\"ReadAction\",\"target\":[\"https:\/\/planinskimuzej.si\/en\/for-slightly-older\/\"]}]},{\"@type\":\"BreadcrumbList\",\"@id\":\"https:\/\/planinskimuzej.si\/en\/for-slightly-older\/#breadcrumb\",\"itemListElement\":[{\"@type\":\"ListItem\",\"position\":1,\"name\":\"Home\",\"item\":\"https:\/\/planinskimuzej.si\/en\/\"},{\"@type\":\"ListItem\",\"position\":2,\"name\":\"For slightly older\"}]},{\"@type\":\"WebSite\",\"@id\":\"https:\/\/planinskimuzej.si\/#website\",\"url\":\"https:\/\/planinskimuzej.si\/\",\"name\":\"Planinski Muzej\",\"description\":\"Slovenski planinski muzej v Mojstrani ponuja pravo gorsko izku\u0161njo za alpinisti\u010dne navdu\u0161ence.\",\"potentialAction\":[{\"@type\":\"SearchAction\",\"target\":{\"@type\":\"EntryPoint\",\"urlTemplate\":\"https:\/\/planinskimuzej.si\/?s={search_term_string}\"},\"query-input\":{\"@type\":\"PropertyValueSpecification\",\"valueRequired\":true,\"valueName\":\"search_term_string\"}}],\"inLanguage\":\"en-US\"}]}<\/script>\n<!-- \/ Yoast SEO plugin. -->","yoast_head_json":{"title":"For slightly older - Planinski Muzej","robots":{"index":"index","follow":"follow","max-snippet":"max-snippet:-1","max-image-preview":"max-image-preview:large","max-video-preview":"max-video-preview:-1"},"canonical":"https:\/\/planinskimuzej.si\/en\/for-slightly-older\/","og_locale":"en_US","og_type":"article","og_title":"For slightly older - Planinski Muzej","og_url":"https:\/\/planinskimuzej.si\/en\/for-slightly-older\/","og_site_name":"Planinski Muzej","article_modified_time":"2025-06-01T11:53:58+00:00","twitter_card":"summary_large_image","twitter_misc":{"Est. reading time":"5 minutes"},"schema":{"@context":"https:\/\/schema.org","@graph":[{"@type":"WebPage","@id":"https:\/\/planinskimuzej.si\/en\/for-slightly-older\/","url":"https:\/\/planinskimuzej.si\/en\/for-slightly-older\/","name":"For slightly older - Planinski Muzej","isPartOf":{"@id":"https:\/\/planinskimuzej.si\/#website"},"datePublished":"2025-01-07T09:24:42+00:00","dateModified":"2025-06-01T11:53:58+00:00","breadcrumb":{"@id":"https:\/\/planinskimuzej.si\/en\/for-slightly-older\/#breadcrumb"},"inLanguage":"en-US","potentialAction":[{"@type":"ReadAction","target":["https:\/\/planinskimuzej.si\/en\/for-slightly-older\/"]}]},{"@type":"BreadcrumbList","@id":"https:\/\/planinskimuzej.si\/en\/for-slightly-older\/#breadcrumb","itemListElement":[{"@type":"ListItem","position":1,"name":"Home","item":"https:\/\/planinskimuzej.si\/en\/"},{"@type":"ListItem","position":2,"name":"For slightly older"}]},{"@type":"WebSite","@id":"https:\/\/planinskimuzej.si\/#website","url":"https:\/\/planinskimuzej.si\/","name":"Planinski Muzej","description":"Slovenski planinski muzej v Mojstrani ponuja pravo gorsko izku\u0161njo za alpinisti\u010dne navdu\u0161ence.","potentialAction":[{"@type":"SearchAction","target":{"@type":"EntryPoint","urlTemplate":"https:\/\/planinskimuzej.si\/?s={search_term_string}"},"query-input":{"@type":"PropertyValueSpecification","valueRequired":true,"valueName":"search_term_string"}}],"inLanguage":"en-US"}]}},"_links":{"self":[{"href":"https:\/\/planinskimuzej.si\/en\/wp-json\/wp\/v2\/pages\/37504","targetHints":{"allow":["GET"]}}],"collection":[{"href":"https:\/\/planinskimuzej.si\/en\/wp-json\/wp\/v2\/pages"}],"about":[{"href":"https:\/\/planinskimuzej.si\/en\/wp-json\/wp\/v2\/types\/page"}],"author":[{"embeddable":true,"href":"https:\/\/planinskimuzej.si\/en\/wp-json\/wp\/v2\/users\/1"}],"replies":[{"embeddable":true,"href":"https:\/\/planinskimuzej.si\/en\/wp-json\/wp\/v2\/comments?post=37504"}],"version-history":[{"count":3,"href":"https:\/\/planinskimuzej.si\/en\/wp-json\/wp\/v2\/pages\/37504\/revisions"}],"predecessor-version":[{"id":45362,"href":"https:\/\/planinskimuzej.si\/en\/wp-json\/wp\/v2\/pages\/37504\/revisions\/45362"}],"wp:attachment":[{"href":"https:\/\/planinskimuzej.si\/en\/wp-json\/wp\/v2\/media?parent=37504"}],"curies":[{"name":"wp","href":"https:\/\/api.w.org\/{rel}","templated":true}]}}