{"id":655,"date":"2017-01-19T09:22:50","date_gmt":"2017-01-19T09:22:50","guid":{"rendered":"http:\/\/www.planinskimuzej.si\/?page_id=655"},"modified":"2017-10-25T11:16:38","modified_gmt":"2017-10-25T11:16:38","slug":"about-the-museum","status":"publish","type":"page","link":"https:\/\/planinskimuzej.si\/en\/about-the-museum\/","title":{"rendered":"About the Museum"},"content":{"rendered":"<h2>The way is the story \u2013 the story is the way<\/h2>\n<p>In the Slovenian Alpine Museum the past and the future go hand in hand. A rich collection of items with diverse historical stories, rich photographic and archive material, and a comprehensive professional library give the visitor the chance to grasp the popularity and importance of the mountaineering activity in the Slovenian territory.<\/p>\n<p>The collected objects, documents, photographs, events, occurrences and stories have been joined together in the story about the development of the mountaineering activity in Slovenia. Modern audio-visual aids and entertaining inserts in individual content groups connect the story with the present time.<\/p>\n<p><strong>The introduction movie<\/strong>\u00a0<em>The Lights of the Mountains<\/em> shows the beauty of the Slovenian landscape, with special stress on the mountain part of our country and its geographic and flora and fauna diversity. The movie is at the same time an invitation to the Museum and Slovenian mountain world.<\/p>\n<p><a href=\"http:\/\/www.planinskimuzej.si\/en\/permanent-exhibition\/\">The exhibition<\/a> is partly\u00a0adapted for the blind and visually impaired and is accompanied by\u00a0<a href=\"http:\/\/www.planinskimuzej.si\/en\/temporary-exhibitions\/\">temporary exhibitions<\/a>\u00a0which complement the contents of the existing exhibition and make it even more interesting.<\/p>\n<div class=\"fusion-layout-column fusion_builder_column fusion-builder-column-0 fusion_builder_column_1_2 1_2 fusion-flex-column\" style=\"--awb-bg-size:cover;--awb-width-large:50%;--awb-margin-top-large:0px;--awb-margin-bottom-large:0px;--awb-width-medium:100%;--awb-width-small:100%;\"><div class=\"fusion-column-wrapper fusion-flex-justify-content-flex-start fusion-content-layout-column\"><\/p>\n<h2><a href=\"http:\/\/www.planinskimuzej.si\/en\/permanent-exhibition\/\">Permanent exhibition<\/a><\/h2>\n<div class=\"fusion-slider-sc fusion-flexslider-loading flexslider flexslider-hover-type-none\" data-slideshow_autoplay=\"1\" data-slideshow_smooth_height=\"0\" data-slideshow_speed=\"7000\" style=\"max-width:100%;height:100%;\"><ul class=\"slides\"><li class=\"image\"><span class=\"fusion-image-hover-element hover-type-none\"><img decoding=\"async\" src=\"http:\/\/www.planinskimuzej.si\/wp-content\/uploads\/2017\/05\/Stalna-razstava-1-300x199.jpg\" \/><\/span><\/li><li class=\"image\"><span class=\"fusion-image-hover-element hover-type-none\"><img decoding=\"async\" src=\"http:\/\/www.planinskimuzej.si\/wp-content\/uploads\/2017\/05\/Stalna-razstava-2-300x199.jpg\" \/><\/span><\/li><li class=\"image\"><span class=\"fusion-image-hover-element hover-type-none\"><img decoding=\"async\" src=\"http:\/\/www.planinskimuzej.si\/wp-content\/uploads\/2017\/05\/Stalna-razstava-3-300x199.jpg\" \/><\/span><\/li><li class=\"image\"><span class=\"fusion-image-hover-element hover-type-none\"><img decoding=\"async\" src=\"http:\/\/www.planinskimuzej.si\/wp-content\/uploads\/2017\/05\/Stalna-razstava-4-300x199.jpg\" \/><\/span><\/li><li class=\"image\"><span class=\"fusion-image-hover-element hover-type-none\"><img decoding=\"async\" src=\"http:\/\/www.planinskimuzej.si\/wp-content\/uploads\/2017\/05\/Stalna-razstava-5-300x200.jpg\" \/><\/span><\/li><\/ul><\/div>\n<\/div><\/div>\n<div class=\"fusion-layout-column fusion_builder_column fusion-builder-column-1 fusion_builder_column_1_2 1_2 fusion-flex-column\" style=\"--awb-bg-size:cover;--awb-width-large:50%;--awb-margin-top-large:0px;--awb-margin-bottom-large:0px;--awb-width-medium:100%;--awb-width-small:100%;\"><div class=\"fusion-column-wrapper fusion-flex-justify-content-flex-start fusion-content-layout-column\"><\/p>\n<h2><a href=\"http:\/\/www.planinskimuzej.si\/en\/temporary-exhibitions\/\">Temporary exhibitions<\/a><\/h2>\n<div class=\"fusion-slider-sc fusion-flexslider-loading flexslider flexslider-hover-type-none\" data-slideshow_autoplay=\"1\" data-slideshow_smooth_height=\"0\" data-slideshow_speed=\"7000\" style=\"max-width:100%;height:100%;\"><ul class=\"slides\"><li class=\"image\"><span class=\"fusion-image-hover-element hover-type-none\"><img decoding=\"async\" src=\"http:\/\/www.planinskimuzej.si\/wp-content\/uploads\/2017\/05\/Obcasne-razstave-1-300x205.jpg\" \/><\/span><\/li><li class=\"image\"><span class=\"fusion-image-hover-element hover-type-none\"><img decoding=\"async\" src=\"http:\/\/www.planinskimuzej.si\/wp-content\/uploads\/2017\/05\/Obcasne-razstave-2-e1494926641234-300x200.jpg\" \/><\/span><\/li><li class=\"image\"><span class=\"fusion-image-hover-element hover-type-none\"><img decoding=\"async\" src=\"http:\/\/www.planinskimuzej.si\/wp-content\/uploads\/2017\/05\/Obcasne-razstave-3-e1494926723727-300x200.jpg\" \/><\/span><\/li><li class=\"image\"><span class=\"fusion-image-hover-element hover-type-none\"><img decoding=\"async\" src=\"http:\/\/www.planinskimuzej.si\/wp-content\/uploads\/2017\/05\/Obcasne-razstave-4-300x197.jpg\" \/><\/span><\/li><li class=\"image\"><span class=\"fusion-image-hover-element hover-type-none\"><img decoding=\"async\" src=\"http:\/\/www.planinskimuzej.si\/wp-content\/uploads\/2017\/05\/Obcasne-razstave-5-e1494926793589-300x200.jpg\" \/><\/span><\/li><li class=\"image\"><span class=\"fusion-image-hover-element hover-type-none\"><img decoding=\"async\" src=\"http:\/\/www.planinskimuzej.si\/wp-content\/uploads\/2017\/05\/Obcasne-razstave-6-e1494926931131-300x189.jpg\" \/><\/span><\/li><li class=\"image\"><span class=\"fusion-image-hover-element hover-type-none\"><img decoding=\"async\" src=\"http:\/\/www.planinskimuzej.si\/wp-content\/uploads\/2017\/05\/Obcasne-razstave-7-300x200.jpg\" \/><\/span><\/li><li class=\"image\"><span class=\"fusion-image-hover-element hover-type-none\"><img decoding=\"async\" src=\"http:\/\/www.planinskimuzej.si\/wp-content\/uploads\/2017\/05\/Obcasne-razstave-8-300x200.jpg\" \/><\/span><\/li><li class=\"image\"><span class=\"fusion-image-hover-element hover-type-none\"><img decoding=\"async\" src=\"http:\/\/www.planinskimuzej.si\/wp-content\/uploads\/2017\/05\/Obcasne-razstave-9-e1494927056589-300x200.jpg\" \/><\/span><\/li><li class=\"image\"><span class=\"fusion-image-hover-element hover-type-none\"><img decoding=\"async\" src=\"http:\/\/www.planinskimuzej.si\/wp-content\/uploads\/2017\/05\/Obcasne-razstave-10-e1494927122473-300x200.jpg\" \/><\/span><\/li><li class=\"image\"><span class=\"fusion-image-hover-element hover-type-none\"><img decoding=\"async\" src=\"http:\/\/www.planinskimuzej.si\/wp-content\/uploads\/2017\/05\/Obcasne-razstave-11-e1494927655237.jpg\" \/><\/span><\/li><li class=\"image\"><span class=\"fusion-image-hover-element hover-type-none\"><img decoding=\"async\" src=\"http:\/\/www.planinskimuzej.si\/wp-content\/uploads\/2017\/05\/Obcasne-razstave-12-300x200.jpg\" \/><\/span><\/li><li class=\"image\"><span class=\"fusion-image-hover-element hover-type-none\"><img decoding=\"async\" src=\"http:\/\/www.planinskimuzej.si\/wp-content\/uploads\/2017\/05\/Obcasne-razstave-13-e1494927221315-300x200.jpg\" \/><\/span><\/li><li class=\"image\"><span class=\"fusion-image-hover-element hover-type-none\"><img decoding=\"async\" src=\"http:\/\/www.planinskimuzej.si\/wp-content\/uploads\/2017\/05\/Obcasne-razstave-14-e1494927288823-300x200.jpg\" \/><\/span><\/li><li class=\"image\"><span class=\"fusion-image-hover-element hover-type-none\"><img decoding=\"async\" src=\"http:\/\/www.planinskimuzej.si\/wp-content\/uploads\/2017\/05\/Obcasne-razstave-15-e1494927729527-300x200.jpg\" \/><\/span><\/li><\/ul><\/div><\/div><\/div>\n<div class=\"fusion-layout-column fusion_builder_column fusion-builder-column-2 fusion_builder_column_1_2 1_2 fusion-flex-column\" style=\"--awb-bg-size:cover;--awb-width-large:50%;--awb-margin-top-large:0px;--awb-margin-bottom-large:0px;--awb-width-medium:100%;--awb-width-small:100%;\"><div class=\"fusion-column-wrapper fusion-flex-justify-content-flex-start fusion-content-layout-column\"><\/p>\n<h2><a href=\"http:\/\/www.planinskimuzej.si\/en\/collections\/\">Collections<\/a><\/h2>\n<div class=\"fusion-slider-sc fusion-flexslider-loading flexslider flexslider-hover-type-none\" data-slideshow_autoplay=\"1\" data-slideshow_smooth_height=\"0\" data-slideshow_speed=\"7000\" style=\"max-width:100%;height:100%;\"><ul class=\"slides\"><li class=\"image\"><span class=\"fusion-image-hover-element hover-type-none\"><img decoding=\"async\" src=\"http:\/\/www.planinskimuzej.si\/wp-content\/uploads\/2017\/02\/Prapor-Skala-e1494929050545-300x199.jpg\" \/><\/span><\/li><li class=\"image\"><span class=\"fusion-image-hover-element hover-type-none\"><img decoding=\"async\" src=\"http:\/\/www.planinskimuzej.si\/wp-content\/uploads\/2017\/02\/SPD-znacka-e1494929110977-300x199.jpg\" \/><\/span><\/li><li class=\"image\"><span class=\"fusion-image-hover-element hover-type-none\"><img decoding=\"async\" src=\"http:\/\/www.planinskimuzej.si\/wp-content\/uploads\/2017\/02\/Ustavil_sem_se_v_planinski_koci-300x200.jpg\" \/><\/span><\/li><li class=\"image\"><span class=\"fusion-image-hover-element hover-type-none\"><img decoding=\"async\" src=\"http:\/\/www.planinskimuzej.si\/wp-content\/uploads\/2017\/02\/vpisna-knjiga-300x200.jpg\" \/><\/span><\/li><\/ul><\/div><\/div><\/div>\n<div class=\"fusion-layout-column fusion_builder_column fusion-builder-column-3 fusion_builder_column_1_2 1_2 fusion-flex-column\" style=\"--awb-bg-size:cover;--awb-width-large:50%;--awb-margin-top-large:0px;--awb-margin-bottom-large:0px;--awb-width-medium:100%;--awb-width-small:100%;\"><div class=\"fusion-column-wrapper fusion-flex-justify-content-flex-start fusion-content-layout-column\"><\/p>\n<p><\/div><\/div>\n","protected":false},"excerpt":{"rendered":"<p>The way is the story \u2013 the story is the way In the Slovenian Alpine Museum the past and the future go hand in hand. A rich collection of items with diverse historical stories, rich photographic and archive material, and a comprehensive professional library give the visitor the chance to grasp the popularity and importance  [&#8230;]<\/p>\n","protected":false},"author":1,"featured_media":0,"parent":0,"menu_order":0,"comment_status":"closed","ping_status":"closed","template":"","meta":{"footnotes":""},"class_list":["post-655","page","type-page","status-publish","hentry"],"yoast_head":"<!-- This site is optimized with the Yoast SEO plugin v27.1.1 - https:\/\/yoast.com\/product\/yoast-seo-wordpress\/ -->\n<title>About the Museum - Planinski Muzej<\/title>\n<meta name=\"robots\" content=\"index, follow, max-snippet:-1, max-image-preview:large, max-video-preview:-1\" \/>\n<link rel=\"canonical\" href=\"https:\/\/planinskimuzej.si\/razstave\/\" \/>\n<meta property=\"og:locale\" content=\"en_US\" \/>\n<meta property=\"og:type\" content=\"article\" \/>\n<meta property=\"og:title\" content=\"About the Museum - Planinski Muzej\" \/>\n<meta property=\"og:description\" content=\"The way is the story \u2013 the story is the way In the Slovenian Alpine Museum the past and the future go hand in hand. A rich collection of items with diverse historical stories, rich photographic and archive material, and a comprehensive professional library give the visitor the chance to grasp the popularity and importance [...]\" \/>\n<meta property=\"og:url\" content=\"https:\/\/planinskimuzej.si\/razstave\/\" \/>\n<meta property=\"og:site_name\" content=\"Planinski Muzej\" \/>\n<meta property=\"article:modified_time\" content=\"2017-10-25T11:16:38+00:00\" \/>\n<meta name=\"twitter:card\" content=\"summary_large_image\" \/>\n<meta name=\"twitter:label1\" content=\"Est. reading time\" \/>\n\t<meta name=\"twitter:data1\" content=\"5 minutes\" \/>\n<script type=\"application\/ld+json\" class=\"yoast-schema-graph\">{\"@context\":\"https:\/\/schema.org\",\"@graph\":[{\"@type\":\"WebPage\",\"@id\":\"https:\/\/planinskimuzej.si\/razstave\/\",\"url\":\"https:\/\/planinskimuzej.si\/razstave\/\",\"name\":\"About the Museum - Planinski Muzej\",\"isPartOf\":{\"@id\":\"https:\/\/planinskimuzej.si\/#website\"},\"datePublished\":\"2017-01-19T09:22:50+00:00\",\"dateModified\":\"2017-10-25T11:16:38+00:00\",\"breadcrumb\":{\"@id\":\"https:\/\/planinskimuzej.si\/razstave\/#breadcrumb\"},\"inLanguage\":\"en-US\",\"potentialAction\":[{\"@type\":\"ReadAction\",\"target\":[\"https:\/\/planinskimuzej.si\/razstave\/\"]}]},{\"@type\":\"BreadcrumbList\",\"@id\":\"https:\/\/planinskimuzej.si\/razstave\/#breadcrumb\",\"itemListElement\":[{\"@type\":\"ListItem\",\"position\":1,\"name\":\"Home\",\"item\":\"https:\/\/planinskimuzej.si\/en\/\"},{\"@type\":\"ListItem\",\"position\":2,\"name\":\"About the Museum\"}]},{\"@type\":\"WebSite\",\"@id\":\"https:\/\/planinskimuzej.si\/#website\",\"url\":\"https:\/\/planinskimuzej.si\/\",\"name\":\"Planinski Muzej\",\"description\":\"Slovenski planinski muzej v Mojstrani ponuja pravo gorsko izku\u0161njo za alpinisti\u010dne navdu\u0161ence.\",\"potentialAction\":[{\"@type\":\"SearchAction\",\"target\":{\"@type\":\"EntryPoint\",\"urlTemplate\":\"https:\/\/planinskimuzej.si\/?s={search_term_string}\"},\"query-input\":{\"@type\":\"PropertyValueSpecification\",\"valueRequired\":true,\"valueName\":\"search_term_string\"}}],\"inLanguage\":\"en-US\"}]}<\/script>\n<!-- \/ Yoast SEO plugin. -->","yoast_head_json":{"title":"About the Museum - Planinski Muzej","robots":{"index":"index","follow":"follow","max-snippet":"max-snippet:-1","max-image-preview":"max-image-preview:large","max-video-preview":"max-video-preview:-1"},"canonical":"https:\/\/planinskimuzej.si\/razstave\/","og_locale":"en_US","og_type":"article","og_title":"About the Museum - Planinski Muzej","og_description":"The way is the story \u2013 the story is the way In the Slovenian Alpine Museum the past and the future go hand in hand. A rich collection of items with diverse historical stories, rich photographic and archive material, and a comprehensive professional library give the visitor the chance to grasp the popularity and importance [...]","og_url":"https:\/\/planinskimuzej.si\/razstave\/","og_site_name":"Planinski Muzej","article_modified_time":"2017-10-25T11:16:38+00:00","twitter_card":"summary_large_image","twitter_misc":{"Est. reading time":"5 minutes"},"schema":{"@context":"https:\/\/schema.org","@graph":[{"@type":"WebPage","@id":"https:\/\/planinskimuzej.si\/razstave\/","url":"https:\/\/planinskimuzej.si\/razstave\/","name":"About the Museum - Planinski Muzej","isPartOf":{"@id":"https:\/\/planinskimuzej.si\/#website"},"datePublished":"2017-01-19T09:22:50+00:00","dateModified":"2017-10-25T11:16:38+00:00","breadcrumb":{"@id":"https:\/\/planinskimuzej.si\/razstave\/#breadcrumb"},"inLanguage":"en-US","potentialAction":[{"@type":"ReadAction","target":["https:\/\/planinskimuzej.si\/razstave\/"]}]},{"@type":"BreadcrumbList","@id":"https:\/\/planinskimuzej.si\/razstave\/#breadcrumb","itemListElement":[{"@type":"ListItem","position":1,"name":"Home","item":"https:\/\/planinskimuzej.si\/en\/"},{"@type":"ListItem","position":2,"name":"About the Museum"}]},{"@type":"WebSite","@id":"https:\/\/planinskimuzej.si\/#website","url":"https:\/\/planinskimuzej.si\/","name":"Planinski Muzej","description":"Slovenski planinski muzej v Mojstrani ponuja pravo gorsko izku\u0161njo za alpinisti\u010dne navdu\u0161ence.","potentialAction":[{"@type":"SearchAction","target":{"@type":"EntryPoint","urlTemplate":"https:\/\/planinskimuzej.si\/?s={search_term_string}"},"query-input":{"@type":"PropertyValueSpecification","valueRequired":true,"valueName":"search_term_string"}}],"inLanguage":"en-US"}]}},"_links":{"self":[{"href":"https:\/\/planinskimuzej.si\/en\/wp-json\/wp\/v2\/pages\/655","targetHints":{"allow":["GET"]}}],"collection":[{"href":"https:\/\/planinskimuzej.si\/en\/wp-json\/wp\/v2\/pages"}],"about":[{"href":"https:\/\/planinskimuzej.si\/en\/wp-json\/wp\/v2\/types\/page"}],"author":[{"embeddable":true,"href":"https:\/\/planinskimuzej.si\/en\/wp-json\/wp\/v2\/users\/1"}],"replies":[{"embeddable":true,"href":"https:\/\/planinskimuzej.si\/en\/wp-json\/wp\/v2\/comments?post=655"}],"version-history":[{"count":11,"href":"https:\/\/planinskimuzej.si\/en\/wp-json\/wp\/v2\/pages\/655\/revisions"}],"predecessor-version":[{"id":2691,"href":"https:\/\/planinskimuzej.si\/en\/wp-json\/wp\/v2\/pages\/655\/revisions\/2691"}],"wp:attachment":[{"href":"https:\/\/planinskimuzej.si\/en\/wp-json\/wp\/v2\/media?parent=655"}],"curies":[{"name":"wp","href":"https:\/\/api.w.org\/{rel}","templated":true}]}}