{"id":659,"date":"2017-02-13T11:03:37","date_gmt":"2017-02-13T11:03:37","guid":{"rendered":"http:\/\/www.planinskimuzej.si\/?page_id=659"},"modified":"2025-10-16T14:22:06","modified_gmt":"2025-10-16T12:22:06","slug":"temporary-exhibitions","status":"publish","type":"page","link":"https:\/\/planinskimuzej.si\/en\/temporary-exhibitions\/","title":{"rendered":"Temporary exhibitions"},"content":{"rendered":"<p><div class=\"fusion-fullwidth fullwidth-box fusion-builder-row-1 nonhundred-percent-fullwidth non-hundred-percent-height-scrolling\" style=\"--awb-border-radius-top-left:0px;--awb-border-radius-top-right:0px;--awb-border-radius-bottom-right:0px;--awb-border-radius-bottom-left:0px;--awb-flex-wrap:wrap;\" ><div class=\"fusion-builder-row fusion-row\"><div class=\"fusion-layout-column fusion_builder_column fusion-builder-column-0 fusion_builder_column_1_1 1_1 fusion-one-full fusion-column-first fusion-column-last\" style=\"--awb-bg-size:cover;\"><div class=\"fusion-column-wrapper fusion-column-has-shadow fusion-flex-column-wrapper-legacy\"><div class=\"fusion-text fusion-text-1\"><h1>Temporary exhibitions<\/h1>\n<p>The permanent museum exhibition is accompanied by temporary museum exhibitions, which present chosen topics and current events from the field of alpinism, mountain climbing and hiking in greater detail. With temporary exhibitions we wish to connect to similar institutions at home and in the world.<\/p>\n<h2>Welcome to our temporary exhibitions:<\/h2>\n<\/div><div class=\"fusion-clearfix\"><\/div><\/div><\/div><\/div><\/div><div class=\"fusion-fullwidth fullwidth-box fusion-builder-row-2 fusion-flex-container has-pattern-background has-mask-background nonhundred-percent-fullwidth non-hundred-percent-height-scrolling\" style=\"--awb-border-radius-top-left:0px;--awb-border-radius-top-right:0px;--awb-border-radius-bottom-right:0px;--awb-border-radius-bottom-left:0px;--awb-flex-wrap:wrap;\" ><div class=\"fusion-builder-row fusion-row fusion-flex-align-items-flex-start fusion-flex-content-wrap\" style=\"max-width:1144px;margin-left: calc(-4% \/ 2 );margin-right: calc(-4% \/ 2 );\"><div class=\"fusion-layout-column fusion_builder_column fusion-builder-column-1 fusion_builder_column_1_1 1_1 fusion-flex-column\" style=\"--awb-bg-size:cover;--awb-width-large:100%;--awb-margin-top-large:0px;--awb-spacing-right-large:1.92%;--awb-margin-bottom-large:0px;--awb-spacing-left-large:1.92%;--awb-width-medium:100%;--awb-order-medium:0;--awb-spacing-right-medium:1.92%;--awb-spacing-left-medium:1.92%;--awb-width-small:100%;--awb-order-small:0;--awb-spacing-right-small:1.92%;--awb-spacing-left-small:1.92%;\"><div class=\"fusion-column-wrapper fusion-column-has-shadow fusion-flex-justify-content-flex-start fusion-content-layout-column\"><div class=\"fusion-post-cards fusion-post-cards-1 fusion-grid-archive fusion-grid-columns-2\" style=\"--awb-dots-align:center;--awb-columns:2;--awb-filters-color:#ab8024;--awb-active-filter-border-size:3px;--awb-filters-height:36px;\" data-post-type-label=\"posts\"><ul class=\"fusion-grid fusion-grid-2 fusion-flex-align-items-flex-start fusion-grid-posts-cards\"><li class=\"fusion-layout-column fusion_builder_column fusion-builder-column-2 fusion-flex-column post-card fusion-grid-column fusion-post-cards-grid-column\" style=\"--awb-bg-blend:overlay;--awb-bg-size:cover;--awb-flex-grow:0;--awb-flex-shrink:0;--awb-flex-grow-medium:0;--awb-flex-shrink-medium:0;--awb-flex-grow-small:0;--awb-flex-shrink-small:0;\"><div class=\"fusion-column-wrapper fusion-flex-justify-content-flex-start fusion-content-layout-column\"><div class=\"fusion-classic-product-image-wrapper fusion-woo-product-image fusion-post-card-image fusion-post-card-image-1 has-aspect-ratio\" data-layout=\"static\" style=\"--awb-margin-bottom:0px;--awb-aspect-ratio:3 \/ 2;\"><div  class=\"fusion-image-wrapper\" aria-haspopup=\"true\">\n\t\t\t\t\t\t\t<a href=\"https:\/\/planinskimuzej.si\/en\/searching-for-the-wild-my-explorations-of-the-kocevje-wilderness-a-photographic-exhibition-by-petra-draskovic-pelc\/\" aria-label=\"Searching for the Wild \u2013 My Explorations of the Ko\u010devje Wilderness, a photographic exhibition by Petra Dra\u0161kovi\u010d Pelc\">\n\t\t\t\t\t\t\t<img decoding=\"async\" width=\"1200\" height=\"630\" src=\"https:\/\/planinskimuzej.si\/wp-content\/uploads\/2026\/03\/Kopija-izdelka-SPLETNA-STRAN-TEMPLATE-FOR-PHOTO-1.jpg\" class=\"attachment-full size-full wp-post-image\" alt=\"\" srcset=\"https:\/\/planinskimuzej.si\/wp-content\/uploads\/2026\/03\/Kopija-izdelka-SPLETNA-STRAN-TEMPLATE-FOR-PHOTO-1-200x105.jpg 200w, https:\/\/planinskimuzej.si\/wp-content\/uploads\/2026\/03\/Kopija-izdelka-SPLETNA-STRAN-TEMPLATE-FOR-PHOTO-1-400x210.jpg 400w, https:\/\/planinskimuzej.si\/wp-content\/uploads\/2026\/03\/Kopija-izdelka-SPLETNA-STRAN-TEMPLATE-FOR-PHOTO-1-600x315.jpg 600w, https:\/\/planinskimuzej.si\/wp-content\/uploads\/2026\/03\/Kopija-izdelka-SPLETNA-STRAN-TEMPLATE-FOR-PHOTO-1-800x420.jpg 800w, https:\/\/planinskimuzej.si\/wp-content\/uploads\/2026\/03\/Kopija-izdelka-SPLETNA-STRAN-TEMPLATE-FOR-PHOTO-1.jpg 1200w\" sizes=\"(min-width: 2200px) 100vw, (min-width: 712px) 530px, (min-width: 640px) 712px, \" \/>\t\t\t<\/a>\n\t\t\t\t\t\t\t<\/div>\n<\/div><div style=\"text-align:center;\"><a class=\"fusion-button button-flat button-small button-custom fusion-button-default button-1 fusion-button-span-yes \" style=\"--button_accent_color:var(--awb-color1);--button_accent_hover_color:var(--awb-custom_color_16);--button_border_hover_color:var(--awb-color3);--button_border_width-top:0;--button_border_width-right:0;--button_border_width-bottom:1px;--button_border_width-left:0;--button-border-radius-top-left:0;--button-border-radius-top-right:0;--button-border-radius-bottom-right:0;--button-border-radius-bottom-left:0;--button_gradient_top_color:var(--awb-custom_color_13);--button_gradient_bottom_color:var(--awb-custom_color_13);--button_gradient_top_color_hover:var(--awb-color1);--button_gradient_bottom_color_hover:var(--awb-color1);\" target=\"_self\" data-hover=\"text_slide_up\" href=\"https:\/\/planinskimuzej.si\/en\/searching-for-the-wild-my-explorations-of-the-kocevje-wilderness-a-photographic-exhibition-by-petra-draskovic-pelc\/\"><div class=\"awb-button-text-transition  awb-button__hover-content--centered\"><span class=\"fusion-button-text awb-button__text awb-button__text--default\">Searching for the Wild \u2013 My Explorations of the Ko\u010devje Wilderness, a photographic exhibition by Petra Dra\u0161kovi\u010d Pelc<\/span><span class=\"fusion-button-text awb-button__text awb-button__text--default\">Searching for the Wild \u2013 My Explorations of the Ko\u010devje Wilderness, a photographic exhibition by Petra Dra\u0161kovi\u010d Pelc<\/span><\/div><\/a><\/div><\/div><\/li>\n<li class=\"fusion-layout-column fusion_builder_column fusion-builder-column-3 fusion-flex-column post-card fusion-grid-column fusion-post-cards-grid-column\" style=\"--awb-bg-blend:overlay;--awb-bg-size:cover;--awb-flex-grow:0;--awb-flex-shrink:0;--awb-flex-grow-medium:0;--awb-flex-shrink-medium:0;--awb-flex-grow-small:0;--awb-flex-shrink-small:0;\"><div class=\"fusion-column-wrapper fusion-flex-justify-content-flex-start fusion-content-layout-column\"><div class=\"fusion-classic-product-image-wrapper fusion-woo-product-image fusion-post-card-image fusion-post-card-image-1 has-aspect-ratio\" data-layout=\"static\" style=\"--awb-margin-bottom:0px;--awb-aspect-ratio:3 \/ 2;\"><div  class=\"fusion-image-wrapper\" aria-haspopup=\"true\">\n\t\t\t\t\t\t\t<a href=\"https:\/\/planinskimuzej.si\/en\/triglav-mountain-and-symbol\/\" aria-label=\"Triglav \u2013 Mountain and Symbol\">\n\t\t\t\t\t\t\t<img decoding=\"async\" width=\"1200\" height=\"630\" src=\"https:\/\/planinskimuzej.si\/wp-content\/uploads\/2026\/01\/SPLETNA-STRAN-TEMPLATE-FOR-PHOTO-1.jpg\" class=\"attachment-full size-full wp-post-image\" alt=\"\" srcset=\"https:\/\/planinskimuzej.si\/wp-content\/uploads\/2026\/01\/SPLETNA-STRAN-TEMPLATE-FOR-PHOTO-1-200x105.jpg 200w, https:\/\/planinskimuzej.si\/wp-content\/uploads\/2026\/01\/SPLETNA-STRAN-TEMPLATE-FOR-PHOTO-1-400x210.jpg 400w, https:\/\/planinskimuzej.si\/wp-content\/uploads\/2026\/01\/SPLETNA-STRAN-TEMPLATE-FOR-PHOTO-1-600x315.jpg 600w, https:\/\/planinskimuzej.si\/wp-content\/uploads\/2026\/01\/SPLETNA-STRAN-TEMPLATE-FOR-PHOTO-1-800x420.jpg 800w, https:\/\/planinskimuzej.si\/wp-content\/uploads\/2026\/01\/SPLETNA-STRAN-TEMPLATE-FOR-PHOTO-1.jpg 1200w\" sizes=\"(min-width: 2200px) 100vw, (min-width: 712px) 530px, (min-width: 640px) 712px, \" \/>\t\t\t<\/a>\n\t\t\t\t\t\t\t<\/div>\n<\/div><div style=\"text-align:center;\"><a class=\"fusion-button button-flat button-small button-custom fusion-button-default button-2 fusion-button-span-yes \" style=\"--button_accent_color:var(--awb-color1);--button_accent_hover_color:var(--awb-custom_color_16);--button_border_hover_color:var(--awb-color3);--button_border_width-top:0;--button_border_width-right:0;--button_border_width-bottom:1px;--button_border_width-left:0;--button-border-radius-top-left:0;--button-border-radius-top-right:0;--button-border-radius-bottom-right:0;--button-border-radius-bottom-left:0;--button_gradient_top_color:var(--awb-custom_color_13);--button_gradient_bottom_color:var(--awb-custom_color_13);--button_gradient_top_color_hover:var(--awb-color1);--button_gradient_bottom_color_hover:var(--awb-color1);\" target=\"_self\" data-hover=\"text_slide_up\" href=\"https:\/\/planinskimuzej.si\/en\/triglav-mountain-and-symbol\/\"><div class=\"awb-button-text-transition  awb-button__hover-content--centered\"><span class=\"fusion-button-text awb-button__text awb-button__text--default\">Triglav \u2013 Mountain and Symbol<\/span><span class=\"fusion-button-text awb-button__text awb-button__text--default\">Triglav \u2013 Mountain and Symbol<\/span><\/div><\/a><\/div><\/div><\/li>\n<li class=\"fusion-layout-column fusion_builder_column fusion-builder-column-4 fusion-flex-column post-card fusion-grid-column fusion-post-cards-grid-column\" style=\"--awb-bg-blend:overlay;--awb-bg-size:cover;--awb-flex-grow:0;--awb-flex-shrink:0;--awb-flex-grow-medium:0;--awb-flex-shrink-medium:0;--awb-flex-grow-small:0;--awb-flex-shrink-small:0;\"><div class=\"fusion-column-wrapper fusion-flex-justify-content-flex-start fusion-content-layout-column\"><div class=\"fusion-classic-product-image-wrapper fusion-woo-product-image fusion-post-card-image fusion-post-card-image-1 has-aspect-ratio\" data-layout=\"static\" style=\"--awb-margin-bottom:0px;--awb-aspect-ratio:3 \/ 2;\"><div  class=\"fusion-image-wrapper\" aria-haspopup=\"true\">\n\t\t\t\t\t\t\t<a href=\"https:\/\/planinskimuzej.si\/en\/ales-kunaver-from-home-mountains-to-the-roof-of-the-world-temporary-exhibition\/\" aria-label=\"Ale\u0161 Kunaver \u2013 From Home Mountains to the Roof of the World, Temporary Exhibition\">\n\t\t\t\t\t\t\t<img decoding=\"async\" width=\"2268\" height=\"1512\" src=\"https:\/\/planinskimuzej.si\/wp-content\/uploads\/2025\/10\/SPM-spletna-stran-foto-template-6.jpg\" class=\"attachment-full size-full wp-post-image\" alt=\"\" srcset=\"https:\/\/planinskimuzej.si\/wp-content\/uploads\/2025\/10\/SPM-spletna-stran-foto-template-6-200x133.jpg 200w, https:\/\/planinskimuzej.si\/wp-content\/uploads\/2025\/10\/SPM-spletna-stran-foto-template-6-400x267.jpg 400w, https:\/\/planinskimuzej.si\/wp-content\/uploads\/2025\/10\/SPM-spletna-stran-foto-template-6-600x400.jpg 600w, https:\/\/planinskimuzej.si\/wp-content\/uploads\/2025\/10\/SPM-spletna-stran-foto-template-6-800x533.jpg 800w, https:\/\/planinskimuzej.si\/wp-content\/uploads\/2025\/10\/SPM-spletna-stran-foto-template-6-1200x800.jpg 1200w, https:\/\/planinskimuzej.si\/wp-content\/uploads\/2025\/10\/SPM-spletna-stran-foto-template-6.jpg 2268w\" sizes=\"(min-width: 2200px) 100vw, (min-width: 712px) 530px, (min-width: 640px) 712px, \" \/>\t\t\t<\/a>\n\t\t\t\t\t\t\t<\/div>\n<\/div><div style=\"text-align:center;\"><a class=\"fusion-button button-flat button-small button-custom fusion-button-default button-3 fusion-button-span-yes \" style=\"--button_accent_color:var(--awb-color1);--button_accent_hover_color:var(--awb-custom_color_16);--button_border_hover_color:var(--awb-color3);--button_border_width-top:0;--button_border_width-right:0;--button_border_width-bottom:1px;--button_border_width-left:0;--button-border-radius-top-left:0;--button-border-radius-top-right:0;--button-border-radius-bottom-right:0;--button-border-radius-bottom-left:0;--button_gradient_top_color:var(--awb-custom_color_13);--button_gradient_bottom_color:var(--awb-custom_color_13);--button_gradient_top_color_hover:var(--awb-color1);--button_gradient_bottom_color_hover:var(--awb-color1);\" target=\"_self\" data-hover=\"text_slide_up\" href=\"https:\/\/planinskimuzej.si\/en\/ales-kunaver-from-home-mountains-to-the-roof-of-the-world-temporary-exhibition\/\"><div class=\"awb-button-text-transition  awb-button__hover-content--centered\"><span class=\"fusion-button-text awb-button__text awb-button__text--default\">Ale\u0161 Kunaver \u2013 From Home Mountains to the Roof of the World, Temporary Exhibition<\/span><span class=\"fusion-button-text awb-button__text awb-button__text--default\">Ale\u0161 Kunaver \u2013 From Home Mountains to the Roof of the World, Temporary Exhibition<\/span><\/div><\/a><\/div><\/div><\/li>\n<li class=\"fusion-layout-column fusion_builder_column fusion-builder-column-5 fusion-flex-column post-card fusion-grid-column fusion-post-cards-grid-column\" style=\"--awb-bg-blend:overlay;--awb-bg-size:cover;--awb-flex-grow:0;--awb-flex-shrink:0;--awb-flex-grow-medium:0;--awb-flex-shrink-medium:0;--awb-flex-grow-small:0;--awb-flex-shrink-small:0;\"><div class=\"fusion-column-wrapper fusion-flex-justify-content-flex-start fusion-content-layout-column\"><div class=\"fusion-classic-product-image-wrapper fusion-woo-product-image fusion-post-card-image fusion-post-card-image-1 has-aspect-ratio\" data-layout=\"static\" style=\"--awb-margin-bottom:0px;--awb-aspect-ratio:3 \/ 2;\"><div  class=\"fusion-image-wrapper\" aria-haspopup=\"true\">\n\t\t\t\t\t\t\t<a href=\"https:\/\/planinskimuzej.si\/en\/130-years-of-the-aljaz-tower-symbol-or-trophy\/\" aria-label=\"130 years of the Alja\u017e tower: Symbol or Trophy?\">\n\t\t\t\t\t\t\t<img decoding=\"async\" width=\"2268\" height=\"1512\" src=\"https:\/\/planinskimuzej.si\/wp-content\/uploads\/2025\/07\/SPM-spletna-stran-foto-template-2.png\" class=\"attachment-full size-full wp-post-image\" alt=\"\" srcset=\"https:\/\/planinskimuzej.si\/wp-content\/uploads\/2025\/07\/SPM-spletna-stran-foto-template-2-200x133.png 200w, https:\/\/planinskimuzej.si\/wp-content\/uploads\/2025\/07\/SPM-spletna-stran-foto-template-2-400x267.png 400w, https:\/\/planinskimuzej.si\/wp-content\/uploads\/2025\/07\/SPM-spletna-stran-foto-template-2-600x400.png 600w, https:\/\/planinskimuzej.si\/wp-content\/uploads\/2025\/07\/SPM-spletna-stran-foto-template-2-800x533.png 800w, https:\/\/planinskimuzej.si\/wp-content\/uploads\/2025\/07\/SPM-spletna-stran-foto-template-2-1200x800.png 1200w, https:\/\/planinskimuzej.si\/wp-content\/uploads\/2025\/07\/SPM-spletna-stran-foto-template-2.png 2268w\" sizes=\"(min-width: 2200px) 100vw, (min-width: 712px) 530px, (min-width: 640px) 712px, \" \/>\t\t\t<\/a>\n\t\t\t\t\t\t\t<\/div>\n<\/div><div style=\"text-align:center;\"><a class=\"fusion-button button-flat button-small button-custom fusion-button-default button-4 fusion-button-span-yes \" style=\"--button_accent_color:var(--awb-color1);--button_accent_hover_color:var(--awb-custom_color_16);--button_border_hover_color:var(--awb-color3);--button_border_width-top:0;--button_border_width-right:0;--button_border_width-bottom:1px;--button_border_width-left:0;--button-border-radius-top-left:0;--button-border-radius-top-right:0;--button-border-radius-bottom-right:0;--button-border-radius-bottom-left:0;--button_gradient_top_color:var(--awb-custom_color_13);--button_gradient_bottom_color:var(--awb-custom_color_13);--button_gradient_top_color_hover:var(--awb-color1);--button_gradient_bottom_color_hover:var(--awb-color1);\" target=\"_self\" data-hover=\"text_slide_up\" href=\"https:\/\/planinskimuzej.si\/en\/130-years-of-the-aljaz-tower-symbol-or-trophy\/\"><div class=\"awb-button-text-transition  awb-button__hover-content--centered\"><span class=\"fusion-button-text awb-button__text awb-button__text--default\">130 years of the Alja\u017e tower: Symbol or Trophy?<\/span><span class=\"fusion-button-text awb-button__text awb-button__text--default\">130 years of the Alja\u017e tower: Symbol or Trophy?<\/span><\/div><\/a><\/div><\/div><\/li>\n<\/ul><\/div><\/div><\/div><\/div><\/div><div class=\"fusion-fullwidth fullwidth-box fusion-builder-row-3 nonhundred-percent-fullwidth non-hundred-percent-height-scrolling\" style=\"--awb-border-radius-top-left:0px;--awb-border-radius-top-right:0px;--awb-border-radius-bottom-right:0px;--awb-border-radius-bottom-left:0px;--awb-flex-wrap:wrap;\" ><div class=\"fusion-builder-row fusion-row\"><div class=\"fusion-layout-column fusion_builder_column fusion-builder-column-6 fusion_builder_column_1_1 1_1 fusion-one-full fusion-column-first fusion-column-last\" style=\"--awb-bg-size:cover;\"><div class=\"fusion-column-wrapper fusion-column-has-shadow fusion-flex-column-wrapper-legacy\"><div class=\"fusion-reading-box-container reading-box-container-1\" style=\"--awb-title-color:var(--awb-color1);--awb-margin-top:0px;--awb-margin-bottom:40px;\"><div class=\"reading-box\" style=\"background-color:var(--awb-custom_color_12);border-width:1px;border-color:var(--awb-custom_color_16);border-left-width:3px;border-left-color:var(--primary_color);border-style:solid;\"><a class=\"button fusion-button button-default fusion-button-default-size button-default-size button-flat fusion-desktop-button fusion-tagline-button continue fusion-desktop-button-margin continue-right\" style=\"-webkit-box-shadow:none;-moz-box-shadow:none;box-shadow:none;border-radius:20px 20px 20px 20px\" href=\"https:\/\/planinskimuzej.si\/en\/archive-of-exhibitions\/\" target=\"_blank\" rel=\"noopener noreferrer\"><span>Check the list<\/span><\/a><h2>Previous Exhibitions<\/h2><div class=\"reading-box-description fusion-reading-box-additional\">LIST OF PREVIOUS TEMPORARY EXHIBITIONS AT THE SLOVENIAN MOUNTAINEERING MUSEUM<\/div><div class=\"fusion-clearfix\"><\/div><a class=\"button fusion-button button-default fusion-button-default-size button-default-size button-flat fusion-mobile-button continue-right\" style=\"-webkit-box-shadow:none;-moz-box-shadow:none;box-shadow:none;border-radius:20px 20px 20px 20px\" href=\"https:\/\/planinskimuzej.si\/en\/archive-of-exhibitions\/\" target=\"_blank\" rel=\"noopener noreferrer\"><span>Check the list<\/span><\/a><\/div><\/div><div class=\"fusion-sep-clear\"><\/div><div class=\"fusion-separator fusion-full-width-sep\" style=\"margin-left: auto;margin-right: auto;margin-bottom:20px;width:100%;\"><\/div><div class=\"fusion-sep-clear\"><\/div><div class=\"fusion-clearfix\"><\/div><\/div><\/div><\/div><\/div><\/p>\n","protected":false},"excerpt":{"rendered":"","protected":false},"author":1,"featured_media":0,"parent":0,"menu_order":0,"comment_status":"closed","ping_status":"closed","template":"","meta":{"footnotes":""},"class_list":["post-659","page","type-page","status-publish","hentry"],"yoast_head":"<!-- This site is optimized with the Yoast SEO plugin v27.4 - https:\/\/yoast.com\/product\/yoast-seo-wordpress\/ -->\n<title>Temporary exhibitions - Planinski Muzej<\/title>\n<meta name=\"robots\" content=\"index, follow, max-snippet:-1, max-image-preview:large, max-video-preview:-1\" \/>\n<link rel=\"canonical\" href=\"https:\/\/planinskimuzej.si\/en\/temporary-exhibitions\/\" \/>\n<meta property=\"og:locale\" content=\"en_US\" \/>\n<meta property=\"og:type\" content=\"article\" \/>\n<meta property=\"og:title\" content=\"Temporary exhibitions - Planinski Muzej\" \/>\n<meta property=\"og:url\" content=\"https:\/\/planinskimuzej.si\/en\/temporary-exhibitions\/\" \/>\n<meta property=\"og:site_name\" content=\"Planinski Muzej\" \/>\n<meta property=\"article:modified_time\" content=\"2025-10-16T12:22:06+00:00\" \/>\n<meta name=\"twitter:card\" content=\"summary_large_image\" \/>\n<meta name=\"twitter:label1\" content=\"Est. reading time\" \/>\n\t<meta name=\"twitter:data1\" content=\"2 minutes\" \/>\n<script type=\"application\/ld+json\" class=\"yoast-schema-graph\">{\"@context\":\"https:\\\/\\\/schema.org\",\"@graph\":[{\"@type\":\"WebPage\",\"@id\":\"https:\\\/\\\/planinskimuzej.si\\\/en\\\/temporary-exhibitions\\\/\",\"url\":\"https:\\\/\\\/planinskimuzej.si\\\/en\\\/temporary-exhibitions\\\/\",\"name\":\"Temporary exhibitions - Planinski Muzej\",\"isPartOf\":{\"@id\":\"https:\\\/\\\/planinskimuzej.si\\\/#website\"},\"datePublished\":\"2017-02-13T11:03:37+00:00\",\"dateModified\":\"2025-10-16T12:22:06+00:00\",\"breadcrumb\":{\"@id\":\"https:\\\/\\\/planinskimuzej.si\\\/en\\\/temporary-exhibitions\\\/#breadcrumb\"},\"inLanguage\":\"en-US\",\"potentialAction\":[{\"@type\":\"ReadAction\",\"target\":[\"https:\\\/\\\/planinskimuzej.si\\\/en\\\/temporary-exhibitions\\\/\"]}]},{\"@type\":\"BreadcrumbList\",\"@id\":\"https:\\\/\\\/planinskimuzej.si\\\/en\\\/temporary-exhibitions\\\/#breadcrumb\",\"itemListElement\":[{\"@type\":\"ListItem\",\"position\":1,\"name\":\"Home\",\"item\":\"https:\\\/\\\/planinskimuzej.si\\\/en\\\/\"},{\"@type\":\"ListItem\",\"position\":2,\"name\":\"Temporary exhibitions\"}]},{\"@type\":\"WebSite\",\"@id\":\"https:\\\/\\\/planinskimuzej.si\\\/#website\",\"url\":\"https:\\\/\\\/planinskimuzej.si\\\/\",\"name\":\"Planinski Muzej\",\"description\":\"Slovenski planinski muzej v Mojstrani ponuja pravo gorsko izku\u0161njo za alpinisti\u010dne navdu\u0161ence.\",\"potentialAction\":[{\"@type\":\"SearchAction\",\"target\":{\"@type\":\"EntryPoint\",\"urlTemplate\":\"https:\\\/\\\/planinskimuzej.si\\\/?s={search_term_string}\"},\"query-input\":{\"@type\":\"PropertyValueSpecification\",\"valueRequired\":true,\"valueName\":\"search_term_string\"}}],\"inLanguage\":\"en-US\"}]}<\/script>\n<!-- \/ Yoast SEO plugin. -->","yoast_head_json":{"title":"Temporary exhibitions - Planinski Muzej","robots":{"index":"index","follow":"follow","max-snippet":"max-snippet:-1","max-image-preview":"max-image-preview:large","max-video-preview":"max-video-preview:-1"},"canonical":"https:\/\/planinskimuzej.si\/en\/temporary-exhibitions\/","og_locale":"en_US","og_type":"article","og_title":"Temporary exhibitions - Planinski Muzej","og_url":"https:\/\/planinskimuzej.si\/en\/temporary-exhibitions\/","og_site_name":"Planinski Muzej","article_modified_time":"2025-10-16T12:22:06+00:00","twitter_card":"summary_large_image","twitter_misc":{"Est. reading time":"2 minutes"},"schema":{"@context":"https:\/\/schema.org","@graph":[{"@type":"WebPage","@id":"https:\/\/planinskimuzej.si\/en\/temporary-exhibitions\/","url":"https:\/\/planinskimuzej.si\/en\/temporary-exhibitions\/","name":"Temporary exhibitions - Planinski Muzej","isPartOf":{"@id":"https:\/\/planinskimuzej.si\/#website"},"datePublished":"2017-02-13T11:03:37+00:00","dateModified":"2025-10-16T12:22:06+00:00","breadcrumb":{"@id":"https:\/\/planinskimuzej.si\/en\/temporary-exhibitions\/#breadcrumb"},"inLanguage":"en-US","potentialAction":[{"@type":"ReadAction","target":["https:\/\/planinskimuzej.si\/en\/temporary-exhibitions\/"]}]},{"@type":"BreadcrumbList","@id":"https:\/\/planinskimuzej.si\/en\/temporary-exhibitions\/#breadcrumb","itemListElement":[{"@type":"ListItem","position":1,"name":"Home","item":"https:\/\/planinskimuzej.si\/en\/"},{"@type":"ListItem","position":2,"name":"Temporary exhibitions"}]},{"@type":"WebSite","@id":"https:\/\/planinskimuzej.si\/#website","url":"https:\/\/planinskimuzej.si\/","name":"Planinski Muzej","description":"Slovenski planinski muzej v Mojstrani ponuja pravo gorsko izku\u0161njo za alpinisti\u010dne navdu\u0161ence.","potentialAction":[{"@type":"SearchAction","target":{"@type":"EntryPoint","urlTemplate":"https:\/\/planinskimuzej.si\/?s={search_term_string}"},"query-input":{"@type":"PropertyValueSpecification","valueRequired":true,"valueName":"search_term_string"}}],"inLanguage":"en-US"}]}},"_links":{"self":[{"href":"https:\/\/planinskimuzej.si\/en\/wp-json\/wp\/v2\/pages\/659","targetHints":{"allow":["GET"]}}],"collection":[{"href":"https:\/\/planinskimuzej.si\/en\/wp-json\/wp\/v2\/pages"}],"about":[{"href":"https:\/\/planinskimuzej.si\/en\/wp-json\/wp\/v2\/types\/page"}],"author":[{"embeddable":true,"href":"https:\/\/planinskimuzej.si\/en\/wp-json\/wp\/v2\/users\/1"}],"replies":[{"embeddable":true,"href":"https:\/\/planinskimuzej.si\/en\/wp-json\/wp\/v2\/comments?post=659"}],"version-history":[{"count":10,"href":"https:\/\/planinskimuzej.si\/en\/wp-json\/wp\/v2\/pages\/659\/revisions"}],"predecessor-version":[{"id":47944,"href":"https:\/\/planinskimuzej.si\/en\/wp-json\/wp\/v2\/pages\/659\/revisions\/47944"}],"wp:attachment":[{"href":"https:\/\/planinskimuzej.si\/en\/wp-json\/wp\/v2\/media?parent=659"}],"curies":[{"name":"wp","href":"https:\/\/api.w.org\/{rel}","templated":true}]}}