{"id":681,"date":"2017-03-30T08:40:18","date_gmt":"2017-03-30T08:40:18","guid":{"rendered":"http:\/\/www.planinskimuzej.si\/?page_id=681"},"modified":"2017-05-23T08:01:51","modified_gmt":"2017-05-23T08:01:51","slug":"tickets","status":"publish","type":"page","link":"https:\/\/planinskimuzej.si\/en\/mojstrana\/tickets\/","title":{"rendered":"Tickets"},"content":{"rendered":"","protected":false},"excerpt":{"rendered":"","protected":false},"author":1,"featured_media":0,"parent":683,"menu_order":2,"comment_status":"closed","ping_status":"closed","template":"","meta":{"footnotes":""},"class_list":["post-681","page","type-page","status-publish","hentry"],"yoast_head":"<!-- This site is optimized with the Yoast SEO plugin v27.4 - https:\/\/yoast.com\/product\/yoast-seo-wordpress\/ -->\n<title>Tickets - Planinski Muzej<\/title>\n<meta name=\"robots\" content=\"index, follow, max-snippet:-1, max-image-preview:large, max-video-preview:-1\" \/>\n<link rel=\"canonical\" href=\"https:\/\/planinskimuzej.si\/en\/mojstrana\/tickets\/\" \/>\n<meta property=\"og:locale\" content=\"en_US\" \/>\n<meta property=\"og:type\" content=\"article\" \/>\n<meta property=\"og:title\" content=\"Tickets - Planinski Muzej\" \/>\n<meta property=\"og:url\" content=\"https:\/\/planinskimuzej.si\/en\/mojstrana\/tickets\/\" \/>\n<meta property=\"og:site_name\" content=\"Planinski Muzej\" \/>\n<meta property=\"article:modified_time\" content=\"2017-05-23T08:01:51+00:00\" \/>\n<meta name=\"twitter:card\" content=\"summary_large_image\" \/>\n<script type=\"application\/ld+json\" class=\"yoast-schema-graph\">{\"@context\":\"https:\\\/\\\/schema.org\",\"@graph\":[{\"@type\":\"WebPage\",\"@id\":\"https:\\\/\\\/planinskimuzej.si\\\/en\\\/mojstrana\\\/tickets\\\/\",\"url\":\"https:\\\/\\\/planinskimuzej.si\\\/en\\\/mojstrana\\\/tickets\\\/\",\"name\":\"Tickets - Planinski Muzej\",\"isPartOf\":{\"@id\":\"https:\\\/\\\/planinskimuzej.si\\\/#website\"},\"datePublished\":\"2017-03-30T08:40:18+00:00\",\"dateModified\":\"2017-05-23T08:01:51+00:00\",\"breadcrumb\":{\"@id\":\"https:\\\/\\\/planinskimuzej.si\\\/en\\\/mojstrana\\\/tickets\\\/#breadcrumb\"},\"inLanguage\":\"en-US\",\"potentialAction\":[{\"@type\":\"ReadAction\",\"target\":[\"https:\\\/\\\/planinskimuzej.si\\\/en\\\/mojstrana\\\/tickets\\\/\"]}]},{\"@type\":\"BreadcrumbList\",\"@id\":\"https:\\\/\\\/planinskimuzej.si\\\/en\\\/mojstrana\\\/tickets\\\/#breadcrumb\",\"itemListElement\":[{\"@type\":\"ListItem\",\"position\":1,\"name\":\"Home\",\"item\":\"https:\\\/\\\/planinskimuzej.si\\\/en\\\/\"},{\"@type\":\"ListItem\",\"position\":2,\"name\":\"Mojstrana\",\"item\":\"https:\\\/\\\/planinskimuzej.si\\\/mojstrana\\\/\"},{\"@type\":\"ListItem\",\"position\":3,\"name\":\"Tickets\"}]},{\"@type\":\"WebSite\",\"@id\":\"https:\\\/\\\/planinskimuzej.si\\\/#website\",\"url\":\"https:\\\/\\\/planinskimuzej.si\\\/\",\"name\":\"Planinski Muzej\",\"description\":\"Slovenski planinski muzej v Mojstrani ponuja pravo gorsko izku\u0161njo za alpinisti\u010dne navdu\u0161ence.\",\"potentialAction\":[{\"@type\":\"SearchAction\",\"target\":{\"@type\":\"EntryPoint\",\"urlTemplate\":\"https:\\\/\\\/planinskimuzej.si\\\/?s={search_term_string}\"},\"query-input\":{\"@type\":\"PropertyValueSpecification\",\"valueRequired\":true,\"valueName\":\"search_term_string\"}}],\"inLanguage\":\"en-US\"}]}<\/script>\n<!-- \/ Yoast SEO plugin. -->","yoast_head_json":{"title":"Tickets - Planinski Muzej","robots":{"index":"index","follow":"follow","max-snippet":"max-snippet:-1","max-image-preview":"max-image-preview:large","max-video-preview":"max-video-preview:-1"},"canonical":"https:\/\/planinskimuzej.si\/en\/mojstrana\/tickets\/","og_locale":"en_US","og_type":"article","og_title":"Tickets - Planinski Muzej","og_url":"https:\/\/planinskimuzej.si\/en\/mojstrana\/tickets\/","og_site_name":"Planinski Muzej","article_modified_time":"2017-05-23T08:01:51+00:00","twitter_card":"summary_large_image","schema":{"@context":"https:\/\/schema.org","@graph":[{"@type":"WebPage","@id":"https:\/\/planinskimuzej.si\/en\/mojstrana\/tickets\/","url":"https:\/\/planinskimuzej.si\/en\/mojstrana\/tickets\/","name":"Tickets - Planinski Muzej","isPartOf":{"@id":"https:\/\/planinskimuzej.si\/#website"},"datePublished":"2017-03-30T08:40:18+00:00","dateModified":"2017-05-23T08:01:51+00:00","breadcrumb":{"@id":"https:\/\/planinskimuzej.si\/en\/mojstrana\/tickets\/#breadcrumb"},"inLanguage":"en-US","potentialAction":[{"@type":"ReadAction","target":["https:\/\/planinskimuzej.si\/en\/mojstrana\/tickets\/"]}]},{"@type":"BreadcrumbList","@id":"https:\/\/planinskimuzej.si\/en\/mojstrana\/tickets\/#breadcrumb","itemListElement":[{"@type":"ListItem","position":1,"name":"Home","item":"https:\/\/planinskimuzej.si\/en\/"},{"@type":"ListItem","position":2,"name":"Mojstrana","item":"https:\/\/planinskimuzej.si\/mojstrana\/"},{"@type":"ListItem","position":3,"name":"Tickets"}]},{"@type":"WebSite","@id":"https:\/\/planinskimuzej.si\/#website","url":"https:\/\/planinskimuzej.si\/","name":"Planinski Muzej","description":"Slovenski planinski muzej v Mojstrani ponuja pravo gorsko izku\u0161njo za alpinisti\u010dne navdu\u0161ence.","potentialAction":[{"@type":"SearchAction","target":{"@type":"EntryPoint","urlTemplate":"https:\/\/planinskimuzej.si\/?s={search_term_string}"},"query-input":{"@type":"PropertyValueSpecification","valueRequired":true,"valueName":"search_term_string"}}],"inLanguage":"en-US"}]}},"_links":{"self":[{"href":"https:\/\/planinskimuzej.si\/en\/wp-json\/wp\/v2\/pages\/681","targetHints":{"allow":["GET"]}}],"collection":[{"href":"https:\/\/planinskimuzej.si\/en\/wp-json\/wp\/v2\/pages"}],"about":[{"href":"https:\/\/planinskimuzej.si\/en\/wp-json\/wp\/v2\/types\/page"}],"author":[{"embeddable":true,"href":"https:\/\/planinskimuzej.si\/en\/wp-json\/wp\/v2\/users\/1"}],"replies":[{"embeddable":true,"href":"https:\/\/planinskimuzej.si\/en\/wp-json\/wp\/v2\/comments?post=681"}],"version-history":[{"count":1,"href":"https:\/\/planinskimuzej.si\/en\/wp-json\/wp\/v2\/pages\/681\/revisions"}],"predecessor-version":[{"id":682,"href":"https:\/\/planinskimuzej.si\/en\/wp-json\/wp\/v2\/pages\/681\/revisions\/682"}],"up":[{"embeddable":true,"href":"https:\/\/planinskimuzej.si\/en\/wp-json\/wp\/v2\/pages\/683"}],"wp:attachment":[{"href":"https:\/\/planinskimuzej.si\/en\/wp-json\/wp\/v2\/media?parent=681"}],"curies":[{"name":"wp","href":"https:\/\/api.w.org\/{rel}","templated":true}]}}