{"id":683,"date":"2017-01-19T09:22:18","date_gmt":"2017-01-19T09:22:18","guid":{"rendered":"http:\/\/www.planinskimuzej.si\/?page_id=683"},"modified":"2017-10-25T10:15:52","modified_gmt":"2017-10-25T10:15:52","slug":"mojstrana","status":"publish","type":"page","link":"https:\/\/planinskimuzej.si\/en\/mojstrana\/","title":{"rendered":"Mojstrana"},"content":{"rendered":"<h2>Mojstrana &#8211; just a step away from the heart of the Julian Alps<\/h2>\n<div class=\"fusion-layout-column fusion_builder_column fusion-builder-column-0 fusion_builder_column_1_2 1_2 fusion-flex-column\" style=\"--awb-bg-size:cover;--awb-width-large:50%;--awb-margin-top-large:0px;--awb-margin-bottom-large:0px;--awb-width-medium:100%;--awb-width-small:100%;\"><div class=\"fusion-column-wrapper fusion-flex-justify-content-flex-start fusion-content-layout-column\">\n<p>Slovenian Alpine museum in Mojstrana got his place at the entrance to the Triglav National Park, the only Slovenian national park, and the valley door that leads to the mighty wall of Triglav.<\/p>\n<p>Village Mojstrana (641 m), which lies at the mouth of the Sava River Bistrica Triglav Dolinka, can praise itself with a healing climate and rich mountain tradition. It is the birthplace of many famous Slovenian athletes. With its rich historical, ethnological and natural heritage is a nice excursion destination for lovers of nature and cultural heritage. Mojstrana is an ideal starting point for many hikes in the Julian Alps and Karavanke.<\/p>\n<h3>Discovering Mojstrana<\/h3>\n<p>The Slovenian Alpine Museum together with tourist and mountain guides has prepared many interesting programs which will make your day in Mojstrana and its surroundings a great experience to remember.<\/p>\n<p>For families, groups, co-workers or clubs, we organize professionally guided tours to the most attractive places, with an exquisite cultural, natural or historical character.<\/p>\n<p><\/div><\/div><div class=\"fusion-layout-column fusion_builder_column fusion-builder-column-1 fusion_builder_column_1_2 1_2 fusion-flex-column\" style=\"--awb-bg-size:cover;--awb-width-large:50%;--awb-margin-top-large:0px;--awb-margin-bottom-large:0px;--awb-width-medium:100%;--awb-width-small:100%;\"><div class=\"fusion-column-wrapper fusion-flex-justify-content-flex-start fusion-content-layout-column\"><div class=\"fusion-slider-sc fusion-flexslider-loading flexslider flexslider-hover-type-none\" data-slideshow_autoplay=\"1\" data-slideshow_smooth_height=\"0\" data-slideshow_speed=\"7000\" style=\"max-width:100%;height:100%;\"><ul class=\"slides\"><li class=\"image\"><span class=\"fusion-image-hover-element hover-type-none\"><img decoding=\"async\" src=\"http:\/\/www.planinskimuzej.si\/wp-content\/uploads\/2017\/01\/mojstrana-1.jpg\" \/><\/span><\/li><li class=\"image\"><span class=\"fusion-image-hover-element hover-type-none\"><img decoding=\"async\" src=\"http:\/\/www.planinskimuzej.si\/wp-content\/uploads\/2017\/01\/mojstrana-2.jpg\" \/><\/span><\/li><li class=\"image\"><span class=\"fusion-image-hover-element hover-type-none\"><img decoding=\"async\" src=\"http:\/\/www.planinskimuzej.si\/wp-content\/uploads\/2017\/01\/mojstrana-3.jpg\" \/><\/span><\/li><\/ul><\/div>\n<\/div><\/div><\/p>\n<div class=\"fusion-sep-clear\"><\/div><div class=\"fusion-separator fusion-full-width-sep\" style=\"margin-left: auto;margin-right: auto;width:100%;\"><\/div><div class=\"fusion-sep-clear\"><\/div>\n<h2><div class=\"fusion-menu-anchor\" id=\"Kje-smo\"><\/div>Location<\/h2>\n\t\t\t\t\t<script type=\"text\/javascript\">\n\t\t\t\t\t\tvar map_fusion_map_69d396940b4a3;\n\t\t\t\t\t\tvar markers = [];\n\t\t\t\t\t\tvar counter = 0;\n\t\t\t\t\t\t\t\t\t\t\t\t\t\t\t\t\t\t\t\tvar fusionMapNonce = 'cacdb140fb';\n\t\t\t\t\t\t\t\t\t\t\t\tfunction fusion_run_map_fusion_map_69d396940b4a3() {\n\t\t\t\t\t\t\tjQuery ('#fusion_map_69d396940b4a3' ).fusion_maps( {\n\t\t\t\t\t\t\t\taddresses: [{\"address\":\"Slovenski planinski muzej, Triglavska cesta 49, Mojstrana\",\"infobox_content\":\"Slovenski planinski muzej, Triglavska cesta 49, Mojstrana\",\"coordinates\":false,\"cache\":true,\"latitude\":\"46.4579584\",\"longitude\":\"13.936182199999962\"}],\n\t\t\t\t\t\t\t\tanimations: false,\n\t\t\t\t\t\t\t\tinfobox_background_color: '',\n\t\t\t\t\t\t\t\tinfobox_styling: 'default',\n\t\t\t\t\t\t\t\tinfobox_text_color: '',\n\t\t\t\t\t\t\t\tmap_style: 'default',\n\t\t\t\t\t\t\t\tmap_type: 'roadmap',\n\t\t\t\t\t\t\t\tmarker_icon: '',\n\t\t\t\t\t\t\t\toverlay_color: '',\n\t\t\t\t\t\t\t\toverlay_color_hsl: {\"hue\":0,\"sat\":0,\"lum\":100},\n\t\t\t\t\t\t\t\tshow_address: true,\n\t\t\t\t\t\t\t\tscale_control: true,\n\t\t\t\t\t\t\t\tscrollwheel: false,\n\t\t\t\t\t\t\t\tzoom: 11,\n\t\t\t\t\t\t\t\tzoom_control: true,\n\t\t\t\t\t\t\t} );\n\t\t\t\t\t\t}\n\n\t\t\t\t\t\tgoogle.maps.event.addDomListener(window, 'load', fusion_run_map_fusion_map_69d396940b4a3);\n\t\t\t\t\t<\/script>\n\t\t\t\t\t<div class=\"shortcode-map fusion-google-map fusion-maps-js-type\" id=\"fusion_map_69d396940b4a3\"><\/div>\n<div class=\"fusion-sep-clear\"><\/div><div class=\"fusion-separator fusion-full-width-sep\" style=\"margin-left: auto;margin-right: auto;margin-top:30px;width:100%;\"><\/div><div class=\"fusion-sep-clear\"><\/div>\n<div class=\"fusion-reading-box-container reading-box-container-1\" style=\"--awb-title-color:#333333;--awb-margin-top:0px;--awb-margin-bottom:40px;\"><div class=\"reading-box\" style=\"background-color:var(--awb-custom_color_12);border-width:1px;border-color:var(--awb-custom_color_12);border-left-width:3px;border-left-color:var(--primary_color);border-style:solid;\"><div class=\"reading-box-additional\"><\/p>\n<h3>For more information call: +386 (0)8 380 67 30 or send an e-mail to <a href=\"mailto:info@planinskimuzej.si\">info@planinskimuzej.si<\/a>.<\/h3>\n<p><\/div><div class=\"fusion-clearfix\"><\/div><\/div><\/div>\n","protected":false},"excerpt":{"rendered":"<p>Mojstrana &#8211; just a step away from the heart of the Julian Alps Location<\/p>\n","protected":false},"author":1,"featured_media":0,"parent":0,"menu_order":0,"comment_status":"closed","ping_status":"closed","template":"","meta":{"footnotes":""},"class_list":["post-683","page","type-page","status-publish","hentry"],"yoast_head":"<!-- This site is optimized with the Yoast SEO plugin v27.1.1 - https:\/\/yoast.com\/product\/yoast-seo-wordpress\/ -->\n<title>Mojstrana - Planinski Muzej<\/title>\n<meta name=\"robots\" content=\"index, follow, max-snippet:-1, max-image-preview:large, max-video-preview:-1\" \/>\n<link rel=\"canonical\" href=\"https:\/\/planinskimuzej.si\/mojstrana\/\" \/>\n<meta property=\"og:locale\" content=\"en_US\" \/>\n<meta property=\"og:type\" content=\"article\" \/>\n<meta property=\"og:title\" content=\"Mojstrana - Planinski Muzej\" \/>\n<meta property=\"og:description\" content=\"Mojstrana &#8211; just a step away from the heart of the Julian Alps Location\" \/>\n<meta property=\"og:url\" content=\"https:\/\/planinskimuzej.si\/mojstrana\/\" \/>\n<meta property=\"og:site_name\" content=\"Planinski Muzej\" \/>\n<meta property=\"article:modified_time\" content=\"2017-10-25T10:15:52+00:00\" \/>\n<meta name=\"twitter:card\" content=\"summary_large_image\" \/>\n<meta name=\"twitter:label1\" content=\"Est. reading time\" \/>\n\t<meta name=\"twitter:data1\" content=\"3 minutes\" \/>\n<script type=\"application\/ld+json\" class=\"yoast-schema-graph\">{\"@context\":\"https:\/\/schema.org\",\"@graph\":[{\"@type\":\"WebPage\",\"@id\":\"https:\/\/planinskimuzej.si\/mojstrana\/\",\"url\":\"https:\/\/planinskimuzej.si\/mojstrana\/\",\"name\":\"Mojstrana - Planinski Muzej\",\"isPartOf\":{\"@id\":\"https:\/\/planinskimuzej.si\/#website\"},\"datePublished\":\"2017-01-19T09:22:18+00:00\",\"dateModified\":\"2017-10-25T10:15:52+00:00\",\"breadcrumb\":{\"@id\":\"https:\/\/planinskimuzej.si\/mojstrana\/#breadcrumb\"},\"inLanguage\":\"en-US\",\"potentialAction\":[{\"@type\":\"ReadAction\",\"target\":[\"https:\/\/planinskimuzej.si\/mojstrana\/\"]}]},{\"@type\":\"BreadcrumbList\",\"@id\":\"https:\/\/planinskimuzej.si\/mojstrana\/#breadcrumb\",\"itemListElement\":[{\"@type\":\"ListItem\",\"position\":1,\"name\":\"Home\",\"item\":\"https:\/\/planinskimuzej.si\/en\/\"},{\"@type\":\"ListItem\",\"position\":2,\"name\":\"Mojstrana\"}]},{\"@type\":\"WebSite\",\"@id\":\"https:\/\/planinskimuzej.si\/#website\",\"url\":\"https:\/\/planinskimuzej.si\/\",\"name\":\"Planinski Muzej\",\"description\":\"Slovenski planinski muzej v Mojstrani ponuja pravo gorsko izku\u0161njo za alpinisti\u010dne navdu\u0161ence.\",\"potentialAction\":[{\"@type\":\"SearchAction\",\"target\":{\"@type\":\"EntryPoint\",\"urlTemplate\":\"https:\/\/planinskimuzej.si\/?s={search_term_string}\"},\"query-input\":{\"@type\":\"PropertyValueSpecification\",\"valueRequired\":true,\"valueName\":\"search_term_string\"}}],\"inLanguage\":\"en-US\"}]}<\/script>\n<!-- \/ Yoast SEO plugin. -->","yoast_head_json":{"title":"Mojstrana - Planinski Muzej","robots":{"index":"index","follow":"follow","max-snippet":"max-snippet:-1","max-image-preview":"max-image-preview:large","max-video-preview":"max-video-preview:-1"},"canonical":"https:\/\/planinskimuzej.si\/mojstrana\/","og_locale":"en_US","og_type":"article","og_title":"Mojstrana - Planinski Muzej","og_description":"Mojstrana &#8211; just a step away from the heart of the Julian Alps Location","og_url":"https:\/\/planinskimuzej.si\/mojstrana\/","og_site_name":"Planinski Muzej","article_modified_time":"2017-10-25T10:15:52+00:00","twitter_card":"summary_large_image","twitter_misc":{"Est. reading time":"3 minutes"},"schema":{"@context":"https:\/\/schema.org","@graph":[{"@type":"WebPage","@id":"https:\/\/planinskimuzej.si\/mojstrana\/","url":"https:\/\/planinskimuzej.si\/mojstrana\/","name":"Mojstrana - Planinski Muzej","isPartOf":{"@id":"https:\/\/planinskimuzej.si\/#website"},"datePublished":"2017-01-19T09:22:18+00:00","dateModified":"2017-10-25T10:15:52+00:00","breadcrumb":{"@id":"https:\/\/planinskimuzej.si\/mojstrana\/#breadcrumb"},"inLanguage":"en-US","potentialAction":[{"@type":"ReadAction","target":["https:\/\/planinskimuzej.si\/mojstrana\/"]}]},{"@type":"BreadcrumbList","@id":"https:\/\/planinskimuzej.si\/mojstrana\/#breadcrumb","itemListElement":[{"@type":"ListItem","position":1,"name":"Home","item":"https:\/\/planinskimuzej.si\/en\/"},{"@type":"ListItem","position":2,"name":"Mojstrana"}]},{"@type":"WebSite","@id":"https:\/\/planinskimuzej.si\/#website","url":"https:\/\/planinskimuzej.si\/","name":"Planinski Muzej","description":"Slovenski planinski muzej v Mojstrani ponuja pravo gorsko izku\u0161njo za alpinisti\u010dne navdu\u0161ence.","potentialAction":[{"@type":"SearchAction","target":{"@type":"EntryPoint","urlTemplate":"https:\/\/planinskimuzej.si\/?s={search_term_string}"},"query-input":{"@type":"PropertyValueSpecification","valueRequired":true,"valueName":"search_term_string"}}],"inLanguage":"en-US"}]}},"_links":{"self":[{"href":"https:\/\/planinskimuzej.si\/en\/wp-json\/wp\/v2\/pages\/683","targetHints":{"allow":["GET"]}}],"collection":[{"href":"https:\/\/planinskimuzej.si\/en\/wp-json\/wp\/v2\/pages"}],"about":[{"href":"https:\/\/planinskimuzej.si\/en\/wp-json\/wp\/v2\/types\/page"}],"author":[{"embeddable":true,"href":"https:\/\/planinskimuzej.si\/en\/wp-json\/wp\/v2\/users\/1"}],"replies":[{"embeddable":true,"href":"https:\/\/planinskimuzej.si\/en\/wp-json\/wp\/v2\/comments?post=683"}],"version-history":[{"count":5,"href":"https:\/\/planinskimuzej.si\/en\/wp-json\/wp\/v2\/pages\/683\/revisions"}],"predecessor-version":[{"id":2681,"href":"https:\/\/planinskimuzej.si\/en\/wp-json\/wp\/v2\/pages\/683\/revisions\/2681"}],"wp:attachment":[{"href":"https:\/\/planinskimuzej.si\/en\/wp-json\/wp\/v2\/media?parent=683"}],"curies":[{"name":"wp","href":"https:\/\/api.w.org\/{rel}","templated":true}]}}