{"id":691,"date":"2017-02-15T12:28:09","date_gmt":"2017-02-15T12:28:09","guid":{"rendered":"http:\/\/www.planinskimuzej.si\/?page_id=691"},"modified":"2025-05-29T15:08:25","modified_gmt":"2025-05-29T13:08:25","slug":"escape-to-the-bivouac","status":"publish","type":"page","link":"https:\/\/planinskimuzej.si\/en\/escape-to-the-bivouac\/","title":{"rendered":"Escape to the Bivouac"},"content":{"rendered":"<div class=\"fusion-fullwidth fullwidth-box fusion-builder-row-1 nonhundred-percent-fullwidth non-hundred-percent-height-scrolling\" style=\"--awb-border-radius-top-left:0px;--awb-border-radius-top-right:0px;--awb-border-radius-bottom-right:0px;--awb-border-radius-bottom-left:0px;--awb-flex-wrap:wrap;\" ><div class=\"fusion-builder-row fusion-row\"><div class=\"fusion-layout-column fusion_builder_column fusion-builder-column-0 fusion_builder_column_1_1 1_1 fusion-one-full fusion-column-first fusion-column-last\" style=\"--awb-bg-size:cover;\"><div class=\"fusion-column-wrapper fusion-flex-column-wrapper-legacy\"><div class=\"fusion-text fusion-text-1\"><h2>Escape to the Bivouac<\/h2>\n<\/div><div class=\"fusion-video fusion-selfhosted-video\" style=\"max-width:100%;\"><div class=\"video-wrapper\"><video playsinline=\"true\" width=\"100%\" style=\"object-fit: cover;\" autoplay=\"true\" muted=\"true\" loop=\"true\" preload=\"auto\" controls=\"1\"><source src=\"https:\/\/www.planinskimuzej.si\/wp-content\/uploads\/2020\/03\/nevihte-v-gorah.mp4\" type=\"video\/mp4\">Sorry, your browser doesn&#039;t support embedded videos.<\/video><\/div><\/div><div class=\"fusion-sep-clear\"><\/div><div class=\"fusion-separator fusion-full-width-sep\" style=\"margin-left: auto;margin-right: auto;margin-top:15px;margin-bottom:15px;width:100%;\"><\/div><div class=\"fusion-sep-clear\"><\/div><div class=\"fusion-clearfix\"><\/div><\/div><\/div><div class=\"fusion-layout-column fusion_builder_column fusion-builder-column-1 fusion_builder_column_1_1 1_1 fusion-one-full fusion-column-first fusion-column-last\" style=\"--awb-bg-size:cover;\"><div class=\"fusion-column-wrapper fusion-flex-column-wrapper-legacy\"><div class=\"fusion-text fusion-text-2\"><h3 style=\"text-align: center;\"><strong>Are you ready for a playful path of adventure?<\/strong><\/h3>\n<p style=\"text-align: center;\"><em>Mountains are unpredictable.<\/em><\/p>\n<p style=\"text-align: center;\"><em>The weather can change in an instant.<\/em><\/p>\n<p style=\"text-align: center;\"><em>A storm is approaching and you have but one solution:<\/em><\/p>\n<p style=\"text-align: center;\">ESCAPE TO THE BIVOUAC!<\/p>\n<p style=\"text-align: center;\">Will you decipher the hidden codes? Will you avoid the gaps and traps? Will you remember the right path? Will you find the right bivouac and save yourself?<br \/>\n<strong>Every path has its own story.<\/strong><br \/>\n<strong> What will yours be?<\/strong><\/p>\n<\/div><div class=\"fusion-clearfix\"><\/div><\/div><\/div><div class=\"fusion-layout-column fusion_builder_column fusion-builder-column-2 fusion_builder_column_1_1 1_1 fusion-one-full fusion-column-first fusion-column-last\" style=\"--awb-bg-size:cover;\"><div class=\"fusion-column-wrapper fusion-flex-column-wrapper-legacy\"><div class=\"fusion-sep-clear\"><\/div><div class=\"fusion-separator fusion-full-width-sep\" style=\"margin-left: auto;margin-right: auto;width:100%;\"><\/div><div class=\"fusion-sep-clear\"><\/div><div class=\"fusion-reading-box-container reading-box-container-1\" style=\"--awb-title-color:var(--awb-color1);--awb-margin-top:0px;--awb-margin-bottom:40px;\"><div class=\"reading-box\" style=\"background-color:var(--awb-custom_color_12);border-width:1px;border-color:var(--awb-color1);border-left-width:3px;border-left-color:var(--primary_color);border-style:solid;\"><div class=\"fusion-reading-box-flex\"><h2>Set off on a thrilling adventure and experience mountains through a gameplay<\/h2><a class=\"button fusion-button button-default fusion-button-default-size button-default-size button-flat fusion-desktop-button fusion-tagline-button continue continue-right\" style=\"-webkit-box-shadow:none;-moz-box-shadow:none;box-shadow:none;border-radius:20px 20px 20px 20px\" href=\"#\" target=\"_self\" data-toggle=\"modal\" data-target=\".rezerviraj-bivak\"><span>Book Now<\/span><\/a><\/div><a class=\"button fusion-button button-default fusion-button-default-size button-default-size button-flat fusion-mobile-button continue-right\" style=\"-webkit-box-shadow:none;-moz-box-shadow:none;box-shadow:none;border-radius:20px 20px 20px 20px\" href=\"#\" target=\"_self\" data-toggle=\"modal\" data-target=\".rezerviraj-bivak\"><span>Book Now<\/span><\/a><\/div><\/div><div class=\"fusion-image-element in-legacy-container\" style=\"--awb-caption-title-font-family:var(--h2_typography-font-family);--awb-caption-title-font-weight:var(--h2_typography-font-weight);--awb-caption-title-font-style:var(--h2_typography-font-style);--awb-caption-title-size:var(--h2_typography-font-size);--awb-caption-title-transform:var(--h2_typography-text-transform);--awb-caption-title-line-height:var(--h2_typography-line-height);--awb-caption-title-letter-spacing:var(--h2_typography-letter-spacing);\"><span class=\" fusion-imageframe imageframe-none imageframe-1 hover-type-none\"><img decoding=\"async\" width=\"900\" height=\"601\" title=\"_DSC1613\" src=\"https:\/\/www.planinskimuzej.si\/wp-content\/uploads\/2017\/05\/DSC1613.jpg\" alt class=\"img-responsive wp-image-12465\" srcset=\"https:\/\/planinskimuzej.si\/wp-content\/uploads\/2017\/05\/DSC1613-200x134.jpg 200w, https:\/\/planinskimuzej.si\/wp-content\/uploads\/2017\/05\/DSC1613-400x267.jpg 400w, https:\/\/planinskimuzej.si\/wp-content\/uploads\/2017\/05\/DSC1613-600x401.jpg 600w, https:\/\/planinskimuzej.si\/wp-content\/uploads\/2017\/05\/DSC1613-800x534.jpg 800w, https:\/\/planinskimuzej.si\/wp-content\/uploads\/2017\/05\/DSC1613.jpg 900w\" sizes=\"(max-width: 800px) 100vw, 900px\" \/><\/span><\/div><div class=\"fusion-sep-clear\"><\/div><div class=\"fusion-separator fusion-full-width-sep\" style=\"margin-left: auto;margin-right: auto;width:100%;\"><\/div><div class=\"fusion-sep-clear\"><\/div><div class=\"fusion-text fusion-text-3\"><p>The legendary Bivouac II was built by members of the Tourist Club Skala from the nearby mountain town of Jesenica, Slovenia in 1936 on the Na Jezerih plateau above the Vrata Valley and beneath Rokavs Ridge. At the end of 2015, they moved the Bivouac to the valley where it enjoys its well-deserved retirement placed on the rocky cliff on the meadow in front of our museum. Since it was not possible to change the exhibit component itself, with the cooperation and support of the local community they installed a hidden space in which the adventure path is located.<\/p>\n<p>But beware! This is not a classic \u201cescape room\u201d, where the game is led by a moderator who guides you as you try to escape from a room. Instead it\u2019s an innovative way of exploring a museum through (game)play that we have developed specifically for the project.<\/p>\n<p>The adventure can be embarked on by a group of 2 to 4 people. Admission: \u20ac25\/group.<\/p>\n<p>Before you go on and enjoy the experience you will be familiarised with the game rules and kindly asked to read and sign the <a href=\"http:\/\/www.planinskimuzej.si\/wp-content\/uploads\/2017\/02\/Pobeg-v-bivak_SPP.pdf\">general terms and conditions<\/a>.<\/p>\n<\/div><div class=\"fusion-image-carousel fusion-image-carousel-auto fusion-image-carousel-1 lightbox-enabled fusion-carousel-border\"><div class=\"awb-carousel awb-swiper awb-swiper-carousel awb-carousel--carousel awb-swiper-dots-position-bottom\" data-layout=\"carousel\" data-autoplay=\"no\" data-autoplayspeed=\"4500\" data-autoplaypause=\"no\" data-columns=\"5\" data-columnsmedium=\"1\" data-columnssmall=\"1\" data-itemmargin=\"13\" data-itemwidth=\"180\" data-touchscroll=\"no\" data-freemode=\"no\" data-imagesize=\"auto\" data-scrollitems=\"0\" data-centeredslides=\"no\" data-rotationangle=\"50\" data-depth=\"100\" data-speed=\"500\" data-shadow=\"no\" data-pagination=\"bullets\" style=\"--awb-border-width:1px;--awb-border-color:#e9eaee;\"><div class=\"swiper-wrapper awb-image-carousel-wrapper fusion-flex-align-items-center\"><div class=\"swiper-slide\"><div class=\"fusion-carousel-item-wrapper\"><div class=\"fusion-image-wrapper hover-type-none\"><a data-rel=\"iLightbox[image_carousel_1]\" data-title=\"Pobeg v bivak 2\" aria-label=\"Pobeg v bivak 2\" href=\"http:\/\/www.planinskimuzej.si\/wp-content\/uploads\/2017\/02\/Pobeg-v-bivak-2.jpg\" target=\"_self\"><img decoding=\"async\" width=\"650\" height=\"430\" src=\"https:\/\/planinskimuzej.si\/wp-content\/uploads\/2017\/02\/Pobeg-v-bivak-2.jpg\" class=\"attachment-full size-full\" alt=\"\" srcset=\"https:\/\/planinskimuzej.si\/wp-content\/uploads\/2017\/02\/Pobeg-v-bivak-2-200x132.jpg 200w, https:\/\/planinskimuzej.si\/wp-content\/uploads\/2017\/02\/Pobeg-v-bivak-2-400x265.jpg 400w, https:\/\/planinskimuzej.si\/wp-content\/uploads\/2017\/02\/Pobeg-v-bivak-2-600x397.jpg 600w, https:\/\/planinskimuzej.si\/wp-content\/uploads\/2017\/02\/Pobeg-v-bivak-2.jpg 650w\" sizes=\"(min-width: 2200px) 100vw, (min-width: 928px) 210px, (min-width: 856px) 262px, (min-width: 784px) 349px, (min-width: 712px) 524px, (min-width: 640px) 712px, \" \/><\/a><\/div><\/div><\/div><div class=\"swiper-slide\"><div class=\"fusion-carousel-item-wrapper\"><div class=\"fusion-image-wrapper hover-type-none\"><a data-rel=\"iLightbox[image_carousel_1]\" data-title=\"Pobeg v bivak 3\" aria-label=\"Pobeg v bivak 3\" href=\"http:\/\/www.planinskimuzej.si\/wp-content\/uploads\/2017\/02\/Pobeg-v-bivak-3.jpg\" target=\"_self\"><img decoding=\"async\" width=\"650\" height=\"430\" src=\"https:\/\/planinskimuzej.si\/wp-content\/uploads\/2017\/02\/Pobeg-v-bivak-3.jpg\" class=\"attachment-full size-full\" alt=\"\" srcset=\"https:\/\/planinskimuzej.si\/wp-content\/uploads\/2017\/02\/Pobeg-v-bivak-3-200x132.jpg 200w, https:\/\/planinskimuzej.si\/wp-content\/uploads\/2017\/02\/Pobeg-v-bivak-3-400x265.jpg 400w, https:\/\/planinskimuzej.si\/wp-content\/uploads\/2017\/02\/Pobeg-v-bivak-3-600x397.jpg 600w, https:\/\/planinskimuzej.si\/wp-content\/uploads\/2017\/02\/Pobeg-v-bivak-3.jpg 650w\" sizes=\"(min-width: 2200px) 100vw, (min-width: 928px) 210px, (min-width: 856px) 262px, (min-width: 784px) 349px, (min-width: 712px) 524px, (min-width: 640px) 712px, \" \/><\/a><\/div><\/div><\/div><div class=\"swiper-slide\"><div class=\"fusion-carousel-item-wrapper\"><div class=\"fusion-image-wrapper hover-type-none\"><a data-rel=\"iLightbox[image_carousel_1]\" data-title=\"Pobeg v bivak 4\" aria-label=\"Pobeg v bivak 4\" href=\"http:\/\/www.planinskimuzej.si\/wp-content\/uploads\/2017\/02\/Pobeg-v-bivak-4.jpg\" target=\"_self\"><img decoding=\"async\" width=\"650\" height=\"430\" src=\"https:\/\/planinskimuzej.si\/wp-content\/uploads\/2017\/02\/Pobeg-v-bivak-4.jpg\" class=\"attachment-full size-full\" alt=\"\" srcset=\"https:\/\/planinskimuzej.si\/wp-content\/uploads\/2017\/02\/Pobeg-v-bivak-4-200x132.jpg 200w, https:\/\/planinskimuzej.si\/wp-content\/uploads\/2017\/02\/Pobeg-v-bivak-4-400x265.jpg 400w, https:\/\/planinskimuzej.si\/wp-content\/uploads\/2017\/02\/Pobeg-v-bivak-4-600x397.jpg 600w, https:\/\/planinskimuzej.si\/wp-content\/uploads\/2017\/02\/Pobeg-v-bivak-4.jpg 650w\" sizes=\"(min-width: 2200px) 100vw, (min-width: 928px) 210px, (min-width: 856px) 262px, (min-width: 784px) 349px, (min-width: 712px) 524px, (min-width: 640px) 712px, \" \/><\/a><\/div><\/div><\/div><div class=\"swiper-slide\"><div class=\"fusion-carousel-item-wrapper\"><div class=\"fusion-image-wrapper hover-type-none\"><a data-rel=\"iLightbox[image_carousel_1]\" data-title=\"Pobeg v bivak 5\" aria-label=\"Pobeg v bivak 5\" href=\"http:\/\/www.planinskimuzej.si\/wp-content\/uploads\/2017\/02\/Pobeg-v-bivak-5.jpg\" target=\"_self\"><img decoding=\"async\" width=\"650\" height=\"430\" src=\"https:\/\/planinskimuzej.si\/wp-content\/uploads\/2017\/02\/Pobeg-v-bivak-5.jpg\" class=\"attachment-full size-full\" alt=\"\" srcset=\"https:\/\/planinskimuzej.si\/wp-content\/uploads\/2017\/02\/Pobeg-v-bivak-5-200x132.jpg 200w, https:\/\/planinskimuzej.si\/wp-content\/uploads\/2017\/02\/Pobeg-v-bivak-5-400x265.jpg 400w, https:\/\/planinskimuzej.si\/wp-content\/uploads\/2017\/02\/Pobeg-v-bivak-5-600x397.jpg 600w, https:\/\/planinskimuzej.si\/wp-content\/uploads\/2017\/02\/Pobeg-v-bivak-5.jpg 650w\" sizes=\"(min-width: 2200px) 100vw, (min-width: 928px) 210px, (min-width: 856px) 262px, (min-width: 784px) 349px, (min-width: 712px) 524px, (min-width: 640px) 712px, \" \/><\/a><\/div><\/div><\/div><div class=\"swiper-slide\"><div class=\"fusion-carousel-item-wrapper\"><div class=\"fusion-image-wrapper hover-type-none\"><a data-rel=\"iLightbox[image_carousel_1]\" data-title=\"Pobeg v bivak 6\" aria-label=\"Pobeg v bivak 6\" href=\"http:\/\/www.planinskimuzej.si\/wp-content\/uploads\/2017\/02\/Pobeg-v-bivak-6.jpg\" target=\"_self\"><img decoding=\"async\" width=\"650\" height=\"430\" src=\"https:\/\/planinskimuzej.si\/wp-content\/uploads\/2017\/02\/Pobeg-v-bivak-6.jpg\" class=\"attachment-full size-full\" alt=\"\" srcset=\"https:\/\/planinskimuzej.si\/wp-content\/uploads\/2017\/02\/Pobeg-v-bivak-6-200x132.jpg 200w, https:\/\/planinskimuzej.si\/wp-content\/uploads\/2017\/02\/Pobeg-v-bivak-6-400x265.jpg 400w, https:\/\/planinskimuzej.si\/wp-content\/uploads\/2017\/02\/Pobeg-v-bivak-6-600x397.jpg 600w, https:\/\/planinskimuzej.si\/wp-content\/uploads\/2017\/02\/Pobeg-v-bivak-6.jpg 650w\" sizes=\"(min-width: 2200px) 100vw, (min-width: 928px) 210px, (min-width: 856px) 262px, (min-width: 784px) 349px, (min-width: 712px) 524px, (min-width: 640px) 712px, \" \/><\/a><\/div><\/div><\/div><div class=\"swiper-slide\"><div class=\"fusion-carousel-item-wrapper\"><div class=\"fusion-image-wrapper hover-type-none\"><a data-rel=\"iLightbox[image_carousel_1]\" data-title=\"Pobeg v bivak 7\" aria-label=\"Pobeg v bivak 7\" href=\"http:\/\/www.planinskimuzej.si\/wp-content\/uploads\/2017\/02\/Pobeg-v-bivak-7.jpg\" target=\"_self\"><img decoding=\"async\" width=\"650\" height=\"430\" src=\"https:\/\/planinskimuzej.si\/wp-content\/uploads\/2017\/02\/Pobeg-v-bivak-7.jpg\" class=\"attachment-full size-full\" alt=\"\" srcset=\"https:\/\/planinskimuzej.si\/wp-content\/uploads\/2017\/02\/Pobeg-v-bivak-7-200x132.jpg 200w, https:\/\/planinskimuzej.si\/wp-content\/uploads\/2017\/02\/Pobeg-v-bivak-7-400x265.jpg 400w, https:\/\/planinskimuzej.si\/wp-content\/uploads\/2017\/02\/Pobeg-v-bivak-7-600x397.jpg 600w, https:\/\/planinskimuzej.si\/wp-content\/uploads\/2017\/02\/Pobeg-v-bivak-7.jpg 650w\" sizes=\"(min-width: 2200px) 100vw, (min-width: 928px) 210px, (min-width: 856px) 262px, (min-width: 784px) 349px, (min-width: 712px) 524px, (min-width: 640px) 712px, \" \/><\/a><\/div><\/div><\/div><div class=\"swiper-slide\"><div class=\"fusion-carousel-item-wrapper\"><div class=\"fusion-image-wrapper hover-type-none\"><a data-rel=\"iLightbox[image_carousel_1]\" data-title=\"Pobeg v bivak 8\" aria-label=\"Pobeg v bivak 8\" href=\"http:\/\/www.planinskimuzej.si\/wp-content\/uploads\/2017\/02\/Pobeg-v-bivak-8.jpg\" target=\"_self\"><img decoding=\"async\" width=\"650\" height=\"430\" src=\"https:\/\/planinskimuzej.si\/wp-content\/uploads\/2017\/02\/Pobeg-v-bivak-8.jpg\" class=\"attachment-full size-full\" alt=\"\" srcset=\"https:\/\/planinskimuzej.si\/wp-content\/uploads\/2017\/02\/Pobeg-v-bivak-8-200x132.jpg 200w, https:\/\/planinskimuzej.si\/wp-content\/uploads\/2017\/02\/Pobeg-v-bivak-8-400x265.jpg 400w, https:\/\/planinskimuzej.si\/wp-content\/uploads\/2017\/02\/Pobeg-v-bivak-8-600x397.jpg 600w, https:\/\/planinskimuzej.si\/wp-content\/uploads\/2017\/02\/Pobeg-v-bivak-8.jpg 650w\" sizes=\"(min-width: 2200px) 100vw, (min-width: 928px) 210px, (min-width: 856px) 262px, (min-width: 784px) 349px, (min-width: 712px) 524px, (min-width: 640px) 712px, \" \/><\/a><\/div><\/div><\/div><\/div><div class=\"awb-swiper-button awb-swiper-button-prev\"><i class=\"awb-icon-angle-left\" aria-hidden=\"true\"><\/i><\/div><div class=\"awb-swiper-button awb-swiper-button-next\"><i class=\"awb-icon-angle-right\" aria-hidden=\"true\"><\/i><\/div><\/div><\/div><div class=\"fusion-modal modal fade modal-1 rezerviraj-bivak\" tabindex=\"-1\" role=\"dialog\" aria-labelledby=\"modal-heading-1\" aria-hidden=\"true\" style=\"--awb-border-color:#ebebeb;--awb-background:#f6f6f6;\"><div class=\"modal-dialog modal-lg\" role=\"document\"><div class=\"modal-content fusion-modal-content\"><div class=\"modal-header\"><button class=\"close\" type=\"button\" data-dismiss=\"modal\" aria-hidden=\"true\" aria-label=\"Close\">&times;<\/button><h3 class=\"modal-title\" id=\"modal-heading-1\" data-dismiss=\"modal\" aria-hidden=\"true\">Book now<\/h3><\/div><div class=\"modal-body fusion-clearfix\">\n\n<div class=\"wpcf7 no-js\" id=\"wpcf7-f2774-o1\" lang=\"en-US\" dir=\"ltr\" data-wpcf7-id=\"2774\">\n<div class=\"screen-reader-response\"><p role=\"status\" aria-live=\"polite\" aria-atomic=\"true\"><\/p> <ul><\/ul><\/div>\n<form action=\"\/en\/wp-json\/wp\/v2\/pages\/691#wpcf7-f2774-o1\" method=\"post\" class=\"wpcf7-form init\" aria-label=\"Contact form\" novalidate=\"novalidate\" data-status=\"init\">\n<fieldset class=\"hidden-fields-container\"><input type=\"hidden\" name=\"_wpcf7\" value=\"2774\" \/><input type=\"hidden\" name=\"_wpcf7_version\" value=\"6.1.5\" \/><input type=\"hidden\" name=\"_wpcf7_locale\" value=\"en_US\" \/><input type=\"hidden\" name=\"_wpcf7_unit_tag\" value=\"wpcf7-f2774-o1\" \/><input type=\"hidden\" name=\"_wpcf7_container_post\" value=\"0\" \/><input type=\"hidden\" name=\"_wpcf7_posted_data_hash\" value=\"\" \/><input type=\"hidden\" name=\"_wpcf7cf_hidden_group_fields\" value=\"[]\" \/><input type=\"hidden\" name=\"_wpcf7cf_hidden_groups\" value=\"[]\" \/><input type=\"hidden\" name=\"_wpcf7cf_visible_groups\" value=\"[]\" \/><input type=\"hidden\" name=\"_wpcf7cf_repeaters\" value=\"[]\" \/><input type=\"hidden\" name=\"_wpcf7cf_steps\" value=\"{}\" \/><input type=\"hidden\" name=\"_wpcf7cf_options\" value=\"{&quot;form_id&quot;:2774,&quot;conditions&quot;:[],&quot;settings&quot;:{&quot;animation&quot;:&quot;yes&quot;,&quot;animation_intime&quot;:200,&quot;animation_outtime&quot;:200,&quot;conditions_ui&quot;:&quot;normal&quot;,&quot;notice_dismissed&quot;:false,&quot;notice_dismissed_rollback-cf7-5.9.6&quot;:true}}\" \/><input type=\"hidden\" name=\"_wpcf7_recaptcha_response\" value=\"\" \/>\n<\/fieldset>\n<p><label> Name and Surname (mandatory)<br \/>\n<span class=\"wpcf7-form-control-wrap\" data-name=\"your-name\"><input size=\"40\" maxlength=\"400\" class=\"wpcf7-form-control wpcf7-text wpcf7-validates-as-required\" aria-required=\"true\" aria-invalid=\"false\" value=\"\" type=\"text\" name=\"your-name\" \/><\/span> <\/label>\n<\/p>\n<p><label> E-mail (mandatory)<br \/>\n<span class=\"wpcf7-form-control-wrap\" data-name=\"your-email\"><input size=\"40\" maxlength=\"400\" class=\"wpcf7-form-control wpcf7-email wpcf7-validates-as-required wpcf7-text wpcf7-validates-as-email\" aria-required=\"true\" aria-invalid=\"false\" value=\"\" type=\"email\" name=\"your-email\" \/><\/span> <\/label>\n<\/p>\n<p><label> Phone number<br \/>\n<span class=\"wpcf7-form-control-wrap\" data-name=\"tel-stev\"><input size=\"40\" maxlength=\"400\" class=\"wpcf7-form-control wpcf7-tel wpcf7-text wpcf7-validates-as-tel\" aria-invalid=\"false\" value=\"\" type=\"tel\" name=\"tel-stev\" \/><\/span> <\/label>\n<\/p>\n<p><label> Date of arrival<br \/>\n<span class=\"wpcf7-form-control-wrap\" data-name=\"datum-obiska\"><input size=\"40\" maxlength=\"400\" class=\"wpcf7-form-control wpcf7-text\" aria-invalid=\"false\" value=\"\" type=\"text\" name=\"datum-obiska\" \/><\/span> <\/label>\n<\/p>\n<p><label> Number of visitors<br \/>\n<span class=\"wpcf7-form-control-wrap\" data-name=\"stev-obiskovalcev\"><input size=\"40\" maxlength=\"400\" class=\"wpcf7-form-control wpcf7-text\" aria-invalid=\"false\" value=\"\" type=\"text\" name=\"stev-obiskovalcev\" \/><\/span> <\/label>\n<\/p>\n\n<p><input class=\"wpcf7-form-control wpcf7-submit has-spinner\" type=\"submit\" value=\"Send\" \/>\n<\/p><div class=\"fusion-alert alert custom alert-custom fusion-alert-center wpcf7-response-output fusion-alert-capitalize awb-alert-native-link-color alert-dismissable awb-alert-close-boxed\" style=\"--awb-border-size:1px;--awb-border-top-left-radius:0px;--awb-border-top-right-radius:0px;--awb-border-bottom-left-radius:0px;--awb-border-bottom-right-radius:0px;\" role=\"alert\"><div class=\"fusion-alert-content-wrapper\"><span class=\"fusion-alert-content\"><\/span><\/div><button type=\"button\" class=\"close toggle-alert\" data-dismiss=\"alert\" aria-label=\"Close\">&times;<\/button><\/div>\n<\/form>\n<\/div>\n\n<\/div><div class=\"modal-footer\"><button class=\"fusion-button button-default button-medium button default medium\" type=\"button\" data-dismiss=\"modal\">Close<\/button><\/div><\/div><\/div><\/div><div class=\"fusion-clearfix\"><\/div><\/div><\/div><\/div><\/div>\n","protected":false},"excerpt":{"rendered":"","protected":false},"author":1,"featured_media":0,"parent":0,"menu_order":1,"comment_status":"closed","ping_status":"closed","template":"","meta":{"footnotes":""},"class_list":["post-691","page","type-page","status-publish","hentry"],"yoast_head":"<!-- This site is optimized with the Yoast SEO plugin v27.1.1 - https:\/\/yoast.com\/product\/yoast-seo-wordpress\/ -->\n<title>Escape to the Bivouac - Planinski Muzej<\/title>\n<meta name=\"robots\" content=\"index, follow, max-snippet:-1, max-image-preview:large, max-video-preview:-1\" \/>\n<link rel=\"canonical\" href=\"https:\/\/planinskimuzej.si\/en\/escape-to-the-bivouac\/\" \/>\n<meta property=\"og:locale\" content=\"en_US\" \/>\n<meta property=\"og:type\" content=\"article\" \/>\n<meta property=\"og:title\" content=\"Escape to the Bivouac - Planinski Muzej\" \/>\n<meta property=\"og:url\" content=\"https:\/\/planinskimuzej.si\/en\/escape-to-the-bivouac\/\" \/>\n<meta property=\"og:site_name\" content=\"Planinski Muzej\" \/>\n<meta property=\"article:modified_time\" content=\"2025-05-29T13:08:25+00:00\" \/>\n<meta name=\"twitter:card\" content=\"summary_large_image\" \/>\n<meta name=\"twitter:label1\" content=\"Est. reading time\" \/>\n\t<meta name=\"twitter:data1\" content=\"3 minutes\" \/>\n<script type=\"application\/ld+json\" class=\"yoast-schema-graph\">{\"@context\":\"https:\/\/schema.org\",\"@graph\":[{\"@type\":\"WebPage\",\"@id\":\"https:\/\/planinskimuzej.si\/en\/escape-to-the-bivouac\/\",\"url\":\"https:\/\/planinskimuzej.si\/en\/escape-to-the-bivouac\/\",\"name\":\"Escape to the Bivouac - Planinski Muzej\",\"isPartOf\":{\"@id\":\"https:\/\/planinskimuzej.si\/#website\"},\"datePublished\":\"2017-02-15T12:28:09+00:00\",\"dateModified\":\"2025-05-29T13:08:25+00:00\",\"breadcrumb\":{\"@id\":\"https:\/\/planinskimuzej.si\/en\/escape-to-the-bivouac\/#breadcrumb\"},\"inLanguage\":\"en-US\",\"potentialAction\":[{\"@type\":\"ReadAction\",\"target\":[\"https:\/\/planinskimuzej.si\/en\/escape-to-the-bivouac\/\"]}]},{\"@type\":\"BreadcrumbList\",\"@id\":\"https:\/\/planinskimuzej.si\/en\/escape-to-the-bivouac\/#breadcrumb\",\"itemListElement\":[{\"@type\":\"ListItem\",\"position\":1,\"name\":\"Home\",\"item\":\"https:\/\/planinskimuzej.si\/en\/\"},{\"@type\":\"ListItem\",\"position\":2,\"name\":\"Escape to the Bivouac\"}]},{\"@type\":\"WebSite\",\"@id\":\"https:\/\/planinskimuzej.si\/#website\",\"url\":\"https:\/\/planinskimuzej.si\/\",\"name\":\"Planinski Muzej\",\"description\":\"Slovenski planinski muzej v Mojstrani ponuja pravo gorsko izku\u0161njo za alpinisti\u010dne navdu\u0161ence.\",\"potentialAction\":[{\"@type\":\"SearchAction\",\"target\":{\"@type\":\"EntryPoint\",\"urlTemplate\":\"https:\/\/planinskimuzej.si\/?s={search_term_string}\"},\"query-input\":{\"@type\":\"PropertyValueSpecification\",\"valueRequired\":true,\"valueName\":\"search_term_string\"}}],\"inLanguage\":\"en-US\"}]}<\/script>\n<!-- \/ Yoast SEO plugin. -->","yoast_head_json":{"title":"Escape to the Bivouac - Planinski Muzej","robots":{"index":"index","follow":"follow","max-snippet":"max-snippet:-1","max-image-preview":"max-image-preview:large","max-video-preview":"max-video-preview:-1"},"canonical":"https:\/\/planinskimuzej.si\/en\/escape-to-the-bivouac\/","og_locale":"en_US","og_type":"article","og_title":"Escape to the Bivouac - Planinski Muzej","og_url":"https:\/\/planinskimuzej.si\/en\/escape-to-the-bivouac\/","og_site_name":"Planinski Muzej","article_modified_time":"2025-05-29T13:08:25+00:00","twitter_card":"summary_large_image","twitter_misc":{"Est. reading time":"3 minutes"},"schema":{"@context":"https:\/\/schema.org","@graph":[{"@type":"WebPage","@id":"https:\/\/planinskimuzej.si\/en\/escape-to-the-bivouac\/","url":"https:\/\/planinskimuzej.si\/en\/escape-to-the-bivouac\/","name":"Escape to the Bivouac - Planinski Muzej","isPartOf":{"@id":"https:\/\/planinskimuzej.si\/#website"},"datePublished":"2017-02-15T12:28:09+00:00","dateModified":"2025-05-29T13:08:25+00:00","breadcrumb":{"@id":"https:\/\/planinskimuzej.si\/en\/escape-to-the-bivouac\/#breadcrumb"},"inLanguage":"en-US","potentialAction":[{"@type":"ReadAction","target":["https:\/\/planinskimuzej.si\/en\/escape-to-the-bivouac\/"]}]},{"@type":"BreadcrumbList","@id":"https:\/\/planinskimuzej.si\/en\/escape-to-the-bivouac\/#breadcrumb","itemListElement":[{"@type":"ListItem","position":1,"name":"Home","item":"https:\/\/planinskimuzej.si\/en\/"},{"@type":"ListItem","position":2,"name":"Escape to the Bivouac"}]},{"@type":"WebSite","@id":"https:\/\/planinskimuzej.si\/#website","url":"https:\/\/planinskimuzej.si\/","name":"Planinski Muzej","description":"Slovenski planinski muzej v Mojstrani ponuja pravo gorsko izku\u0161njo za alpinisti\u010dne navdu\u0161ence.","potentialAction":[{"@type":"SearchAction","target":{"@type":"EntryPoint","urlTemplate":"https:\/\/planinskimuzej.si\/?s={search_term_string}"},"query-input":{"@type":"PropertyValueSpecification","valueRequired":true,"valueName":"search_term_string"}}],"inLanguage":"en-US"}]}},"_links":{"self":[{"href":"https:\/\/planinskimuzej.si\/en\/wp-json\/wp\/v2\/pages\/691","targetHints":{"allow":["GET"]}}],"collection":[{"href":"https:\/\/planinskimuzej.si\/en\/wp-json\/wp\/v2\/pages"}],"about":[{"href":"https:\/\/planinskimuzej.si\/en\/wp-json\/wp\/v2\/types\/page"}],"author":[{"embeddable":true,"href":"https:\/\/planinskimuzej.si\/en\/wp-json\/wp\/v2\/users\/1"}],"replies":[{"embeddable":true,"href":"https:\/\/planinskimuzej.si\/en\/wp-json\/wp\/v2\/comments?post=691"}],"version-history":[{"count":23,"href":"https:\/\/planinskimuzej.si\/en\/wp-json\/wp\/v2\/pages\/691\/revisions"}],"predecessor-version":[{"id":45346,"href":"https:\/\/planinskimuzej.si\/en\/wp-json\/wp\/v2\/pages\/691\/revisions\/45346"}],"wp:attachment":[{"href":"https:\/\/planinskimuzej.si\/en\/wp-json\/wp\/v2\/media?parent=691"}],"curies":[{"name":"wp","href":"https:\/\/api.w.org\/{rel}","templated":true}]}}