{"id":693,"date":"2017-02-15T12:29:30","date_gmt":"2017-02-15T12:29:30","guid":{"rendered":"http:\/\/www.planinskimuzej.si\/?page_id=693"},"modified":"2025-01-06T18:21:08","modified_gmt":"2025-01-06T17:21:08","slug":"virtualna-dozivetja","status":"publish","type":"page","link":"https:\/\/planinskimuzej.si\/en\/virtualna-dozivetja\/","title":{"rendered":"Virtual experiences"},"content":{"rendered":"<div class=\"fusion-fullwidth fullwidth-box fusion-builder-row-1 nonhundred-percent-fullwidth non-hundred-percent-height-scrolling\" style=\"--awb-border-radius-top-left:0px;--awb-border-radius-top-right:0px;--awb-border-radius-bottom-right:0px;--awb-border-radius-bottom-left:0px;--awb-flex-wrap:wrap;\" ><div class=\"fusion-builder-row fusion-row\"><div class=\"fusion-layout-column fusion_builder_column fusion-builder-column-0 fusion_builder_column_1_1 1_1 fusion-one-full fusion-column-first fusion-column-last\" style=\"--awb-bg-size:cover;\"><div class=\"fusion-column-wrapper fusion-flex-column-wrapper-legacy\"><div class=\"fusion-text fusion-text-1\"><h1>The view from the mountain top<\/h1>\n<p>Do you dare to go mountaineering in flip-flops? We invite you to take a virtual hop on to and around Slovenia&#8217;s 30 most popular mountain tops, cross the narrow Triglav ridge, or descend by zipline from the summit of Slovenia&#8217;s highest mountain.<\/p>\n<p><strong>IMPORTANT NOTICE: Unfortunately, children under the age of 8 are not permitted to go virtual mountaineering.<\/strong><\/p>\n<\/div><div class=\"fusion-sep-clear\"><\/div><div class=\"fusion-separator fusion-full-width-sep\" style=\"margin-left: auto;margin-right: auto;width:100%;\"><\/div><div class=\"fusion-sep-clear\"><\/div><div class=\"fusion-clearfix\"><\/div><\/div><\/div><div class=\"fusion-layout-column fusion_builder_column fusion-builder-column-1 fusion_builder_column_1_1 1_1 fusion-one-full fusion-column-first fusion-column-last\" style=\"--awb-bg-size:cover;\"><div class=\"fusion-column-wrapper fusion-flex-column-wrapper-legacy\"><div class=\"fusion-text fusion-text-2\"><h3><strong>The Triglav virtual zipline<\/strong><\/h3>\n<\/div><div class=\"fusion-image-element in-legacy-container\" style=\"--awb-caption-title-font-family:var(--h2_typography-font-family);--awb-caption-title-font-weight:var(--h2_typography-font-weight);--awb-caption-title-font-style:var(--h2_typography-font-style);--awb-caption-title-size:var(--h2_typography-font-size);--awb-caption-title-transform:var(--h2_typography-text-transform);--awb-caption-title-line-height:var(--h2_typography-line-height);--awb-caption-title-letter-spacing:var(--h2_typography-letter-spacing);\"><span class=\" fusion-imageframe imageframe-none imageframe-1 hover-type-none\"><img decoding=\"async\" width=\"650\" height=\"433\" title=\"VR zipline FB\" src=\"https:\/\/www.planinskimuzej.si\/wp-content\/uploads\/2019\/08\/VR-zipline-FB.jpg\" alt class=\"img-responsive wp-image-14784\" srcset=\"https:\/\/planinskimuzej.si\/wp-content\/uploads\/2019\/08\/VR-zipline-FB-200x133.jpg 200w, https:\/\/planinskimuzej.si\/wp-content\/uploads\/2019\/08\/VR-zipline-FB-400x266.jpg 400w, https:\/\/planinskimuzej.si\/wp-content\/uploads\/2019\/08\/VR-zipline-FB-600x400.jpg 600w, https:\/\/planinskimuzej.si\/wp-content\/uploads\/2019\/08\/VR-zipline-FB.jpg 650w\" sizes=\"(max-width: 800px) 100vw, 650px\" \/><\/span><\/div><div class=\"fusion-sep-clear\"><\/div><div class=\"fusion-separator fusion-full-width-sep\" style=\"margin-left: auto;margin-right: auto;margin-top:20px;margin-bottom:20px;width:100%;\"><\/div><div class=\"fusion-sep-clear\"><\/div><div class=\"fusion-text fusion-text-3\"><p>A daring aerial descent from the summit of Triglav is a breathtaking virtual close-up experience of Slovenia&#8217;s highest mountains. The flying fox will glide above the beautiful Vrata Valley straight to the Slovene Alpine Museum, where you will embark on a museum adventure through the history of mountaineering.<\/p>\n<p>Dare to experience the longest virtual zipline in the world!<\/p>\n<\/div><div class=\"fusion-sep-clear\"><\/div><div class=\"fusion-separator fusion-full-width-sep\" style=\"margin-left: auto;margin-right: auto;width:100%;\"><\/div><div class=\"fusion-sep-clear\"><\/div><div class=\"fusion-clearfix\"><\/div><\/div><\/div><div class=\"fusion-layout-column fusion_builder_column fusion-builder-column-2 fusion_builder_column_1_1 1_1 fusion-one-full fusion-column-first fusion-column-last\" style=\"--awb-bg-size:cover;\"><div class=\"fusion-column-wrapper fusion-flex-column-wrapper-legacy\"><div class=\"fusion-text fusion-text-4\"><h3>Each and every Slovene to the top of Triglav<\/h3>\n<\/div><div class=\"fusion-video fusion-youtube\" style=\"--awb-max-width:600px;--awb-max-height:360px;\" data-autoplay=\"1\"><div class=\"video-shortcode\"><div class=\"fluid-width-video-wrapper\" style=\"padding-top:60%;\" ><iframe title=\"YouTube video player 1\" src=\"https:\/\/www.youtube.com\/embed\/nvHOSSPDWuc?wmode=transparent&autoplay=0\" width=\"600\" height=\"360\" allowfullscreen allow=\"autoplay; clipboard-write; encrypted-media; gyroscope; picture-in-picture;\"><\/iframe><\/div><\/div><\/div><div class=\"fusion-sep-clear\"><\/div><div class=\"fusion-separator fusion-full-width-sep\" style=\"margin-left: auto;margin-right: auto;margin-top:20px;margin-bottom:20px;width:100%;\"><\/div><div class=\"fusion-sep-clear\"><\/div><div class=\"fusion-text fusion-text-5\"><p>This wish is more than one hundred years old. Even then the Dovje parish priest, Jakob Alja\u017e, strived to fulfil it and make Triglav accessible to each and every tourist, as mountaineers were called in the olden days. To ensure a safe ascent he arranged for several trails leading to the top to be laid out. We here at the Slovene Alpine Museum fully support the idea of a safe climb, but at the same time we want to grant the wish of standing at the summit of Triglav once in a lifetime to as many people as possible. Do you dare take a look? We can make it happen \u2013 although only in virtual reality.<\/p>\n<\/div><div class=\"fusion-sep-clear\"><\/div><div class=\"fusion-separator fusion-full-width-sep\" style=\"margin-left: auto;margin-right: auto;width:100%;\"><\/div><div class=\"fusion-sep-clear\"><\/div><div class=\"fusion-clearfix\"><\/div><\/div><\/div><div class=\"fusion-layout-column fusion_builder_column fusion-builder-column-3 fusion_builder_column_1_1 1_1 fusion-one-full fusion-column-first fusion-column-last\" style=\"--awb-bg-size:cover;\"><div class=\"fusion-column-wrapper fusion-column-has-shadow fusion-flex-column-wrapper-legacy\"><div class=\"fusion-text fusion-text-6\"><h3>A view from the summit<\/h3>\n<\/div><div class=\"fusion-clearfix\"><\/div><\/div><\/div><div class=\"fusion-layout-column fusion_builder_column fusion-builder-column-4 fusion_builder_column_1_3 1_3 fusion-one-third fusion-column-first\" style=\"--awb-bg-size:cover;width:33.333333333333%;width:calc(33.333333333333% - ( ( 4% + 4% ) * 0.33333333333333 ) );margin-right: 4%;\"><div class=\"fusion-column-wrapper fusion-flex-column-wrapper-legacy\"><div class=\"fusion-column-content-centered\"><div class=\"fusion-column-content\"><div class=\"fusion-text fusion-text-7\"><h3 style=\"text-align: center;\">&#8220;Dvojka&#8221;<\/h3>\n<p><img decoding=\"async\" class=\"alignnone size-full wp-image-1167\" src=\"http:\/\/www.planinskimuzej.si\/wp-content\/uploads\/2017\/02\/dvojka.jpg\" alt=\"\" width=\"350\" height=\"260\" srcset=\"https:\/\/planinskimuzej.si\/wp-content\/uploads\/2017\/02\/dvojka-200x149.jpg 200w, https:\/\/planinskimuzej.si\/wp-content\/uploads\/2017\/02\/dvojka-300x223.jpg 300w, https:\/\/planinskimuzej.si\/wp-content\/uploads\/2017\/02\/dvojka.jpg 350w\" sizes=\"(max-width: 350px) 100vw, 350px\" \/><\/p>\n<\/div><div class=\"fusion-aligncenter\"><a class=\"fusion-button button-flat fusion-button-default-size button-default fusion-button-default button-1 fusion-button-default-span fusion-button-default-type\" style=\"--button-border-radius-top-left:20px;--button-border-radius-top-right:20px;--button-border-radius-bottom-right:20px;--button-border-radius-bottom-left:20px;\" target=\"_self\" href=\"http:\/\/www.planinskimuzej.si\/vr-ocala-dvojka\/\"><span class=\"fusion-button-text awb-button__text awb-button__text--default\">360\u00b0 view<\/span><\/a><\/div><div class=\"fusion-sep-clear\"><\/div><div class=\"fusion-separator fusion-full-width-sep\" style=\"margin-left: auto;margin-right: auto;width:100%;\"><\/div><div class=\"fusion-sep-clear\"><\/div><\/div><\/div><div class=\"fusion-clearfix\"><\/div><\/div><\/div><div class=\"fusion-layout-column fusion_builder_column fusion-builder-column-5 fusion_builder_column_1_3 1_3 fusion-one-third\" style=\"--awb-bg-size:cover;width:33.333333333333%;width:calc(33.333333333333% - ( ( 4% + 4% ) * 0.33333333333333 ) );margin-right: 4%;\"><div class=\"fusion-column-wrapper fusion-flex-column-wrapper-legacy\"><div class=\"fusion-text fusion-text-8\"><h3 style=\"text-align: center;\">Stol<\/h3>\n<p><img decoding=\"async\" class=\"alignnone size-full wp-image-1166\" src=\"http:\/\/www.planinskimuzej.si\/wp-content\/uploads\/2017\/02\/stol.jpg\" alt=\"\" width=\"350\" height=\"260\" srcset=\"https:\/\/planinskimuzej.si\/wp-content\/uploads\/2017\/02\/stol-200x149.jpg 200w, https:\/\/planinskimuzej.si\/wp-content\/uploads\/2017\/02\/stol-300x223.jpg 300w, https:\/\/planinskimuzej.si\/wp-content\/uploads\/2017\/02\/stol.jpg 350w\" sizes=\"(max-width: 350px) 100vw, 350px\" \/><\/p>\n<\/div><div class=\"fusion-aligncenter\"><a class=\"fusion-button button-flat fusion-button-default-size button-default fusion-button-default button-2 fusion-button-default-span fusion-button-default-type\" style=\"--button-border-radius-top-left:20px;--button-border-radius-top-right:20px;--button-border-radius-bottom-right:20px;--button-border-radius-bottom-left:20px;\" target=\"_self\" href=\"http:\/\/www.planinskimuzej.si\/vr-ocala-stol\/\"><span class=\"fusion-button-text awb-button__text awb-button__text--default\">360\u00b0 view<\/span><\/a><\/div><div class=\"fusion-sep-clear\"><\/div><div class=\"fusion-separator fusion-full-width-sep\" style=\"margin-left: auto;margin-right: auto;width:100%;\"><\/div><div class=\"fusion-sep-clear\"><\/div><div class=\"fusion-clearfix\"><\/div><\/div><\/div><div class=\"fusion-layout-column fusion_builder_column fusion-builder-column-6 fusion_builder_column_1_3 1_3 fusion-one-third fusion-column-last\" style=\"--awb-bg-size:cover;width:33.333333333333%;width:calc(33.333333333333% - ( ( 4% + 4% ) * 0.33333333333333 ) );\"><div class=\"fusion-column-wrapper fusion-flex-column-wrapper-legacy\"><div class=\"fusion-text fusion-text-9\"><h3 style=\"text-align: center;\">Vr\u0161i\u010d<\/h3>\n<p><img decoding=\"async\" class=\"alignnone size-full wp-image-1165\" src=\"http:\/\/www.planinskimuzej.si\/wp-content\/uploads\/2017\/02\/vrsic.jpg\" alt=\"\" width=\"350\" height=\"260\" srcset=\"https:\/\/planinskimuzej.si\/wp-content\/uploads\/2017\/02\/vrsic-200x149.jpg 200w, https:\/\/planinskimuzej.si\/wp-content\/uploads\/2017\/02\/vrsic-300x223.jpg 300w, https:\/\/planinskimuzej.si\/wp-content\/uploads\/2017\/02\/vrsic.jpg 350w\" sizes=\"(max-width: 350px) 100vw, 350px\" \/><\/p>\n<\/div><div class=\"fusion-aligncenter\"><a class=\"fusion-button button-flat fusion-button-default-size button-default fusion-button-default button-3 fusion-button-default-span fusion-button-default-type\" style=\"--button-border-radius-top-left:20px;--button-border-radius-top-right:20px;--button-border-radius-bottom-right:20px;--button-border-radius-bottom-left:20px;\" target=\"_self\" href=\"http:\/\/www.planinskimuzej.si\/vr-ocala-vrsic\/\"><span class=\"fusion-button-text awb-button__text awb-button__text--default\">360\u00b0 view<\/span><\/a><\/div><div class=\"fusion-sep-clear\"><\/div><div class=\"fusion-separator fusion-full-width-sep\" style=\"margin-left: auto;margin-right: auto;width:100%;\"><\/div><div class=\"fusion-sep-clear\"><\/div><div class=\"fusion-clearfix\"><\/div><\/div><\/div><div class=\"fusion-layout-column fusion_builder_column fusion-builder-column-7 fusion_builder_column_1_1 1_1 fusion-one-full fusion-column-first fusion-column-last\" style=\"--awb-bg-size:cover;\"><div class=\"fusion-column-wrapper fusion-flex-column-wrapper-legacy\"><div class=\"fusion-text fusion-text-10\"><p>Have you ever conquered Rombon? What about Ojstrica? Have you ever enjoyed the view from Tromeja na Gori\u010dkem? There might be many reasons why not, but now at the Slovene Alpine Museum you can take in the view from 30 mountain-tops around Slovenia. Hop from one mountain-top to another within seconds and enjoy the 3-D panoramic view.<\/p>\n<\/div><div class=\"fusion-clearfix\"><\/div><\/div><\/div><\/div><\/div>\n","protected":false},"excerpt":{"rendered":"","protected":false},"author":1,"featured_media":0,"parent":0,"menu_order":3,"comment_status":"closed","ping_status":"closed","template":"","meta":{"footnotes":""},"class_list":["post-693","page","type-page","status-publish","hentry"],"yoast_head":"<!-- This site is optimized with the Yoast SEO plugin v27.1.1 - https:\/\/yoast.com\/product\/yoast-seo-wordpress\/ -->\n<title>Virtual experiences - Planinski Muzej<\/title>\n<meta name=\"robots\" content=\"index, follow, max-snippet:-1, max-image-preview:large, max-video-preview:-1\" \/>\n<link rel=\"canonical\" href=\"https:\/\/planinskimuzej.si\/en\/virtualna-dozivetja\/\" \/>\n<meta property=\"og:locale\" content=\"en_US\" \/>\n<meta property=\"og:type\" content=\"article\" \/>\n<meta property=\"og:title\" content=\"Virtual experiences - Planinski Muzej\" \/>\n<meta property=\"og:url\" content=\"https:\/\/planinskimuzej.si\/en\/virtualna-dozivetja\/\" \/>\n<meta property=\"og:site_name\" content=\"Planinski Muzej\" \/>\n<meta property=\"article:modified_time\" content=\"2025-01-06T17:21:08+00:00\" \/>\n<meta property=\"og:image\" content=\"http:\/\/www.planinskimuzej.si\/wp-content\/uploads\/2017\/02\/dvojka.jpg\" \/>\n<meta name=\"twitter:card\" content=\"summary_large_image\" \/>\n<meta name=\"twitter:label1\" content=\"Est. reading time\" \/>\n\t<meta name=\"twitter:data1\" content=\"3 minutes\" \/>\n<script type=\"application\/ld+json\" class=\"yoast-schema-graph\">{\"@context\":\"https:\/\/schema.org\",\"@graph\":[{\"@type\":\"WebPage\",\"@id\":\"https:\/\/planinskimuzej.si\/en\/virtualna-dozivetja\/\",\"url\":\"https:\/\/planinskimuzej.si\/en\/virtualna-dozivetja\/\",\"name\":\"Virtual experiences - Planinski Muzej\",\"isPartOf\":{\"@id\":\"https:\/\/planinskimuzej.si\/#website\"},\"primaryImageOfPage\":{\"@id\":\"https:\/\/planinskimuzej.si\/en\/virtualna-dozivetja\/#primaryimage\"},\"image\":{\"@id\":\"https:\/\/planinskimuzej.si\/en\/virtualna-dozivetja\/#primaryimage\"},\"thumbnailUrl\":\"http:\/\/www.planinskimuzej.si\/wp-content\/uploads\/2017\/02\/dvojka.jpg\",\"datePublished\":\"2017-02-15T12:29:30+00:00\",\"dateModified\":\"2025-01-06T17:21:08+00:00\",\"breadcrumb\":{\"@id\":\"https:\/\/planinskimuzej.si\/en\/virtualna-dozivetja\/#breadcrumb\"},\"inLanguage\":\"en-US\",\"potentialAction\":[{\"@type\":\"ReadAction\",\"target\":[\"https:\/\/planinskimuzej.si\/en\/virtualna-dozivetja\/\"]}]},{\"@type\":\"ImageObject\",\"inLanguage\":\"en-US\",\"@id\":\"https:\/\/planinskimuzej.si\/en\/virtualna-dozivetja\/#primaryimage\",\"url\":\"http:\/\/www.planinskimuzej.si\/wp-content\/uploads\/2017\/02\/dvojka.jpg\",\"contentUrl\":\"http:\/\/www.planinskimuzej.si\/wp-content\/uploads\/2017\/02\/dvojka.jpg\"},{\"@type\":\"BreadcrumbList\",\"@id\":\"https:\/\/planinskimuzej.si\/en\/virtualna-dozivetja\/#breadcrumb\",\"itemListElement\":[{\"@type\":\"ListItem\",\"position\":1,\"name\":\"Home\",\"item\":\"https:\/\/planinskimuzej.si\/en\/\"},{\"@type\":\"ListItem\",\"position\":2,\"name\":\"Virtual experiences\"}]},{\"@type\":\"WebSite\",\"@id\":\"https:\/\/planinskimuzej.si\/#website\",\"url\":\"https:\/\/planinskimuzej.si\/\",\"name\":\"Planinski Muzej\",\"description\":\"Slovenski planinski muzej v Mojstrani ponuja pravo gorsko izku\u0161njo za alpinisti\u010dne navdu\u0161ence.\",\"potentialAction\":[{\"@type\":\"SearchAction\",\"target\":{\"@type\":\"EntryPoint\",\"urlTemplate\":\"https:\/\/planinskimuzej.si\/?s={search_term_string}\"},\"query-input\":{\"@type\":\"PropertyValueSpecification\",\"valueRequired\":true,\"valueName\":\"search_term_string\"}}],\"inLanguage\":\"en-US\"}]}<\/script>\n<!-- \/ Yoast SEO plugin. -->","yoast_head_json":{"title":"Virtual experiences - Planinski Muzej","robots":{"index":"index","follow":"follow","max-snippet":"max-snippet:-1","max-image-preview":"max-image-preview:large","max-video-preview":"max-video-preview:-1"},"canonical":"https:\/\/planinskimuzej.si\/en\/virtualna-dozivetja\/","og_locale":"en_US","og_type":"article","og_title":"Virtual experiences - Planinski Muzej","og_url":"https:\/\/planinskimuzej.si\/en\/virtualna-dozivetja\/","og_site_name":"Planinski Muzej","article_modified_time":"2025-01-06T17:21:08+00:00","og_image":[{"url":"http:\/\/www.planinskimuzej.si\/wp-content\/uploads\/2017\/02\/dvojka.jpg","type":"","width":"","height":""}],"twitter_card":"summary_large_image","twitter_misc":{"Est. reading time":"3 minutes"},"schema":{"@context":"https:\/\/schema.org","@graph":[{"@type":"WebPage","@id":"https:\/\/planinskimuzej.si\/en\/virtualna-dozivetja\/","url":"https:\/\/planinskimuzej.si\/en\/virtualna-dozivetja\/","name":"Virtual experiences - Planinski Muzej","isPartOf":{"@id":"https:\/\/planinskimuzej.si\/#website"},"primaryImageOfPage":{"@id":"https:\/\/planinskimuzej.si\/en\/virtualna-dozivetja\/#primaryimage"},"image":{"@id":"https:\/\/planinskimuzej.si\/en\/virtualna-dozivetja\/#primaryimage"},"thumbnailUrl":"http:\/\/www.planinskimuzej.si\/wp-content\/uploads\/2017\/02\/dvojka.jpg","datePublished":"2017-02-15T12:29:30+00:00","dateModified":"2025-01-06T17:21:08+00:00","breadcrumb":{"@id":"https:\/\/planinskimuzej.si\/en\/virtualna-dozivetja\/#breadcrumb"},"inLanguage":"en-US","potentialAction":[{"@type":"ReadAction","target":["https:\/\/planinskimuzej.si\/en\/virtualna-dozivetja\/"]}]},{"@type":"ImageObject","inLanguage":"en-US","@id":"https:\/\/planinskimuzej.si\/en\/virtualna-dozivetja\/#primaryimage","url":"http:\/\/www.planinskimuzej.si\/wp-content\/uploads\/2017\/02\/dvojka.jpg","contentUrl":"http:\/\/www.planinskimuzej.si\/wp-content\/uploads\/2017\/02\/dvojka.jpg"},{"@type":"BreadcrumbList","@id":"https:\/\/planinskimuzej.si\/en\/virtualna-dozivetja\/#breadcrumb","itemListElement":[{"@type":"ListItem","position":1,"name":"Home","item":"https:\/\/planinskimuzej.si\/en\/"},{"@type":"ListItem","position":2,"name":"Virtual experiences"}]},{"@type":"WebSite","@id":"https:\/\/planinskimuzej.si\/#website","url":"https:\/\/planinskimuzej.si\/","name":"Planinski Muzej","description":"Slovenski planinski muzej v Mojstrani ponuja pravo gorsko izku\u0161njo za alpinisti\u010dne navdu\u0161ence.","potentialAction":[{"@type":"SearchAction","target":{"@type":"EntryPoint","urlTemplate":"https:\/\/planinskimuzej.si\/?s={search_term_string}"},"query-input":{"@type":"PropertyValueSpecification","valueRequired":true,"valueName":"search_term_string"}}],"inLanguage":"en-US"}]}},"_links":{"self":[{"href":"https:\/\/planinskimuzej.si\/en\/wp-json\/wp\/v2\/pages\/693","targetHints":{"allow":["GET"]}}],"collection":[{"href":"https:\/\/planinskimuzej.si\/en\/wp-json\/wp\/v2\/pages"}],"about":[{"href":"https:\/\/planinskimuzej.si\/en\/wp-json\/wp\/v2\/types\/page"}],"author":[{"embeddable":true,"href":"https:\/\/planinskimuzej.si\/en\/wp-json\/wp\/v2\/users\/1"}],"replies":[{"embeddable":true,"href":"https:\/\/planinskimuzej.si\/en\/wp-json\/wp\/v2\/comments?post=693"}],"version-history":[{"count":21,"href":"https:\/\/planinskimuzej.si\/en\/wp-json\/wp\/v2\/pages\/693\/revisions"}],"predecessor-version":[{"id":37486,"href":"https:\/\/planinskimuzej.si\/en\/wp-json\/wp\/v2\/pages\/693\/revisions\/37486"}],"wp:attachment":[{"href":"https:\/\/planinskimuzej.si\/en\/wp-json\/wp\/v2\/media?parent=693"}],"curies":[{"name":"wp","href":"https:\/\/api.w.org\/{rel}","templated":true}]}}