{"id":700,"date":"2017-03-31T07:57:37","date_gmt":"2017-03-31T07:57:37","guid":{"rendered":"http:\/\/www.planinskimuzej.si\/?page_id=700"},"modified":"2020-06-26T07:26:57","modified_gmt":"2020-06-26T07:26:57","slug":"let-s-have-a-good-time","status":"publish","type":"page","link":"https:\/\/planinskimuzej.si\/en\/let-s-have-a-good-time\/","title":{"rendered":"Let&#8217;s have a good time"},"content":{"rendered":"<div class=\"fusion-fullwidth fullwidth-box fusion-builder-row-1 nonhundred-percent-fullwidth non-hundred-percent-height-scrolling\" style=\"--awb-border-radius-top-left:0px;--awb-border-radius-top-right:0px;--awb-border-radius-bottom-right:0px;--awb-border-radius-bottom-left:0px;--awb-flex-wrap:wrap;\" ><div class=\"fusion-builder-row fusion-row\"><div class=\"fusion-layout-column fusion_builder_column fusion-builder-column-0 fusion_builder_column_1_1 1_1 fusion-one-full fusion-column-first fusion-column-last\" style=\"--awb-bg-size:cover;\"><div class=\"fusion-column-wrapper fusion-flex-column-wrapper-legacy\"><div class=\"fusion-text fusion-text-1\"><h2>Let&#8217;s Have a Good Time<\/h2>\n<p>The Slovene Alpine Museum is quite an adventure for all generations. Our museum programmes and events encourage socialising and foster the development of the mountaineering culture, as well as providing education.  But most of all we want each and every visitor to have a good time.<\/p>\n<p>For the younger generations a museum is an endless source of knowledge, which is why we pay special attention to our youngest, most vulnerable visitors. Our carefully thought-out educational programmes and interactive content are designed to encourage learning and creativity in a fun way.<\/p>\n<p>But of course we did not forget about our adult visitors. Our varied temporary exhibitions, lectures, projections, and workshops offer something for every taste.<\/p>\n<p>&#8216;<em>Tell me and I forget<\/em>,<\/p>\n<p><em>teach me and I may remember<\/em>,<\/p>\n<p><em>involve me and I learn<\/em>.&#8217;<\/p>\n<p><em>(Chinese proverb)<\/em><\/p>\n<\/div><div class=\"fusion-clearfix\"><\/div><\/div><\/div><div class=\"fusion-layout-column fusion_builder_column fusion-builder-column-1 fusion_builder_column_1_3 1_3 fusion-one-third fusion-column-first\" style=\"--awb-bg-size:cover;width:33.333333333333%;width:calc(33.333333333333% - ( ( 4% + 4% ) * 0.33333333333333 ) );margin-right: 4%;\"><div class=\"fusion-column-wrapper fusion-flex-column-wrapper-legacy\"><div class=\"fusion-button-wrapper\"><a class=\"fusion-button button-flat fusion-button-default-size button-default fusion-button-default button-1 fusion-button-default-span fusion-button-default-type\" style=\"--button-border-radius-top-left:20px;--button-border-radius-top-right:20px;--button-border-radius-bottom-right:20px;--button-border-radius-bottom-left:20px;\" target=\"_self\" href=\"http:\/\/www.planinskimuzej.si\/en\/activities-for-children\/\"><span class=\"fusion-button-text awb-button__text awb-button__text--default\">Activities for children<\/span><\/a><\/div><div class=\"fusion-clearfix\"><\/div><\/div><\/div><div class=\"fusion-layout-column fusion_builder_column fusion-builder-column-2 fusion_builder_column_1_3 1_3 fusion-one-third\" style=\"--awb-bg-size:cover;width:33.333333333333%;width:calc(33.333333333333% - ( ( 4% + 4% ) * 0.33333333333333 ) );margin-right: 4%;\"><div class=\"fusion-column-wrapper fusion-flex-column-wrapper-legacy\"><div class=\"fusion-button-wrapper fusion-aligncenter\"><a class=\"fusion-button button-flat fusion-button-default-size button-default fusion-button-default button-2 fusion-button-default-span fusion-button-default-type\" style=\"--button-border-radius-top-left:20px;--button-border-radius-top-right:20px;--button-border-radius-bottom-right:20px;--button-border-radius-bottom-left:20px;\" target=\"_self\" href=\"http:\/\/www.planinskimuzej.si\/en\/activities-for-adults\/\"><span class=\"fusion-button-text awb-button__text awb-button__text--default\">Activities for adults<\/span><\/a><\/div><div class=\"fusion-clearfix\"><\/div><\/div><\/div><div class=\"fusion-layout-column fusion_builder_column fusion-builder-column-3 fusion_builder_column_1_3 1_3 fusion-one-third fusion-column-last\" style=\"--awb-bg-size:cover;width:33.333333333333%;width:calc(33.333333333333% - ( ( 4% + 4% ) * 0.33333333333333 ) );\"><div class=\"fusion-column-wrapper fusion-flex-column-wrapper-legacy\"><div class=\"fusion-button-wrapper fusion-alignright\"><a class=\"fusion-button button-flat fusion-button-default-size button-default fusion-button-default button-3 fusion-button-default-span fusion-button-default-type\" style=\"--button-border-radius-top-left:20px;--button-border-radius-top-right:20px;--button-border-radius-bottom-right:20px;--button-border-radius-bottom-left:20px;\" target=\"_self\" href=\"http:\/\/www.planinskimuzej.si\/en\/event-sapaces\/\"><span class=\"fusion-button-text awb-button__text awb-button__text--default\">Event spaces<\/span><\/a><\/div><div class=\"fusion-clearfix\"><\/div><\/div><\/div><div class=\"fusion-layout-column fusion_builder_column fusion-builder-column-4 fusion_builder_column_1_1 1_1 fusion-one-full fusion-column-first fusion-column-last\" style=\"--awb-bg-size:cover;\"><div class=\"fusion-column-wrapper fusion-flex-column-wrapper-legacy\"><div class=\"fusion-image-carousel fusion-image-carousel-auto fusion-image-carousel-1 fusion-carousel-border\"><div class=\"awb-carousel awb-swiper awb-swiper-carousel awb-carousel--carousel awb-swiper-dots-position-bottom\" data-layout=\"carousel\" data-autoplay=\"no\" data-autoplayspeed=\"4500\" data-autoplaypause=\"no\" data-loop=\"yes\" data-columns=\"3\" data-columnsmedium=\"1\" data-columnssmall=\"1\" data-itemmargin=\"13\" data-itemwidth=\"180\" data-touchscroll=\"no\" data-freemode=\"no\" data-imagesize=\"auto\" data-scrollitems=\"0\" data-centeredslides=\"no\" data-rotationangle=\"50\" data-depth=\"100\" data-speed=\"500\" data-shadow=\"no\" data-pagination=\"bullets\" style=\"--awb-columns:3;--awb-border-width:1px;--awb-border-color:#e9eaee;\"><div class=\"swiper-wrapper awb-image-carousel-wrapper fusion-flex-align-items-center\"><div class=\"swiper-slide\"><div class=\"fusion-carousel-item-wrapper\"><div class=\"fusion-image-wrapper hover-type-none\"><img decoding=\"async\" width=\"900\" height=\"600\" src=\"https:\/\/planinskimuzej.si\/wp-content\/uploads\/2017\/06\/Pozganc.jpg\" class=\"attachment-full size-full\" alt=\"\" srcset=\"https:\/\/planinskimuzej.si\/wp-content\/uploads\/2017\/06\/Pozganc-200x133.jpg 200w, https:\/\/planinskimuzej.si\/wp-content\/uploads\/2017\/06\/Pozganc-400x267.jpg 400w, https:\/\/planinskimuzej.si\/wp-content\/uploads\/2017\/06\/Pozganc-600x400.jpg 600w, https:\/\/planinskimuzej.si\/wp-content\/uploads\/2017\/06\/Pozganc-800x533.jpg 800w, https:\/\/planinskimuzej.si\/wp-content\/uploads\/2017\/06\/Pozganc.jpg 900w\" sizes=\"(min-width: 2200px) 100vw, (min-width: 784px) 358px, (min-width: 712px) 537px, (min-width: 640px) 712px, \" \/><\/div><\/div><\/div><div class=\"swiper-slide\"><div class=\"fusion-carousel-item-wrapper\"><div class=\"fusion-image-wrapper hover-type-none\"><img decoding=\"async\" width=\"900\" height=\"600\" src=\"https:\/\/planinskimuzej.si\/wp-content\/uploads\/2017\/06\/Pomlad.jpg\" class=\"attachment-full size-full\" alt=\"\" srcset=\"https:\/\/planinskimuzej.si\/wp-content\/uploads\/2017\/06\/Pomlad-200x133.jpg 200w, https:\/\/planinskimuzej.si\/wp-content\/uploads\/2017\/06\/Pomlad-400x267.jpg 400w, https:\/\/planinskimuzej.si\/wp-content\/uploads\/2017\/06\/Pomlad-600x400.jpg 600w, https:\/\/planinskimuzej.si\/wp-content\/uploads\/2017\/06\/Pomlad-800x533.jpg 800w, https:\/\/planinskimuzej.si\/wp-content\/uploads\/2017\/06\/Pomlad.jpg 900w\" sizes=\"(min-width: 2200px) 100vw, (min-width: 784px) 358px, (min-width: 712px) 537px, (min-width: 640px) 712px, \" \/><\/div><\/div><\/div><div class=\"swiper-slide\"><div class=\"fusion-carousel-item-wrapper\"><div class=\"fusion-image-wrapper hover-type-none\"><\/div><\/div><\/div><div class=\"swiper-slide\"><div class=\"fusion-carousel-item-wrapper\"><div class=\"fusion-image-wrapper hover-type-none\"><img decoding=\"async\" width=\"900\" height=\"675\" src=\"https:\/\/planinskimuzej.si\/wp-content\/uploads\/2017\/06\/Zaklad.jpg\" class=\"attachment-full size-full\" alt=\"\" srcset=\"https:\/\/planinskimuzej.si\/wp-content\/uploads\/2017\/06\/Zaklad-200x150.jpg 200w, https:\/\/planinskimuzej.si\/wp-content\/uploads\/2017\/06\/Zaklad-400x300.jpg 400w, https:\/\/planinskimuzej.si\/wp-content\/uploads\/2017\/06\/Zaklad-600x450.jpg 600w, https:\/\/planinskimuzej.si\/wp-content\/uploads\/2017\/06\/Zaklad-800x600.jpg 800w, https:\/\/planinskimuzej.si\/wp-content\/uploads\/2017\/06\/Zaklad.jpg 900w\" sizes=\"(min-width: 2200px) 100vw, (min-width: 784px) 358px, (min-width: 712px) 537px, (min-width: 640px) 712px, \" \/><\/div><\/div><\/div><div class=\"swiper-slide\"><div class=\"fusion-carousel-item-wrapper\"><div class=\"fusion-image-wrapper hover-type-none\"><img decoding=\"async\" width=\"400\" height=\"300\" src=\"https:\/\/planinskimuzej.si\/wp-content\/uploads\/2017\/06\/Odprtje-e1498227822839.jpg\" class=\"attachment-full size-full\" alt=\"\" srcset=\"https:\/\/planinskimuzej.si\/wp-content\/uploads\/2017\/06\/Odprtje-e1498227822839-200x150.jpg 200w, https:\/\/planinskimuzej.si\/wp-content\/uploads\/2017\/06\/Odprtje-e1498227822839.jpg 400w\" sizes=\"(min-width: 2200px) 100vw, (min-width: 784px) 358px, (min-width: 712px) 537px, (min-width: 640px) 712px, \" \/><\/div><\/div><\/div><\/div><div class=\"awb-swiper-button awb-swiper-button-prev\"><i class=\"awb-icon-angle-left\" aria-hidden=\"true\"><\/i><\/div><div class=\"awb-swiper-button awb-swiper-button-next\"><i class=\"awb-icon-angle-right\" aria-hidden=\"true\"><\/i><\/div><\/div><\/div><div class=\"fusion-text fusion-text-2\">\n\t\t<style type=\"text\/css\">\n\t\t\t#gallery-1 {\n\t\t\t\tmargin: auto;\n\t\t\t}\n\t\t\t#gallery-1 .gallery-item {\n\t\t\t\tfloat: left;\n\t\t\t\tmargin-top: 10px;\n\t\t\t\ttext-align: center;\n\t\t\t\twidth: 20%;\n\t\t\t}\n\t\t\t#gallery-1 img {\n\t\t\t\tborder: 2px solid #cfcfcf;\n\t\t\t}\n\t\t\t#gallery-1 .gallery-caption {\n\t\t\t\tmargin-left: 0;\n\t\t\t}\n\t\t\t\/* see gallery_shortcode() in wp-includes\/media.php *\/\n\t\t<\/style>\n\t\t<div id='gallery-1' class='gallery galleryid-700 gallery-columns-5 gallery-size-thumbnail'><dl class='gallery-item'>\n\t\t\t<dt class='gallery-icon landscape'>\n\t\t\t\t<a data-rel=\"iLightbox[postimages]\" data-title=\"Pozganc\" data-caption=\"\" href='https:\/\/planinskimuzej.si\/en\/pozganc-2\/'><img decoding=\"async\" width=\"150\" height=\"150\" src=\"https:\/\/planinskimuzej.si\/wp-content\/uploads\/2017\/06\/Pozganc-150x150.jpg\" class=\"attachment-thumbnail size-thumbnail\" alt=\"\" srcset=\"https:\/\/planinskimuzej.si\/wp-content\/uploads\/2017\/06\/Pozganc-66x66.jpg 66w, https:\/\/planinskimuzej.si\/wp-content\/uploads\/2017\/06\/Pozganc-150x150.jpg 150w\" sizes=\"(max-width: 150px) 100vw, 150px\" \/><\/a>\n\t\t\t<\/dt><\/dl><dl class='gallery-item'>\n\t\t\t<dt class='gallery-icon landscape'>\n\t\t\t\t<a data-rel=\"iLightbox[postimages]\" data-title=\"Pomlad\" data-caption=\"\" href='https:\/\/planinskimuzej.si\/en\/pomlad-2\/'><img decoding=\"async\" width=\"150\" height=\"150\" src=\"https:\/\/planinskimuzej.si\/wp-content\/uploads\/2017\/06\/Pomlad-150x150.jpg\" class=\"attachment-thumbnail size-thumbnail\" alt=\"\" srcset=\"https:\/\/planinskimuzej.si\/wp-content\/uploads\/2017\/06\/Pomlad-66x66.jpg 66w, https:\/\/planinskimuzej.si\/wp-content\/uploads\/2017\/06\/Pomlad-150x150.jpg 150w\" sizes=\"(max-width: 150px) 100vw, 150px\" \/><\/a>\n\t\t\t<\/dt><\/dl><dl class='gallery-item'>\n\t\t\t<dt class='gallery-icon landscape'>\n\t\t\t\t<a data-rel=\"iLightbox[postimages]\" data-title=\"Rimljani\" data-caption=\"\" href='https:\/\/planinskimuzej.si\/en\/let-s-have-a-good-time\/rimljani-2\/'><img decoding=\"async\" width=\"150\" height=\"150\" src=\"https:\/\/planinskimuzej.si\/wp-content\/uploads\/2017\/02\/Rimljani-150x150.jpg\" class=\"attachment-thumbnail size-thumbnail\" alt=\"\" srcset=\"https:\/\/planinskimuzej.si\/wp-content\/uploads\/2017\/02\/Rimljani-66x66.jpg 66w, https:\/\/planinskimuzej.si\/wp-content\/uploads\/2017\/02\/Rimljani-150x150.jpg 150w\" sizes=\"(max-width: 150px) 100vw, 150px\" \/><\/a>\n\t\t\t<\/dt><\/dl><dl class='gallery-item'>\n\t\t\t<dt class='gallery-icon landscape'>\n\t\t\t\t<a data-rel=\"iLightbox[postimages]\" data-title=\"Zaklad\" data-caption=\"\" href='https:\/\/planinskimuzej.si\/en\/zaklad-2\/'><img decoding=\"async\" width=\"150\" height=\"150\" src=\"https:\/\/planinskimuzej.si\/wp-content\/uploads\/2017\/06\/Zaklad-150x150.jpg\" class=\"attachment-thumbnail size-thumbnail\" alt=\"\" srcset=\"https:\/\/planinskimuzej.si\/wp-content\/uploads\/2017\/06\/Zaklad-66x66.jpg 66w, https:\/\/planinskimuzej.si\/wp-content\/uploads\/2017\/06\/Zaklad-150x150.jpg 150w\" sizes=\"(max-width: 150px) 100vw, 150px\" \/><\/a>\n\t\t\t<\/dt><\/dl><dl class='gallery-item'>\n\t\t\t<dt class='gallery-icon landscape'>\n\t\t\t\t<a data-rel=\"iLightbox[postimages]\" data-title=\"3-tisocletje-odprtje\" data-caption=\"\" href='https:\/\/planinskimuzej.si\/en\/3-tisocletje-odprtje-2\/'><img decoding=\"async\" width=\"150\" height=\"150\" src=\"https:\/\/planinskimuzej.si\/wp-content\/uploads\/2017\/05\/3-tisocletje-odprtje-150x150.jpg\" class=\"attachment-thumbnail size-thumbnail\" alt=\"\" srcset=\"https:\/\/planinskimuzej.si\/wp-content\/uploads\/2017\/05\/3-tisocletje-odprtje-66x66.jpg 66w, https:\/\/planinskimuzej.si\/wp-content\/uploads\/2017\/05\/3-tisocletje-odprtje-150x150.jpg 150w\" sizes=\"(max-width: 150px) 100vw, 150px\" \/><\/a>\n\t\t\t<\/dt><\/dl><br style=\"clear: both\" \/>\n\t\t<\/div>\n\n<p>&nbsp;<\/p>\n<p>Audio guides are available for visitors seeking a more in-depth, private experience of the exhibition. They can be accessed free of charge at the <a href=\"https:\/\/izi.travel\/en\/a1a4-museum-object-tells-a-story\/en\">izi.TRAVEL<\/a> webpage via your smart phone.<\/p>\n<\/div><div class=\"fusion-clearfix\"><\/div><\/div><\/div><\/div><\/div>\n","protected":false},"excerpt":{"rendered":"","protected":false},"author":1,"featured_media":0,"parent":0,"menu_order":1,"comment_status":"closed","ping_status":"closed","template":"","meta":{"footnotes":""},"class_list":["post-700","page","type-page","status-publish","hentry"],"yoast_head":"<!-- This site is optimized with the Yoast SEO plugin v27.4 - https:\/\/yoast.com\/product\/yoast-seo-wordpress\/ -->\n<title>Let&#039;s have a good time - Planinski Muzej<\/title>\n<meta name=\"robots\" content=\"index, follow, max-snippet:-1, max-image-preview:large, max-video-preview:-1\" \/>\n<link rel=\"canonical\" href=\"https:\/\/planinskimuzej.si\/en\/let-s-have-a-good-time\/\" \/>\n<meta property=\"og:locale\" content=\"en_US\" \/>\n<meta property=\"og:type\" content=\"article\" \/>\n<meta property=\"og:title\" content=\"Let&#039;s have a good time - Planinski Muzej\" \/>\n<meta property=\"og:url\" content=\"https:\/\/planinskimuzej.si\/en\/let-s-have-a-good-time\/\" \/>\n<meta property=\"og:site_name\" content=\"Planinski Muzej\" \/>\n<meta property=\"article:modified_time\" content=\"2020-06-26T07:26:57+00:00\" \/>\n<meta name=\"twitter:card\" content=\"summary_large_image\" \/>\n<meta name=\"twitter:label1\" content=\"Est. reading time\" \/>\n\t<meta name=\"twitter:data1\" content=\"5 minutes\" \/>\n<script type=\"application\/ld+json\" class=\"yoast-schema-graph\">{\"@context\":\"https:\\\/\\\/schema.org\",\"@graph\":[{\"@type\":\"WebPage\",\"@id\":\"https:\\\/\\\/planinskimuzej.si\\\/en\\\/let-s-have-a-good-time\\\/\",\"url\":\"https:\\\/\\\/planinskimuzej.si\\\/en\\\/let-s-have-a-good-time\\\/\",\"name\":\"Let's have a good time - Planinski Muzej\",\"isPartOf\":{\"@id\":\"https:\\\/\\\/planinskimuzej.si\\\/#website\"},\"datePublished\":\"2017-03-31T07:57:37+00:00\",\"dateModified\":\"2020-06-26T07:26:57+00:00\",\"breadcrumb\":{\"@id\":\"https:\\\/\\\/planinskimuzej.si\\\/en\\\/let-s-have-a-good-time\\\/#breadcrumb\"},\"inLanguage\":\"en-US\",\"potentialAction\":[{\"@type\":\"ReadAction\",\"target\":[\"https:\\\/\\\/planinskimuzej.si\\\/en\\\/let-s-have-a-good-time\\\/\"]}]},{\"@type\":\"BreadcrumbList\",\"@id\":\"https:\\\/\\\/planinskimuzej.si\\\/en\\\/let-s-have-a-good-time\\\/#breadcrumb\",\"itemListElement\":[{\"@type\":\"ListItem\",\"position\":1,\"name\":\"Home\",\"item\":\"https:\\\/\\\/planinskimuzej.si\\\/en\\\/\"},{\"@type\":\"ListItem\",\"position\":2,\"name\":\"Let&#8217;s have a good time\"}]},{\"@type\":\"WebSite\",\"@id\":\"https:\\\/\\\/planinskimuzej.si\\\/#website\",\"url\":\"https:\\\/\\\/planinskimuzej.si\\\/\",\"name\":\"Planinski Muzej\",\"description\":\"Slovenski planinski muzej v Mojstrani ponuja pravo gorsko izku\u0161njo za alpinisti\u010dne navdu\u0161ence.\",\"potentialAction\":[{\"@type\":\"SearchAction\",\"target\":{\"@type\":\"EntryPoint\",\"urlTemplate\":\"https:\\\/\\\/planinskimuzej.si\\\/?s={search_term_string}\"},\"query-input\":{\"@type\":\"PropertyValueSpecification\",\"valueRequired\":true,\"valueName\":\"search_term_string\"}}],\"inLanguage\":\"en-US\"}]}<\/script>\n<!-- \/ Yoast SEO plugin. -->","yoast_head_json":{"title":"Let's have a good time - Planinski Muzej","robots":{"index":"index","follow":"follow","max-snippet":"max-snippet:-1","max-image-preview":"max-image-preview:large","max-video-preview":"max-video-preview:-1"},"canonical":"https:\/\/planinskimuzej.si\/en\/let-s-have-a-good-time\/","og_locale":"en_US","og_type":"article","og_title":"Let's have a good time - Planinski Muzej","og_url":"https:\/\/planinskimuzej.si\/en\/let-s-have-a-good-time\/","og_site_name":"Planinski Muzej","article_modified_time":"2020-06-26T07:26:57+00:00","twitter_card":"summary_large_image","twitter_misc":{"Est. reading time":"5 minutes"},"schema":{"@context":"https:\/\/schema.org","@graph":[{"@type":"WebPage","@id":"https:\/\/planinskimuzej.si\/en\/let-s-have-a-good-time\/","url":"https:\/\/planinskimuzej.si\/en\/let-s-have-a-good-time\/","name":"Let's have a good time - Planinski Muzej","isPartOf":{"@id":"https:\/\/planinskimuzej.si\/#website"},"datePublished":"2017-03-31T07:57:37+00:00","dateModified":"2020-06-26T07:26:57+00:00","breadcrumb":{"@id":"https:\/\/planinskimuzej.si\/en\/let-s-have-a-good-time\/#breadcrumb"},"inLanguage":"en-US","potentialAction":[{"@type":"ReadAction","target":["https:\/\/planinskimuzej.si\/en\/let-s-have-a-good-time\/"]}]},{"@type":"BreadcrumbList","@id":"https:\/\/planinskimuzej.si\/en\/let-s-have-a-good-time\/#breadcrumb","itemListElement":[{"@type":"ListItem","position":1,"name":"Home","item":"https:\/\/planinskimuzej.si\/en\/"},{"@type":"ListItem","position":2,"name":"Let&#8217;s have a good time"}]},{"@type":"WebSite","@id":"https:\/\/planinskimuzej.si\/#website","url":"https:\/\/planinskimuzej.si\/","name":"Planinski Muzej","description":"Slovenski planinski muzej v Mojstrani ponuja pravo gorsko izku\u0161njo za alpinisti\u010dne navdu\u0161ence.","potentialAction":[{"@type":"SearchAction","target":{"@type":"EntryPoint","urlTemplate":"https:\/\/planinskimuzej.si\/?s={search_term_string}"},"query-input":{"@type":"PropertyValueSpecification","valueRequired":true,"valueName":"search_term_string"}}],"inLanguage":"en-US"}]}},"_links":{"self":[{"href":"https:\/\/planinskimuzej.si\/en\/wp-json\/wp\/v2\/pages\/700","targetHints":{"allow":["GET"]}}],"collection":[{"href":"https:\/\/planinskimuzej.si\/en\/wp-json\/wp\/v2\/pages"}],"about":[{"href":"https:\/\/planinskimuzej.si\/en\/wp-json\/wp\/v2\/types\/page"}],"author":[{"embeddable":true,"href":"https:\/\/planinskimuzej.si\/en\/wp-json\/wp\/v2\/users\/1"}],"replies":[{"embeddable":true,"href":"https:\/\/planinskimuzej.si\/en\/wp-json\/wp\/v2\/comments?post=700"}],"version-history":[{"count":10,"href":"https:\/\/planinskimuzej.si\/en\/wp-json\/wp\/v2\/pages\/700\/revisions"}],"predecessor-version":[{"id":18698,"href":"https:\/\/planinskimuzej.si\/en\/wp-json\/wp\/v2\/pages\/700\/revisions\/18698"}],"wp:attachment":[{"href":"https:\/\/planinskimuzej.si\/en\/wp-json\/wp\/v2\/media?parent=700"}],"curies":[{"name":"wp","href":"https:\/\/api.w.org\/{rel}","templated":true}]}}