{"id":703,"date":"2017-02-15T12:34:07","date_gmt":"2017-02-15T12:34:07","guid":{"rendered":"http:\/\/www.planinskimuzej.si\/?page_id=703"},"modified":"2025-06-01T19:58:41","modified_gmt":"2025-06-01T17:58:41","slug":"event-sapaces","status":"publish","type":"page","link":"https:\/\/planinskimuzej.si\/en\/event-sapaces\/","title":{"rendered":"Event spaces"},"content":{"rendered":"<p><div class=\"fusion-fullwidth fullwidth-box fusion-builder-row-1 nonhundred-percent-fullwidth non-hundred-percent-height-scrolling\" style=\"--awb-border-radius-top-left:0px;--awb-border-radius-top-right:0px;--awb-border-radius-bottom-right:0px;--awb-border-radius-bottom-left:0px;--awb-flex-wrap:wrap;\" ><div class=\"fusion-builder-row fusion-row\"><div class=\"fusion-layout-column fusion_builder_column fusion-builder-column-0 fusion_builder_column_1_1 1_1 fusion-one-full fusion-column-first fusion-column-last\" style=\"--awb-bg-blend:overlay;--awb-bg-size:cover;\"><div class=\"fusion-column-wrapper fusion-flex-column-wrapper-legacy\"><div class=\"fusion-title title fusion-title-1 fusion-sep-none fusion-title-text fusion-title-size-one\" style=\"--awb-text-color:var(--awb-color8);--awb-margin-top-small:0px;--awb-margin-right-small:0px;--awb-margin-bottom-small:20px;--awb-margin-left-small:0px;\"><h1 class=\"fusion-title-heading title-heading-left\" style=\"margin:0;\">Event spaces<\/h1><\/div><div class=\"fusion-text fusion-text-1\"><h3>Venue for Successful Events<\/h3>\n<p>The<b> inspiring<\/b> and <b>tranquil atmosphere<\/b> of the Slovenian Alpine Museum is perfect for <b>organizing educational, cultural, and social events<\/b>. The proximity to the Triglav National Park, <a href=\"http:\/\/www.planinskimuzej.si\/aktivnosti\/programi-za-odrasle\/\">activities<\/a>, and<b> <a style=\"color: #000000;\" href=\"http:\/\/www.planinskimuzej.si\/pustolovscine\/pobeg-v-bivak\/\">adventures<\/a><\/b> offered by the museum make it an attractive location for <b>motivational meetings and team building events<\/b>.<\/p>\n<\/div><div class=\"fusion-clearfix\"><\/div><\/div><\/div><div class=\"fusion-layout-column fusion_builder_column fusion-builder-column-1 fusion_builder_column_1_1 1_1 fusion-one-full fusion-column-first fusion-column-last\" style=\"--awb-padding-top:25px;--awb-padding-right:25px;--awb-padding-bottom:25px;--awb-padding-left:25px;--awb-bg-color:var(--awb-custom_color_13);--awb-bg-color-hover:var(--awb-custom_color_13);--awb-bg-blend:overlay;--awb-bg-size:cover;--awb-margin-top:25px;--awb-margin-bottom:35px;\" data-scroll-devices=\"small-visibility,medium-visibility,large-visibility\"><div class=\"fusion-column-wrapper fusion-column-has-shadow fusion-flex-column-wrapper-legacy\"><div class=\"fusion-text fusion-text-2\"><p><span style=\"color: #ffffff;\"><strong>Price List:<\/strong><\/span><\/p>\n<table width=\"538\">\n<tbody>\n<tr>\n<td><span style=\"color: #ffffff;\">Triglav Multimedia Hall \/ per day<\/span><\/td>\n<td><span style=\"color: #ffffff;\">122.00 \u20ac<\/span><\/td>\n<\/tr>\n<tr>\n<td><span style=\"color: #ffffff;\">Triglav Multimedia Hall \/ up to 4 hours<\/span><\/td>\n<td><span style=\"color: #ffffff;\">73.20 \u20ac<\/span><\/td>\n<\/tr>\n<tr>\n<td><span style=\"color: #ffffff;\">Sne\u017enik Meeting Room \/ per day<\/span><\/td>\n<td><span style=\"color: #ffffff;\">73.20 \u20ac<\/span><\/td>\n<\/tr>\n<tr>\n<td><span style=\"color: #ffffff;\">Sne\u017enik Meeting Room \/ up to 4 hours<\/span><\/td>\n<td><span style=\"color: #ffffff;\">48.80 \u20ac<\/span><\/td>\n<\/tr>\n<\/tbody>\n<\/table>\n<\/div><div class=\"fusion-clearfix\"><\/div><\/div><\/div><div class=\"fusion-layout-column fusion_builder_column fusion-builder-column-2 fusion_builder_column_1_1 1_1 fusion-one-full fusion-column-first fusion-column-last\" style=\"--awb-bg-blend:overlay;--awb-bg-size:cover;\"><div class=\"fusion-column-wrapper fusion-flex-column-wrapper-legacy\"><div class=\"fusion-image-element fusion-image-align-center in-legacy-container\" style=\"text-align:center;--awb-caption-title-font-family:var(--h2_typography-font-family);--awb-caption-title-font-weight:var(--h2_typography-font-weight);--awb-caption-title-font-style:var(--h2_typography-font-style);--awb-caption-title-size:var(--h2_typography-font-size);--awb-caption-title-transform:var(--h2_typography-text-transform);--awb-caption-title-line-height:var(--h2_typography-line-height);--awb-caption-title-letter-spacing:var(--h2_typography-letter-spacing);\"><div class=\"imageframe-align-center\"><span class=\" fusion-imageframe imageframe-none imageframe-1 hover-type-none\"><img decoding=\"async\" width=\"600\" height=\"400\" title=\"Triglav_Trail_Run_ (102 of 583)\" src=\"https:\/\/planinskimuzej.si\/wp-content\/uploads\/2024\/09\/Triglav_Trail_Run_-102-of-583-2-600x400.jpg\" alt class=\"img-responsive wp-image-33661\" srcset=\"https:\/\/planinskimuzej.si\/wp-content\/uploads\/2024\/09\/Triglav_Trail_Run_-102-of-583-2-200x133.jpg 200w, https:\/\/planinskimuzej.si\/wp-content\/uploads\/2024\/09\/Triglav_Trail_Run_-102-of-583-2-400x267.jpg 400w, https:\/\/planinskimuzej.si\/wp-content\/uploads\/2024\/09\/Triglav_Trail_Run_-102-of-583-2-600x400.jpg 600w, https:\/\/planinskimuzej.si\/wp-content\/uploads\/2024\/09\/Triglav_Trail_Run_-102-of-583-2-800x533.jpg 800w, https:\/\/planinskimuzej.si\/wp-content\/uploads\/2024\/09\/Triglav_Trail_Run_-102-of-583-2-1200x800.jpg 1200w\" sizes=\"(max-width: 800px) 100vw, 1200px\" \/><\/span><\/div><\/div><div class=\"fusion-text fusion-text-3\"><h5>For the organization of various events we offer:<\/h5>\n<ul>\n<li><strong>lobby<\/strong> on the ground floor of the museum, suitable for smaller receptions;<\/li>\n<li><strong>multipurpose hall<\/strong> (80 seats) with appropriate audiovisual equipment, ideal for various events, lectures, seminars, presentations, discussions, conferences, film screenings, and concerts;<\/li>\n<li><strong>conference room<\/strong> (12 seats), suitable for smaller working meetings or roundtable discussions;<\/li>\n<li><strong>space in front of the museum<\/strong> (parking lot and meadow) is an attractive venue for sports and cultural events;<\/li>\n<li>the entire museum and its immediate surroundings are covered with <strong>free Wi-Fi signal.<\/strong><\/li>\n<\/ul>\n<p>We will ensure suitable workspaces, all necessary technical equipment, catering during breaks, and accompanying programs. We are confident that together we can create the conditions that will contribute to the success of your event.<\/p>\n<p>The museum has <strong>30<\/strong> parking spaces (<strong>for cars and buses<\/strong>).<\/p>\n<\/div><div class=\"fusion-clearfix\"><\/div><\/div><\/div><\/div><\/div><div class=\"fusion-fullwidth fullwidth-box fusion-builder-row-2 nonhundred-percent-fullwidth non-hundred-percent-height-scrolling\" style=\"--awb-border-radius-top-left:0px;--awb-border-radius-top-right:0px;--awb-border-radius-bottom-right:0px;--awb-border-radius-bottom-left:0px;--awb-flex-wrap:wrap;\" ><div class=\"fusion-builder-row fusion-row\"><div class=\"fusion-layout-column fusion_builder_column fusion-builder-column-3 fusion_builder_column_1_2 1_2 fusion-one-half fusion-column-first\" style=\"--awb-bg-blend:overlay;--awb-bg-size:cover;width:50%;width:calc(50% - ( ( 4% ) * 0.5 ) );margin-right: 4%;\"><div class=\"fusion-column-wrapper fusion-flex-column-wrapper-legacy\"><div class=\"fusion-image-element in-legacy-container\" style=\"--awb-liftup-border-radius:0px;--awb-aspect-ratio:1 \/ 1;--awb-object-position:43% 62%;--awb-caption-title-font-family:var(--h2_typography-font-family);--awb-caption-title-font-weight:var(--h2_typography-font-weight);--awb-caption-title-font-style:var(--h2_typography-font-style);--awb-caption-title-size:var(--h2_typography-font-size);--awb-caption-title-transform:var(--h2_typography-text-transform);--awb-caption-title-line-height:var(--h2_typography-line-height);--awb-caption-title-letter-spacing:var(--h2_typography-letter-spacing);\"><div class=\"awb-image-frame awb-image-frame-2 imageframe-liftup\"><span class=\" fusion-imageframe imageframe-none imageframe-2 has-aspect-ratio\"><img decoding=\"async\" width=\"1024\" height=\"768\" title=\"IMG_0473\" src=\"https:\/\/planinskimuzej.si\/wp-content\/uploads\/2024\/09\/IMG_0473-1024x768.jpg\" class=\"img-responsive wp-image-33664 img-with-aspect-ratio\" data-parent-fit=\"cover\" data-parent-container=\".fusion-image-element\" alt srcset=\"https:\/\/planinskimuzej.si\/wp-content\/uploads\/2024\/09\/IMG_0473-200x150.jpg 200w, https:\/\/planinskimuzej.si\/wp-content\/uploads\/2024\/09\/IMG_0473-400x300.jpg 400w, https:\/\/planinskimuzej.si\/wp-content\/uploads\/2024\/09\/IMG_0473-600x450.jpg 600w, https:\/\/planinskimuzej.si\/wp-content\/uploads\/2024\/09\/IMG_0473-800x600.jpg 800w, https:\/\/planinskimuzej.si\/wp-content\/uploads\/2024\/09\/IMG_0473-1200x900.jpg 1200w\" sizes=\"(max-width: 800px) 100vw, 600px\" \/><\/span><\/div><\/div><div class=\"fusion-image-element fusion-image-align-center in-legacy-container\" style=\"text-align:center;--awb-margin-top:20px;--awb-max-width:360px;--awb-caption-title-font-family:var(--h2_typography-font-family);--awb-caption-title-font-weight:var(--h2_typography-font-weight);--awb-caption-title-font-style:var(--h2_typography-font-style);--awb-caption-title-size:var(--h2_typography-font-size);--awb-caption-title-transform:var(--h2_typography-text-transform);--awb-caption-title-line-height:var(--h2_typography-line-height);--awb-caption-title-letter-spacing:var(--h2_typography-letter-spacing);\"><div class=\"imageframe-align-center\"><span class=\" fusion-imageframe imageframe-none imageframe-3 hover-type-none\"><img decoding=\"async\" width=\"768\" height=\"1024\" title=\"pomanj\u0161ana\" src=\"https:\/\/planinskimuzej.si\/wp-content\/uploads\/2025\/04\/pomanjsana-768x1024.jpg\" alt class=\"img-responsive wp-image-37621\" srcset=\"https:\/\/planinskimuzej.si\/wp-content\/uploads\/2025\/04\/pomanjsana-200x267.jpg 200w, https:\/\/planinskimuzej.si\/wp-content\/uploads\/2025\/04\/pomanjsana-400x533.jpg 400w, https:\/\/planinskimuzej.si\/wp-content\/uploads\/2025\/04\/pomanjsana-600x800.jpg 600w, https:\/\/planinskimuzej.si\/wp-content\/uploads\/2025\/04\/pomanjsana-800x1067.jpg 800w, https:\/\/planinskimuzej.si\/wp-content\/uploads\/2025\/04\/pomanjsana-1200x1600.jpg 1200w, https:\/\/planinskimuzej.si\/wp-content\/uploads\/2025\/04\/pomanjsana-rotated.jpg 1875w\" sizes=\"(max-width: 800px) 100vw, 600px\" \/><\/span><\/div><\/div><div class=\"fusion-clearfix\"><\/div><\/div><\/div><div class=\"fusion-layout-column fusion_builder_column fusion-builder-column-4 fusion_builder_column_1_2 1_2 fusion-one-half fusion-column-last\" style=\"--awb-bg-blend:overlay;--awb-bg-size:cover;width:50%;width:calc(50% - ( ( 4% ) * 0.5 ) );\"><div class=\"fusion-column-wrapper fusion-flex-column-wrapper-legacy\"><div class=\"fusion-image-element in-legacy-container\" style=\"--awb-liftup-border-radius:0px;--awb-aspect-ratio:1 \/ 1;--awb-object-position:42% 52%;--awb-caption-title-font-family:var(--h2_typography-font-family);--awb-caption-title-font-weight:var(--h2_typography-font-weight);--awb-caption-title-font-style:var(--h2_typography-font-style);--awb-caption-title-size:var(--h2_typography-font-size);--awb-caption-title-transform:var(--h2_typography-text-transform);--awb-caption-title-line-height:var(--h2_typography-line-height);--awb-caption-title-letter-spacing:var(--h2_typography-letter-spacing);\"><div class=\"awb-image-frame awb-image-frame-4 imageframe-liftup\"><span class=\" fusion-imageframe imageframe-none imageframe-4 has-aspect-ratio\"><img decoding=\"async\" width=\"1024\" height=\"681\" title=\"_GVP1484\" src=\"https:\/\/planinskimuzej.si\/wp-content\/uploads\/2024\/09\/GVP1484-1024x681.jpg\" class=\"img-responsive wp-image-33652 img-with-aspect-ratio\" data-parent-fit=\"cover\" data-parent-container=\".fusion-image-element\" alt srcset=\"https:\/\/planinskimuzej.si\/wp-content\/uploads\/2024\/09\/GVP1484-200x133.jpg 200w, https:\/\/planinskimuzej.si\/wp-content\/uploads\/2024\/09\/GVP1484-400x266.jpg 400w, https:\/\/planinskimuzej.si\/wp-content\/uploads\/2024\/09\/GVP1484-600x399.jpg 600w, https:\/\/planinskimuzej.si\/wp-content\/uploads\/2024\/09\/GVP1484-800x532.jpg 800w, https:\/\/planinskimuzej.si\/wp-content\/uploads\/2024\/09\/GVP1484-1200x798.jpg 1200w, https:\/\/planinskimuzej.si\/wp-content\/uploads\/2024\/09\/GVP1484.jpg 1920w\" sizes=\"(max-width: 800px) 100vw, 600px\" \/><\/span><\/div><\/div><div class=\"fusion-image-element fusion-image-align-center in-legacy-container\" style=\"text-align:center;--awb-aspect-ratio: 100 \/ 132;--awb-object-position:85% 53%;--awb-margin-top:20px;--awb-caption-title-font-family:var(--h2_typography-font-family);--awb-caption-title-font-weight:var(--h2_typography-font-weight);--awb-caption-title-font-style:var(--h2_typography-font-style);--awb-caption-title-size:var(--h2_typography-font-size);--awb-caption-title-transform:var(--h2_typography-text-transform);--awb-caption-title-line-height:var(--h2_typography-line-height);--awb-caption-title-letter-spacing:var(--h2_typography-letter-spacing);\"><div class=\"imageframe-align-center\"><span class=\" fusion-imageframe imageframe-none imageframe-5 hover-type-none has-aspect-ratio\"><img decoding=\"async\" width=\"600\" height=\"450\" title=\"312713972_5793085907404758_8981178441161645750_n\" src=\"https:\/\/planinskimuzej.si\/wp-content\/uploads\/2025\/04\/312713972_5793085907404758_8981178441161645750_n-600x450.jpg\" class=\"img-responsive wp-image-37651 img-with-aspect-ratio\" data-parent-fit=\"cover\" data-parent-container=\".fusion-image-element\" alt srcset=\"https:\/\/planinskimuzej.si\/wp-content\/uploads\/2025\/04\/312713972_5793085907404758_8981178441161645750_n-200x150.jpg 200w, https:\/\/planinskimuzej.si\/wp-content\/uploads\/2025\/04\/312713972_5793085907404758_8981178441161645750_n-400x300.jpg 400w, https:\/\/planinskimuzej.si\/wp-content\/uploads\/2025\/04\/312713972_5793085907404758_8981178441161645750_n-600x450.jpg 600w, https:\/\/planinskimuzej.si\/wp-content\/uploads\/2025\/04\/312713972_5793085907404758_8981178441161645750_n-800x600.jpg 800w, https:\/\/planinskimuzej.si\/wp-content\/uploads\/2025\/04\/312713972_5793085907404758_8981178441161645750_n-1200x900.jpg 1200w\" sizes=\"(max-width: 800px) 100vw, 600px\" \/><\/span><\/div><\/div><div class=\"fusion-clearfix\"><\/div><\/div><\/div><\/div><\/div><\/p>\n","protected":false},"excerpt":{"rendered":"","protected":false},"author":1,"featured_media":0,"parent":0,"menu_order":4,"comment_status":"closed","ping_status":"closed","template":"","meta":{"footnotes":""},"class_list":["post-703","page","type-page","status-publish","hentry"],"yoast_head":"<!-- This site is optimized with the Yoast SEO plugin v27.1.1 - https:\/\/yoast.com\/product\/yoast-seo-wordpress\/ -->\n<title>Event spaces - Planinski Muzej<\/title>\n<meta name=\"robots\" content=\"index, follow, max-snippet:-1, max-image-preview:large, max-video-preview:-1\" \/>\n<link rel=\"canonical\" href=\"https:\/\/planinskimuzej.si\/en\/event-sapaces\/\" \/>\n<meta property=\"og:locale\" content=\"en_US\" \/>\n<meta property=\"og:type\" content=\"article\" \/>\n<meta property=\"og:title\" content=\"Event spaces - Planinski Muzej\" \/>\n<meta property=\"og:url\" content=\"https:\/\/planinskimuzej.si\/en\/event-sapaces\/\" \/>\n<meta property=\"og:site_name\" content=\"Planinski Muzej\" \/>\n<meta property=\"article:modified_time\" content=\"2025-06-01T17:58:41+00:00\" \/>\n<meta name=\"twitter:card\" content=\"summary_large_image\" \/>\n<meta name=\"twitter:label1\" content=\"Est. reading time\" \/>\n\t<meta name=\"twitter:data1\" content=\"2 minutes\" \/>\n<script type=\"application\/ld+json\" class=\"yoast-schema-graph\">{\"@context\":\"https:\/\/schema.org\",\"@graph\":[{\"@type\":\"WebPage\",\"@id\":\"https:\/\/planinskimuzej.si\/en\/event-sapaces\/\",\"url\":\"https:\/\/planinskimuzej.si\/en\/event-sapaces\/\",\"name\":\"Event spaces - Planinski Muzej\",\"isPartOf\":{\"@id\":\"https:\/\/planinskimuzej.si\/#website\"},\"datePublished\":\"2017-02-15T12:34:07+00:00\",\"dateModified\":\"2025-06-01T17:58:41+00:00\",\"breadcrumb\":{\"@id\":\"https:\/\/planinskimuzej.si\/en\/event-sapaces\/#breadcrumb\"},\"inLanguage\":\"en-US\",\"potentialAction\":[{\"@type\":\"ReadAction\",\"target\":[\"https:\/\/planinskimuzej.si\/en\/event-sapaces\/\"]}]},{\"@type\":\"BreadcrumbList\",\"@id\":\"https:\/\/planinskimuzej.si\/en\/event-sapaces\/#breadcrumb\",\"itemListElement\":[{\"@type\":\"ListItem\",\"position\":1,\"name\":\"Home\",\"item\":\"https:\/\/planinskimuzej.si\/en\/\"},{\"@type\":\"ListItem\",\"position\":2,\"name\":\"Event spaces\"}]},{\"@type\":\"WebSite\",\"@id\":\"https:\/\/planinskimuzej.si\/#website\",\"url\":\"https:\/\/planinskimuzej.si\/\",\"name\":\"Planinski Muzej\",\"description\":\"Slovenski planinski muzej v Mojstrani ponuja pravo gorsko izku\u0161njo za alpinisti\u010dne navdu\u0161ence.\",\"potentialAction\":[{\"@type\":\"SearchAction\",\"target\":{\"@type\":\"EntryPoint\",\"urlTemplate\":\"https:\/\/planinskimuzej.si\/?s={search_term_string}\"},\"query-input\":{\"@type\":\"PropertyValueSpecification\",\"valueRequired\":true,\"valueName\":\"search_term_string\"}}],\"inLanguage\":\"en-US\"}]}<\/script>\n<!-- \/ Yoast SEO plugin. -->","yoast_head_json":{"title":"Event spaces - Planinski Muzej","robots":{"index":"index","follow":"follow","max-snippet":"max-snippet:-1","max-image-preview":"max-image-preview:large","max-video-preview":"max-video-preview:-1"},"canonical":"https:\/\/planinskimuzej.si\/en\/event-sapaces\/","og_locale":"en_US","og_type":"article","og_title":"Event spaces - Planinski Muzej","og_url":"https:\/\/planinskimuzej.si\/en\/event-sapaces\/","og_site_name":"Planinski Muzej","article_modified_time":"2025-06-01T17:58:41+00:00","twitter_card":"summary_large_image","twitter_misc":{"Est. reading time":"2 minutes"},"schema":{"@context":"https:\/\/schema.org","@graph":[{"@type":"WebPage","@id":"https:\/\/planinskimuzej.si\/en\/event-sapaces\/","url":"https:\/\/planinskimuzej.si\/en\/event-sapaces\/","name":"Event spaces - Planinski Muzej","isPartOf":{"@id":"https:\/\/planinskimuzej.si\/#website"},"datePublished":"2017-02-15T12:34:07+00:00","dateModified":"2025-06-01T17:58:41+00:00","breadcrumb":{"@id":"https:\/\/planinskimuzej.si\/en\/event-sapaces\/#breadcrumb"},"inLanguage":"en-US","potentialAction":[{"@type":"ReadAction","target":["https:\/\/planinskimuzej.si\/en\/event-sapaces\/"]}]},{"@type":"BreadcrumbList","@id":"https:\/\/planinskimuzej.si\/en\/event-sapaces\/#breadcrumb","itemListElement":[{"@type":"ListItem","position":1,"name":"Home","item":"https:\/\/planinskimuzej.si\/en\/"},{"@type":"ListItem","position":2,"name":"Event spaces"}]},{"@type":"WebSite","@id":"https:\/\/planinskimuzej.si\/#website","url":"https:\/\/planinskimuzej.si\/","name":"Planinski Muzej","description":"Slovenski planinski muzej v Mojstrani ponuja pravo gorsko izku\u0161njo za alpinisti\u010dne navdu\u0161ence.","potentialAction":[{"@type":"SearchAction","target":{"@type":"EntryPoint","urlTemplate":"https:\/\/planinskimuzej.si\/?s={search_term_string}"},"query-input":{"@type":"PropertyValueSpecification","valueRequired":true,"valueName":"search_term_string"}}],"inLanguage":"en-US"}]}},"_links":{"self":[{"href":"https:\/\/planinskimuzej.si\/en\/wp-json\/wp\/v2\/pages\/703","targetHints":{"allow":["GET"]}}],"collection":[{"href":"https:\/\/planinskimuzej.si\/en\/wp-json\/wp\/v2\/pages"}],"about":[{"href":"https:\/\/planinskimuzej.si\/en\/wp-json\/wp\/v2\/types\/page"}],"author":[{"embeddable":true,"href":"https:\/\/planinskimuzej.si\/en\/wp-json\/wp\/v2\/users\/1"}],"replies":[{"embeddable":true,"href":"https:\/\/planinskimuzej.si\/en\/wp-json\/wp\/v2\/comments?post=703"}],"version-history":[{"count":10,"href":"https:\/\/planinskimuzej.si\/en\/wp-json\/wp\/v2\/pages\/703\/revisions"}],"predecessor-version":[{"id":45367,"href":"https:\/\/planinskimuzej.si\/en\/wp-json\/wp\/v2\/pages\/703\/revisions\/45367"}],"wp:attachment":[{"href":"https:\/\/planinskimuzej.si\/en\/wp-json\/wp\/v2\/media?parent=703"}],"curies":[{"name":"wp","href":"https:\/\/api.w.org\/{rel}","templated":true}]}}