{"id":713,"date":"2017-03-31T08:02:17","date_gmt":"2017-03-31T08:02:17","guid":{"rendered":"http:\/\/www.planinskimuzej.si\/?page_id=713"},"modified":"2018-06-15T08:24:49","modified_gmt":"2018-06-15T08:24:49","slug":"info","status":"publish","type":"page","link":"https:\/\/planinskimuzej.si\/en\/info\/","title":{"rendered":"Info"},"content":{"rendered":"<h3><strong><img decoding=\"async\" class=\"alignleft\" src=\"http:\/\/www.planinskimuzej.si\/wp-content\/uploads\/2017\/06\/infoTIC.png\" width=\"60px\" \/><\/strong><\/h3>\n<h3>Up-to date information for mountaineers and tourists<\/h3>\n<div class=\"fusion-sep-clear\"><\/div><div class=\"fusion-separator fusion-full-width-sep\" style=\"margin-left: auto;margin-right: auto;width:100%;\"><\/div><div class=\"fusion-sep-clear\"><\/div>\n<p>Mountaineers and tourists wanting to spend a day in Mojstrana or the Triglav National Park can visit our:<\/p>\n<ul>\n<li><a href=\"http:\/\/www.mojstrana.com\/en\/\">Tourist info centre Mojstrana<\/a><\/li>\n<li><a href=\"https:\/\/www.tnp.si\/en\/learn\/\">Triglav National Park<\/a> info point<\/li>\n<li><a href=\"http:\/\/www.alpconv.org\/en\/convention\/default.aspx\">Alpine Convention<\/a> info point<\/li>\n<\/ul>\n<p>At the museum you will find information on the current exhibitions, events and museum programmes, mountaineering and hiking, the up-to date weather conditions in the mountains, the availability of mountain huts and shelters, mountain guides, walking routes and trails, safety precautions, and responsible mountain hiking, as well as information on the points of interest in the surrounding area.<\/p>\n<p>Just opposite the museum, on Gran\u010di\u0161\u010de&#8217;s east wall, there are two <a href=\"http:\/\/www.mojstrana.com\/en\/sports-facilities\/ferata-mojstrana\/\"><em>via<\/em> <em>ferratas<\/em><\/a><em>, <\/em>where you can gain new experience or simply enjoy a safe climb. A helmet, climbing harness and <em>via ferrata<\/em> kit are required for safety reasons and can also be rented at the museum reception.<\/p>\n<p>Mojstrana and its surroundings are ideal for <a href=\"http:\/\/www.mojstrana.com\/en\/trips\/cycling-trips\/\">cycling tours<\/a>. Don&#8217;t worry if you have left your bicycle at home, you can hire one at the museum. We rent out 5 regular and 2 electric bikes.<\/p>\n<div class=\"fusion-button-wrapper\"><a class=\"fusion-button button-flat fusion-button-default-size button-default fusion-button-default button-1 fusion-button-default-span fusion-button-default-type\" style=\"--button-border-radius-top-left:20px;--button-border-radius-top-right:20px;--button-border-radius-bottom-right:20px;--button-border-radius-bottom-left:20px;\" target=\"_self\" href=\"http:\/\/www.planinskimuzej.si\/wp-content\/uploads\/2018\/06\/Vozni-redi-v-Alpah-2018.pdf\"><span class=\"fusion-button-text awb-button__text awb-button__text--default\">Timetables in the Alps 2018<\/span><\/a><\/div>\n<p><div class=\"fusion-layout-column fusion_builder_column fusion-builder-column-0 fusion_builder_column_1_2 1_2 fusion-flex-column\" style=\"--awb-bg-size:cover;--awb-width-large:50%;--awb-margin-top-large:0px;--awb-margin-bottom-large:0px;--awb-width-medium:100%;--awb-width-small:100%;\"><div class=\"fusion-column-wrapper fusion-flex-justify-content-flex-start fusion-content-layout-column\"><div class=\"fusion-image-element in-legacy-container\" style=\"--awb-caption-title-font-family:var(--h2_typography-font-family);--awb-caption-title-font-weight:var(--h2_typography-font-weight);--awb-caption-title-font-style:var(--h2_typography-font-style);--awb-caption-title-size:var(--h2_typography-font-size);--awb-caption-title-transform:var(--h2_typography-text-transform);--awb-caption-title-line-height:var(--h2_typography-line-height);--awb-caption-title-letter-spacing:var(--h2_typography-letter-spacing);\"><span class=\" fusion-imageframe imageframe-none imageframe-1 hover-type-none\"><a href=\"http:\/\/www.planinskimuzej.si\/wp-content\/uploads\/2017\/06\/eva-tic-e1498137008973.jpg\" class=\"fusion-lightbox\" data-rel=\"iLightbox[info]\" data-title=\"AK\" title=\"AK\"><img decoding=\"async\" width=\"400\" height=\"600\" src=\"http:\/\/www.planinskimuzej.si\/wp-content\/uploads\/2017\/06\/eva-tic-e1498137008973.jpg\" alt class=\"img-responsive wp-image-12693\"\/><\/a><\/span><\/div><div class=\"fusion-image-element in-legacy-container\" style=\"--awb-caption-title-font-family:var(--h2_typography-font-family);--awb-caption-title-font-weight:var(--h2_typography-font-weight);--awb-caption-title-font-style:var(--h2_typography-font-style);--awb-caption-title-size:var(--h2_typography-font-size);--awb-caption-title-transform:var(--h2_typography-text-transform);--awb-caption-title-line-height:var(--h2_typography-line-height);--awb-caption-title-letter-spacing:var(--h2_typography-letter-spacing);\"><span class=\" fusion-imageframe imageframe-none imageframe-2 hover-type-none\"><a href=\"http:\/\/www.planinskimuzej.si\/wp-content\/uploads\/2017\/06\/AK-e1498136978208.jpg\" class=\"fusion-lightbox\" data-rel=\"iLightbox[info]\" data-title=\"TNP-mobilnost\" title=\"TNP-mobilnost\"><img decoding=\"async\" width=\"413\" height=\"600\" src=\"http:\/\/www.planinskimuzej.si\/wp-content\/uploads\/2017\/06\/AK-e1498136978208.jpg\" alt class=\"img-responsive wp-image-12702\"\/><\/a><\/span><\/div><\/div><\/div><div class=\"fusion-layout-column fusion_builder_column fusion-builder-column-1 fusion_builder_column_1_2 1_2 fusion-flex-column\" style=\"--awb-bg-size:cover;--awb-width-large:50%;--awb-margin-top-large:0px;--awb-margin-bottom-large:0px;--awb-width-medium:100%;--awb-width-small:100%;\"><div class=\"fusion-column-wrapper fusion-flex-justify-content-flex-start fusion-content-layout-column\"><div class=\"fusion-image-element in-legacy-container\" style=\"--awb-caption-title-font-family:var(--h2_typography-font-family);--awb-caption-title-font-weight:var(--h2_typography-font-weight);--awb-caption-title-font-style:var(--h2_typography-font-style);--awb-caption-title-size:var(--h2_typography-font-size);--awb-caption-title-transform:var(--h2_typography-text-transform);--awb-caption-title-line-height:var(--h2_typography-line-height);--awb-caption-title-letter-spacing:var(--h2_typography-letter-spacing);\"><span class=\" fusion-imageframe imageframe-none imageframe-3 hover-type-none\"><a href=\"http:\/\/www.planinskimuzej.si\/wp-content\/uploads\/2017\/06\/TNP-map-e1498136537774.jpg\" class=\"fusion-lightbox\" data-rel=\"iLightbox[info]\" data-title=\"TNP-map\" title=\"TNP-map\"><img decoding=\"async\" width=\"311\" height=\"600\" src=\"http:\/\/www.planinskimuzej.si\/wp-content\/uploads\/2017\/06\/TNP-map-e1498136537774.jpg\" alt class=\"img-responsive wp-image-12699\"\/><\/a><\/span><\/div><\/div><\/div><\/p>\n<div class=\"fusion-sep-clear\"><\/div><div class=\"fusion-separator fusion-full-width-sep\" style=\"margin-left: auto;margin-right: auto;width:100%;\"><\/div><div class=\"fusion-sep-clear\"><\/div>\n<p>Because safety does not happen by accident, you should always choose an appropriate walking tour suitable for your abilities. Don&#8217;t forget to pack the required gear and appropriate clothing, and never forget the goal in mountaineering is not to reach the summit but a safe return back home.<\/p>\n<p>Interactive animation<br \/>\n<div class=\"fusion-button-wrapper\"><a class=\"fusion-button button-flat fusion-button-default-size button-default fusion-button-default button-2 fusion-button-default-span fusion-button-default-type\" style=\"--button-border-radius-top-left:20px;--button-border-radius-top-right:20px;--button-border-radius-bottom-right:20px;--button-border-radius-bottom-left:20px;\" target=\"_self\" href=\"http:\/\/www.delo.si\/assets\/info5\/20140814\/nesrecevgorah\/nvg.html\"><span class=\"fusion-button-text awb-button__text awb-button__text--default\">Accidents in the mountains<\/span><\/a><\/div><\/p>\n<div class=\"fusion-sep-clear\"><\/div><div class=\"fusion-separator fusion-full-width-sep\" style=\"margin-left: auto;margin-right: auto;margin-bottom:10px;width:100%;\"><\/div><div class=\"fusion-sep-clear\"><\/div>\n<p><img decoding=\"async\" class=\"alignleft\" src=\"http:\/\/www.planinskimuzej.si\/wp-content\/uploads\/2017\/06\/vozicek.png\" width=\"60px\" \/><\/p>\n<h3>Something to remind you of a beautiful experience \u2013 a good time<\/h3>\n<div class=\"fusion-sep-clear\"><\/div><div class=\"fusion-separator fusion-full-width-sep\" style=\"margin-left: auto;margin-right: auto;width:100%;\"><\/div><div class=\"fusion-sep-clear\"><\/div>\n<p>&nbsp;<\/p>\n<p>Our museum shop offers an array of mountaineering guide and reference books, maps, and literature for all generations. Among the many souvenirs you will surely find something to remind you of a grand mountaineering adventure or a present for your loved ones. If you want to share the experience you can also ask for a gift voucher. These include a <a href=\"http:\/\/www.planinskimuzej.si\/en\/mojstrana\/opening-times-and-admission\/\">visit to the museum<\/a>, <a href=\"http:\/\/www.planinskimuzej.si\/en\/escape-to-the-bivouac\/\">Escape into the Bivouac adventure<\/a> or both of them combined.<\/p>\n<p>Don&#8217;t forget, there is no admission fee to the museum shop.<\/p>\n<p><img decoding=\"async\" src=\"http:\/\/www.planinskimuzej.si\/wp-content\/uploads\/2017\/06\/trgovina.png\" \/><\/p>\n","protected":false},"excerpt":{"rendered":"<p>Up-to date information for mountaineers and tourists Mountaineers and tourists wanting to spend a day in Mojstrana or the Triglav National Park can visit our: Tourist info centre Mojstrana Triglav National Park info point Alpine Convention info point At the museum you will find information on the current exhibitions, events and museum programmes, mountaineering and  [&#8230;]<\/p>\n","protected":false},"author":1,"featured_media":0,"parent":0,"menu_order":1,"comment_status":"closed","ping_status":"closed","template":"","meta":{"footnotes":""},"class_list":["post-713","page","type-page","status-publish","hentry"],"yoast_head":"<!-- This site is optimized with the Yoast SEO plugin v27.4 - https:\/\/yoast.com\/product\/yoast-seo-wordpress\/ -->\n<title>Info - Planinski Muzej<\/title>\n<meta name=\"robots\" content=\"index, follow, max-snippet:-1, max-image-preview:large, max-video-preview:-1\" \/>\n<link rel=\"canonical\" href=\"https:\/\/planinskimuzej.si\/info\/\" \/>\n<meta property=\"og:locale\" content=\"en_US\" \/>\n<meta property=\"og:type\" content=\"article\" \/>\n<meta property=\"og:title\" content=\"Info - Planinski Muzej\" \/>\n<meta property=\"og:description\" content=\"Up-to date information for mountaineers and tourists Mountaineers and tourists wanting to spend a day in Mojstrana or the Triglav National Park can visit our: Tourist info centre Mojstrana Triglav National Park info point Alpine Convention info point At the museum you will find information on the current exhibitions, events and museum programmes, mountaineering and [...]\" \/>\n<meta property=\"og:url\" content=\"https:\/\/planinskimuzej.si\/info\/\" \/>\n<meta property=\"og:site_name\" content=\"Planinski Muzej\" \/>\n<meta property=\"article:modified_time\" content=\"2018-06-15T08:24:49+00:00\" \/>\n<meta property=\"og:image\" content=\"http:\/\/www.planinskimuzej.si\/wp-content\/uploads\/2017\/06\/infoTIC.png\" \/>\n<meta name=\"twitter:card\" content=\"summary_large_image\" \/>\n<meta name=\"twitter:label1\" content=\"Est. reading time\" \/>\n\t<meta name=\"twitter:data1\" content=\"4 minutes\" \/>\n<script type=\"application\/ld+json\" class=\"yoast-schema-graph\">{\"@context\":\"https:\\\/\\\/schema.org\",\"@graph\":[{\"@type\":\"WebPage\",\"@id\":\"https:\\\/\\\/planinskimuzej.si\\\/info\\\/\",\"url\":\"https:\\\/\\\/planinskimuzej.si\\\/info\\\/\",\"name\":\"Info - Planinski Muzej\",\"isPartOf\":{\"@id\":\"https:\\\/\\\/planinskimuzej.si\\\/#website\"},\"primaryImageOfPage\":{\"@id\":\"https:\\\/\\\/planinskimuzej.si\\\/info\\\/#primaryimage\"},\"image\":{\"@id\":\"https:\\\/\\\/planinskimuzej.si\\\/info\\\/#primaryimage\"},\"thumbnailUrl\":\"http:\\\/\\\/www.planinskimuzej.si\\\/wp-content\\\/uploads\\\/2017\\\/06\\\/infoTIC.png\",\"datePublished\":\"2017-03-31T08:02:17+00:00\",\"dateModified\":\"2018-06-15T08:24:49+00:00\",\"breadcrumb\":{\"@id\":\"https:\\\/\\\/planinskimuzej.si\\\/info\\\/#breadcrumb\"},\"inLanguage\":\"en-US\",\"potentialAction\":[{\"@type\":\"ReadAction\",\"target\":[\"https:\\\/\\\/planinskimuzej.si\\\/info\\\/\"]}]},{\"@type\":\"ImageObject\",\"inLanguage\":\"en-US\",\"@id\":\"https:\\\/\\\/planinskimuzej.si\\\/info\\\/#primaryimage\",\"url\":\"http:\\\/\\\/www.planinskimuzej.si\\\/wp-content\\\/uploads\\\/2017\\\/06\\\/infoTIC.png\",\"contentUrl\":\"http:\\\/\\\/www.planinskimuzej.si\\\/wp-content\\\/uploads\\\/2017\\\/06\\\/infoTIC.png\"},{\"@type\":\"BreadcrumbList\",\"@id\":\"https:\\\/\\\/planinskimuzej.si\\\/info\\\/#breadcrumb\",\"itemListElement\":[{\"@type\":\"ListItem\",\"position\":1,\"name\":\"Home\",\"item\":\"https:\\\/\\\/planinskimuzej.si\\\/en\\\/\"},{\"@type\":\"ListItem\",\"position\":2,\"name\":\"Info\"}]},{\"@type\":\"WebSite\",\"@id\":\"https:\\\/\\\/planinskimuzej.si\\\/#website\",\"url\":\"https:\\\/\\\/planinskimuzej.si\\\/\",\"name\":\"Planinski Muzej\",\"description\":\"Slovenski planinski muzej v Mojstrani ponuja pravo gorsko izku\u0161njo za alpinisti\u010dne navdu\u0161ence.\",\"potentialAction\":[{\"@type\":\"SearchAction\",\"target\":{\"@type\":\"EntryPoint\",\"urlTemplate\":\"https:\\\/\\\/planinskimuzej.si\\\/?s={search_term_string}\"},\"query-input\":{\"@type\":\"PropertyValueSpecification\",\"valueRequired\":true,\"valueName\":\"search_term_string\"}}],\"inLanguage\":\"en-US\"}]}<\/script>\n<!-- \/ Yoast SEO plugin. -->","yoast_head_json":{"title":"Info - Planinski Muzej","robots":{"index":"index","follow":"follow","max-snippet":"max-snippet:-1","max-image-preview":"max-image-preview:large","max-video-preview":"max-video-preview:-1"},"canonical":"https:\/\/planinskimuzej.si\/info\/","og_locale":"en_US","og_type":"article","og_title":"Info - Planinski Muzej","og_description":"Up-to date information for mountaineers and tourists Mountaineers and tourists wanting to spend a day in Mojstrana or the Triglav National Park can visit our: Tourist info centre Mojstrana Triglav National Park info point Alpine Convention info point At the museum you will find information on the current exhibitions, events and museum programmes, mountaineering and [...]","og_url":"https:\/\/planinskimuzej.si\/info\/","og_site_name":"Planinski Muzej","article_modified_time":"2018-06-15T08:24:49+00:00","og_image":[{"url":"http:\/\/www.planinskimuzej.si\/wp-content\/uploads\/2017\/06\/infoTIC.png","type":"","width":"","height":""}],"twitter_card":"summary_large_image","twitter_misc":{"Est. reading time":"4 minutes"},"schema":{"@context":"https:\/\/schema.org","@graph":[{"@type":"WebPage","@id":"https:\/\/planinskimuzej.si\/info\/","url":"https:\/\/planinskimuzej.si\/info\/","name":"Info - Planinski Muzej","isPartOf":{"@id":"https:\/\/planinskimuzej.si\/#website"},"primaryImageOfPage":{"@id":"https:\/\/planinskimuzej.si\/info\/#primaryimage"},"image":{"@id":"https:\/\/planinskimuzej.si\/info\/#primaryimage"},"thumbnailUrl":"http:\/\/www.planinskimuzej.si\/wp-content\/uploads\/2017\/06\/infoTIC.png","datePublished":"2017-03-31T08:02:17+00:00","dateModified":"2018-06-15T08:24:49+00:00","breadcrumb":{"@id":"https:\/\/planinskimuzej.si\/info\/#breadcrumb"},"inLanguage":"en-US","potentialAction":[{"@type":"ReadAction","target":["https:\/\/planinskimuzej.si\/info\/"]}]},{"@type":"ImageObject","inLanguage":"en-US","@id":"https:\/\/planinskimuzej.si\/info\/#primaryimage","url":"http:\/\/www.planinskimuzej.si\/wp-content\/uploads\/2017\/06\/infoTIC.png","contentUrl":"http:\/\/www.planinskimuzej.si\/wp-content\/uploads\/2017\/06\/infoTIC.png"},{"@type":"BreadcrumbList","@id":"https:\/\/planinskimuzej.si\/info\/#breadcrumb","itemListElement":[{"@type":"ListItem","position":1,"name":"Home","item":"https:\/\/planinskimuzej.si\/en\/"},{"@type":"ListItem","position":2,"name":"Info"}]},{"@type":"WebSite","@id":"https:\/\/planinskimuzej.si\/#website","url":"https:\/\/planinskimuzej.si\/","name":"Planinski Muzej","description":"Slovenski planinski muzej v Mojstrani ponuja pravo gorsko izku\u0161njo za alpinisti\u010dne navdu\u0161ence.","potentialAction":[{"@type":"SearchAction","target":{"@type":"EntryPoint","urlTemplate":"https:\/\/planinskimuzej.si\/?s={search_term_string}"},"query-input":{"@type":"PropertyValueSpecification","valueRequired":true,"valueName":"search_term_string"}}],"inLanguage":"en-US"}]}},"_links":{"self":[{"href":"https:\/\/planinskimuzej.si\/en\/wp-json\/wp\/v2\/pages\/713","targetHints":{"allow":["GET"]}}],"collection":[{"href":"https:\/\/planinskimuzej.si\/en\/wp-json\/wp\/v2\/pages"}],"about":[{"href":"https:\/\/planinskimuzej.si\/en\/wp-json\/wp\/v2\/types\/page"}],"author":[{"embeddable":true,"href":"https:\/\/planinskimuzej.si\/en\/wp-json\/wp\/v2\/users\/1"}],"replies":[{"embeddable":true,"href":"https:\/\/planinskimuzej.si\/en\/wp-json\/wp\/v2\/comments?post=713"}],"version-history":[{"count":7,"href":"https:\/\/planinskimuzej.si\/en\/wp-json\/wp\/v2\/pages\/713\/revisions"}],"predecessor-version":[{"id":4781,"href":"https:\/\/planinskimuzej.si\/en\/wp-json\/wp\/v2\/pages\/713\/revisions\/4781"}],"wp:attachment":[{"href":"https:\/\/planinskimuzej.si\/en\/wp-json\/wp\/v2\/media?parent=713"}],"curies":[{"name":"wp","href":"https:\/\/api.w.org\/{rel}","templated":true}]}}